{"id":1212,"date":"2025-04-17T06:50:31","date_gmt":"2025-04-17T06:50:31","guid":{"rendered":"https:\/\/red-lighttherapy.com\/?post_type=product&#038;p=1212"},"modified":"2025-04-17T07:06:10","modified_gmt":"2025-04-17T07:06:10","slug":"durable-cannabis-wax-concentrate-packaging-paper-drawer-box","status":"publish","type":"product","link":"https:\/\/red-lighttherapy.com\/fr_fr\/durable-cannabis-wax-concentrate-packaging-paper-drawer-box\/","title":{"rendered":"Emballage durable de concentr\u00e9 de cire de cannabis Bo\u00eete \u00e0 tiroir en papier"},"content":{"rendered":"<h2 id=\"-product-description-of-drawer-type-packaging-box-for-cannabis-wax-concentrate-\"><strong>Description du produit Bo\u00eete d'emballage \u00e0 tiroir pour concentr\u00e9 de cire de cannabis<\/strong><\/h2>\n<h2 id=\"1-ergonomic-drawer-structure-\">1.\u00a0<strong>Structure ergonomique des tiroirs<\/strong><\/h2>\n<ul>\n<li><strong>Conception Push-Pull en douceur<\/strong>: La technologie de d\u00e9coupe de pr\u00e9cision garantit une ouverture et une fermeture en douceur des tiroirs, qui peuvent \u00eatre facilement actionn\u00e9s d'une seule main, ce qui am\u00e9liore la commodit\u00e9 d'utilisation ;<\/li>\n<li><strong>Sens de la hi\u00e9rarchie et du rituel<\/strong>: La structure en couches des tiroirs am\u00e9liore l'effet de pr\u00e9sentation des produits, et le processus d'ouverture et de fermeture donne aux consommateurs une exp\u00e9rience \"exploratoire\", ce qui correspond au sc\u00e9nario de consommation des produits CBD haut de gamme.<\/li>\n<\/ul>\n<h2 id=\"2-environmentally-friendly-materials-and-durability-\">2.\u00a0<strong>Mat\u00e9riaux respectueux de l'environnement et durabilit\u00e9<\/strong><\/h2>\n<ul>\n<li><strong>Papier couch\u00e9 certifi\u00e9 FSC<\/strong>: Le mat\u00e9riau de base provient de for\u00eats g\u00e9r\u00e9es durablement, r\u00e9pond aux normes environnementales internationales, soutient l'\u00e9mission de factures FSC (y compris les num\u00e9ros de certification) et contribue \u00e0 la cr\u00e9dibilit\u00e9 des rapports ESG de la marque ;<\/li>\n<li><strong>Processus de laminage en option<\/strong>: Le pelliculage mat\/brillant \u00e0 base d'eau est r\u00e9sistant aux rayures et aux empreintes digitales, avec un toucher d\u00e9licat et une dur\u00e9e de vie prolong\u00e9e. Il convient aux diff\u00e9rents environnements de transport et d'affichage.<\/li>\n<\/ul>\n<h2 id=\"3-high-precision-printing-and-visual-communication-\">3.\u00a0<strong>Impression de haute pr\u00e9cision et communication visuelle<\/strong><\/h2>\n<ul>\n<li><strong>Impression haute d\u00e9finition en six couleurs<\/strong>: Restaure avec pr\u00e9cision les textures des plantes, le LOGO de la marque et d'autres d\u00e9tails, avec une saturation des couleurs de 98%, am\u00e9liorant ainsi l'image professionnelle ;<\/li>\n<li><strong>Mise \u00e0 niveau technologique<\/strong>: Support de l'estampage \u00e0 chaud, du gaufrage partiel aux UV et d'autres processus pour mettre en \u00e9vidence le logo de la marque ou la description des ingr\u00e9dients et am\u00e9liorer le niveau visuel de l'emballage ;<\/li>\n<li><strong>Couleurs principales : bleu et blanc<\/strong>: Le bleu symbolise le naturel et l'apaisement, le blanc \u00e9voque la propret\u00e9 et la technologie, et la combinaison des deux couleurs renforce la confiance des consommateurs dans la s\u00e9curit\u00e9 et le professionnalisme des produits.<\/li>\n<\/ul>\n<h2 id=\"4-eva-cushioning-lining-system-\">4.\u00a0<strong>Syst\u00e8me de doublure amortissante en EVA<\/strong><\/h2>\n<ul>\n<li><strong>Conception d'ajustement pr\u00e9cis<\/strong>: Adapter la rainure du rev\u00eatement \u00e0 la taille du concentr\u00e9 afin d'obtenir une fixation \"sans d\u00e9placement\" et de r\u00e9duire le risque de collision avec le transport ;<\/li>\n<li><strong>Performance d'amortissement antisismique<\/strong>: Le mat\u00e9riau EVA a une r\u00e9sistance au rebond de 90%, il absorbe efficacement les impacts externes et convient aux sc\u00e9narios logistiques \u00e0 longue distance.<\/li>\n<\/ul>\n<h2 id=\"5-full-dimensional-customization-service-\">5.\u00a0<strong>Service de personnalisation compl\u00e8te<\/strong><\/h2>\n<ul>\n<li><strong>Des exigences d'adaptation flexibles<\/strong>: Possibilit\u00e9 de personnaliser la taille de la bo\u00eete (adaptation \u00e0 la capacit\u00e9 de 1g-10g), le sens d'ouverture et de fermeture du tiroir (tirage lat\u00e9ral\/tirage sup\u00e9rieur), le processus d'impression (estampage \u00e0 chaud\/UV\/embossage), la structure de la doublure (division\/recouvrement), etc ;<\/li>\n<li><strong>M\u00e9canisme de r\u00e9ponse rapide<\/strong>: Il ne faut que 10 \u00e0 15 jours ouvrables entre la confirmation de la conception et la livraison, ce qui permet de r\u00e9aliser des essais de production en petits lots et des commandes \u00e0 grande \u00e9chelle.<\/li>\n<\/ul>\n<h2 id=\"6-environmental-protection-and-compliance-advantages-\">6.\u00a0<strong>Avantages en mati\u00e8re de protection de l'environnement et de conformit\u00e9<\/strong><\/h2>\n<ul>\n<li><strong>\u00c9conomie circulaire<\/strong>: La structure \u00e0 mat\u00e9riau unique (papier + EVA) est compatible avec le syst\u00e8me de recyclage courant, et la doublure EVA peut \u00eatre s\u00e9par\u00e9e et recycl\u00e9e afin de r\u00e9duire la charge environnementale ;<\/li>\n<li><strong>Certification des normes internationales<\/strong>: Certifications FSC, ISO 14001 et autres, conformes aux r\u00e9glementations environnementales des march\u00e9s europ\u00e9ens et am\u00e9ricains (telles que REACH de l'UE, exon\u00e9ration de la taxe sur les mati\u00e8res plastiques), afin de contribuer \u00e0 l'implantation mondiale de la marque.<\/li>\n<\/ul>\n<h2 id=\"7-application-scenarios-and-value-\">7.\u00a0<strong>Sc\u00e9narios d'application et valeur<\/strong><\/h2>\n<ul>\n<li><strong>Commerce de d\u00e9tail dans les terminaux<\/strong>: Pr\u00e9sent\u00e9 dans les pharmacies haut de gamme et les magasins sp\u00e9cialis\u00e9s dans le CBD, le design de l'ouverture et de la fermeture des tiroirs renforce l'interactivit\u00e9 du produit et les points de m\u00e9morisation ;<\/li>\n<li><strong>Logistique du commerce \u00e9lectronique<\/strong>: La combinaison d'une doublure en EVA et d'une caisse r\u00e9sistante \u00e0 la pression r\u00e9duit le taux de dommages dus au transport \u00e0 moins de 1% ;<\/li>\n<li><strong>Marketing de la marque<\/strong>: Le marquage \u00e0 chaud personnalis\u00e9 du LOGO, le code QR de tra\u00e7abilit\u00e9 des ingr\u00e9dients et d'autres dessins renforcent la sensibilisation des consommateurs \u00e0 la technologie et \u00e0 la responsabilit\u00e9 de la marque.<\/li>\n<\/ul>","protected":false},"excerpt":{"rendered":"<p>La structure d'ouverture et de fermeture de la bo\u00eete \u00e0 tiroirs en papier et la bo\u00eete \u00e0 tiroirs en papier lisse sont faciles \u00e0 manipuler d'une seule main. Elle est \u00e0 la fois fonctionnelle et rituelle. La pr\u00e9cision de l'impression est \u00e9lev\u00e9e, les d\u00e9tails du motif sont clairs (comme la texture de la plante), la reproduction des couleurs est forte et elle v\u00e9hicule l'image professionnelle de la marque. La couleur principale est le bleu, qui correspond aux propri\u00e9t\u00e9s naturelles et apaisantes des produits du cannabis.<\/p>","protected":false},"featured_media":1216,"template":"","meta":{"_kad_post_transparent":"default","_kad_post_title":"","_kad_post_layout":"default","_kad_post_sidebar_id":"","_kad_post_content_style":"default","_kad_post_vertical_padding":"default","_kad_post_feature":"","_kad_post_feature_position":"","_kad_post_header":false,"_kad_post_footer":false,"_kad_post_classname":""},"product_brand":[],"product_cat":[15,20,17],"product_tag":[475,474,473],"class_list":{"0":"post-1212","1":"product","2":"type-product","3":"status-publish","4":"has-post-thumbnail","6":"product_cat-red-light-therapy","7":"product_cat-led-face-light-therapy","8":"product_cat-services","9":"product_tag-concentrate-packaging","10":"product_tag-custom-cannabis-concentrate-packaging","11":"product_tag-custom-concentrate-packaging-boxes","13":"first","14":"instock","15":"shipping-taxable","16":"product-type-simple","17":"entry","18":"content-bg","19":"loop-entry"},"_links":{"self":[{"href":"https:\/\/red-lighttherapy.com\/fr_fr\/wp-json\/wp\/v2\/product\/1212","targetHints":{"allow":["GET"]}}],"collection":[{"href":"https:\/\/red-lighttherapy.com\/fr_fr\/wp-json\/wp\/v2\/product"}],"about":[{"href":"https:\/\/red-lighttherapy.com\/fr_fr\/wp-json\/wp\/v2\/types\/product"}],"wp:featuredmedia":[{"embeddable":true,"href":"https:\/\/red-lighttherapy.com\/fr_fr\/wp-json\/wp\/v2\/media\/1216"}],"wp:attachment":[{"href":"https:\/\/red-lighttherapy.com\/fr_fr\/wp-json\/wp\/v2\/media?parent=1212"}],"wp:term":[{"taxonomy":"product_brand","embeddable":true,"href":"https:\/\/red-lighttherapy.com\/fr_fr\/wp-json\/wp\/v2\/product_brand?post=1212"},{"taxonomy":"product_cat","embeddable":true,"href":"https:\/\/red-lighttherapy.com\/fr_fr\/wp-json\/wp\/v2\/product_cat?post=1212"},{"taxonomy":"product_tag","embeddable":true,"href":"https:\/\/red-lighttherapy.com\/fr_fr\/wp-json\/wp\/v2\/product_tag?post=1212"}],"curies":[{"name":"wp","href":"https:\/\/api.w.org\/{rel}","templated":true}]}}