{"id":1206,"date":"2025-04-17T06:38:12","date_gmt":"2025-04-17T06:38:12","guid":{"rendered":"https:\/\/red-lighttherapy.com\/?post_type=product&#038;p=1206"},"modified":"2025-04-17T06:50:23","modified_gmt":"2025-04-17T06:50:23","slug":"premium-custom-wax-hemp-3ml-5ml-7ml-concentrate-packaging","status":"publish","type":"product","link":"https:\/\/red-lighttherapy.com\/fr_fr\/premium-custom-wax-hemp-3ml-5ml-7ml-concentrate-packaging\/","title":{"rendered":"Premium Custom Wax Hemp 3ml 5ml 7ml Concentrate Packaging"},"content":{"rendered":"<h2 id=\"-customized-hemp-wax-concentrate-packaging-product-description-\"><strong>Premium Custom Wax Hemp 3ml 5ml 7ml Concentrate Packaging Description du produit<\/strong><\/h2>\n<h2 id=\"-1-innovative-magnetic-flip-cover-structure-stable-and-convenient-opening-experience-\"><strong>1. Structure innovante du couvercle magn\u00e9tique : ouverture stable et pratique<\/strong><\/h2>\n<p>La conception du couvercle \u00e0 bascule magn\u00e9tique, avec un aimant NdFeB \u00e0 haute r\u00e9sistance comme noyau de fermeture, permet d'obtenir une exp\u00e9rience de fonctionnement d'une seule main \"toucher et ouvrir\" gr\u00e2ce \u00e0 une distribution pr\u00e9cise des p\u00f4les magn\u00e9tiques. Les pi\u00e8ces magn\u00e9tiques int\u00e9gr\u00e9es du couvercle de la bo\u00eete forment une adsorption anisotrope avec les aimants du corps de la bo\u00eete. Lorsque l'angle d'ouverture et de fermeture atteint 90\u00b0, il peut automatiquement revenir \u00e0 l'\u00e9tat compl\u00e8tement ouvert, \u00e9vitant ainsi le probl\u00e8me de blocage des couvercles coulissants traditionnels.<\/p>\n<ul>\n<li><strong>Optimisation de la stabilit\u00e9<\/strong>: La force d'aspiration magn\u00e9tique est calcul\u00e9e m\u00e9caniquement pour s'adapter au poids des flacons de 3ml\/5ml\/7ml afin d'\u00e9viter toute ouverture accidentelle pendant le transport, et supporte des ouvertures et fermetures r\u00e9p\u00e9t\u00e9es pendant plus de 5 000 fois sans d\u00e9formation.<\/li>\n<li><strong>D\u00e9tails ergonomiques<\/strong>: Le bord du couvercle de la bo\u00eete comporte une rainure r\u00e9serv\u00e9e \u00e0 l'arc, et la friction de la zone de pression du pouce est am\u00e9lior\u00e9e pour r\u00e9pondre aux besoins d'une utilisation efficace dans des sc\u00e9narios de consommation rapide.<\/li>\n<\/ul>\n<h2 id=\"-2-modular-display-system-brand-visual-unity-solution-\"><strong>2. Syst\u00e8me de pr\u00e9sentation modulaire : Solution d'unit\u00e9 visuelle de la marque<\/strong><\/h2>\n<p>Le syst\u00e8me d'emballage est compatible avec la pr\u00e9sentation en rayon et la combinaison de coffrets cadeaux, et une matrice visuelle est construite gr\u00e2ce \u00e0 une conception de taille standardis\u00e9e (diff\u00e9rence de hauteur de 15 mm pour les coffrets de 3 ml\/5 ml\/7 ml).<\/p>\n<ul>\n<li><strong>Logique de combinaison<\/strong>: La bo\u00eete unique adopte une structure de couverture sup\u00e9rieure et inf\u00e9rieure, et le coffret cadeau utilise une fente de carte int\u00e9gr\u00e9e pour r\u00e9aliser une jonction transparente de plusieurs sp\u00e9cifications. La bo\u00eete ext\u00e9rieure utilise simultan\u00e9ment le m\u00eame sch\u00e9ma de couleurs et le m\u00eame langage de type de bo\u00eete pour am\u00e9liorer l'impact de l'affichage du terminal.<\/li>\n<li><strong>Impression de la marque<\/strong>: Le logo invisible de la marque UV est imprim\u00e9 \u00e0 l'int\u00e9rieur du couvercle de la bo\u00eete, et le contact de la m\u00e9moire est form\u00e9 au moment de l'ouverture et de la fermeture. L'\u00e9tat ferm\u00e9 transmet les attributs de la cat\u00e9gorie \u00e0 travers le corps vert unifi\u00e9 de la bo\u00eete.<\/li>\n<\/ul>\n<h2 id=\"-3-double-upgrade-of-environmental-protection-and-protection-fsc-certified-cardboard-pressure-resistant-coated-paper-\"><strong>3. Double am\u00e9lioration de la protection de l'environnement et de la protection : carton certifi\u00e9 FSC + papier couch\u00e9 r\u00e9sistant \u00e0 la pression<\/strong><\/h2>\n<ul>\n<li><strong>Mat\u00e9riaux durables<\/strong>: 100% Le carton utilis\u00e9 est certifi\u00e9 FSC, la tra\u00e7abilit\u00e9 des mati\u00e8res premi\u00e8res peut \u00eatre v\u00e9rifi\u00e9e, et il est imprim\u00e9 avec de l'encre de soja \u00e0 base d'eau. Il a pass\u00e9 les tests SGS sur les m\u00e9taux lourds et les compos\u00e9s organiques volatils et r\u00e9pond aux normes de contact alimentaire de la FDA.<\/li>\n<li><strong>Protection structurelle<\/strong>Le carton couch\u00e9 de 2,5 mm d'\u00e9paisseur est trait\u00e9 par un proc\u00e9d\u00e9 composite ondul\u00e9, avec une r\u00e9sistance \u00e0 la compression de 12KGF\/cm\u00b2. Il est destin\u00e9 aux faiblesses des coins des bouteilles d'huile en verre ou en plastique, et le test de chute r\u00e9pond \u00e0 la norme de transport ISTA 3A.<\/li>\n<\/ul>\n<h2 id=\"-4-precision-manufacturing-process-ultimate-opening-and-closing-experience-guarantee-\"><strong>4. Processus de fabrication de pr\u00e9cision : garantie d'une exp\u00e9rience d'ouverture et de fermeture optimale<\/strong><\/h2>\n<ul>\n<li><strong>Technologie de d\u00e9coupe au laser<\/strong>: Le syst\u00e8me de d\u00e9coupe allemand Kurz, d'une pr\u00e9cision de 0,01 mm, permet de traiter sans bavure le coin R du bord de la bo\u00eete, et l'erreur de profondeur de pr\u00e9indentation de la ligne de pliage est \u22640,2 mm, ce qui garantit la stabilit\u00e9 de la force d'ouverture dans la plage de 0,8-1,2 N.<\/li>\n<li><strong>Syst\u00e8me de morsure<\/strong>: Le corps de la bo\u00eete adopte un triple m\u00e9canisme de fermeture \"double crochet + assistance magn\u00e9tique par aspiration\". Selon les mesures effectu\u00e9es en laboratoire, le d\u00e9placement du couvercle de la bo\u00eete est inf\u00e9rieur \u00e0 0,3 mm apr\u00e8s 200 ouvertures et fermetures cons\u00e9cutives, ce qui est nettement sup\u00e9rieur \u00e0 la moyenne de l'industrie.<\/li>\n<\/ul>\n<h2 id=\"-5-color-strategy-and-minimalist-aesthetics-establishing-category-mental-cognition-\"><strong>5. Strat\u00e9gie de la couleur et esth\u00e9tique minimaliste : \u00c9tablir une cognition mentale cat\u00e9gorielle<\/strong><\/h2>\n<ul>\n<li><strong>Application de la psychologie des couleurs<\/strong>: La couleur principale du corps de la bo\u00eete est le Pantone 17-0230TN (vert de la nervure de la feuille de cannabis), et le processus d'impression en d\u00e9grad\u00e9 \u00e0 5 niveaux est utilis\u00e9 pour simuler la texture originale de la plante. L'\u00e9tude de march\u00e9 montre que ce syst\u00e8me de couleurs peut augmenter de 43% l'association \"naturel et organique\" des utilisateurs cibles.<\/li>\n<li><strong>Conception de la d\u00e9-d\u00e9coration<\/strong>: Abandonnant les proc\u00e9d\u00e9s traditionnels tels que le marquage \u00e0 chaud ou le gaufrage, une image professionnelle est cr\u00e9\u00e9e gr\u00e2ce \u00e0 la surface courbe tridimensionnelle de la bo\u00eete, et seul le processus de gaufrage au niveau du micron est utilis\u00e9 sur le carton de la doublure int\u00e9rieure pour pr\u00e9senter le LOGO de la marque, ce qui permet de mettre l'accent sur l'aspect visuel \"moins, c'est plus\".<\/li>\n<\/ul>","protected":false},"excerpt":{"rendered":"<p>La structure de la bo\u00eete \u00e0 fermeture magn\u00e9tique allie stabilit\u00e9 et facilit\u00e9 d'utilisation. Elle s'ouvre et se ferme facilement d'une seule main, ce qui permet aux consommateurs de la prendre rapidement. Elle utilise du carton certifi\u00e9 FSC pour garantir que les mati\u00e8res premi\u00e8res proviennent de for\u00eats g\u00e9r\u00e9es durablement, ce qui r\u00e9pond aux exigences en mati\u00e8re de propri\u00e9t\u00e9s naturelles de la cat\u00e9gorie sant\u00e9 pour la protection de l'environnement. Il convient \u00e0 la pr\u00e9sentation en rayon ou \u00e0 la combinaison de coffrets-cadeaux, ce qui permet de renforcer visuellement l'unit\u00e9 de la marque.<\/p>","protected":false},"featured_media":1207,"template":"","meta":{"_kad_post_transparent":"default","_kad_post_title":"","_kad_post_layout":"default","_kad_post_sidebar_id":"","_kad_post_content_style":"default","_kad_post_vertical_padding":"default","_kad_post_feature":"","_kad_post_feature_position":"","_kad_post_header":false,"_kad_post_footer":false,"_kad_post_classname":""},"product_brand":[],"product_cat":[15,27,17],"product_tag":[471,470,472],"class_list":{"0":"post-1206","1":"product","2":"type-product","3":"status-publish","4":"has-post-thumbnail","6":"product_cat-red-light-therapy","7":"product_cat-red-light-therapy-belt","8":"product_cat-services","9":"product_tag-best-concentrate-packaging-wholesale","10":"product_tag-concentrate-packaging-box","11":"product_tag-custom-concentrate-packaging-wholesale","13":"first","14":"instock","15":"shipping-taxable","16":"product-type-simple","17":"entry","18":"content-bg","19":"loop-entry"},"_links":{"self":[{"href":"https:\/\/red-lighttherapy.com\/fr_fr\/wp-json\/wp\/v2\/product\/1206","targetHints":{"allow":["GET"]}}],"collection":[{"href":"https:\/\/red-lighttherapy.com\/fr_fr\/wp-json\/wp\/v2\/product"}],"about":[{"href":"https:\/\/red-lighttherapy.com\/fr_fr\/wp-json\/wp\/v2\/types\/product"}],"wp:featuredmedia":[{"embeddable":true,"href":"https:\/\/red-lighttherapy.com\/fr_fr\/wp-json\/wp\/v2\/media\/1207"}],"wp:attachment":[{"href":"https:\/\/red-lighttherapy.com\/fr_fr\/wp-json\/wp\/v2\/media?parent=1206"}],"wp:term":[{"taxonomy":"product_brand","embeddable":true,"href":"https:\/\/red-lighttherapy.com\/fr_fr\/wp-json\/wp\/v2\/product_brand?post=1206"},{"taxonomy":"product_cat","embeddable":true,"href":"https:\/\/red-lighttherapy.com\/fr_fr\/wp-json\/wp\/v2\/product_cat?post=1206"},{"taxonomy":"product_tag","embeddable":true,"href":"https:\/\/red-lighttherapy.com\/fr_fr\/wp-json\/wp\/v2\/product_tag?post=1206"}],"curies":[{"name":"wp","href":"https:\/\/api.w.org\/{rel}","templated":true}]}}