{"id":1192,"date":"2025-04-17T03:53:24","date_gmt":"2025-04-17T03:53:24","guid":{"rendered":"https:\/\/red-lighttherapy.com\/?post_type=product&#038;p=1192"},"modified":"2025-04-17T06:22:08","modified_gmt":"2025-04-17T06:22:08","slug":"wholesale-cannabis-concentrate-magnetic-lid-packaging-boxes","status":"publish","type":"product","link":"https:\/\/red-lighttherapy.com\/fr_fr\/wholesale-cannabis-concentrate-magnetic-lid-packaging-boxes\/","title":{"rendered":"Bo\u00eetes d'emballage \u00e0 couvercle magn\u00e9tique pour concentr\u00e9s de cannabis en gros"},"content":{"rendered":"<h2 id=\"-product-description-of-paper-drawer-box-for-marijuana-concentrate-magnetic-cover-\"><strong>Description du produit Bo\u00eete \u00e0 tiroirs pour concentr\u00e9s de marijuana Couvercle magn\u00e9tique<\/strong><\/h2>\n<h2 id=\"-1-paper-drawer-box-slide-rail-design-easy-and-efficient-opening-and-closing-\"><strong>1. Tiroir \u00e0 papier Conception de la bo\u00eete \u00e0 glissi\u00e8re, ouverture et fermeture faciles et efficaces<\/strong><\/h2>\n<ul>\n<li><strong>Positionnement pr\u00e9cis et anti-chute<\/strong>: La glissi\u00e8re est calcul\u00e9e avec pr\u00e9cision et le couvercle de la bo\u00eete est automatiquement bloqu\u00e9 dans la position pr\u00e9d\u00e9finie lors de l'ouverture et de la fermeture afin d'\u00e9viter tout glissement accidentel et d'assurer la stabilit\u00e9 lors de l'utilisation.<\/li>\n<\/ul>\n<h2 id=\"-2-double-childproof-lock-mechanism-safe-and-worry-free-\"><strong>2. Double m\u00e9canisme de verrouillage \u00e0 l'\u00e9preuve des enfants, s\u00fbr et sans souci<\/strong><\/h2>\n<ul>\n<li><strong>Appuyer pour d\u00e9verrouiller la technologie<\/strong>: Un interrupteur cach\u00e9 est plac\u00e9 sur le c\u00f4t\u00e9 de la bo\u00eete, et un adulte doit appuyer dessus avec une force sp\u00e9cifique avant que le couvercle de la bo\u00eete ne glisse de mani\u00e8re synchronis\u00e9e, emp\u00eachant ainsi les enfants de l'ouvrir par erreur.<\/li>\n<li><strong>Force d'aspiration magn\u00e9tique r\u00e9glable<\/strong>: En personnalisant la force d'adsorption de l'aimant, on \u00e9quilibre la s\u00e9curit\u00e9 des enfants et la facilit\u00e9 d'utilisation des adultes, et on peut facilement l'utiliser avec la seule force des doigts d'un adulte.<\/li>\n<\/ul>\n<h2 id=\"-3-stable-and-shock-resistant-structure-upgraded-portable-experience-\"><strong>3. Structure stable et r\u00e9sistante aux chocs, exp\u00e9rience portable am\u00e9lior\u00e9e<\/strong><\/h2>\n<ul>\n<li><strong>Emplacement int\u00e9gr\u00e9 pour carte personnalis\u00e9e<\/strong>: Moul\u00e9 avec pr\u00e9cision en fonction de la taille du concentr\u00e9 (en bouteille ou en sac), avec une doublure EVA r\u00e9sistante aux chocs, il fixe fermement le contenu, \u00e9vite les secousses pendant le transport et les dommages dus aux collisions.<\/li>\n<li><strong>Conception l\u00e9g\u00e8re et portable<\/strong>: L'\u00e9paisseur et le poids du corps de la bo\u00eete sont optimis\u00e9s, en tenant compte \u00e0 la fois de la protection et de la portabilit\u00e9, ce qui permet de l'emporter ou de l'empiler.<\/li>\n<\/ul>\n<h2 id=\"-4-coated-paper-multi-layer-composite-material-pressure-resistant-and-damage-resistant-\"><strong>4. Mat\u00e9riau composite multicouche en papier enduit, r\u00e9sistant \u00e0 la pression et aux dommages<\/strong><\/h2>\n<ul>\n<li><strong>Substrat \u00e0 haute r\u00e9sistance<\/strong>: Un papier couch\u00e9 \u00e9pais de 400 g est utilis\u00e9, et la surface est recouverte d'un film \u00e9cologique mat\/brillant, r\u00e9sistant \u00e0 la pression, \u00e0 l'humidit\u00e9 et aux rayures, et pouvant r\u00e9sister \u00e0 l'empilage et \u00e0 l'extrusion pendant le transport logistique.<\/li>\n<li><strong>Conception recyclable<\/strong>: Le mat\u00e9riau est robuste et durable, permet des ouvertures et fermetures multiples et la r\u00e9utilisation, r\u00e9duit le co\u00fbt de remplacement de l'emballage et est conforme au concept de protection de l'environnement.<\/li>\n<\/ul>\n<h2 id=\"-5-high-precision-printing-technology-excellent-visual-texture-\"><strong>5. Technologie d'impression de haute pr\u00e9cision, excellente texture visuelle<\/strong><\/h2>\n<ul>\n<li><strong>Technologie d'impression UV en quadrichromie<\/strong>: Il prend en charge des motifs complexes tels que les couleurs d\u00e9grad\u00e9es et l'\u00e9clat m\u00e9tallique, avec une saturation des couleurs de plus de 95%, et n'est pas facile \u00e0 d\u00e9colorer apr\u00e8s les tests de friction.<\/li>\n<li><strong>Des processus de surface diversifi\u00e9s<\/strong>: En option, marquage \u00e0 chaud, gaufrage, UV local et autres proc\u00e9d\u00e9s pour renforcer la reconnaissance de la marque et am\u00e9liorer la qualit\u00e9 de l'emballage.<\/li>\n<\/ul>\n<h2 id=\"-6-minimalist-white-tone-conveying-a-professional-brand-image-\"><strong>6. Tonalit\u00e9 blanche minimaliste, v\u00e9hiculant une image de marque professionnelle<\/strong><\/h2>\n<ul>\n<li><strong>Bo\u00eete blanche pure<\/strong>: Le blanc, couleur de base, symbolise la s\u00e9curit\u00e9, le professionnalisme et la propret\u00e9, s'adapte au positionnement des produits de cannabis \u00e0 usage m\u00e9dical et renforce la confiance des consommateurs.<\/li>\n<li><strong>Correspondance visuelle flexible<\/strong>: Permet d'embellir partiellement la couleur de la marque, la texture en d\u00e9grad\u00e9 ou le logo minimaliste, de mettre en valeur la personnalit\u00e9 dans la simplicit\u00e9 et d'\u00e9viter l'exc\u00e8s de design.<\/li>\n<\/ul>\n<h2 id=\"-7-all-round-customization-service-empowering-brand-differentiation-\"><strong>7. Service de personnalisation complet, renforcement de la diff\u00e9renciation de la marque<\/strong><\/h2>\n<ul>\n<li><strong>Adaptation souple de la taille<\/strong>: Permet une personnalisation compl\u00e8te, des micro-bouteilles de 10 ml aux bo\u00eetes de grande capacit\u00e9 de 100 ml, afin de r\u00e9pondre aux besoins de la ligne de produits.<\/li>\n<li><strong>Int\u00e9gration approfondie de la marque<\/strong>: La couleur de la bo\u00eete est personnalisable (couleur d\u00e9grad\u00e9e, noir mat), le motif (illustration, motif g\u00e9om\u00e9trique), les informations textuelles (d\u00e9claration r\u00e9glementaire, mode d'emploi), etc. pour cr\u00e9er un syst\u00e8me unique d'identification de la marque.<\/li>\n<\/ul>\n<h2 id=\"-application-scenarios-\"><strong>Sc\u00e9narios d'application<\/strong><\/h2>\n<ul>\n<li><strong>Commerce de gros et de d\u00e9tail<\/strong>: Applicable \u00e0 l'emballage en vrac B2B et \u00e0 la pr\u00e9sentation de produits tels que les concentr\u00e9s de cannabis, l'huile de CBD, les extraits de cire, etc. dans les terminaux de vente.<\/li>\n<li><strong>Adaptation multi-sc\u00e9narios<\/strong>: R\u00e9pondre aux besoins de multiples sc\u00e9narios tels que l'entreposage et le transport, la pr\u00e9sentation en magasin et le transport quotidien par les utilisateurs, en tenant compte de l'aspect pratique et de la communication de la marque.<\/li>\n<\/ul>","protected":false},"excerpt":{"rendered":"<p>Cette bo\u00eete d'emballage \u00e0 couvercle magn\u00e9tique pour concentr\u00e9 de cannabis est sp\u00e9cialement con\u00e7ue pour les marques de produits de cannabis haut de gamme. Elle combine fonctionnalit\u00e9 et valeur esth\u00e9tique, avec une structure innovante, une protection de la s\u00e9curit\u00e9 et des services personnalis\u00e9s. Elle r\u00e9pond parfaitement aux besoins de stockage et de transport des produits et de pr\u00e9sentation de la marque, contribuant \u00e0 am\u00e9liorer l'exp\u00e9rience de l'utilisateur et l'image professionnelle de la marque.<\/p>","protected":false},"featured_media":1194,"template":"","meta":{"_kad_post_transparent":"default","_kad_post_title":"","_kad_post_layout":"default","_kad_post_sidebar_id":"","_kad_post_content_style":"default","_kad_post_vertical_padding":"default","_kad_post_feature":"","_kad_post_feature_position":"","_kad_post_header":false,"_kad_post_footer":false,"_kad_post_classname":""},"product_brand":[],"product_cat":[15,27,17],"product_tag":[467,466,468],"class_list":{"0":"post-1192","1":"product","2":"type-product","3":"status-publish","4":"has-post-thumbnail","6":"product_cat-red-light-therapy","7":"product_cat-red-light-therapy-belt","8":"product_cat-services","9":"product_tag-custom-cbd-packaging","10":"product_tag-custom-cbd-packaging-boxes","11":"product_tag-magnetic-lid-boxes-for-concentrate","13":"first","14":"instock","15":"shipping-taxable","16":"product-type-simple","17":"entry","18":"content-bg","19":"loop-entry"},"_links":{"self":[{"href":"https:\/\/red-lighttherapy.com\/fr_fr\/wp-json\/wp\/v2\/product\/1192","targetHints":{"allow":["GET"]}}],"collection":[{"href":"https:\/\/red-lighttherapy.com\/fr_fr\/wp-json\/wp\/v2\/product"}],"about":[{"href":"https:\/\/red-lighttherapy.com\/fr_fr\/wp-json\/wp\/v2\/types\/product"}],"wp:featuredmedia":[{"embeddable":true,"href":"https:\/\/red-lighttherapy.com\/fr_fr\/wp-json\/wp\/v2\/media\/1194"}],"wp:attachment":[{"href":"https:\/\/red-lighttherapy.com\/fr_fr\/wp-json\/wp\/v2\/media?parent=1192"}],"wp:term":[{"taxonomy":"product_brand","embeddable":true,"href":"https:\/\/red-lighttherapy.com\/fr_fr\/wp-json\/wp\/v2\/product_brand?post=1192"},{"taxonomy":"product_cat","embeddable":true,"href":"https:\/\/red-lighttherapy.com\/fr_fr\/wp-json\/wp\/v2\/product_cat?post=1192"},{"taxonomy":"product_tag","embeddable":true,"href":"https:\/\/red-lighttherapy.com\/fr_fr\/wp-json\/wp\/v2\/product_tag?post=1192"}],"curies":[{"name":"wp","href":"https:\/\/api.w.org\/{rel}","templated":true}]}}