{"id":1186,"date":"2025-04-17T03:39:33","date_gmt":"2025-04-17T03:39:33","guid":{"rendered":"https:\/\/red-lighttherapy.com\/?post_type=product&#038;p=1186"},"modified":"2025-04-17T03:53:16","modified_gmt":"2025-04-17T03:53:16","slug":"custom-cbd-oil-packaging-boxes-folding-carton-distributor","status":"publish","type":"product","link":"https:\/\/red-lighttherapy.com\/fr_fr\/custom-cbd-oil-packaging-boxes-folding-carton-distributor\/","title":{"rendered":"Bo\u00eetes d'emballage pour huile CBD Distributeur de bo\u00eetes pliantes sur mesure"},"content":{"rendered":"<h2 id=\"-customized-cbd-oil-packaging-box-folding-carton-product-description-\"><strong>Bo\u00eete d'emballage personnalis\u00e9e pour l'huile de CBD Bo\u00eete pliante Description du produit<\/strong><\/h2>\n<h2 id=\"-1-box-design-optimize-storage-and-practicality-\"><strong>1. Conception de la bo\u00eete : Optimiser le stockage et la praticit\u00e9<\/strong><\/h2>\n<p>La structure de la bo\u00eete en carton est adopt\u00e9e et les coins du corps de la bo\u00eete sont renforc\u00e9s, ce qui facilite l'empilage et permet d'\u00e9conomiser de l'espace de stockage. Le type de bo\u00eete r\u00e9pond aux normes simples et pratiques des march\u00e9s europ\u00e9en et am\u00e9ricain en mati\u00e8re d'emballage d'huile et de m\u00e9dicaments \u00e0 base de CBD, telles que l'ouverture par le haut ou le rabat lat\u00e9ral, en tenant compte de la facilit\u00e9 d'utilisation et de l'unit\u00e9 visuelle. L'espace int\u00e9rieur peut \u00eatre adapt\u00e9 avec pr\u00e9cision en fonction de la taille de la bouteille afin d'\u00e9viter les risques de dommages caus\u00e9s par les secousses pendant le transport.<\/p>\n<h2 id=\"-2-customized-lining-stable-protection-and-fit-\"><strong>2. Doublure personnalis\u00e9e : Protection et ajustement stables<\/strong><\/h2>\n<p>La doublure est fabriqu\u00e9e en EVA haute densit\u00e9 ou en \u00e9ponge recycl\u00e9e, et la structure incurv\u00e9e est personnalis\u00e9e gr\u00e2ce \u00e0 la technologie de mod\u00e9lisation 3D pour s'adapter parfaitement \u00e0 la bouteille d'huile de CBD et garantir l'absence de d\u00e9placement pendant le transport. La doublure peut \u00eatre con\u00e7ue de mani\u00e8re segment\u00e9e ou int\u00e9gr\u00e9e, s'adapter aux bouteilles de diff\u00e9rentes sp\u00e9cifications (telles que les flacons compte-gouttes, les flacons pulv\u00e9risateurs) et permettre l'ajout de rainures tampons pour am\u00e9liorer la r\u00e9sistance aux chocs.<\/p>\n<h2 id=\"-3-surface-technology-matte-lamination-and-high-end-texture-\"><strong>3. Technologie de surface : laminage mat et texture haut de gamme<\/strong><\/h2>\n<p>La surface adopte une technologie de laminage mat pour \u00e9viter une texture r\u00e9fl\u00e9chissante bon march\u00e9, tout en am\u00e9liorant la r\u00e9sistance \u00e0 l'usure et \u00e0 l'humidit\u00e9, ce qui est conforme au positionnement de la marque de l'huile de CBD et des produits de sant\u00e9 haut de gamme. La technologie de texture optionnelle (telle que le film tactile, le gaufrage en similicuir) renforce encore la diff\u00e9renciation des produits et transmet un ton naturel et organique \u00e0 la marque.<\/p>\n<h2 id=\"-4-printing-technology-precise-color-and-brand-enhancement-\"><strong>4. Technologie d'impression : couleurs pr\u00e9cises et mise en valeur de la marque<\/strong><\/h2>\n<p>Utilisez l'impression offset haute d\u00e9finition ou la technologie d'impression num\u00e9rique pour garantir qu'il n'y a pas de diff\u00e9rence de couleur entre les motifs et les textes, et prenez en charge la correspondance des couleurs d'accompagnement Pantone. Le contenu imprim\u00e9 peut couvrir les logos des marques, les descriptions des ingr\u00e9dients et les informations d'avertissement exig\u00e9es par la r\u00e9glementation, en tenant compte \u00e0 la fois de l'esth\u00e9tique et de la conformit\u00e9. Pour les produits \u00e0 base de cannabis, des fentes d'\u00e9tiquetage anti-contrefa\u00e7on ou des codes invisibles aux UV peuvent \u00eatre personnalis\u00e9s pour renforcer la cr\u00e9dibilit\u00e9 du produit.<\/p>\n<h2 id=\"-5-certification-qualifications-compliant-production-and-brand-premium-\"><strong>5. Qualifications de certification : production conforme et prime de marque<\/strong><\/h2>\n<p>L'usine d\u00e9tient la certification foresti\u00e8re FSC (garantissant des sources de papier durables), ISO 15378 (syst\u00e8me de gestion de la qualit\u00e9 des emballages de m\u00e9dicaments) et la certification de responsabilit\u00e9 sociale BSCI, r\u00e9pondant ainsi aux exigences de conformit\u00e9 des emballages d'huile de CBD sur les march\u00e9s europ\u00e9ens et am\u00e9ricains. Les certifications peuvent \u00eatre imprim\u00e9es sur le fond ou le c\u00f4t\u00e9 de la bo\u00eete d'emballage pour renforcer la confiance des consommateurs et l'espace de la marque.<\/p>\n<h2 id=\"-6-all-round-customization-service-\"><strong>6. Service de personnalisation complet<\/strong><\/h2>\n<ul>\n<li><strong>S\u00e9lection des mat\u00e9riaux<\/strong>: Fournir du carton certifi\u00e9 FSC, du plastique d\u00e9gradable ou des mat\u00e9riaux composites pour r\u00e9pondre aux exigences de protection de l'environnement et de r\u00e9sistance.<\/li>\n<li><strong>R\u00e9glage du type de bo\u00eete<\/strong>: Les structures sp\u00e9ciales telles que les bo\u00eetes \u00e0 tiroirs et les bo\u00eetes en forme de livre permettent de s'adapter aux diff\u00e9rents besoins des produits du cannabis.<\/li>\n<li><strong>Extension de la fonction<\/strong>: Des technologies intelligentes telles que les puces anti-contrefa\u00e7on et les \u00e9tiquettes RFID peuvent \u00eatre int\u00e9gr\u00e9es pour am\u00e9liorer la tra\u00e7abilit\u00e9 des produits.<\/li>\n<\/ul>\n<h2 id=\"-cooperation-process-\"><strong>Processus de coop\u00e9ration<\/strong>:<\/h2>\n<ol>\n<li>Fournir la taille des bouteilles, le projet de conception et les exigences de certification ;<\/li>\n<li>Fournir des dessins en 3D du type de bo\u00eete et des solutions mat\u00e9rielles dans un d\u00e9lai de 24 heures ;<\/li>\n<li>Apr\u00e8s confirmation de l'\u00e9preuve, la production en s\u00e9rie et la livraison sont effectu\u00e9es dans un d\u00e9lai de 7 \u00e0 14 jours.<\/li>\n<\/ol>","protected":false},"excerpt":{"rendered":"<p>La conception de la bo\u00eete en carton est pratique pour l'empilage et le stockage, et r\u00e9pond aux besoins simples et pratiques des march\u00e9s europ\u00e9ens et am\u00e9ricains pour l'emballage de l'huile de CBD, des m\u00e9dicaments et des produits de soins de sant\u00e9. Le processus de laminage de la surface \u00e9vite les textures r\u00e9fl\u00e9chissantes bon march\u00e9 et est conforme au positionnement de l'huile de CBD et des produits de soins de sant\u00e9 haut de gamme. Il peut \u00eatre personnalis\u00e9 en fonction de vos besoins, tels que la hauteur, le type de bo\u00eete, le mat\u00e9riau et l'impression de surface, afin de r\u00e9pondre aux besoins d'emballage de l'huile de CBD et des s\u00e9ries de cannabis.<\/p>","protected":false},"featured_media":1187,"template":"","meta":{"_kad_post_transparent":"default","_kad_post_title":"","_kad_post_layout":"default","_kad_post_sidebar_id":"","_kad_post_content_style":"default","_kad_post_vertical_padding":"default","_kad_post_feature":"","_kad_post_feature_position":"","_kad_post_header":false,"_kad_post_footer":false,"_kad_post_classname":""},"product_brand":[],"product_cat":[15,24,17],"product_tag":[463,465,464],"class_list":{"0":"post-1186","1":"product","2":"type-product","3":"status-publish","4":"has-post-thumbnail","6":"product_cat-red-light-therapy","7":"product_cat-red-light-therapy-bed","8":"product_cat-services","9":"product_tag-custom-cbd-boxes","10":"product_tag-custom-printed-cbd-packaging","11":"product_tag-get-custom-cbd-boxes","13":"first","14":"instock","15":"shipping-taxable","16":"product-type-simple","17":"entry","18":"content-bg","19":"loop-entry"},"_links":{"self":[{"href":"https:\/\/red-lighttherapy.com\/fr_fr\/wp-json\/wp\/v2\/product\/1186","targetHints":{"allow":["GET"]}}],"collection":[{"href":"https:\/\/red-lighttherapy.com\/fr_fr\/wp-json\/wp\/v2\/product"}],"about":[{"href":"https:\/\/red-lighttherapy.com\/fr_fr\/wp-json\/wp\/v2\/types\/product"}],"wp:featuredmedia":[{"embeddable":true,"href":"https:\/\/red-lighttherapy.com\/fr_fr\/wp-json\/wp\/v2\/media\/1187"}],"wp:attachment":[{"href":"https:\/\/red-lighttherapy.com\/fr_fr\/wp-json\/wp\/v2\/media?parent=1186"}],"wp:term":[{"taxonomy":"product_brand","embeddable":true,"href":"https:\/\/red-lighttherapy.com\/fr_fr\/wp-json\/wp\/v2\/product_brand?post=1186"},{"taxonomy":"product_cat","embeddable":true,"href":"https:\/\/red-lighttherapy.com\/fr_fr\/wp-json\/wp\/v2\/product_cat?post=1186"},{"taxonomy":"product_tag","embeddable":true,"href":"https:\/\/red-lighttherapy.com\/fr_fr\/wp-json\/wp\/v2\/product_tag?post=1186"}],"curies":[{"name":"wp","href":"https:\/\/api.w.org\/{rel}","templated":true}]}}