{"id":1185,"date":"2025-04-17T03:35:56","date_gmt":"2025-04-17T03:35:56","guid":{"rendered":"https:\/\/red-lighttherapy.com\/?post_type=product&#038;p=1185"},"modified":"2025-04-17T14:44:35","modified_gmt":"2025-04-17T14:44:35","slug":"purchase-luxury-lipstick-tube-gift-set-magnetic-lid-boxes","status":"publish","type":"product","link":"https:\/\/red-lighttherapy.com\/fr_fr\/purchase-luxury-lipstick-tube-gift-set-magnetic-lid-boxes\/","title":{"rendered":"Achat Tube de Rouge \u00e0 L\u00e8vres de Luxe Coffret Cadeau Couvercle Magn\u00e9tique"},"content":{"rendered":"<h2 id=\"product-description-of-luxury-lipstick-tube-gift-box-with-magnetic-lid\">Description du produit Tube de rouge \u00e0 l\u00e8vres de luxe avec couvercle magn\u00e9tique<\/h2>\n<h2 id=\"-1-innovative-magnetic-opening-and-closing-system-with-both-ritual-and-practicality-\"><strong>1. Syst\u00e8me innovant d'ouverture et de fermeture magn\u00e9tique, \u00e0 la fois rituel et pratique<\/strong><\/h2>\n<p>Ce coffret cadeau adopte\u00a0<strong>conception de la structure magn\u00e9tique d'ouverture et de fermeture<\/strong>Le syst\u00e8me d'ouverture et de fermeture de la bo\u00eete est dot\u00e9 d'aimants annulaires int\u00e9gr\u00e9s \u00e0 haute r\u00e9sistance et assure la fermeture stable du couvercle et du corps de la bo\u00eete gr\u00e2ce \u00e0 l'alignement pr\u00e9cis de l'anneau aimant\u00e9 1 et de l'anneau aimant\u00e9 2. L'ouverture et la fermeture peuvent \u00eatre r\u00e9alis\u00e9es d'une seule main. Par rapport \u00e0 la conception traditionnelle de la boucle, l'op\u00e9ration est plus pratique et il n'y a pas de risque d'usure m\u00e9canique. Le moment de la fermeture s'accompagne d'un \"clic\" net, donnant au processus d'ouverture un sens \u00e9l\u00e9gant du rituel, qui correspond \u00e0 l'exp\u00e9rience d'utilisation des produits de beaut\u00e9 haut de gamme.<\/p>\n<h2 id=\"-2-precision-magnetic-closure-system-to-ensure-safety-and-convenience-\"><strong>2. Syst\u00e8me de fermeture magn\u00e9tique de pr\u00e9cision pour garantir la s\u00e9curit\u00e9 et la commodit\u00e9.<\/strong><\/h2>\n<p>Le syst\u00e8me de fermeture magn\u00e9tique est bas\u00e9 sur\u00a0<strong>disposition de l'anneau \u00e0 double aimant<\/strong>Le couvercle de la bo\u00eete, avec une distribution uniforme de la force magn\u00e9tique et une force d'adsorption in\u00e9gal\u00e9e dans l'industrie, garantit que le corps de la bo\u00eete reste herm\u00e9tiquement ferm\u00e9 pendant le transport ou en cas de chute accidentelle, afin d'\u00e9viter que le rouge \u00e0 l\u00e8vres ne s'\u00e9parpille ou ne soit contamin\u00e9. Le bord du couvercle de la bo\u00eete adopte\u00a0<strong>traitement de chanfreinage<\/strong>L'ouverture et la fermeture d'une seule main s'effectuent en douceur et sans obstacle, en tenant compte des habitudes d'utilisation et des besoins des utilisatrices.<\/p>\n<h2 id=\"-3-modular-lining-design-efficient-storage-and-display-\"><strong>3. Conception modulaire de la doublure, efficacit\u00e9 du stockage et de l'exposition<\/strong><\/h2>\n<p>L'int\u00e9rieur de la bo\u00eete cadeau utilise\u00a0<strong>doublure TPU personnalis\u00e9e<\/strong>Les tubes de rouge \u00e0 l\u00e8vres de diff\u00e9rentes sp\u00e9cifications (cylindriques, carr\u00e9s, etc.) peuvent \u00eatre ins\u00e9r\u00e9s dans des fentes de carte ind\u00e9pendantes gr\u00e2ce \u00e0 une d\u00e9coupe laser pr\u00e9cise. Chaque rouge \u00e0 l\u00e8vres s'ins\u00e8re parfaitement dans la fente de la carte apr\u00e8s avoir \u00e9t\u00e9 encastr\u00e9, et la conception anti-chocs emp\u00eache la p\u00e2te d'\u00eatre endommag\u00e9e par les collisions. La doublure peut \u00eatre d\u00e9mont\u00e9e et r\u00e9organis\u00e9e, ce qui permet de disposer librement de 6 \u00e0 12 rouges \u00e0 l\u00e8vres, tout en tenant compte de la fonction de stockage et de la beaut\u00e9 de la pr\u00e9sentation visuelle, et en r\u00e9pondant aux besoins des consommateurs en mati\u00e8re de pr\u00e9sentation au niveau de la collection.<\/p>\n<h2 id=\"-4-environmentally-friendly-materials-and-structural-reinforcement-double-protection-\"><strong>4. Mat\u00e9riaux respectueux de l'environnement et renforcement structurel, double protection<\/strong><\/h2>\n<p>Le corps principal de la bo\u00eete cadeau est compos\u00e9 de\u00a0<strong>Papier couch\u00e9 certifi\u00e9 FSC<\/strong>La surface de la bo\u00eete est recouverte d'un rev\u00eatement mat respectueux de l'environnement, d'une duret\u00e9 de 2000g\/m\u00b2 et d'une r\u00e9sistance \u00e0 la compression plus de trois fois sup\u00e9rieure \u00e0 celle des bo\u00eetes en papier ordinaires. Un cadre l\u00e9ger en alliage d'aluminium est int\u00e9gr\u00e9 \u00e0 l'int\u00e9rieur, qui est parfaitement combin\u00e9 \u00e0 la bo\u00eete en papier par des rivets afin d'am\u00e9liorer la capacit\u00e9 de charge globale. Elle peut supporter une pression statique de 50 kg sans d\u00e9formation et r\u00e9sister efficacement \u00e0 l'extrusion externe. Le mat\u00e9riau est conforme aux normes de protection de l'environnement REACH de l'UE et tient compte de la texture luxueuse et des concepts durables.<\/p>\n<h2 id=\"-5-high-precision-printing-technology-double-upgrade-of-vision-and-touch-\"><strong>5. Technologie d'impression de haute pr\u00e9cision, double am\u00e9lioration de la vision et du toucher<\/strong><\/h2>\n<p>La surface de la bo\u00eete adopte\u00a0<strong>S\u00e9rigraphie 6 couleurs + technologie de marquage \u00e0 chaud UV partiel<\/strong>La pr\u00e9cision des bords des blocs de couleurs et des motifs d'impression sur les l\u00e8vres atteint 0,1 mm, sans bavures (comme la technologie d'emballage des rouges \u00e0 l\u00e8vres Dior). Les blocs de couleur utilisent des encres Pantone sp\u00e9ciales pour restituer plus de 95% de la couleur r\u00e9elle du rouge \u00e0 l\u00e8vres, ce qui permet aux consommateurs d'identifier rapidement le num\u00e9ro de la couleur. La couche d'impression a \u00e9t\u00e9 test\u00e9e pour sa r\u00e9sistance \u00e0 l'usure et reste brillante apr\u00e8s 500 ouvertures et fermetures r\u00e9p\u00e9t\u00e9es, d\u00e9montrant ainsi la technologie d'impression de pointe de l'usine.<\/p>\n<h2 id=\"-6-aesthetic-detail-design-to-enhance-brand-tonality-\"><strong>6. Conception de d\u00e9tails esth\u00e9tiques pour renforcer la tonalit\u00e9 de la marque<\/strong><\/h2>\n<p>La doublure et le corps de la bo\u00eete adoptent\u00a0<strong>dessin de poudres en d\u00e9grad\u00e9 du m\u00eame syst\u00e8me de couleurs<\/strong>Les couleurs de l'\u00e9tui sont tr\u00e8s homog\u00e8nes, passant d'une poudre mate de fleurs de cerisier sur la surface de l'\u00e9tui \u00e0 une poudre corail nacr\u00e9e sur la doublure. La coh\u00e9rence des couleurs est calibr\u00e9e par un spectrophotom\u00e8tre professionnel afin d'am\u00e9liorer l'harmonie visuelle globale. La bo\u00eete est livr\u00e9e avec un compartiment \u00e0 miroir magn\u00e9tique, qui peut \u00eatre utilis\u00e9 comme miroir de maquillage. Le bord du miroir est incrust\u00e9 de bandes d\u00e9coratives en or rose du m\u00eame syst\u00e8me de couleurs que l'anneau magn\u00e9tique, et les d\u00e9tails transmettent le g\u00e8ne de la marque de luxe.<\/p>\n<h2 id=\"-applicable-scenarios-\"><strong>Sc\u00e9narios applicables<\/strong><\/h2>\n<ul>\n<li><strong>Cadeau de No\u00ebl<\/strong>: Le rituel d'ouverture et de fermeture magn\u00e9tique s'adapte \u00e0 l'atmosph\u00e8re festive de la Saint-Valentin, de No\u00ebl, etc.<\/li>\n<li><strong>Personnalisation de la marque<\/strong>: Prise en charge du marquage \u00e0 chaud du LOGO, du placage personnalis\u00e9 des anneaux magn\u00e9tiques (or\/or rose\/platine).<\/li>\n<li><strong>Pr\u00e9sentoir de vente au d\u00e9tail<\/strong>: Le rev\u00eatement modulaire s'adapte aux besoins d'affichage multi-SKU du comptoir<\/li>\n<\/ul>","protected":false},"excerpt":{"rendered":"<p>Le syst\u00e8me de fermeture magn\u00e9tique garantit que la bo\u00eete est fermement ferm\u00e9e et peut \u00eatre facilement ouverte et ferm\u00e9e d'une seule main. Il est plus pratique que les boucles traditionnelles. Plusieurs rouges \u00e0 l\u00e8vres peuvent \u00eatre rang\u00e9s dans l'ordre \u00e0 l'int\u00e9rieur gr\u00e2ce \u00e0 un positionnement pr\u00e9cis. La bo\u00eete utilise beaucoup d'espace et est anti-chocs, ce qui la rend facile \u00e0 ranger et \u00e0 pr\u00e9senter.<\/p>","protected":false},"featured_media":1174,"template":"","meta":{"_kad_post_transparent":"default","_kad_post_title":"","_kad_post_layout":"default","_kad_post_sidebar_id":"","_kad_post_content_style":"default","_kad_post_vertical_padding":"default","_kad_post_feature":"","_kad_post_feature_position":"","_kad_post_header":false,"_kad_post_footer":false,"_kad_post_classname":""},"product_brand":[],"product_cat":[15,27,17],"product_tag":[459,457,458],"class_list":{"0":"post-1185","1":"product","2":"type-product","3":"status-publish","4":"has-post-thumbnail","6":"product_cat-red-light-therapy","7":"product_cat-red-light-therapy-belt","8":"product_cat-services","9":"product_tag-lipstick-gift-set-boxes","10":"product_tag-luxury-lipstick-boxes","11":"product_tag-magnetic-lid-boxes","13":"first","14":"instock","15":"shipping-taxable","16":"product-type-simple","17":"entry","18":"content-bg","19":"loop-entry"},"_links":{"self":[{"href":"https:\/\/red-lighttherapy.com\/fr_fr\/wp-json\/wp\/v2\/product\/1185","targetHints":{"allow":["GET"]}}],"collection":[{"href":"https:\/\/red-lighttherapy.com\/fr_fr\/wp-json\/wp\/v2\/product"}],"about":[{"href":"https:\/\/red-lighttherapy.com\/fr_fr\/wp-json\/wp\/v2\/types\/product"}],"wp:featuredmedia":[{"embeddable":true,"href":"https:\/\/red-lighttherapy.com\/fr_fr\/wp-json\/wp\/v2\/media\/1174"}],"wp:attachment":[{"href":"https:\/\/red-lighttherapy.com\/fr_fr\/wp-json\/wp\/v2\/media?parent=1185"}],"wp:term":[{"taxonomy":"product_brand","embeddable":true,"href":"https:\/\/red-lighttherapy.com\/fr_fr\/wp-json\/wp\/v2\/product_brand?post=1185"},{"taxonomy":"product_cat","embeddable":true,"href":"https:\/\/red-lighttherapy.com\/fr_fr\/wp-json\/wp\/v2\/product_cat?post=1185"},{"taxonomy":"product_tag","embeddable":true,"href":"https:\/\/red-lighttherapy.com\/fr_fr\/wp-json\/wp\/v2\/product_tag?post=1185"}],"curies":[{"name":"wp","href":"https:\/\/api.w.org\/{rel}","templated":true}]}}