{"id":1173,"date":"2025-04-17T01:17:56","date_gmt":"2025-04-17T01:17:56","guid":{"rendered":"https:\/\/red-lighttherapy.com\/?post_type=product&#038;p=1173"},"modified":"2025-04-17T14:43:42","modified_gmt":"2025-04-17T14:43:42","slug":"vendor-order-custom-rigid-drawer-box-sigwarjewelry-packaging","status":"publish","type":"product","link":"https:\/\/red-lighttherapy.com\/fr_fr\/vendor-order-custom-rigid-drawer-box-sigwarjewelry-packaging\/","title":{"rendered":"Vendor Order Custom Rigid Drawer Box Sigwarjewelry Packaging"},"content":{"rendered":"<h2 id=\"-product-description-of-sigwarjewelry-custom-hard-drawer-box-paper-drawer-box-\"><strong>Description du produit Bo\u00eete \u00e0 tiroirs rigide sur mesure\u00a0<\/strong><\/h2>\n<h2>1.\u00a0<strong>Ergonomique <\/strong><strong>Tiroir <\/strong><strong>Conception<\/strong><\/h2>\n<p>Le tiroir \u00e0 papier est \u00e9quip\u00e9 d'un syst\u00e8me d'ouverture et de fermeture du tiroir \u00e0 papier, combin\u00e9 \u00e0 une conception structurelle de pr\u00e9cision et \u00e0 une technologie de moulage de haute pr\u00e9cision. Les joints entre le corps de la bo\u00eete et le tiroir sont renforc\u00e9s pour \u00e9viter tout rel\u00e2chement ou blocage, et l'exp\u00e9rience de fonctionnement peut \u00eatre maintenue en douceur m\u00eame en cas d'utilisation fr\u00e9quente.<\/p>\n<h2 id=\"2-fsc-certified-environmentally-friendly-materials-\">2.\u00a0<strong>Mat\u00e9riaux \u00e9cologiques certifi\u00e9s FSC<\/strong><\/h2>\n<p>Les mati\u00e8res premi\u00e8res sont constitu\u00e9es de fibres de bois issues de for\u00eats durables et certifi\u00e9es par le FSC (Forest Stewardship Council), afin de garantir que l'ensemble du processus de production respecte les normes environnementales. Le mat\u00e9riau tient compte \u00e0 la fois des concepts de protection de l'environnement et des propri\u00e9t\u00e9s physiques, et la r\u00e9sistance \u00e0 la compression atteint le niveau le plus \u00e9lev\u00e9 de l'industrie, prot\u00e9geant efficacement les produits internes contre les pertes dues au transport.<\/p>\n<h2 id=\"3-high-strength-coated-paper-structure-\">3.\u00a0<strong>Structure en papier couch\u00e9 \u00e0 haute r\u00e9sistance<\/strong><\/h2>\n<p>Le corps de la bo\u00eete est fabriqu\u00e9 en papier couch\u00e9 de 300g\/m\u00b2, la duret\u00e9 et la stabilit\u00e9 sont am\u00e9lior\u00e9es par un processus composite multicouche, et la capacit\u00e9 de charge peut atteindre plus de 5kg. La conception de l'espace int\u00e9rieur a \u00e9t\u00e9 scientifiquement calcul\u00e9e pour supporter des partitions modulaires (substrat ou compartiments optionnels), maximiser l'utilisation du volume, et convient aux produits exquis tels que les bijoux et les montres.<\/p>\n<h2 id=\"4-durable-nylon-handle-\">4.\u00a0<strong>Poign\u00e9e en nylon durable<\/strong><\/h2>\n<p>La poign\u00e9e est fabriqu\u00e9e \u00e0 partir d'une courroie en nylon tr\u00e8s r\u00e9sistant, dont la r\u00e9sistance \u00e0 la traction est sup\u00e9rieure \u00e0 100 kg. Elle ne s'est pas cass\u00e9e apr\u00e8s des dizaines de milliers de tests d'arrachement. En m\u00eame temps, elle s'adapte \u00e0 la courbure de la paume de la main pour am\u00e9liorer le confort de transport. Il est possible de personnaliser la largeur de la poign\u00e9e, la couleur et l'impression du logo afin d'am\u00e9liorer la reconnaissance de la marque.<\/p>\n<h2 id=\"-customized-service-and-production-advantages-\"><strong>Avantages d'un service et d'une production personnalis\u00e9s<\/strong><\/h2>\n<ul>\n<li><strong>\u00c9preuve rapide en 48 heures<\/strong>: Gr\u00e2ce au syst\u00e8me d'\u00e9preuvage num\u00e9rique, les rendus 3D et les \u00e9chantillons physiques sont livr\u00e9s simultan\u00e9ment afin de restituer avec pr\u00e9cision les d\u00e9tails de la conception.<\/li>\n<li><strong>Quantit\u00e9 minimale de commande flexible<\/strong>: Prise en charge d'une quantit\u00e9 de commande minimale de 500 pi\u00e8ces pour r\u00e9pondre aux besoins de production d'essai des petites et moyennes marques, et r\u00e9duction du cycle de production de masse \u00e0 7-10 jours ouvrables.<\/li>\n<li><strong>Hautement personnalis\u00e9<\/strong>:<\/li>\n<li><strong>Taille<\/strong>: Hautement personnalis\u00e9.<\/li>\n<li><strong>Technologie<\/strong>: Proc\u00e9d\u00e9s de traitement de surface optionnels tels que le marquage \u00e0 chaud, le gaufrage UV, la s\u00e9rigraphie, le gaufrage, etc., adapt\u00e9s aux exigences de texture des produits de luxe.<\/li>\n<\/ul>\n<h2 id=\"-applicable-scenarios-and-certification-guarantees-\"><strong>Sc\u00e9narios applicables et garanties de certification<\/strong><\/h2>\n<ul>\n<li><strong>Produits concern\u00e9s<\/strong>: Bijoux haut de gamme, montres, produits de luxe, cadeaux personnalis\u00e9s et autres emballages de produits \u00e0 forte valeur ajout\u00e9e.<\/li>\n<li><strong>Engagement environnemental<\/strong>: L'ensemble du processus est conforme \u00e0 la certification de la cha\u00eene de production et de supervision des ventes du FSC, et fournit des documents de certification tra\u00e7ables sur les mat\u00e9riaux de protection de l'environnement.<\/li>\n<li><strong>Service de garantie<\/strong>: Fournir 12 mois d'assurance qualit\u00e9, soutenir l'inspection qualit\u00e9 par \u00e9tapes des commandes par lots et assurer la coh\u00e9rence des livraisons.<\/li>\n<\/ul>","protected":false},"excerpt":{"rendered":"<p>Le syst\u00e8me d'ouverture et de fermeture de la bo\u00eete \u00e0 tiroirs est con\u00e7u de mani\u00e8re ergonomique, avec un fonctionnement souple et peu contraignant. Il est fabriqu\u00e9 \u00e0 partir de mat\u00e9riaux certifi\u00e9s FSC, en tenant compte \u00e0 la fois des concepts de protection de l'environnement et des propri\u00e9t\u00e9s physiques. Il est dot\u00e9 d'un syst\u00e8me d'\u00e9preuvage rapide en 48 heures, supporte une quantit\u00e9 de commande minimale de 500 pi\u00e8ces et peut \u00eatre hautement personnalis\u00e9 pour s'adapter \u00e0 votre produit.<\/p>","protected":false},"featured_media":1179,"template":"","meta":{"_kad_post_transparent":"default","_kad_post_title":"","_kad_post_layout":"default","_kad_post_sidebar_id":"","_kad_post_content_style":"default","_kad_post_vertical_padding":"default","_kad_post_feature":"","_kad_post_feature_position":"","_kad_post_header":false,"_kad_post_footer":false,"_kad_post_classname":""},"product_brand":[],"product_cat":[15,20,17],"product_tag":[460,461,462],"class_list":{"0":"post-1173","1":"product","2":"type-product","3":"status-publish","4":"has-post-thumbnail","6":"product_cat-red-light-therapy","7":"product_cat-led-face-light-therapy","8":"product_cat-services","9":"product_tag-custom-drawer-box","10":"product_tag-order-custom-rigid-box","11":"product_tag-sigwarjewelry-packaging-box-order","13":"first","14":"instock","15":"shipping-taxable","16":"product-type-simple","17":"entry","18":"content-bg","19":"loop-entry"},"_links":{"self":[{"href":"https:\/\/red-lighttherapy.com\/fr_fr\/wp-json\/wp\/v2\/product\/1173","targetHints":{"allow":["GET"]}}],"collection":[{"href":"https:\/\/red-lighttherapy.com\/fr_fr\/wp-json\/wp\/v2\/product"}],"about":[{"href":"https:\/\/red-lighttherapy.com\/fr_fr\/wp-json\/wp\/v2\/types\/product"}],"wp:featuredmedia":[{"embeddable":true,"href":"https:\/\/red-lighttherapy.com\/fr_fr\/wp-json\/wp\/v2\/media\/1179"}],"wp:attachment":[{"href":"https:\/\/red-lighttherapy.com\/fr_fr\/wp-json\/wp\/v2\/media?parent=1173"}],"wp:term":[{"taxonomy":"product_brand","embeddable":true,"href":"https:\/\/red-lighttherapy.com\/fr_fr\/wp-json\/wp\/v2\/product_brand?post=1173"},{"taxonomy":"product_cat","embeddable":true,"href":"https:\/\/red-lighttherapy.com\/fr_fr\/wp-json\/wp\/v2\/product_cat?post=1173"},{"taxonomy":"product_tag","embeddable":true,"href":"https:\/\/red-lighttherapy.com\/fr_fr\/wp-json\/wp\/v2\/product_tag?post=1173"}],"curies":[{"name":"wp","href":"https:\/\/api.w.org\/{rel}","templated":true}]}}