{"id":1167,"date":"2025-04-16T16:18:16","date_gmt":"2025-04-16T16:18:16","guid":{"rendered":"https:\/\/red-lighttherapy.com\/?post_type=product&#038;p=1167"},"modified":"2025-04-16T16:40:06","modified_gmt":"2025-04-16T16:40:06","slug":"large-silver-glitter-magnetic-closure-gift-box-for-promotion","status":"publish","type":"product","link":"https:\/\/red-lighttherapy.com\/fr_fr\/large-silver-glitter-magnetic-closure-gift-box-for-promotion\/","title":{"rendered":"Grande bo\u00eete cadeau \u00e0 fermeture magn\u00e9tique argent\u00e9e pour la promotion"},"content":{"rendered":"<h2 id=\"product-description-of-large-silver-sequin-magnetic-buckle-promotional-gift-box\">Description du produit Grande boucle magn\u00e9tique \u00e0 paillettes argent\u00e9es Bo\u00eete cadeau promotionnelle<\/h2>\n<h2 id=\"-1-magnetic-closure-system-precision-and-elegance-\"><strong>1. Syst\u00e8me de fermeture magn\u00e9tique : Pr\u00e9cision et \u00e9l\u00e9gance<\/strong><\/h2>\n<p>Le couvercle adopte <strong>technologie d'adsorption magn\u00e9tique forte<\/strong>La fermeture de la boucle est assur\u00e9e par une bande magn\u00e9tique int\u00e9gr\u00e9e, ce qui permet de la fermer sans qu'elle ne se bloque. La force magn\u00e9tique est positionn\u00e9e avec pr\u00e9cision lors de la fermeture, et la surface de contact est recouverte d'une couche de velours souple absorbant le son, afin d'\u00e9liminer le bruit de collision des boucles traditionnelles. L'ouverture et la fermeture sont aussi douces que la soie et l'op\u00e9ration peut \u00eatre effectu\u00e9e d'une seule main, ce qui r\u00e9pond au double besoin de rituel et de commodit\u00e9 des emballages de luxe.<\/p>\n<h2 id=\"-2-minimalist-geometric-structure-balance-of-rigidity-and-beauty-\"><strong>2. Structure g\u00e9om\u00e9trique minimaliste : \u00e9quilibre entre rigidit\u00e9 et beaut\u00e9<\/strong><\/h2>\n<p>Le corps de la bo\u00eete adopte\u00a0<strong>Structure en panneaux composites durs<\/strong>Les bords et les coins sont trait\u00e9s par un processus de chanfreinage \u00e0 45\u00b0, avec des lignes dures mais douces. La configuration interne du cadre de support \u00e0 rainure annulaire peut supporter 3 kg sans d\u00e9formation, ce qui convient aux besoins de protection des cadeaux haut de gamme fragiles tels que les bijoux et les montres. Le test de compression hexa\u00e9drique est conforme \u00e0 la norme internationale de transport ISTA-3A, ce qui garantit la s\u00e9curit\u00e9 du transport sur de longues distances.<\/p>\n<h2 id=\"-3-dynamic-optical-surface-glitter-paper-process-\"><strong>3. Surface optique dynamique : Proc\u00e9d\u00e9 du papier paillet\u00e9<\/strong><\/h2>\n<p>La surface utilise\u00a0<strong>papier paillet\u00e9 de qualit\u00e9 \"stardust<\/strong>\u00a0import\u00e9 d'Allemagne, et permet une r\u00e9fraction de la lumi\u00e8re \u00e0 270\u00b0 gr\u00e2ce \u00e0 une technologie de disposition directionnelle des paillettes au niveau nanom\u00e9trique. Il pr\u00e9sente la texture du gravier de galaxie de mani\u00e8re statique et l'effet de scintillement de mani\u00e8re dynamique. La r\u00e9flectivit\u00e9 de la lumi\u00e8re est augment\u00e9e de 60% par rapport au processus traditionnel de marquage \u00e0 chaud, et il peut former un point de m\u00e9moire visuelle unique de la marque sous l'\u00e9clairage des vitrines commerciales.<\/p>\n<h2 id=\"-4-precision-manufacturing-system-millimeter-level-quality-control-standard-\"><strong>4. Syst\u00e8me de fabrication de pr\u00e9cision : norme de contr\u00f4le de la qualit\u00e9 au niveau du millim\u00e8tre<\/strong><\/h2>\n<p>L'ensemble du processus adopte le syst\u00e8me de d\u00e9coupe au laser japonais Mitsubishi pour atteindre les objectifs suivants\u00a0<strong>Pr\u00e9cision des coutures de 0,1 mm<\/strong>. Le corps de la bo\u00eete est soumis \u00e0 un triple contr\u00f4le de qualit\u00e9 : D\u00e9tection des d\u00e9fauts par UV pour d\u00e9tecter les microfissures, instrument de mesure tridimensionnel pour v\u00e9rifier la d\u00e9formation, et colorim\u00e8tre pour contr\u00f4ler \u25b3E\u22641,5, afin de s'assurer que chaque produit r\u00e9pond \u00e0 la norme d'apparence de l'art.<\/p>\n<h2 id=\"-5-lasting-visual-communication-ink-curing-technology-\"><strong>5. Communication visuelle durable : technologie de s\u00e9chage de l'encre<\/strong><\/h2>\n<p>L'impression des textes se fait en Suisse.\u00a0<strong>Encre UV respectueuse de l'environnement<\/strong>L'impression est r\u00e9alis\u00e9e \u00e0 l'aide d'une imprimante \u00e0 jet d'eau, qui a pass\u00e9 72 heures de test au brouillard salin et 5000 fois de test de friction, et la solidit\u00e9 des couleurs atteint le niveau 8. Elle prend en charge l'impression Pantone en tons directs et en quadrichromie. Les logos complexes peuvent \u00eatre reproduits sur une largeur de ligne de 0,2 mm, ce qui r\u00e9pond aux besoins de la micro-impression de luxe pour la lutte contre la contrefa\u00e7on.<\/p>\n<h2 id=\"-6-restrained-aesthetic-design-functional-minimalism-\"><strong>6. Conception esth\u00e9tique sobre : minimalisme fonctionnel<\/strong><\/h2>\n<p>Mettre en \u0153uvre\u00a0<strong>Concept de design Bauhaus<\/strong>\u00a0et \u00e9liminer toutes les parties d\u00e9coratives redondantes. Remplacer la quincaillerie traditionnelle par une structure d'ouverture et de fermeture magn\u00e9tique, et utiliser les propri\u00e9t\u00e9s r\u00e9fl\u00e9chissantes du mat\u00e9riau lui-m\u00eame pour cr\u00e9er un point de mire visuel. La cavit\u00e9 int\u00e9rieure adopte un syst\u00e8me de cloisons amovibles en nid d'abeille, ce qui permet non seulement de r\u00e9pondre aux besoins de stockage de plusieurs cat\u00e9gories, mais aussi de pr\u00e9server la puret\u00e9 de l'apparence.<\/p>\n<h2 id=\"-7-in-depth-customization-service-brand-specific-solution-\"><strong>7. Service de personnalisation approfondie : solution sp\u00e9cifique \u00e0 la marque<\/strong><\/h2>\n<ul>\n<li><strong>Technologie de surface<\/strong>Les logos peuvent \u00eatre marqu\u00e9s \u00e0 froid, press\u00e9s \u00e0 chaud ou grav\u00e9s au laser selon trois modes diff\u00e9rents, avec une pr\u00e9cision de \u00b10,3 mm pour le marquage \u00e0 chaud.<\/li>\n<li><strong>Reconstruction spatiale<\/strong>Les produits de la cat\u00e9gorie \"produits de la mer\" : peuvent fournir un support int\u00e9rieur en flocage EVA\/blister\/grille en PP, adapt\u00e9 \u00e0 la fixation de produits de forme sp\u00e9ciale.<\/li>\n<li><strong>R\u00e9ponse agile<\/strong>Les produits de l'UE : le syst\u00e8me de moules modulaires permet d'effectuer des essais d'ajustement de taille dans les 72 heures.<\/li>\n<\/ul>\n<h2 id=\"-8-smart-manufacturing-service-guarantee-flexible-production-system-\"><strong>8. Garantie de service de fabrication intelligente : syst\u00e8me de production flexible<\/strong><\/h2>\n<p>Le fabricant d\u00e9tient\u00a0<strong>Certification foresti\u00e8re FSC<\/strong>\u00a0et de la certification du syst\u00e8me environnemental ISO14001, et poss\u00e8de 16 ans d'exp\u00e9rience professionnelle dans la production d'emballages. Fournir\u00a0<strong>service de personnalisation de petits lots<\/strong>\u00a0avec une commande minimale de 500 pi\u00e8ces, prenant en charge le pr\u00e9-examen du dessin de la structure en 3D, la livraison d'\u00e9chantillons de mat\u00e9riaux, l'essai de chute, le retour d'information vid\u00e9o et d'autres services complets, ce qui est 40% inf\u00e9rieur au co\u00fbt moyen des essais et des erreurs dans l'industrie.<\/p>","protected":false},"excerpt":{"rendered":"<p>La technologie de fermeture magn\u00e9tique est facile \u00e0 utiliser et se ferme avec pr\u00e9cision. Les boucles traditionnelles ne sont plus n\u00e9cessaires, et l'ouverture et la fermeture sont plus douces et plus \u00e9l\u00e9gantes. La surface est recouverte de papier paillet\u00e9, qui pr\u00e9sente un d\u00e9licat effet de scintillement et produit un \u00e9clat dynamique sous l'effet de la r\u00e9fraction de la lumi\u00e8re, ce qui rehausse la qualit\u00e9 visuelle du produit et r\u00e9pond aux besoins personnalis\u00e9s de la marque.<\/p>","protected":false},"featured_media":1169,"template":"","meta":{"_kad_post_transparent":"default","_kad_post_title":"","_kad_post_layout":"default","_kad_post_sidebar_id":"","_kad_post_content_style":"default","_kad_post_vertical_padding":"default","_kad_post_feature":"","_kad_post_feature_position":"","_kad_post_header":false,"_kad_post_footer":false,"_kad_post_classname":""},"product_brand":[],"product_cat":[15,17],"product_tag":[455,456,454],"class_list":{"0":"post-1167","1":"product","2":"type-product","3":"status-publish","4":"has-post-thumbnail","6":"product_cat-red-light-therapy","7":"product_cat-services","8":"product_tag-glitter-paper-boxes","9":"product_tag-glitter-paper-promotion-gift-box","10":"product_tag-silver-glitter-gift-box","12":"first","13":"instock","14":"shipping-taxable","15":"product-type-simple","16":"entry","17":"content-bg","18":"loop-entry"},"_links":{"self":[{"href":"https:\/\/red-lighttherapy.com\/fr_fr\/wp-json\/wp\/v2\/product\/1167","targetHints":{"allow":["GET"]}}],"collection":[{"href":"https:\/\/red-lighttherapy.com\/fr_fr\/wp-json\/wp\/v2\/product"}],"about":[{"href":"https:\/\/red-lighttherapy.com\/fr_fr\/wp-json\/wp\/v2\/types\/product"}],"wp:featuredmedia":[{"embeddable":true,"href":"https:\/\/red-lighttherapy.com\/fr_fr\/wp-json\/wp\/v2\/media\/1169"}],"wp:attachment":[{"href":"https:\/\/red-lighttherapy.com\/fr_fr\/wp-json\/wp\/v2\/media?parent=1167"}],"wp:term":[{"taxonomy":"product_brand","embeddable":true,"href":"https:\/\/red-lighttherapy.com\/fr_fr\/wp-json\/wp\/v2\/product_brand?post=1167"},{"taxonomy":"product_cat","embeddable":true,"href":"https:\/\/red-lighttherapy.com\/fr_fr\/wp-json\/wp\/v2\/product_cat?post=1167"},{"taxonomy":"product_tag","embeddable":true,"href":"https:\/\/red-lighttherapy.com\/fr_fr\/wp-json\/wp\/v2\/product_tag?post=1167"}],"curies":[{"name":"wp","href":"https:\/\/api.w.org\/{rel}","templated":true}]}}