{"id":1156,"date":"2025-04-16T13:34:13","date_gmt":"2025-04-16T13:34:13","guid":{"rendered":"https:\/\/red-lighttherapy.com\/?post_type=product&#038;p=1156"},"modified":"2025-04-17T08:49:17","modified_gmt":"2025-04-17T08:49:17","slug":"gold-glitter-magnetic-closure-collapsible-watch-box-dealer","status":"publish","type":"product","link":"https:\/\/red-lighttherapy.com\/fr_fr\/gold-glitter-magnetic-closure-collapsible-watch-box-dealer\/","title":{"rendered":"Bo\u00eete \u00e0 montres pliable \u00e0 fermeture magn\u00e9tique et paillettes dor\u00e9es Dealer"},"content":{"rendered":"<h2 id=\"-golden-sequin-magnetic-clasp-folding-watch-box-product-description-\"><strong>Bo\u00eete \u00e0 montres pliante \u00e0 fermoir magn\u00e9tique en paillettes d'or Description du produit<\/strong><\/h2>\n<h2 id=\"1-precision-magnetic-box-design-\">1.\u00a0<strong>Conception d'une bo\u00eete magn\u00e9tique de pr\u00e9cision<\/strong><\/h2>\n<ul>\n<li>Structure magn\u00e9tique brevet\u00e9e, l'angle d'ouverture et de fermeture est optimis\u00e9 par la simulation de la m\u00e9canique des fluides, et l'utilisation d'une seule main permet une ouverture et une fermeture en douceur \u00e0 120\u00b0. La force magn\u00e9tique est uniform\u00e9ment r\u00e9partie et l'erreur d'ajustement lors de la fermeture est inf\u00e9rieure \u00e0 0,1 mm, ce qui garantit l'absence de risque d'ouverture accidentelle pendant le transport.<\/li>\n<li>L'aimant est enti\u00e8rement int\u00e9gr\u00e9 dans la couche interm\u00e9diaire du bo\u00eetier, sans m\u00e9tal apparent, afin d'\u00e9viter de rayer la montre ou de provoquer une oxydation par contact. Le design minimaliste s'adapte \u00e0 l'esth\u00e9tique moderne et le bo\u00eetier est aussi lisse qu'un miroir lorsqu'il est ferm\u00e9.<\/li>\n<\/ul>\n<h2 id=\"2-glitter-paper-iridescent-material-\">2.\u00a0<strong>Papier paillet\u00e9 Mati\u00e8re iris\u00e9e<\/strong><\/h2>\n<ul>\n<li>La bo\u00eete \u00e0 montres utilise un proc\u00e9d\u00e9 composite sp\u00e9cial de papier paillet\u00e9, le mat\u00e9riau de base \u00e9tant de la p\u00e2te \u00e0 papier \u00e9cologique certifi\u00e9e FSC, et la surface est recouverte d'un film \u00e0 paillettes de qualit\u00e9 optique. Il peut pr\u00e9senter plus de 5 effets de gradient iridescent sous la source de lumi\u00e8re, r\u00e9pondant ainsi aux besoins de pr\u00e9sentation visuelle des produits de luxe.<\/li>\n<li>La surface est recouverte d'un rev\u00eatement nano-antifouling, qui a pass\u00e9 100 000 tests de frottement, et sa r\u00e9sistance \u00e0 la sueur et \u00e0 l'huile a \u00e9t\u00e9 am\u00e9lior\u00e9e de 300%. Il peut encore conserver une r\u00e9flectivit\u00e9 de miroir de plus de 90% apr\u00e8s une utilisation \u00e0 long terme.<\/li>\n<\/ul>\n<h2 id=\"3-safety-protection-and-convenient-storage-\">3.\u00a0<strong>Protection de la s\u00e9curit\u00e9 et rangement pratique<\/strong><\/h2>\n<ul>\n<li>La structure interne adopte une structure tampon segment\u00e9e : couche anti-rayures en microfibre de 3 mm sur le dessus + couche anti-choc en mousse \u00e0 m\u00e9moire de forme au milieu + coussin antid\u00e9rapant en silicone sur le dessous, qui peut r\u00e9sister \u00e0 une chute de 3 m\u00e8tres.<\/li>\n<li>La conception pliable en couches permet de ranger 2 ou 3 montres dans une seule bo\u00eete, ce qui convient aux montres de taille normale, des montres pour femmes de 36 mm aux montres de plong\u00e9e de 45 mm.<\/li>\n<\/ul>\n<h2 id=\"-quality-assurance-system-\"><strong>4. Syst\u00e8me d'assurance qualit\u00e9<\/strong><\/h2>\n<ul>\n<li><strong>Mention de certification<\/strong>: Le fabricant est une entreprise de r\u00e9f\u00e9rence dans l'industrie de l'emballage en Chine. Il d\u00e9tient la certification foresti\u00e8re FSC, la certification du syst\u00e8me de gestion de la qualit\u00e9 ISO 9001 et la certification de responsabilit\u00e9 sociale BSCI, et sert plus de 50 marques de luxe internationales depuis 16 ans.<\/li>\n<li><strong>Normes d'essai<\/strong>: Test de 72 heures au brouillard salin (r\u00e9sistance \u00e0 la corrosion), test de changement de temp\u00e9rature de -20\u2103~60\u2103 (anti-d\u00e9formation) et test de fatigue de 100 000 ouvertures et fermetures (durabilit\u00e9).<\/li>\n<\/ul>\n<h2 id=\"-application-scenarios-and-value-added-services-\"><strong>Sc\u00e9narios d'application et services \u00e0 valeur ajout\u00e9e<\/strong><\/h2>\n<ul>\n<li><strong>Personnalisation de la marque<\/strong>: Permet l'estampage \u00e0 chaud du LOGO, la personnalisation de la couleur de la doublure et l'implantation de parfums exclusifs (tels que le parfum de bois de santal ou de c\u00e8dre) afin de renforcer le sentiment d'ouverture de la bo\u00eete et la reconnaissance de la marque.<\/li>\n<li><strong>Extension du sc\u00e9nario<\/strong>: Outre le rangement des montres, il est compatible avec le rangement d'accessoires de valeur tels que les boutons de manchette et les alliances. Il convient aux sc\u00e9narios haut de gamme tels que les cadeaux de mariage et les cadeaux VIP de marque.<\/li>\n<\/ul>","protected":false},"excerpt":{"rendered":"<p>La bo\u00eete \u00e0 couvercle pliant magn\u00e9tique pr\u00e9sente un angle d'ouverture et de fermeture doux et naturel, et peut \u00eatre facilement manipul\u00e9e d'une seule main, en tenant compte \u00e0 la fois de la commodit\u00e9 et du sens du rituel. Le papier paillet\u00e9 pr\u00e9sente un effet iris\u00e9 \u00e0 angles multiples sous la source de lumi\u00e8re. Le corps de la bo\u00eete est soign\u00e9 et ne pr\u00e9sente pas de lignes superflues. Lorsqu'elle est ferm\u00e9e, la force magn\u00e9tique est uniform\u00e9ment r\u00e9partie pour \u00e9viter qu'elle ne s'ouvre accidentellement pendant le transport.<\/p>","protected":false},"featured_media":1159,"template":"","meta":{"_kad_post_transparent":"default","_kad_post_title":"","_kad_post_layout":"default","_kad_post_sidebar_id":"","_kad_post_content_style":"default","_kad_post_vertical_padding":"default","_kad_post_feature":"","_kad_post_feature_position":"","_kad_post_header":false,"_kad_post_footer":false,"_kad_post_classname":""},"product_brand":[],"product_cat":[15,17],"product_tag":[451,450,431],"class_list":{"0":"post-1156","1":"product","2":"type-product","3":"status-publish","4":"has-post-thumbnail","6":"product_cat-red-light-therapy","7":"product_cat-services","8":"product_tag-collapsible-watch-gift-box","9":"product_tag-gold-glitter-watch-box","10":"product_tag-magnetic-closure-box","12":"first","13":"instock","14":"shipping-taxable","15":"product-type-simple","16":"entry","17":"content-bg","18":"loop-entry"},"_links":{"self":[{"href":"https:\/\/red-lighttherapy.com\/fr_fr\/wp-json\/wp\/v2\/product\/1156","targetHints":{"allow":["GET"]}}],"collection":[{"href":"https:\/\/red-lighttherapy.com\/fr_fr\/wp-json\/wp\/v2\/product"}],"about":[{"href":"https:\/\/red-lighttherapy.com\/fr_fr\/wp-json\/wp\/v2\/types\/product"}],"wp:featuredmedia":[{"embeddable":true,"href":"https:\/\/red-lighttherapy.com\/fr_fr\/wp-json\/wp\/v2\/media\/1159"}],"wp:attachment":[{"href":"https:\/\/red-lighttherapy.com\/fr_fr\/wp-json\/wp\/v2\/media?parent=1156"}],"wp:term":[{"taxonomy":"product_brand","embeddable":true,"href":"https:\/\/red-lighttherapy.com\/fr_fr\/wp-json\/wp\/v2\/product_brand?post=1156"},{"taxonomy":"product_cat","embeddable":true,"href":"https:\/\/red-lighttherapy.com\/fr_fr\/wp-json\/wp\/v2\/product_cat?post=1156"},{"taxonomy":"product_tag","embeddable":true,"href":"https:\/\/red-lighttherapy.com\/fr_fr\/wp-json\/wp\/v2\/product_tag?post=1156"}],"curies":[{"name":"wp","href":"https:\/\/api.w.org\/{rel}","templated":true}]}}