{"id":1150,"date":"2025-04-16T13:14:34","date_gmt":"2025-04-16T13:14:34","guid":{"rendered":"https:\/\/red-lighttherapy.com\/?post_type=product&#038;p=1150"},"modified":"2025-04-17T08:50:48","modified_gmt":"2025-04-17T08:50:48","slug":"glitter-red-hot-foil-stamping-boxes-for-wig-hair-extension","status":"publish","type":"product","link":"https:\/\/red-lighttherapy.com\/fr_fr\/glitter-red-hot-foil-stamping-boxes-for-wig-hair-extension\/","title":{"rendered":"Bo\u00eetes de marquage \u00e0 chaud rouge paillet\u00e9 pour perruques et extensions de cheveux"},"content":{"rendered":"<h2 id=\"product-description-of-flashing-gold-stamping-magnetic-closure-wig-storage-box\">Description du produit Bo\u00eete de rangement pour perruques avec fermeture magn\u00e9tique et marquage dor\u00e9 clignotant<\/h2>\n<h2 id=\"-1-magnetic-closure-system-the-perfect-combination-of-convenience-and-stability-\"><strong>1. Syst\u00e8me de fermeture magn\u00e9tique : La combinaison parfaite de la commodit\u00e9 et de la stabilit\u00e9<\/strong><\/h2>\n<p>Ce produit adopte\u00a0<strong>Syst\u00e8me de fermeture magn\u00e9tique<\/strong>La force d'adsorption apr\u00e8s fermeture peut atteindre plus de 3,5 N, ce qui garantit la stabilit\u00e9 de la bo\u00eete et \u00e9vite qu'elle ne se desserre pendant le transport ou lors d'une utilisation \u00e0 haute fr\u00e9quence. Par rapport aux boucles traditionnelles, la conception magn\u00e9tique \u00e9vite le risque d'usure m\u00e9canique, et la conception de la fente magn\u00e9tique cach\u00e9e rend l'apparence sans protub\u00e9rance, ce qui r\u00e9pond aux exigences des produits haut de gamme pour les lignes simples.<\/p>\n<h2 id=\"-2-one-handed-opening-and-closing-and-high-frequency-adaptability-\"><strong>2. Ouverture et fermeture d'une seule main et adaptabilit\u00e9 \u00e0 haute fr\u00e9quence<\/strong><\/h2>\n<p>Le caisson abandonne la structure traditionnelle de la boucle et optimise la logique de fonctionnement gr\u00e2ce \u00e0 l'utilisation d'un syst\u00e8me d'alimentation en eau.\u00a0<strong>syst\u00e8me d'ouverture et de fermeture magn\u00e9tique assist\u00e9 par ressort<\/strong>L'utilisateur n'a qu'\u00e0 appuyer d'un doigt sur le point de d\u00e9clenchement situ\u00e9 sur le c\u00f4t\u00e9 de la bo\u00eete, la force magn\u00e9tique est instantan\u00e9ment lib\u00e9r\u00e9e et le ressort aide le couvercle de la bo\u00eete \u00e0 s'ouvrir \u00e0 un angle d'environ 30\u00b0. Il n'est pas n\u00e9cessaire d'utiliser les deux mains pour l'ensemble du processus, ce qui est particuli\u00e8rement adapt\u00e9 aux salons de coiffure, aux \u00e9missions en direct et \u00e0 d'autres sc\u00e8nes o\u00f9 les perruques doivent \u00eatre prises et mises en place rapidement.<\/p>\n<h2 id=\"-three-minimalist-geometry-and-space-utilization-\"><strong>3. G\u00e9om\u00e9trie minimaliste et utilisation de l'espace<\/strong><\/h2>\n<p>Le corps de la bo\u00eete adopte\u00a0<strong>conception d'une g\u00e9om\u00e9trie hexa\u00e9drique<\/strong>Les ar\u00eates et les coins sont transform\u00e9s en coins arrondis R2, en tenant compte \u00e0 la fois d'un sens aigu des affaires et d'un toucher s\u00fbr. L'agencement interne est bas\u00e9 sur des cloisons modulaires, qui peuvent \u00eatre adapt\u00e9es \u00e0 des accessoires tels que des perruques et des outils de soins. La tol\u00e9rance de morsure est \u22640,1 mm lors de l'empilage, et le taux d'occupation de l'espace de transport est r\u00e9duit de 40% par rapport \u00e0 l'emballage traditionnel. L'\u00e9paisseur de la paroi ext\u00e9rieure est de 3 mm, et des mat\u00e9riaux composites l\u00e9gers sont s\u00e9lectionn\u00e9s, avec une r\u00e9sistance \u00e0 la compression de 50 kg, ce qui r\u00e9pond aux besoins du transport longue distance.<\/p>\n<h2 id=\"-four-high-end-visual-language-and-surface-technology-\"><strong>4. Langage visuel et technologie de surface haut de gamme<\/strong><\/h2>\n<ol>\n<li><strong>Technologie de la couleur et du marquage \u00e0 chaud<\/strong>: Le corps de la bo\u00eete est bas\u00e9 sur\u00a0<strong>rev\u00eatement PET noir mat<\/strong>avec gravure au laser\u00a0<strong>rouge vif or texte\/LOGO<\/strong>L'image de la marque est mise en valeur par un contraste bicolore, ce qui permet d'am\u00e9liorer l'identification de la marque.<\/li>\n<li><strong>Norme de pr\u00e9cision industrielle<\/strong>: Le corps de la bo\u00eete adopte\u00a0<strong>processus de moulage par injection sans soudure<\/strong>La tol\u00e9rance du joint est contr\u00f4l\u00e9e \u00e0 \u00b10,05 mm, le bord est poli avec pr\u00e9cision par CNC, le toucher est lisse et sans bavure, et il r\u00e9pond \u00e0 la norme de traitement de surface des \u00e9quipements m\u00e9dicaux.<\/li>\n<\/ol>\n<h2 id=\"-v-customized-service-plan-\"><strong>5. Plan de service personnalis\u00e9<\/strong><\/h2>\n<ol>\n<li><strong>Taille et structure<\/strong>: Permet une personnalisation pouss\u00e9e, fournit des dimensions personnalis\u00e9es et peut \u00e9galement concevoir des bo\u00eetes de forme sp\u00e9ciale sur demande.<\/li>\n<li><strong>Couleur et accessoires<\/strong>: En plus des couleurs classiques noir et or, 6 sch\u00e9mas de marquage \u00e0 chaud tels que l'or champagne et l'or rose sont disponibles, et il est possible d'int\u00e9grer un miroir magn\u00e9tique, une couche de silicone r\u00e9sistante \u00e0 l'humidit\u00e9 et d'autres accessoires.<\/li>\n<\/ol>\n<h2 id=\"-six-applicable-scenarios-and-added-value-enhancement-\"><strong>6. Sc\u00e9narios applicables et am\u00e9lioration de la valeur ajout\u00e9e<\/strong><\/h2>\n<p>Ce produit peut \u00eatre parfaitement int\u00e9gr\u00e9 dans le syst\u00e8me de pr\u00e9sentation des produits de luxe, des cosm\u00e9tiques haut de gamme et d'autres cat\u00e9gories gr\u00e2ce \u00e0 son\u00a0<strong>langage de conception d'entreprise<\/strong>\u00a0et\u00a0<strong>qualit\u00e9 industrielle<\/strong>par exemple :<\/p>\n<ul>\n<li><strong>Compteurs hors ligne<\/strong>Les images de l'\u00e9cran : forment un ensemble visuel unifi\u00e9 lorsqu'elles sont empil\u00e9es pour \u00eatre affich\u00e9es, ce qui am\u00e9liore l'image du terminal ;<\/li>\n<li><strong>Logistique du commerce \u00e9lectronique<\/strong>Les produits de la cat\u00e9gorie \"Produits de la mer\" : r\u00e9duisent le taux de casse et les frais de transport gr\u00e2ce \u00e0 une structure r\u00e9sistante \u00e0 la pression et \u00e0 une conception l\u00e9g\u00e8re ;<\/li>\n<li><strong>March\u00e9 des cadeaux<\/strong>Les produits de la s\u00e9rie \"Cadeaux\" : permettent de marquer \u00e0 chaud les logos exclusifs des clients pour cr\u00e9er des coffrets cadeaux co-marqu\u00e9s de grande qualit\u00e9.<\/li>\n<\/ul>","protected":false},"excerpt":{"rendered":"<p>Le syst\u00e8me de fermeture magn\u00e9tique est facile \u00e0 utiliser et se ferme ferme fermement, ce qui am\u00e9liore l'exp\u00e9rience de l'utilisateur. Il ne n\u00e9cessite pas de boucles compliqu\u00e9es et peut \u00eatre facilement ouvert et ferm\u00e9 d'une seule main. Il convient aux sc\u00e9narios d'utilisation \u00e0 haute fr\u00e9quence. Les lignes sont simples et nettes, le taux d'utilisation de l'espace est \u00e9lev\u00e9 et le produit est facile \u00e0 empiler et \u00e0 transporter. La forme g\u00e9om\u00e9trique r\u00e9guli\u00e8re donne au produit un aspect commercial haut de gamme, qui convient aux cat\u00e9gories \u00e0 forte valeur ajout\u00e9e telles que les perruques.<\/p>","protected":false},"featured_media":1151,"template":"","meta":{"_kad_post_transparent":"default","_kad_post_title":"","_kad_post_layout":"default","_kad_post_sidebar_id":"","_kad_post_content_style":"default","_kad_post_vertical_padding":"default","_kad_post_feature":"","_kad_post_feature_position":"","_kad_post_header":false,"_kad_post_footer":false,"_kad_post_classname":""},"product_brand":[],"product_cat":[15,27,17],"product_tag":[449,448,447],"class_list":{"0":"post-1150","1":"product","2":"type-product","3":"status-publish","4":"has-post-thumbnail","6":"product_cat-red-light-therapy","7":"product_cat-red-light-therapy-belt","8":"product_cat-services","9":"product_tag-custom-wig-boxes","10":"product_tag-hair-extension-boxes","11":"product_tag-wig-glitter-boxes","13":"first","14":"instock","15":"shipping-taxable","16":"product-type-simple","17":"entry","18":"content-bg","19":"loop-entry"},"_links":{"self":[{"href":"https:\/\/red-lighttherapy.com\/fr_fr\/wp-json\/wp\/v2\/product\/1150","targetHints":{"allow":["GET"]}}],"collection":[{"href":"https:\/\/red-lighttherapy.com\/fr_fr\/wp-json\/wp\/v2\/product"}],"about":[{"href":"https:\/\/red-lighttherapy.com\/fr_fr\/wp-json\/wp\/v2\/types\/product"}],"wp:featuredmedia":[{"embeddable":true,"href":"https:\/\/red-lighttherapy.com\/fr_fr\/wp-json\/wp\/v2\/media\/1151"}],"wp:attachment":[{"href":"https:\/\/red-lighttherapy.com\/fr_fr\/wp-json\/wp\/v2\/media?parent=1150"}],"wp:term":[{"taxonomy":"product_brand","embeddable":true,"href":"https:\/\/red-lighttherapy.com\/fr_fr\/wp-json\/wp\/v2\/product_brand?post=1150"},{"taxonomy":"product_cat","embeddable":true,"href":"https:\/\/red-lighttherapy.com\/fr_fr\/wp-json\/wp\/v2\/product_cat?post=1150"},{"taxonomy":"product_tag","embeddable":true,"href":"https:\/\/red-lighttherapy.com\/fr_fr\/wp-json\/wp\/v2\/product_tag?post=1150"}],"curies":[{"name":"wp","href":"https:\/\/api.w.org\/{rel}","templated":true}]}}