{"id":1144,"date":"2025-04-16T13:04:28","date_gmt":"2025-04-16T13:04:28","guid":{"rendered":"https:\/\/red-lighttherapy.com\/?post_type=product&#038;p=1144"},"modified":"2025-04-17T08:50:20","modified_gmt":"2025-04-17T08:50:20","slug":"glitter-magnetic-closure-paper-box-for-wig-hair-extension","status":"publish","type":"product","link":"https:\/\/red-lighttherapy.com\/fr_fr\/glitter-magnetic-closure-paper-box-for-wig-hair-extension\/","title":{"rendered":"Bo\u00eete en papier \u00e0 fermeture magn\u00e9tique paillet\u00e9e pour perruques et extensions de cheveux"},"content":{"rendered":"<h2 id=\"-glitter-paper-magnetic-wig-extension-paper-box-product-manual-\"><strong>Papier paillet\u00e9 magn\u00e9tique perruque extension papier bo\u00eete manuel produit<\/strong><\/h2>\n<h2 id=\"1-magnetic-closure-system-\">1.\u00a0<strong>Syst\u00e8me de fermeture magn\u00e9tique<\/strong><\/h2>\n<ul>\n<li><strong>Conception d'un circuit magn\u00e9tique de pr\u00e9cision<\/strong>: Adopte un aimant permanent NdFeB de grade N52, avec un circuit magn\u00e9tique annulaire multipolaire, pour obtenir une force d'aspiration de 12N en un seul point, une ouverture et une fermeture en douceur, et une \u00e9tanch\u00e9it\u00e9 IP54.<\/li>\n<li><strong>Optimisation des op\u00e9rations d'une seule main<\/strong>: Gr\u00e2ce \u00e0 l'angle de positionnement conique de 60\u00b0 et \u00e0 la conception collaborative de la boucle \u00e9lastique, le point magn\u00e9tique est automatiquement align\u00e9 et peut \u00eatre d\u00e9verrouill\u00e9 par une rotation de 15\u00b0. L'erreur d'ouverture et de fermeture d'une seule main est inf\u00e9rieure \u00e0 0,3 mm.<\/li>\n<li><strong>Ouverture anti-accidentelle<\/strong>: Le point magn\u00e9tique est adapt\u00e9 \u00e0 la structure de la fente de la carte, et un couple de rotation de 5N est n\u00e9cessaire pour le s\u00e9parer. Le test de vibration pour le transport est conforme \u00e0 la norme ISTA 3A.<\/li>\n<\/ul>\n<h2 id=\"2-box-structure-\">2.\u00a0<strong>Structure de la bo\u00eete<\/strong><\/h2>\n<ul>\n<li><strong>Type de bo\u00eete d'optimisation g\u00e9om\u00e9trique<\/strong>: Bas\u00e9 sur l'analyse et le calcul par \u00e9l\u00e9ments finis, il adopte une ligne de pliage hexa\u00e9drique, avec une erreur de bord de \u00b10,5 mm et une r\u00e9sistance \u00e0 la compression de 800 kg\/m\u00b2.<\/li>\n<li><strong>Syst\u00e8me de morsure de pr\u00e9cision<\/strong>: Le couvercle et la bo\u00eete inf\u00e9rieure adoptent une structure d'embo\u00eetement d\u00e9cal\u00e9e de 2 mm, avec des nervures de renforcement en t\u00f4le d'acier magn\u00e9tique de 0,5 mm, la performance anti-chute globale est am\u00e9lior\u00e9e de 40%.<\/li>\n<\/ul>\n<h2 id=\"3-environmentally-friendly-materials-\">3.\u00a0<strong>Mat\u00e9riaux respectueux de l'environnement<\/strong><\/h2>\n<ul>\n<li><strong>Carton certifi\u00e9 FSC<\/strong>: Il adopte un substrat en carton gris double de 1,5 mm d'\u00e9paisseur, avec un film flash de 120 g\/m\u00b2 en surface, et a obtenu la certification environnementale SGS pour les m\u00e9taux lourds et REACH.<\/li>\n<li><strong>Ruban antistatique<\/strong>: Le ruban noir est trait\u00e9 avec un rev\u00eatement en nano-carbone, avec une r\u00e9sistance de surface de \u226410\u2076\u03a9 et un temps de d\u00e9croissance statique de &lt;0,5s, garantissant l&#039;absence de d\u00e9formation pendant le transport.<\/li>\n<\/ul>","protected":false},"excerpt":{"rendered":"<p>Cette bo\u00eete d'emballage est sp\u00e9cialement con\u00e7ue pour les produits d'extension de perruque. Elle combine la technologie de fermeture magn\u00e9tique et la fabrication de mat\u00e9riaux respectueux de l'environnement pour cr\u00e9er une solution d'emballage haut de gamme qui est \u00e0 la fois esth\u00e9tique et fonctionnelle. Le corps de la bo\u00eete adopte une structure g\u00e9om\u00e9trique nette, avec une surface en papier scintillant et un syst\u00e8me d'ouverture et de fermeture magn\u00e9tique pour garantir la s\u00e9curit\u00e9 du transport et la facilit\u00e9 d'utilisation.<\/p>","protected":false},"featured_media":1146,"template":"","meta":{"_kad_post_transparent":"default","_kad_post_title":"","_kad_post_layout":"default","_kad_post_sidebar_id":"","_kad_post_content_style":"default","_kad_post_vertical_padding":"default","_kad_post_feature":"","_kad_post_feature_position":"","_kad_post_header":false,"_kad_post_footer":false,"_kad_post_classname":""},"product_brand":[],"product_cat":[15,27,17],"product_tag":[444,445,446],"class_list":{"0":"post-1144","1":"product","2":"type-product","3":"status-publish","4":"has-post-thumbnail","6":"product_cat-red-light-therapy","7":"product_cat-red-light-therapy-belt","8":"product_cat-services","9":"product_tag-glitter-paper-for-wig","10":"product_tag-magnetic-closure-box-for-hair-extension","11":"product_tag-wig-hair-extension-paper-box","13":"first","14":"instock","15":"shipping-taxable","16":"product-type-simple","17":"entry","18":"content-bg","19":"loop-entry"},"_links":{"self":[{"href":"https:\/\/red-lighttherapy.com\/fr_fr\/wp-json\/wp\/v2\/product\/1144","targetHints":{"allow":["GET"]}}],"collection":[{"href":"https:\/\/red-lighttherapy.com\/fr_fr\/wp-json\/wp\/v2\/product"}],"about":[{"href":"https:\/\/red-lighttherapy.com\/fr_fr\/wp-json\/wp\/v2\/types\/product"}],"wp:featuredmedia":[{"embeddable":true,"href":"https:\/\/red-lighttherapy.com\/fr_fr\/wp-json\/wp\/v2\/media\/1146"}],"wp:attachment":[{"href":"https:\/\/red-lighttherapy.com\/fr_fr\/wp-json\/wp\/v2\/media?parent=1144"}],"wp:term":[{"taxonomy":"product_brand","embeddable":true,"href":"https:\/\/red-lighttherapy.com\/fr_fr\/wp-json\/wp\/v2\/product_brand?post=1144"},{"taxonomy":"product_cat","embeddable":true,"href":"https:\/\/red-lighttherapy.com\/fr_fr\/wp-json\/wp\/v2\/product_cat?post=1144"},{"taxonomy":"product_tag","embeddable":true,"href":"https:\/\/red-lighttherapy.com\/fr_fr\/wp-json\/wp\/v2\/product_tag?post=1144"}],"curies":[{"name":"wp","href":"https:\/\/api.w.org\/{rel}","templated":true}]}}