{"id":1138,"date":"2025-04-16T12:47:16","date_gmt":"2025-04-16T12:47:16","guid":{"rendered":"https:\/\/red-lighttherapy.com\/?post_type=product&#038;p=1138"},"modified":"2025-04-20T06:06:46","modified_gmt":"2025-04-20T06:06:46","slug":"silver-glitter-double-side-open-gift-boxes-for-jewelry-ring","status":"publish","type":"product","link":"https:\/\/red-lighttherapy.com\/fr_fr\/silver-glitter-double-side-open-gift-boxes-for-jewelry-ring\/","title":{"rendered":"Bo\u00eetes \u00e0 cadeaux argent\u00e9es paillet\u00e9es \u00e0 double ouverture pour bagues de bijoux"},"content":{"rendered":"<h2 id=\"silver-glitter-paper-double-sided-open-jewelry-ring-gift-box-that-meets-the-needs-of-the-high-end-market\">Bo\u00eete cadeau en papier paillet\u00e9 argent\u00e9, ouverte des deux c\u00f4t\u00e9s, pour bagues de bijoux, qui r\u00e9pond aux besoins du march\u00e9 haut de gamme<\/h2>\n<h2 id=\"1-ergonomic-double-sided-door-structure-\">1.\u00a0<strong>Structure ergonomique de la porte \u00e0 double face<\/strong><\/h2>\n<p>La conception de l'ouverture et de la fermeture sym\u00e9trique des deux c\u00f4t\u00e9s est adopt\u00e9e. L'angle d'ouverture du vantail est optimis\u00e9 \u00e0 120\u00b0 gr\u00e2ce \u00e0 un calcul ergonomique. Lorsqu'il est actionn\u00e9 d'une seule main, le pouce et l'index peuvent naturellement appliquer une force pour compl\u00e9ter l'action d'ouverture et de fermeture. La structure de la charni\u00e8re cach\u00e9e est adopt\u00e9e \u00e0 l'int\u00e9rieur du corps de la bo\u00eete. Le processus d'ouverture et de fermeture est aussi fluide qu'un ballet m\u00e9canique. Le temps de d\u00e9pliage est contr\u00f4l\u00e9 en moins de 2 secondes, ce qui garantit non seulement le sens du rituel visuel, mais \u00e9vite \u00e9galement l'embarras de l'attente.<\/p>\n<h2 id=\"2-magnetic-positioning-system-\">2.\u00a0<strong>Syst\u00e8me de positionnement magn\u00e9tique<\/strong><\/h2>\n<p>Le dispositif de boucle magn\u00e9tique \u00e0 double point int\u00e9gr\u00e9 atteint une pr\u00e9cision de positionnement de \u00b10,5 mm gr\u00e2ce \u00e0 des aimants en n\u00e9odyme fer-bore de qualit\u00e9 N52. Lorsque la bo\u00eete est enti\u00e8rement d\u00e9pli\u00e9e, le syst\u00e8me magn\u00e9tique se verrouille automatiquement, de sorte que le porte-bagues est pr\u00e9sent\u00e9 avec un angle d'inclinaison de 30\u00b0 et que la source lumineuse LED peut produire un effet de r\u00e9flexion au niveau du diamant. Des mesures r\u00e9elles montrent que la fluidit\u00e9 de l'ouverture et de la fermeture magn\u00e9tiques est 40% sup\u00e9rieure \u00e0 celle des boucles traditionnelles, et que la dur\u00e9e de vie r\u00e9p\u00e9t\u00e9e est sup\u00e9rieure \u00e0 100 000 fois.<\/p>\n<h2 id=\"3-glitter-paper-diamond-faceted-reflective-technology-\">3.\u00a0<strong>Papier paillet\u00e9 Diamant \u00e0 facettes Technologie r\u00e9fl\u00e9chissante<\/strong><\/h2>\n<p>La surface adopte un processus composite \u00e0 trois couches : le substrat est un panneau de fibres de pin certifi\u00e9 FSC, la couche interm\u00e9diaire est un film d'aluminium plaqu\u00e9 sous vide pour former une couche r\u00e9fl\u00e9chissante, et la surface est pulv\u00e9ris\u00e9e avec une colle durcie aux UV contenant des billes de verre, ce qui peut simuler l'effet de coupe d'un diamant \u00e0 58 facettes. Sous une source lumineuse de 1000 lumens, l'intensit\u00e9 de la r\u00e9flexion atteint 1200 cd\/m\u00b2, ce qui est comparable \u00e0 l'indice de r\u00e9fraction des diamants naturels (2,42).<\/p>\n<h2 id=\"4-sustainable-environmental-protection-system-\">4.\u00a0<strong>Syst\u00e8me de protection de l'environnement durable<\/strong><\/h2>\n<p>Le mat\u00e9riau principal est certifi\u00e9 par le FSC (Forest Stewardship Council) et le bois provient de for\u00eats durables et r\u00e9g\u00e9n\u00e9ratives d'Europe du Nord. Chaque tonne de carton produite permet de fixer 1,2 tonne de carbone. Le rev\u00eatement int\u00e9rieur est constitu\u00e9 d'un mat\u00e9riau composite compos\u00e9 de silicone de qualit\u00e9 alimentaire et de fibres de polyester recycl\u00e9es, dont la teneur en compos\u00e9s organiques volatils (COV) est inf\u00e9rieure \u00e0 0,01 mg\/m\u00b3, ce qui est conforme aux normes de protection de l'environnement REACH de l'Union europ\u00e9enne.<\/p>\n<h2 id=\"5-luxury-ribbon-accessories-system-\">5.\u00a0<strong>Syst\u00e8me d'accessoires pour rubans de luxe<\/strong><\/h2>\n<p>Il est livr\u00e9 en standard avec un ruban de soie italienne de 1,5 cm de large, offrant 12 couleurs Pantone personnalis\u00e9es. La technologie originale brevet\u00e9e d'emballage \u00e0 double boucle permet au ruban de retomber automatiquement pour former une d\u00e9coration ondul\u00e9e lorsque la bo\u00eete est d\u00e9pli\u00e9e, et le dispositif de fixation \u00e0 boucle magn\u00e9tique permet d'\u00e9viter le probl\u00e8me des rubans traditionnels qui se d\u00e9tachent facilement. Des pendentifs en cristal Swarovski peuvent \u00eatre ajout\u00e9s en option pour rehausser la valeur de collection du coffret.<\/p>\n<h2 id=\"6-intelligent-production-and-service-system-\">6.\u00a0<strong>Syst\u00e8me intelligent de production et de service<\/strong><\/h2>\n<p>S'appuyant sur une ligne de production enti\u00e8rement automatis\u00e9e, elle r\u00e9alise une production \u00e0 grande \u00e9chelle avec une capacit\u00e9 quotidienne de 3 millions de pi\u00e8ces, et l'ensemble du processus, de la d\u00e9coupe des mati\u00e8res premi\u00e8res \u00e0 l'emballage des produits finis, prend \u226415 minutes. Elle prend en charge l'\u00e9preuvage ultra-rapide en 72 heures, fournit des services de pr\u00e9visualisation des mod\u00e8les d'impression 3D et la pr\u00e9cision de la gravure au laser des motifs atteint 0,05 mm. \u00c0 l'heure actuelle, l'arrimage de la cha\u00eene d'approvisionnement avec des marques telles que Tiffany et Cartier est termin\u00e9, et le taux de rendement de la production de masse est stable \u00e0 99,3%.<\/p>\n<h2 id=\"-application-scenario-examples-\"><strong>Exemples de sc\u00e9narios d'application<\/strong><\/h2>\n<ul>\n<li><strong>C\u00e9r\u00e9monie de demande de mariage<\/strong>: Gr\u00e2ce au module de programmation de l'\u00e9clairage CNC, l'effet lumineux progressif de 3 secondes est d\u00e9clench\u00e9 \u00e0 l'ouverture de la bo\u00eete. La trajectoire du spot lumineux et la surface r\u00e9fl\u00e9chissante du papier paillet\u00e9 forment une interaction dynamique d'ombre et de lumi\u00e8re.<\/li>\n<li><strong>Commerce de d\u00e9tail haut de gamme<\/strong>: Gr\u00e2ce \u00e0 la technologie d'int\u00e9gration de la puce AR, la bo\u00eete peut \u00eatre scann\u00e9e par un t\u00e9l\u00e9phone portable pour afficher l'histoire de la marque et les informations d'identification du bijou.<\/li>\n<li><strong>Collection d'art<\/strong>: L'\u00e9dition limit\u00e9e propose des options d'incrustation de fragments de m\u00e9t\u00e9orites, et chaque bo\u00eete cadeau est accompagn\u00e9e d'un certificat num\u00e9rique NFT ind\u00e9pendant.<\/li>\n<\/ul>","protected":false},"excerpt":{"rendered":"<p>Il adopte une structure \u00e0 porte ouverte et les angles d'ouverture et de fermeture sont calcul\u00e9s de mani\u00e8re ergonomique. Il s'ouvre \u00e9l\u00e9gamment d'une seule main. La boucle magn\u00e9tique int\u00e9gr\u00e9e permet un positionnement pr\u00e9cis afin de garantir que les accessoires sont pr\u00e9sent\u00e9s dans la meilleure position possible. Le papier paillet\u00e9 cr\u00e9\u00e9 par un proc\u00e9d\u00e9 composite sp\u00e9cial peut pr\u00e9senter un effet r\u00e9fl\u00e9chissant de niveau diamant.<\/p>","protected":false},"featured_media":1139,"template":"","meta":{"_kad_post_transparent":"default","_kad_post_title":"","_kad_post_layout":"default","_kad_post_sidebar_id":"","_kad_post_content_style":"default","_kad_post_vertical_padding":"default","_kad_post_feature":"","_kad_post_feature_position":"","_kad_post_header":false,"_kad_post_footer":false,"_kad_post_classname":""},"product_brand":[],"product_cat":[15,17],"product_tag":[441,443,442],"class_list":{"0":"post-1138","1":"product","2":"type-product","3":"status-publish","4":"has-post-thumbnail","6":"product_cat-red-light-therapy","7":"product_cat-services","8":"product_tag-glitter-gift-boxes","9":"product_tag-jewelry-ring-gift-boxes","10":"product_tag-silver-glitter-box","12":"first","13":"instock","14":"shipping-taxable","15":"product-type-simple","16":"entry","17":"content-bg","18":"loop-entry"},"_links":{"self":[{"href":"https:\/\/red-lighttherapy.com\/fr_fr\/wp-json\/wp\/v2\/product\/1138","targetHints":{"allow":["GET"]}}],"collection":[{"href":"https:\/\/red-lighttherapy.com\/fr_fr\/wp-json\/wp\/v2\/product"}],"about":[{"href":"https:\/\/red-lighttherapy.com\/fr_fr\/wp-json\/wp\/v2\/types\/product"}],"wp:featuredmedia":[{"embeddable":true,"href":"https:\/\/red-lighttherapy.com\/fr_fr\/wp-json\/wp\/v2\/media\/1139"}],"wp:attachment":[{"href":"https:\/\/red-lighttherapy.com\/fr_fr\/wp-json\/wp\/v2\/media?parent=1138"}],"wp:term":[{"taxonomy":"product_brand","embeddable":true,"href":"https:\/\/red-lighttherapy.com\/fr_fr\/wp-json\/wp\/v2\/product_brand?post=1138"},{"taxonomy":"product_cat","embeddable":true,"href":"https:\/\/red-lighttherapy.com\/fr_fr\/wp-json\/wp\/v2\/product_cat?post=1138"},{"taxonomy":"product_tag","embeddable":true,"href":"https:\/\/red-lighttherapy.com\/fr_fr\/wp-json\/wp\/v2\/product_tag?post=1138"}],"curies":[{"name":"wp","href":"https:\/\/api.w.org\/{rel}","templated":true}]}}