{"id":1132,"date":"2025-04-16T12:33:46","date_gmt":"2025-04-16T12:33:46","guid":{"rendered":"https:\/\/red-lighttherapy.com\/?post_type=product&#038;p=1132"},"modified":"2025-04-16T12:47:01","modified_gmt":"2025-04-16T12:47:01","slug":"rigid-glitter-paper-lid-and-base-jewelry-boxes-distributors","status":"publish","type":"product","link":"https:\/\/red-lighttherapy.com\/fr_fr\/rigid-glitter-paper-lid-and-base-jewelry-boxes-distributors\/","title":{"rendered":"Distributeurs de bo\u00eetes \u00e0 bijoux rigides en papier paillet\u00e9 avec couvercle et base"},"content":{"rendered":"<h2 id=\"1-classic-top-and-bottom-lid-structure-design-\">1.\u00a0<strong>Conception classique de la structure des couvercles sup\u00e9rieur et inf\u00e9rieur<\/strong><\/h2>\n<p>La structure imbriqu\u00e9e des couvercles sup\u00e9rieur et inf\u00e9rieur pr\u00e9sente un ajustement pr\u00e9cis, une ouverture et une fermeture en douceur et une excellente \u00e9tanch\u00e9it\u00e9, ce qui permet de prot\u00e9ger efficacement les bijoux de grande valeur de la poussi\u00e8re et de l'\u00e9rosion due \u00e0 l'humidit\u00e9. Certains fabricants (tels que Lufeng Zhifa et Dongguan Jiucai) utilisent des machines \u00e0 rainurer sur six c\u00f4t\u00e9s et une technologie de pressage sans soudure pour obtenir des joints de corps de bo\u00eete lisses et sans bavures, am\u00e9liorant ainsi le raffinement g\u00e9n\u00e9ral.<\/p>\n<h2 id=\"2-material-and-visual-effects-\">2.\u00a0<strong>Effets mat\u00e9riels et visuels<\/strong><\/h2>\n<p>Le papier paillet\u00e9 utilise un processus de rev\u00eatement sp\u00e9cial pour obtenir un effet de r\u00e9fraction dynamique de la lumi\u00e8re, combin\u00e9 au contraste chaud et froid du corps de la bo\u00eete en or et du n\u0153ud en ruban de satin mat, qui peut non seulement attirer l'attention visuelle, mais aussi ajouter de l'\u00e9l\u00e9gance. Des fabricants tels que Shanghai Chengjin Printing am\u00e9liorent \u00e9galement la texture de la surface gr\u00e2ce \u00e0 l'impression UV et \u00e0 la technologie de pelliculage nacr\u00e9.<\/p>\n<h2 id=\"3-functional-optimization-\">3.\u00a0<strong>Optimisation fonctionnelle<\/strong><\/h2>\n<ul>\n<li><strong>Conception ergonomique<\/strong>: Le rapport entre le couvercle et le corps de la bo\u00eete a \u00e9t\u00e9 optimis\u00e9 gr\u00e2ce \u00e0 de nombreux tests d'ouverture et de fermeture, et il peut \u00eatre facilement ouvert d'une seule main, pour une exp\u00e9rience utilisateur conviviale.<\/li>\n<li><strong>Adaptabilit\u00e9 spatiale<\/strong>: Permet de personnaliser les rainures de la doublure (telles que le flocage, les compartiments en \u00e9ponge), de s'adapter aux bijoux de forme sp\u00e9ciale tels que les bagues et les colliers, et d'am\u00e9liorer l'utilisation de l'espace.<\/li>\n<li><strong>Durabilit\u00e9<\/strong>: Le corps de la bo\u00eete est fabriqu\u00e9 en carton dur ou en mat\u00e9riaux composites. Apr\u00e8s avoir \u00e9t\u00e9 test\u00e9, il peut supporter une ouverture et une fermeture de longue dur\u00e9e sans d\u00e9formation. La couche de paillettes est tr\u00e8s adh\u00e9rente et ne risque pas de se fissurer.<\/li>\n<\/ul>\n<h2 id=\"4-personalized-adjustment-\">4.\u00a0<strong>Ajustement personnalis\u00e9<\/strong><\/h2>\n<p>Il permet d'ajuster avec souplesse la taille de la bo\u00eete (carr\u00e9e, rectangulaire), d'imprimer le logo \u00e0 chaud ou en s\u00e9rigraphie (principalement par impression \u00e0 chaud de feuilles d'or et d'argent) et d'ajouter ou de retirer des accessoires (rubans, boucles magn\u00e9tiques, etc.). Par exemple, Shenzhen Caimeng Packaging fournit des services de personnalisation de petits lots, prend en charge l'impression du logo et la conception des compartiments de la doublure.<\/p>\n<h2 id=\"5-environmental-protection-and-intelligent-upgrade-\">5.\u00a0<strong>Protection de l'environnement et modernisation intelligente<\/strong><\/h2>\n<p>Notre usine a introduit des mat\u00e9riaux en papier respectueux de l'environnement certifi\u00e9s FSC et a \u00e9tudi\u00e9 l'int\u00e9gration de puces intelligentes ou de codes QR pour assurer la tra\u00e7abilit\u00e9 des produits et les fonctions interactives.<\/p>\n<h2 id=\"6-high-value-product-packaging-\">6.\u00a0<strong>Emballage de produits de grande valeur<\/strong><\/h2>\n<p>Il convient principalement aux cat\u00e9gories telles que les produits de luxe, les bijoux et les cosm\u00e9tiques haut de gamme, avec \u00e0 la fois l'affichage et la protection.<\/p>","protected":false},"excerpt":{"rendered":"<p>La structure classique des bo\u00eetes \u00e0 couvercle et \u00e0 base adopte une conception embo\u00eet\u00e9e des couvercles sup\u00e9rieur et inf\u00e9rieur, avec un ajustement \u00e9lev\u00e9, une ouverture et une fermeture en douceur, une bonne \u00e9tanch\u00e9it\u00e9 et une protection accrue du produit. Le papier paillet\u00e9 pr\u00e9sente un effet clignotant dynamique sous l'effet de la r\u00e9fraction de la lumi\u00e8re, attirant instantan\u00e9ment l'attention. Convient \u00e0 l'emballage de produits de grande valeur tels que les produits de luxe, les bijoux, les cosm\u00e9tiques, etc., avec des fonctions d'exposition et de stockage.<\/p>","protected":false},"featured_media":1133,"template":"","meta":{"_kad_post_transparent":"default","_kad_post_title":"","_kad_post_layout":"default","_kad_post_sidebar_id":"","_kad_post_content_style":"default","_kad_post_vertical_padding":"default","_kad_post_feature":"","_kad_post_feature_position":"","_kad_post_header":false,"_kad_post_footer":false,"_kad_post_classname":""},"product_brand":[],"product_cat":[15,19,17],"product_tag":[440,99,439],"class_list":{"0":"post-1132","1":"product","2":"type-product","3":"status-publish","4":"has-post-thumbnail","6":"product_cat-red-light-therapy","7":"product_cat-red-light-therapy-stand","8":"product_cat-services","9":"product_tag-glitter-paper-jewelry-boxes","10":"product_tag-jewelry-rigid-boxes","11":"product_tag-lid-and-base-jewelry-boxes","13":"first","14":"instock","15":"shipping-taxable","16":"product-type-simple","17":"entry","18":"content-bg","19":"loop-entry"},"_links":{"self":[{"href":"https:\/\/red-lighttherapy.com\/fr_fr\/wp-json\/wp\/v2\/product\/1132","targetHints":{"allow":["GET"]}}],"collection":[{"href":"https:\/\/red-lighttherapy.com\/fr_fr\/wp-json\/wp\/v2\/product"}],"about":[{"href":"https:\/\/red-lighttherapy.com\/fr_fr\/wp-json\/wp\/v2\/types\/product"}],"wp:featuredmedia":[{"embeddable":true,"href":"https:\/\/red-lighttherapy.com\/fr_fr\/wp-json\/wp\/v2\/media\/1133"}],"wp:attachment":[{"href":"https:\/\/red-lighttherapy.com\/fr_fr\/wp-json\/wp\/v2\/media?parent=1132"}],"wp:term":[{"taxonomy":"product_brand","embeddable":true,"href":"https:\/\/red-lighttherapy.com\/fr_fr\/wp-json\/wp\/v2\/product_brand?post=1132"},{"taxonomy":"product_cat","embeddable":true,"href":"https:\/\/red-lighttherapy.com\/fr_fr\/wp-json\/wp\/v2\/product_cat?post=1132"},{"taxonomy":"product_tag","embeddable":true,"href":"https:\/\/red-lighttherapy.com\/fr_fr\/wp-json\/wp\/v2\/product_tag?post=1132"}],"curies":[{"name":"wp","href":"https:\/\/api.w.org\/{rel}","templated":true}]}}