{"id":1126,"date":"2025-04-16T12:20:17","date_gmt":"2025-04-16T12:20:17","guid":{"rendered":"https:\/\/red-lighttherapy.com\/?post_type=product&#038;p=1126"},"modified":"2025-04-16T12:33:36","modified_gmt":"2025-04-16T12:33:36","slug":"factory-supply-glitter-paper-custom-eyelash-magnetic-lid-box","status":"publish","type":"product","link":"https:\/\/red-lighttherapy.com\/fr_fr\/factory-supply-glitter-paper-custom-eyelash-magnetic-lid-box\/","title":{"rendered":"Bo\u00eete \u00e0 couvercle magn\u00e9tique en papier paillet\u00e9 pour les cils"},"content":{"rendered":"<h2 id=\"-glitter-paper-customized-eyelash-magnetic-suction-box-product-description-\"><strong>Papier paillet\u00e9 Bo\u00eete magn\u00e9tique \u00e0 cils personnalis\u00e9e Description du produit<\/strong><\/h2>\n<h2 id=\"1-magnetic-suction-closure-system-\">1.\u00a0<strong>Syst\u00e8me de fermeture par aspiration magn\u00e9tique<\/strong><\/h2>\n<p>Adoptant une structure d'aspiration magn\u00e9tique de haute pr\u00e9cision, le micro-aimant int\u00e9gr\u00e9 permet une ouverture et une fermeture d'une seule main, et la force magn\u00e9tique atteint 0,2N-0,3N, garantissant une \u00e9tanch\u00e9it\u00e9 compl\u00e8te lorsqu'il est ferm\u00e9, isolant efficacement l'air et l'humidit\u00e9, et emp\u00eachant les cils d'\u00eatre humides ou contamin\u00e9s. Un anneau d'\u00e9tanch\u00e9it\u00e9 en silicone de qualit\u00e9 alimentaire est ajout\u00e9 \u00e0 la couche interne pour am\u00e9liorer encore la r\u00e9sistance \u00e0 la poussi\u00e8re et \u00e0 l'humidit\u00e9, et s'adapter aux environnements tr\u00e8s humides.<\/p>\n<h2 id=\"2-transparent-acrylic-window-\">2.\u00a0<strong>Fen\u00eatre acrylique transparente<\/strong><\/h2>\n<p>Un panneau acrylique \u00e0 haute transparence de 3 mm d'\u00e9paisseur est int\u00e9gr\u00e9 sur le dessus, avec une transmission de la lumi\u00e8re de 92%. Gr\u00e2ce aux coins arrondis et \u00e0 la technologie anti-rayures, vous pouvez observer l'\u00e9tat des cils internes (tels que la propret\u00e9 et l'int\u00e9grit\u00e9 de l'arrangement) \u00e0 360\u00b0 sans ouvrir la bo\u00eete. La fen\u00eatre prend en charge plus de 20 formes telles que ronde, en forme de c\u0153ur, hexagonale, etc. Le bord adopte la technologie de d\u00e9coupe au laser avec une erreur de pr\u00e9cision de \u22640,5mm.<\/p>\n<h2 id=\"3-glitter-paper-material-aesthetics-\">3.\u00a0<strong>Esth\u00e9tique du papier paillet\u00e9<\/strong><\/h2>\n<ul>\n<li><strong>Performance visuelle<\/strong>: Un papier paillet\u00e9 de 120 g \u00e0 fort grammage est utilis\u00e9, et la surface est trait\u00e9e par la technologie de marquage \u00e0 chaud et d'argenture. Il pr\u00e9sente un \u00e9clat dynamique et brillant sous la r\u00e9fraction de la lumi\u00e8re. La gamme de couleurs couvre plus de 90% des cartes de couleurs Pantone, et convient particuli\u00e8rement aux couleurs populaires telles que l'or rose et le bleu fantaisie, ce qui renforce consid\u00e9rablement l'attrait de la pr\u00e9sentation en rayon.<\/li>\n<li><strong>Propri\u00e9t\u00e9s environnementales<\/strong>: Le mat\u00e9riau est certifi\u00e9 FSC, 100% recyclable et d\u00e9gradable, et le substrat en carton gris utilise des fibres recycl\u00e9es, ce qui r\u00e9pond aux normes de durabilit\u00e9 des emballages de l'UE.<\/li>\n<\/ul>\n<h2 id=\"4-emotional-color-design-\">4.\u00a0<strong>Conception \u00e9motionnelle des couleurs<\/strong><\/h2>\n<p>La couleur principale est le rose Morandi, et la saturation est r\u00e9duite de 15%, ce qui donne une impression de douceur, qui correspond \u00e0 l'attrait \u00e9motionnel des femmes de la g\u00e9n\u00e9ration Z pour la \"puissance f\u00e9minine\" et l'\"esth\u00e9tique exquise\". Le c\u00f4t\u00e9 de la bo\u00eete peut \u00eatre recouvert d'un rev\u00eatement d\u00e9grad\u00e9 ou nacr\u00e9 pour renforcer la reconnaissance de la marque.<\/p>\n<h2 id=\"5-brand-specific-design-\">5.\u00a0<strong>Conception sp\u00e9cifique \u00e0 la marque<\/strong><\/h2>\n<ul>\n<li><strong>Processus d'impression<\/strong>: Prise en charge de l'impression CMYK en quadrichromie, du gaufrage UV, de la gravure au laser, pr\u00e9cision du LOGO de 300 dpi, taille minimale de la police d'impression de 0,8 mm.<\/li>\n<li><strong>Combinaison d'accessoires<\/strong>: Peut \u00eatre associ\u00e9 \u00e0 la m\u00eame s\u00e9rie de bo\u00eetes \u00e0 tiroirs coulissants et de mini-bo\u00eetes portables pour former une matrice de produits r\u00e9pondant aux besoins de sc\u00e9narios multiples tels que la vente au d\u00e9tail, les cadeaux et les \u00e9ditions limit\u00e9es.<\/li>\n<\/ul>\n<h2 id=\"6-application-scenarios-and-market-value-\">6.\u00a0<strong>Sc\u00e9narios d'application et valeur du march\u00e9<\/strong><\/h2>\n<ul>\n<li><strong>Fin de la vente au d\u00e9tail<\/strong>: Le papier glitter et le ton rose cr\u00e9ent un impact visuel, aidant la marque \u00e0 se d\u00e9marquer dans les magasins de produits de beaut\u00e9, les \u00e9missions en direct du commerce \u00e9lectronique et d'autres sc\u00e9narios.<\/li>\n<li><strong>Exp\u00e9rience de l'utilisateur<\/strong>: Le syst\u00e8me d'aspiration magn\u00e9tique et la conception de la fen\u00eatre r\u00e9duisent les ouvertures et fermetures fr\u00e9quentes, prolongent la dur\u00e9e de vie des cils et r\u00e9pondent aux besoins des consommateurs en mati\u00e8re d'\"outils de beaut\u00e9 efficaces\".<\/li>\n<li><strong>Prime environnementale<\/strong>: Les mat\u00e9riaux recyclables et les services personnalis\u00e9s s'inscrivent parfaitement dans les tendances du marketing ESG pour renforcer l'image de \"l'esth\u00e9tique verte\" de la marque.<\/li>\n<\/ul>","protected":false},"excerpt":{"rendered":"<p>Le syst\u00e8me de fermeture magn\u00e9tique est facile \u00e0 utiliser d'une seule main et offre une forte \u00e9tanch\u00e9it\u00e9 pour emp\u00eacher l'humidit\u00e9 ou la contamination des cils. Une fen\u00eatre acrylique transparente est int\u00e9gr\u00e9e sur le dessus, ce qui permet d'observer clairement l'\u00e9tat des cils \u00e0 l'int\u00e9rieur sans ouvrir la bo\u00eete, ce qui am\u00e9liore la commodit\u00e9 d'utilisation. Le papier paillet\u00e9 pr\u00e9sente un \u00e9clat brillant sous l'effet de la r\u00e9fraction de la lumi\u00e8re, ce qui renforce l'attrait du produit lorsqu'il est expos\u00e9 en rayon.<\/p>","protected":false},"featured_media":1129,"template":"","meta":{"_kad_post_transparent":"default","_kad_post_title":"","_kad_post_layout":"default","_kad_post_sidebar_id":"","_kad_post_content_style":"default","_kad_post_vertical_padding":"default","_kad_post_feature":"","_kad_post_feature_position":"","_kad_post_header":false,"_kad_post_footer":false,"_kad_post_classname":""},"product_brand":[],"product_cat":[15,28,27,17],"product_tag":[437,434,438],"class_list":{"0":"post-1126","1":"product","2":"type-product","3":"status-publish","4":"has-post-thumbnail","6":"product_cat-red-light-therapy","7":"product_cat-customize","8":"product_cat-red-light-therapy-belt","9":"product_cat-services","10":"product_tag-eyelashes-gift-box","11":"product_tag-glitter-eyelash-packaging","12":"product_tag-glitter-paper-eyelash-paper-box","14":"first","15":"instock","16":"shipping-taxable","17":"product-type-simple","18":"entry","19":"content-bg","20":"loop-entry"},"_links":{"self":[{"href":"https:\/\/red-lighttherapy.com\/fr_fr\/wp-json\/wp\/v2\/product\/1126","targetHints":{"allow":["GET"]}}],"collection":[{"href":"https:\/\/red-lighttherapy.com\/fr_fr\/wp-json\/wp\/v2\/product"}],"about":[{"href":"https:\/\/red-lighttherapy.com\/fr_fr\/wp-json\/wp\/v2\/types\/product"}],"wp:featuredmedia":[{"embeddable":true,"href":"https:\/\/red-lighttherapy.com\/fr_fr\/wp-json\/wp\/v2\/media\/1129"}],"wp:attachment":[{"href":"https:\/\/red-lighttherapy.com\/fr_fr\/wp-json\/wp\/v2\/media?parent=1126"}],"wp:term":[{"taxonomy":"product_brand","embeddable":true,"href":"https:\/\/red-lighttherapy.com\/fr_fr\/wp-json\/wp\/v2\/product_brand?post=1126"},{"taxonomy":"product_cat","embeddable":true,"href":"https:\/\/red-lighttherapy.com\/fr_fr\/wp-json\/wp\/v2\/product_cat?post=1126"},{"taxonomy":"product_tag","embeddable":true,"href":"https:\/\/red-lighttherapy.com\/fr_fr\/wp-json\/wp\/v2\/product_tag?post=1126"}],"curies":[{"name":"wp","href":"https:\/\/api.w.org\/{rel}","templated":true}]}}