{"id":1120,"date":"2025-04-16T12:06:57","date_gmt":"2025-04-16T12:06:57","guid":{"rendered":"https:\/\/red-lighttherapy.com\/?post_type=product&#038;p=1120"},"modified":"2025-04-16T12:20:07","modified_gmt":"2025-04-16T12:20:07","slug":"magnetic-closure-cosmetic-eyelash-glitter-paper-box-solution","status":"publish","type":"product","link":"https:\/\/red-lighttherapy.com\/fr_fr\/magnetic-closure-cosmetic-eyelash-glitter-paper-box-solution\/","title":{"rendered":"Bo\u00eete en papier paillet\u00e9e pour cosm\u00e9tiques \u00e0 fermeture magn\u00e9tique Solution"},"content":{"rendered":"<h2 id=\"product-description-of-magnetic-clamp-eyelash-glitter-paper-box-solution\">Description du produit de la pince magn\u00e9tique Eyelash Glitter Paper Box Solution<\/h2>\n<h2 id=\"-1-magnetic-opening-and-closing-system-precise-alignment-one-hand-operation-and-upgraded-sealing-\"><strong>1. Syst\u00e8me d'ouverture et de fermeture magn\u00e9tique : alignement pr\u00e9cis, fonctionnement d'une seule main et \u00e9tanch\u00e9it\u00e9 am\u00e9lior\u00e9e.<\/strong><\/h2>\n<ul>\n<li><strong>Conception magn\u00e9tique de pr\u00e9cision<\/strong>: Adoptant une technologie d'alignement magn\u00e9tique puissant, les composants de la boucle magn\u00e9tique sont pr\u00e9cis\u00e9ment appari\u00e9s par des p\u00f4les magn\u00e9tiques pour permettre une ouverture et une fermeture sans d\u00e9viation, et un ajustement serr\u00e9 apr\u00e8s la fermeture, avec une meilleure r\u00e9sistance \u00e0 la poussi\u00e8re et \u00e0 l'humidit\u00e9 que les bo\u00eetes \u00e0 boucles traditionnelles.<\/li>\n<li><strong>Utilisation pratique d'une seule main<\/strong>: Optimisation de la force magn\u00e9tique et de l'angle d'ouverture et de fermeture. L'op\u00e9ration peut \u00eatre r\u00e9alis\u00e9e d'une seule main, ce qui permet aux consommateurs de sortir rapidement l'appareil tous les jours et d'am\u00e9liorer l'exp\u00e9rience de l'utilisateur.<\/li>\n<li><strong>Une meilleure \u00e9tanch\u00e9it\u00e9<\/strong>: Combin\u00e9 \u00e0 une fente pour carte et \u00e0 un double verrouillage magn\u00e9tique, il garantit qu'il n'y a pas de vide apr\u00e8s la fermeture de la bo\u00eete, prot\u00e8ge efficacement les paillettes pour cils de la pollution ext\u00e9rieure et prolonge la dur\u00e9e de conservation du produit.<\/li>\n<\/ul>\n<h2 id=\"-2-standardized-size-adaptation-unified-display-aesthetics-\"><strong>2. Adaptation standardis\u00e9e de la taille, esth\u00e9tique unifi\u00e9e de l'affichage<\/strong><\/h2>\n<ul>\n<li><strong>Compatibilit\u00e9 avec les tailles courantes<\/strong>: Taille personnalis\u00e9e, adapt\u00e9e aux produits courants tels que les mascaras simples et les sets de paillettes multicolores, avec une forte compatibilit\u00e9.<\/li>\n<li><strong>Avantages de l'affichage en pile<\/strong>: Les lignes de la bo\u00eete sont carr\u00e9es et nettes, et la surface d'exposition est plate et uniforme lorsqu'elle est empil\u00e9e. Elle peut \u00eatre combin\u00e9e de mani\u00e8re flexible \u00e0 une matrice d'\u00e9tag\u00e8re ou \u00e0 une forme cr\u00e9ative pour am\u00e9liorer l'impact visuel de la marque.<\/li>\n<\/ul>\n<h2 id=\"-3-minimalist-aesthetic-design-sharp-edges-and-full-of-modern-sense-\"><strong>3. Conception esth\u00e9tique minimaliste : ar\u00eates vives et sens moderne.<\/strong><\/h2>\n<ul>\n<li><strong>Langage structurel tridimensionnel<\/strong>: Le corps de la bo\u00eete adopte des lignes de pliage \u00e0 angle droit et une technologie de d\u00e9coupe plane, avec des bords et des coins tranchants, combin\u00e9s \u00e0 une texture mate de papier paillet\u00e9, pr\u00e9sentant un sens froid de la technologie et un style minimaliste moderne.<\/li>\n<li><strong>Am\u00e9lioration du logo de la marque<\/strong>: Le marquage \u00e0 chaud, le gaufrage et d'autres proc\u00e9d\u00e9s permettent de personnaliser le LOGO de la marque, de mettre en valeur le ton haut de gamme avec des lignes simples, conform\u00e9ment \u00e0 la pr\u00e9f\u00e9rence esth\u00e9tique des jeunes consommateurs pour \"moins, c'est plus\".<\/li>\n<\/ul>\n<h2 id=\"-4-glitter-paper-material-both-wear-resistance-and-luxury-\"><strong>4. Papier paillet\u00e9 : \u00e0 la fois r\u00e9sistant \u00e0 l'usure et luxueux<\/strong><\/h2>\n<ul>\n<li><strong>Surface tr\u00e8s durable<\/strong>: Le substrat utilis\u00e9 est le papier paillet\u00e9, qui est 40% plus r\u00e9sistant \u00e0 l'usure que le papier de marquage \u00e0 chaud ordinaire, avec une excellente r\u00e9sistance aux rayures, et qui n'est pas facile \u00e0 rayer pendant le transport et l'utilisation.<\/li>\n<li><strong>Technologie de marquage \u00e0 chaud de luxe<\/strong>La technologie du marquage \u00e0 chaud et de l'argenture \u00e0 chaud au niveau du micron, la pr\u00e9cision des bords du motif de \u00b10,1 mm, combin\u00e9e \u00e0 l'effet de r\u00e9seau dynamique, pr\u00e9sente une texture brillante \u00e0 plusieurs niveaux sous l'effet de la r\u00e9fraction de la lumi\u00e8re.<\/li>\n<\/ul>\n<h2 id=\"-5-flexible-production-service-fast-response-sustainable-supply-\"><strong>5. Service de production flexible : r\u00e9ponse rapide, approvisionnement durable<\/strong><\/h2>\n<ul>\n<li><strong>Quantit\u00e9 minimale de commande flexible<\/strong>Le syst\u00e8me de gestion de la production : il permet de traiter des commandes flexibles de 500 \u00e0 2 millions de pi\u00e8ces, de r\u00e9pondre \u00e0 la production d'essai des jeunes marques et \u00e0 la demande de lots des grandes marques, sans restriction de seuil minimum de commande.<\/li>\n<li><strong>Cycle d'\u00e9preuvage extr\u00eamement rapide<\/strong>Le cycle d'\u00e9preuvage est r\u00e9duit \u00e0 72 heures gr\u00e2ce au syst\u00e8me de moulage num\u00e9rique, ce qui permet d'offrir 3 combinaisons de couleurs de base et 2 combinaisons de processus pour une confirmation rapide des \u00e9chantillons.<\/li>\n<\/ul>\n<h2 id=\"-6-environmental-certification-and-sustainability-\"><strong>6. Certification environnementale et durabilit\u00e9<\/strong><\/h2>\n<ul>\n<li><strong>Mati\u00e8res premi\u00e8res certifi\u00e9es FSC<\/strong>: Le mat\u00e9riau de base de la bo\u00eete en papier 100% utilise du papier certifi\u00e9 FSC pour garantir que les mati\u00e8res premi\u00e8res proviennent des normes environnementales de l'Union europ\u00e9enne et des marques ESG pour r\u00e9pondre aux exigences strat\u00e9giques, des for\u00eats g\u00e9r\u00e9es en continu.<\/li>\n<li><strong>Conception recyclable<\/strong>: Le corps de la bo\u00eete n'a pas de structure coll\u00e9e, et les composants d'aspiration magn\u00e9tique peuvent \u00eatre s\u00e9par\u00e9s, ce qui est pratique pour la classification et le recyclage, et r\u00e9duit la charge environnementale.<\/li>\n<\/ul>\n<h2 id=\"-core-advantages-\"><strong>Avantages principaux<\/strong><\/h2>\n<ul>\n<li><strong>Int\u00e9gration de la technologie<\/strong>: Ouverture et fermeture magn\u00e9tiques + papier paillet\u00e9 + processus de marquage \u00e0 chaud, en tenant compte de la fonctionnalit\u00e9 et de l'attrait visuel.<\/li>\n<li><strong>Convivialit\u00e9 pour les entreprises<\/strong>: Cha\u00eene d'approvisionnement flexible et \u00e9preuvage rapide, r\u00e9duisant les co\u00fbts d'essai et d'erreur de la marque et acc\u00e9l\u00e9rant le lancement sur le march\u00e9.<\/li>\n<li><strong>Responsabilit\u00e9 environnementale<\/strong>: La certification FSC et le design recyclable aident les marques \u00e0 cr\u00e9er une image verte.<\/li>\n<\/ul>","protected":false},"excerpt":{"rendered":"<p>Cette bo\u00eete d'emballage pr\u00e9sente des ar\u00eates vives et des lignes \u00e9pur\u00e9es, t\u00e9moignant d'une esth\u00e9tique moderne et minimaliste. Le syst\u00e8me d'ouverture et de fermeture magn\u00e9tique est align\u00e9 avec pr\u00e9cision, facile \u00e0 manipuler d'une seule main et plus \u00e9tanche que les bo\u00eetes \u00e0 boucle ordinaires. Le papier paillet\u00e9 est tr\u00e8s r\u00e9sistant \u00e0 l'usure et convient aux produits courants \u00e0 base de cils.<\/p>","protected":false},"featured_media":1121,"template":"","meta":{"_kad_post_transparent":"default","_kad_post_title":"","_kad_post_layout":"default","_kad_post_sidebar_id":"","_kad_post_content_style":"default","_kad_post_vertical_padding":"default","_kad_post_feature":"","_kad_post_feature_position":"","_kad_post_header":false,"_kad_post_footer":false,"_kad_post_classname":""},"product_brand":[],"product_cat":[15,28,27,17],"product_tag":[434,436,435],"class_list":{"0":"post-1120","1":"product","2":"type-product","3":"status-publish","4":"has-post-thumbnail","6":"product_cat-red-light-therapy","7":"product_cat-customize","8":"product_cat-red-light-therapy-belt","9":"product_cat-services","10":"product_tag-glitter-eyelash-packaging","11":"product_tag-glitter-paper-eyelash-box","12":"product_tag-magnetic-closure-box-for-cosmetic","14":"first","15":"instock","16":"shipping-taxable","17":"product-type-simple","18":"entry","19":"content-bg","20":"loop-entry"},"_links":{"self":[{"href":"https:\/\/red-lighttherapy.com\/fr_fr\/wp-json\/wp\/v2\/product\/1120","targetHints":{"allow":["GET"]}}],"collection":[{"href":"https:\/\/red-lighttherapy.com\/fr_fr\/wp-json\/wp\/v2\/product"}],"about":[{"href":"https:\/\/red-lighttherapy.com\/fr_fr\/wp-json\/wp\/v2\/types\/product"}],"wp:featuredmedia":[{"embeddable":true,"href":"https:\/\/red-lighttherapy.com\/fr_fr\/wp-json\/wp\/v2\/media\/1121"}],"wp:attachment":[{"href":"https:\/\/red-lighttherapy.com\/fr_fr\/wp-json\/wp\/v2\/media?parent=1120"}],"wp:term":[{"taxonomy":"product_brand","embeddable":true,"href":"https:\/\/red-lighttherapy.com\/fr_fr\/wp-json\/wp\/v2\/product_brand?post=1120"},{"taxonomy":"product_cat","embeddable":true,"href":"https:\/\/red-lighttherapy.com\/fr_fr\/wp-json\/wp\/v2\/product_cat?post=1120"},{"taxonomy":"product_tag","embeddable":true,"href":"https:\/\/red-lighttherapy.com\/fr_fr\/wp-json\/wp\/v2\/product_tag?post=1120"}],"curies":[{"name":"wp","href":"https:\/\/api.w.org\/{rel}","templated":true}]}}