{"id":1115,"date":"2025-04-16T10:55:19","date_gmt":"2025-04-16T10:55:19","guid":{"rendered":"https:\/\/red-lighttherapy.com\/?post_type=product&#038;p=1115"},"modified":"2025-04-16T12:06:44","modified_gmt":"2025-04-16T12:06:44","slug":"custom-magnetic-closure-glitter-paper-box-jewelry-necklace","status":"publish","type":"product","link":"https:\/\/red-lighttherapy.com\/fr_fr\/custom-magnetic-closure-glitter-paper-box-jewelry-necklace\/","title":{"rendered":"Bo\u00eete en papier paillet\u00e9e \u00e0 fermeture magn\u00e9tique personnalis\u00e9e Collier \u00e0 bijoux"},"content":{"rendered":"<h2 id=\"-customized-magnetic-buckle-glitter-paper-box-jewelry-necklace-product-description-\"><strong>Bo\u00eete en papier paillet\u00e9e \u00e0 fermeture magn\u00e9tique Description du produit<\/strong><\/h2>\n<h2 id=\"-1-magnetic-flip-top-ritual-sense-\"><strong>1. Sens rituel magn\u00e9tique \u00e0 couvercle rabattable<\/strong><\/h2>\n<p>Cette bo\u00eete \u00e0 bijoux adopte une structure magn\u00e9tique brevet\u00e9e \u00e0 couvercle rabattable. Le corps de la bo\u00eete et le couvercle sont align\u00e9s avec pr\u00e9cision et ferm\u00e9s par des aimants de haute pr\u00e9cision. La force d'aspiration est 1,5 fois sup\u00e9rieure \u00e0 la norme industrielle. Elle peut \u00eatre ouverte et ferm\u00e9e librement d'une seule main. Lorsqu'elle est ferm\u00e9e, elle s'accompagne d'un effet sonore magn\u00e9tique tr\u00e8s net, qui donne \u00e0 la bo\u00eete un caract\u00e8re rituel, comme le fait de d\u00e9cacheter un bijou. L'int\u00e9rieur de la bo\u00eete est renforc\u00e9 par un anneau rectangulaire renforc\u00e9 et assorti de composants tampons \u00e9lastiques pour garantir la r\u00e9sistance \u00e0 la pression et aux chocs pendant le transport. La stabilit\u00e9 a pass\u00e9 100 000 tests d'ouverture et de fermeture, r\u00e9pondant ainsi aux exigences de durabilit\u00e9 du stockage des bijoux haut de gamme.<\/p>\n<h2 id=\"-2-minimalist-aesthetics-and-practical-details-\"><strong>2. Esth\u00e9tique minimaliste et d\u00e9tails pratiques<\/strong><\/h2>\n<p>Le coffret cadeau pr\u00e9sente un contour minimaliste moderne avec des lignes de coupe g\u00e9om\u00e9triques. Le processus de moulage de haute pr\u00e9cision avec une tol\u00e9rance de 0,5 mm garantit que le corps de la bo\u00eete est bien ajust\u00e9. Les bords sont polis trois fois et le toucher est d\u00e9licat et sans bavure. Le point de fermeture magn\u00e9tique est cach\u00e9 dans le bord int\u00e9rieur du couvercle de la bo\u00eete, et le bord en m\u00e9tal mat le rend visuellement int\u00e9gr\u00e9 et conforme \u00e0 l'esth\u00e9tique du design contemporain.<\/p>\n<h2 id=\"-3-glitter-paper-glitter-craftsmanship-\"><strong>3. Papier paillet\u00e9 artisanat paillet\u00e9<\/strong><\/h2>\n<p>Le corps de la bo\u00eete est fabriqu\u00e9 en papier paillet\u00e9 personnalis\u00e9 (Glitter Paper), et la surface est recouverte de particules de paillettes de l'ordre du micron gr\u00e2ce \u00e0 un processus de s\u00e9chage aux UV. Sous l'effet de la r\u00e9fraction de la lumi\u00e8re, il pr\u00e9sente un \u00e9clat d\u00e9grad\u00e9 comme le sable d'une \u00e9toile de galaxie et pr\u00e9sente une r\u00e9sistance \u00e0 l'usure et aux rayures de niveau IP5X. L'\u00e9paisseur du mat\u00e9riau n'est que de 1,2 mm, ce qui est 30% plus l\u00e9ger que les bo\u00eetes \u00e0 bijoux traditionnelles.<\/p>\n<h2 id=\"-4-flocking-groove-protection-system-\"><strong>4. Syst\u00e8me de protection des rainures de flocage<\/strong><\/h2>\n<p>La disposition de la partition personnalis\u00e9e \u00e0 l'int\u00e9rieur de la bo\u00eete, la rainure du collier adopte la technologie de mod\u00e9lisation par balayage 3D, qui s'adapte avec pr\u00e9cision aux diff\u00e9rentes longueurs de cha\u00eene et tailles de pendentif. La surface de la rainure est recouverte d'un flocage en microfibre de 0,8 mm, et le coefficient de frottement est \u22640,3 pour \u00e9viter les rayures sur les bijoux en m\u00e9tal ; la conception de la fente de carte en forme de U peut fixer la boucle du collier pour \u00e9viter l'enchev\u00eatrement et le nouage, et convient \u00e0 une vari\u00e9t\u00e9 de styles tels que les cha\u00eenes de clavicule et les cha\u00eenes longues.<\/p>\n<h2 id=\"-5-pink-and-purple-collide-with-glitter-\"><strong>5. Le rose et le violet s'entrechoquent avec des paillettes<\/strong><\/h2>\n<p>La couleur principale de la bo\u00eete est le rose et le violet. La couche inf\u00e9rieure est s\u00e9rigraphi\u00e9e en 6 couleurs et recouverte d'une couche nacr\u00e9e. La surface paillet\u00e9e est sabl\u00e9e pour pr\u00e9senter un effet de diffusion de la lumi\u00e8re des \u00e9toiles. Sous l'effet de la lumi\u00e8re, elle peut simuler les deux atmosph\u00e8res de la lumi\u00e8re du matin et de la rose du cr\u00e9puscule, renfor\u00e7ant ainsi le g\u00e8ne romantique f\u00e9minin.<\/p>\n<h2 id=\"-6-hot-stamping-slogan-strengthens-memory-\"><strong>6. Le slogan de la feuille d'or marqu\u00e9e \u00e0 chaud renforce la m\u00e9moire<\/strong><\/h2>\n<p>Le slogan de la marque est imprim\u00e9 \u00e0 l'int\u00e9rieur du couvercle de la bo\u00eete \u00e0 l'aide de la technologie de marquage \u00e0 chaud au laser. La police de caract\u00e8res adopte un effet de relief tridimensionnel de 0,1 mm. L'or, le rose et le violet forment un contraste visuel et la proposition de valeur de la marque est transmise d\u00e8s l'ouverture de la bo\u00eete.<\/p>\n<h2 id=\"-7-flexible-customization-scheme-\"><strong>7. Sch\u00e9ma de personnalisation flexible<\/strong><\/h2>\n<p>Permet une personnalisation compl\u00e8te du type de bo\u00eete, de la taille et de la fonction :<\/p>\n<ul>\n<li><strong>Type de bo\u00eete<\/strong>: Bo\u00eete carr\u00e9e\/bo\u00eete ronde\/bo\u00eete en forme de c\u0153ur en option, la position de la boucle magn\u00e9tique peut \u00eatre ajust\u00e9e sur le c\u00f4t\u00e9 ou en haut ;<\/li>\n<li><strong>Couleur<\/strong>: Fournit 12 options de couleurs Pantone de base, prend en charge la personnalisation des rapports de paillettes des couleurs sp\u00e9ciales ;<\/li>\n<li><strong>Slogan<\/strong>: Peut \u00eatre remplac\u00e9 par le nom du client, une date comm\u00e9morative ou un message exclusif. La biblioth\u00e8que de polices contient 15 versions linguistiques ;<\/li>\n<li><strong>Doublure<\/strong>: Doublure en flocage\/soie\/\u00e9ponge en option, la disposition des rainures permet une r\u00e9organisation par cat\u00e9gorie de bijoux.<\/li>\n<\/ul>\n<h2 id=\"-8-environmental-protection-and-quality-control-guarantee-\"><strong>8. Protection de l'environnement et garantie du contr\u00f4le de la qualit\u00e9<\/strong><\/h2>\n<p>Le corps de la bo\u00eete est en papier \u00e9cologique certifi\u00e9 FSC, et le processus de production utilise des adh\u00e9sifs \u00e0 base d'eau et des encres sans benz\u00e8ne. Chaque lot de produits finis est test\u00e9 \u00e0 temp\u00e9rature et humidit\u00e9 constantes pendant 72 heures pour garantir que la performance d'absorption magn\u00e9tique et le taux de d\u00e9formation de la bo\u00eete sont \u22640,5%.<\/p>","protected":false},"excerpt":{"rendered":"<ul>\n<li><strong>Cadeau d'une marque de bijoux<\/strong>: En tant qu'emballage standard des colliers haut de gamme, il am\u00e9liore l'exp\u00e9rience de d\u00e9ballage et la notori\u00e9t\u00e9 de la marque ;<\/li>\n<li><strong>Collection comm\u00e9morative personnelle<\/strong>: Personnalis\u00e9 au nom et \u00e0 l'anniversaire, il devient un support affectif pour les mariages et les cadeaux d'anniversaire ;<\/li>\n<li><strong>Accessoires pour la vente au d\u00e9tail<\/strong>: Le syst\u00e8me d'ouverture et de fermeture magn\u00e9tique de la vitrine permet aux clients d'essayer les bijoux tout en prot\u00e9geant leur apparence.<\/li>\n<\/ul>","protected":false},"featured_media":1117,"template":"","meta":{"_kad_post_transparent":"default","_kad_post_title":"","_kad_post_layout":"default","_kad_post_sidebar_id":"","_kad_post_content_style":"default","_kad_post_vertical_padding":"default","_kad_post_feature":"","_kad_post_feature_position":"","_kad_post_header":false,"_kad_post_footer":false,"_kad_post_classname":""},"product_brand":[],"product_cat":[15,27,17],"product_tag":[432,431,433],"class_list":{"0":"post-1115","1":"product","2":"type-product","3":"status-publish","4":"has-post-thumbnail","6":"product_cat-red-light-therapy","7":"product_cat-red-light-therapy-belt","8":"product_cat-services","9":"product_tag-glitter-paper-jewelry-box","10":"product_tag-magnetic-closure-box","11":"product_tag-necklace-paper-box","13":"first","14":"instock","15":"shipping-taxable","16":"product-type-simple","17":"entry","18":"content-bg","19":"loop-entry"},"_links":{"self":[{"href":"https:\/\/red-lighttherapy.com\/fr_fr\/wp-json\/wp\/v2\/product\/1115","targetHints":{"allow":["GET"]}}],"collection":[{"href":"https:\/\/red-lighttherapy.com\/fr_fr\/wp-json\/wp\/v2\/product"}],"about":[{"href":"https:\/\/red-lighttherapy.com\/fr_fr\/wp-json\/wp\/v2\/types\/product"}],"wp:featuredmedia":[{"embeddable":true,"href":"https:\/\/red-lighttherapy.com\/fr_fr\/wp-json\/wp\/v2\/media\/1117"}],"wp:attachment":[{"href":"https:\/\/red-lighttherapy.com\/fr_fr\/wp-json\/wp\/v2\/media?parent=1115"}],"wp:term":[{"taxonomy":"product_brand","embeddable":true,"href":"https:\/\/red-lighttherapy.com\/fr_fr\/wp-json\/wp\/v2\/product_brand?post=1115"},{"taxonomy":"product_cat","embeddable":true,"href":"https:\/\/red-lighttherapy.com\/fr_fr\/wp-json\/wp\/v2\/product_cat?post=1115"},{"taxonomy":"product_tag","embeddable":true,"href":"https:\/\/red-lighttherapy.com\/fr_fr\/wp-json\/wp\/v2\/product_tag?post=1115"}],"curies":[{"name":"wp","href":"https:\/\/api.w.org\/{rel}","templated":true}]}}