{"id":1109,"date":"2025-04-16T09:00:28","date_gmt":"2025-04-16T09:00:28","guid":{"rendered":"https:\/\/red-lighttherapy.com\/?post_type=product&#038;p=1109"},"modified":"2025-04-16T09:38:13","modified_gmt":"2025-04-16T09:38:13","slug":"trading-textured-paper-portable-power-bank-drawer-boxes","status":"publish","type":"product","link":"https:\/\/red-lighttherapy.com\/fr_fr\/trading-textured-paper-portable-power-bank-drawer-boxes\/","title":{"rendered":"Bo\u00eetes \u00e0 tiroirs pour banques d'alimentation portables en papier textur\u00e9 Trading"},"content":{"rendered":"<h2 id=\"-product-description-of-portable-power-bank-pull-out-box-\"><strong>Description de la banque d'\u00e9nergie portable Match Slider Style Box<\/strong><\/h2>\n<h2 id=\"1-high-grade-textured-specialty-paper-\">1.\u00a0<strong>Papier sp\u00e9cial textur\u00e9 de qualit\u00e9 sup\u00e9rieure<\/strong><\/h2>\n<p>L'emballage ext\u00e9rieur du produit est fabriqu\u00e9 en papier sp\u00e9cial textur\u00e9 de haute qualit\u00e9 120G, avec une surface d\u00e9licate et stratifi\u00e9e, ce qui donne \u00e0 l'emballage un aspect haut de gamme de la s\u00e9rie myst\u00e9rieuse. La texture unique et les effets d'ombre et de lumi\u00e8re du papier sp\u00e9cial, combin\u00e9s \u00e0 des couleurs sombres ou m\u00e9talliques, peuvent parfaitement correspondre au ton de la marque et cr\u00e9er une exp\u00e9rience visuelle discr\u00e8te et luxueuse.<\/p>\n<h2 id=\"2-drawer-type-box-structure-\">2.\u00a0<strong>Structure de la bo\u00eete \u00e0 tiroirs<\/strong><\/h2>\n<p>La conception de l'extraction est adopt\u00e9e, ce qui est doux et rituel. Les utilisateurs peuvent facilement extraire le power bank, en tenant compte de la commodit\u00e9 et du rituel. La structure interne est soutenue par un panneau gris haute densit\u00e9 1200G pour garantir que le corps de la bo\u00eete est solide et r\u00e9sistant \u00e0 la pression, et que l'int\u00e9rieur est plat et lisse, prot\u00e9geant le power bank contre les chocs pendant le transport ou l'utilisation quotidienne.<\/p>\n<h2 id=\"3-gold-stamping-technology-is-the-finishing-touch-\">3.\u00a0<strong>La technologie de marquage \u00e0 chaud de la feuille d'or apporte la touche finale<\/strong><\/h2>\n<p>La surface de l'emballage utilise la technologie de la \"feuille d'or \u00e0 chaud\", et le logo ou le motif de la marque est pr\u00e9sent\u00e9 sous forme de lignes ou de blocs dor\u00e9s, refl\u00e9tant l'\u00e9clat m\u00e9tallique sous diff\u00e9rents angles de lumi\u00e8re, ce qui renforce la reconnaissance visuelle de la marque et sa tonalit\u00e9 haut de gamme.<\/p>\n<h2 id=\"4-professional-adaptation-solution-\">4.\u00a0<strong>Solution d'adaptation professionnelle<\/strong><\/h2>\n<p>En fonction de la taille, de la capacit\u00e9 et des sc\u00e9narios d'utilisation de l'\u00e9nergie mobile (tels que l'entreprise, l'ext\u00e9rieur et les cadeaux), nous fournissons un service de recommandation de type de bo\u00eetier personnalis\u00e9. Par exemple :<\/p>\n<ul>\n<li><strong>Alimentation compacte<\/strong>: Recommandez une bo\u00eete \u00e9troite et longue pour faciliter le transport ;<\/li>\n<li><strong>Alimentation \u00e9lectrique de grande capacit\u00e9<\/strong>: Compartiment renforc\u00e9 pour une meilleure protection.<\/li>\n<\/ul>\n<h2 id=\"5-efficient-service-guarantee-\">5.\u00a0<strong>Garantie d'un service efficace<\/strong><\/h2>\n<ul>\n<li><strong>Livraison \u00e9clair<\/strong>: Le d\u00e9lai de livraison standard est de 5 \u00e0 7 jours, et le service acc\u00e9l\u00e9r\u00e9 peut \u00eatre r\u00e9duit \u00e0 3 jours pour r\u00e9pondre \u00e0 des besoins urgents ;<\/li>\n<li><strong>Engagement en mati\u00e8re de qualit\u00e9<\/strong>: Inspection compl\u00e8te de la qualit\u00e9 pour s'assurer que le corps de la bo\u00eete n'a pas de rayures, que le marquage \u00e0 chaud ne se d\u00e9tache pas et que l'extraction est lisse ;<\/li>\n<li><strong>Service personnalis\u00e9<\/strong>: Permet de r\u00e9pondre \u00e0 des besoins personnalis\u00e9s tels que la personnalisation du LOGO et la s\u00e9lection du mat\u00e9riau de la doublure (comme l'\u00e9ponge EVA, la flanelle).<\/li>\n<\/ul>\n<h2 id=\"6-fsc-forest-certification-\">6.\u00a0<strong>Certification foresti\u00e8re FSC<\/strong><\/h2>\n<p>Tous les papiers sp\u00e9ciaux et les cartons gris sont certifi\u00e9s FSC pour garantir que les mati\u00e8res premi\u00e8res proviennent de for\u00eats g\u00e9r\u00e9es durablement et r\u00e9pondent aux exigences strictes des marques haut de gamme en mati\u00e8re de protection de l'environnement et de responsabilit\u00e9 sociale.<\/p>\n<h3 id=\"7-applicable-scenarios-\">7.\u00a0<strong>Sc\u00e9narios applicables<\/strong><\/h3>\n<ul>\n<li><strong>Cadeaux d'affaires<\/strong>: Une technologie de marquage \u00e0 chaud adapt\u00e9e et un papier sp\u00e9cial de couleur fonc\u00e9e pour transmettre le sentiment de noblesse de la marque ;<\/li>\n<li><strong>Produits technologiques<\/strong>: Renforcer les attributs technologiques gr\u00e2ce \u00e0 un design minimaliste et une texture m\u00e9tallique ;<\/li>\n<li><strong>Mat\u00e9riel de plein air<\/strong>: Utiliser un papier sp\u00e9cial r\u00e9sistant \u00e0 l'usure et \u00e0 l'humidit\u00e9 pour s'adapter aux sc\u00e9narios d'utilisation en ext\u00e9rieur.<\/li>\n<\/ul>\n<h2 id=\"-v-summary-of-core-advantages-\"><strong>8. R\u00e9sum\u00e9 des principaux avantages<\/strong><\/h2>\n<table>\n<thead>\n<tr>\n<th>Dimensions de l'avantage<\/th>\n<th>Description sp\u00e9cifique<\/th>\n<\/tr>\n<\/thead>\n<tbody>\n<tr>\n<td><strong>Technologie des mat\u00e9riaux<\/strong><\/td>\n<td>Combinaison de papier sp\u00e9cial et de carton gris, \u00e0 la fois belle et r\u00e9sistante \u00e0 la pression ; la technologie de marquage \u00e0 chaud renforce la reconnaissance de la marque.<\/td>\n<\/tr>\n<tr>\n<td><strong>Conception structurelle<\/strong><\/td>\n<td>La conception extractible est commode et pratique, elle convient aux blocs d'alimentation de diff\u00e9rentes tailles et permet une utilisation optimale de l'espace interne.<\/td>\n<\/tr>\n<tr>\n<td><strong>Certification environnementale<\/strong><\/td>\n<td>Mat\u00e9riaux certifi\u00e9s FSC, conform\u00e9ment aux normes environnementales internationales<\/td>\n<\/tr>\n<tr>\n<td><strong>R\u00e9ponse du service<\/strong><\/td>\n<td>Une \u00e9quipe professionnelle propose des solutions personnalis\u00e9es et un suivi complet de la conception \u00e0 la livraison.<\/td>\n<\/tr>\n<\/tbody>\n<\/table>","protected":false},"excerpt":{"rendered":"<p>La bo\u00eete \u00e0 tiroirs peut \u00eatre ouverte et ferm\u00e9e facilement. Elle est fabriqu\u00e9e en papier sp\u00e9cial textur\u00e9 120G et en carton gris 1200G. Elle est solide, durable et a un aspect myst\u00e9rieux et haut de gamme. La surface adopte le proc\u00e9d\u00e9 haut de gamme de la \"feuille d'or \u00e0 chaud\" pour mettre en \u00e9vidence le sentiment d'or de la marque et montrer le ton de la marque.<\/p>","protected":false},"featured_media":1112,"template":"","meta":{"_kad_post_transparent":"default","_kad_post_title":"","_kad_post_layout":"default","_kad_post_sidebar_id":"","_kad_post_content_style":"default","_kad_post_vertical_padding":"default","_kad_post_feature":"","_kad_post_feature_position":"","_kad_post_header":false,"_kad_post_footer":false,"_kad_post_classname":""},"product_brand":[],"product_cat":[15,20,17],"product_tag":[429,428,430],"class_list":{"0":"post-1109","1":"product","2":"type-product","3":"status-publish","4":"has-post-thumbnail","6":"product_cat-red-light-therapy","7":"product_cat-led-face-light-therapy","8":"product_cat-services","9":"product_tag-match-style-box-for-power-bank","10":"product_tag-portable-power-bank-packaging-box","11":"product_tag-power-bank-slider-packaging-box","13":"first","14":"instock","15":"shipping-taxable","16":"product-type-simple","17":"entry","18":"content-bg","19":"loop-entry"},"_links":{"self":[{"href":"https:\/\/red-lighttherapy.com\/fr_fr\/wp-json\/wp\/v2\/product\/1109","targetHints":{"allow":["GET"]}}],"collection":[{"href":"https:\/\/red-lighttherapy.com\/fr_fr\/wp-json\/wp\/v2\/product"}],"about":[{"href":"https:\/\/red-lighttherapy.com\/fr_fr\/wp-json\/wp\/v2\/types\/product"}],"wp:featuredmedia":[{"embeddable":true,"href":"https:\/\/red-lighttherapy.com\/fr_fr\/wp-json\/wp\/v2\/media\/1112"}],"wp:attachment":[{"href":"https:\/\/red-lighttherapy.com\/fr_fr\/wp-json\/wp\/v2\/media?parent=1109"}],"wp:term":[{"taxonomy":"product_brand","embeddable":true,"href":"https:\/\/red-lighttherapy.com\/fr_fr\/wp-json\/wp\/v2\/product_brand?post=1109"},{"taxonomy":"product_cat","embeddable":true,"href":"https:\/\/red-lighttherapy.com\/fr_fr\/wp-json\/wp\/v2\/product_cat?post=1109"},{"taxonomy":"product_tag","embeddable":true,"href":"https:\/\/red-lighttherapy.com\/fr_fr\/wp-json\/wp\/v2\/product_tag?post=1109"}],"curies":[{"name":"wp","href":"https:\/\/api.w.org\/{rel}","templated":true}]}}