{"id":1103,"date":"2025-04-16T08:41:45","date_gmt":"2025-04-16T08:41:45","guid":{"rendered":"https:\/\/red-lighttherapy.com\/?post_type=product&#038;p=1103"},"modified":"2025-04-16T09:00:18","modified_gmt":"2025-04-16T09:00:18","slug":"maker-magnetic-closure-box-for-hair-extensions-removal-device","status":"publish","type":"product","link":"https:\/\/red-lighttherapy.com\/fr_fr\/maker-magnetic-closure-box-for-hair-extensions-removal-device\/","title":{"rendered":"Bo\u00eete de fermeture magn\u00e9tique pour appareil d'arrachage de rallonges de cheveux"},"content":{"rendered":"<h2 id=\"magnetic-closure-wig-extension-disassembly-device-packaging-box-product-description\">Fermeture magn\u00e9tique perruque extension dispositif de d\u00e9montage bo\u00eete d'emballage description du produit<\/h2>\n<h2 id=\"-1-appearance-design-simple-and-stylish-book-shaped-box-body-enhances-exquisiteness-\"><strong>1. Design : simple et \u00e9l\u00e9gant, le corps de la bo\u00eete en forme de livre met en valeur l'exquise.<\/strong><\/h2>\n<p>Ce produit adopte le design de la s\u00e9rie blanc clair, pr\u00e9sent\u00e9 dans la structure classique d'une bo\u00eete en forme de livre, avec des lignes simples et douces et une apparence \u00e9l\u00e9gante. La surface du corps de la bo\u00eete est imprim\u00e9e avec du papier couch\u00e9 157 GSM, soulignant le style l\u00e9ger et luxueux. La fermeture magn\u00e9tique s'inspire des bo\u00eetes magn\u00e9tiques \u00e0 succion, qui sont faciles \u00e0 ouvrir et \u00e0 fermer et qui se referment fermement, am\u00e9liorant ainsi l'exp\u00e9rience de l'utilisateur tout en rehaussant le sens du haut de gamme.<\/p>\n<h2 id=\"-2-internal-and-external-double-color-contrast-combination-of-function-and-aesthetics-\"><strong>2. Contraste de deux couleurs \u00e0 l'int\u00e9rieur et \u00e0 l'ext\u00e9rieur, combinaison de la fonction et de l'esth\u00e9tique<\/strong><\/h2>\n<p>La bo\u00eete ext\u00e9rieure est blanc clair et la bo\u00eete int\u00e9rieure est blanc pur. Le contraste des couleurs forme une hi\u00e9rarchie visuelle qui permet de montrer clairement les d\u00e9tails structurels du dispositif d'extension de perruque dans la bo\u00eete et facilite l'identification rapide du produit lors de sa pr\u00e9sentation. La doublure d\u00e9coup\u00e9e \u00e0 l'emporte-pi\u00e8ce permet de stocker le produit de mani\u00e8re stable.<\/p>\n<h2 id=\"-3-material-and-structure-professional-grade-protection-stable-and-durable-\"><strong>3. Mat\u00e9riau et structure : protection de qualit\u00e9 professionnelle, stable et durable<\/strong><\/h2>\n<ul>\n<li><strong>Mat\u00e9riau de base<\/strong>: Carton gris 1200 GSM \u00e0 haute r\u00e9sistance, qui a une meilleure r\u00e9sistance \u00e0 la pression que le carton ordinaire et peut supporter les chocs du transport et l'empilage \u00e0 long terme.<\/li>\n<li><strong>Traitement de surface<\/strong>: Papier couch\u00e9 157 GSM avec film mat, r\u00e9sistant aux rayures et \u00e0 l'usure, toucher d\u00e9licat et meilleure reconnaissance de la marque.<\/li>\n<li><strong>Doublure int\u00e9rieure<\/strong>: Personnalis\u00e9 gr\u00e2ce \u00e0 un processus de d\u00e9coupage de pr\u00e9cision, il s'adapte parfaitement au contour de l'appareil \u00e0 perruque pour \u00e9viter que le produit ne tremble ou ne s'use.<\/li>\n<\/ul>\n<h2 id=\"-4-brand-empowerment-double-upgrade-of-texture-and-added-value-\"><strong>4. Renforcement de la marque : Double am\u00e9lioration de la texture et de la valeur ajout\u00e9e<\/strong><\/h2>\n<p>La conception de la bo\u00eete d'emballage int\u00e8gre des d\u00e9tails de luxe, tels que l'ouverture et la fermeture cach\u00e9es des boucles magn\u00e9tiques et les coins arrondis pour un traitement anti-collision. Le dos de la bo\u00eete peut \u00eatre personnalis\u00e9 avec une zone de marquage \u00e0 chaud de l'histoire de la marque pour renforcer la confiance des consommateurs dans le savoir-faire et la qualit\u00e9 de la marque, et contribuer \u00e0 augmenter l'espace de vente.<\/p>\n<h2 id=\"-5-supply-chain-advantages-16-years-of-professional-guarantee-flexible-customization-\"><strong>5. Avantages de la cha\u00eene d'approvisionnement : 16 ans de garantie professionnelle, personnalisation flexible<\/strong><\/h2>\n<ul>\n<li><strong>S\u00e9lection du processus<\/strong>: Prise en charge de plus de 20 personnalisations de processus telles que le vernis local UV, le gaufrage, l'ajustement de la force d'adsorption magn\u00e9tique, etc.<\/li>\n<li><strong>Adaptation de la taille<\/strong>: La taille de la bo\u00eete peut \u00eatre adapt\u00e9e aux diff\u00e9rentes sp\u00e9cifications des appareils \u00e0 perruque, avec une quantit\u00e9 minimale de commande de 500 pi\u00e8ces pour r\u00e9pondre aux besoins des petites et moyennes marques.<\/li>\n<li><strong>Avantage en termes de co\u00fbts<\/strong>: Approvisionnement en mati\u00e8res premi\u00e8res \u00e0 grande \u00e9chelle, prix 15%-20% inf\u00e9rieur \u00e0 celui des produits similaires, et p\u00e9riode de garantie pouvant aller jusqu'\u00e0 2 ans.<\/li>\n<\/ul>\n<h2 id=\"-customization-process-description-\"><strong>Description du processus de personnalisation<\/strong><\/h2>\n<ol>\n<li><strong>Communication de la demande<\/strong>: Indiquer la marque VI, la taille du produit et les exigences fonctionnelles (par exemple, si des bandes magn\u00e9tiques antivol sont n\u00e9cessaires).<\/li>\n<li><strong>\u00c9preuve 3D<\/strong>: Produire des bo\u00eetes d'\u00e9chantillons physiques dans les 72 heures pour confirmer la structure et les effets visuels.<\/li>\n<li><strong>Production de masse<\/strong>: Impression avec de l'encre \u00e0 base d'eau respectueuse de l'environnement, livraison sous 7 \u00e0 14 jours et suivi logistique mondial.<\/li>\n<\/ol>","protected":false},"excerpt":{"rendered":"<p>La bo\u00eete adopte une s\u00e9rie blanche simple et \u00e0 la mode, le design de la bo\u00eete \u00e0 couvercle magn\u00e9tique est simple et \u00e9l\u00e9gant, donnant aux gens un sentiment de raffinement. Elle est fabriqu\u00e9e en carton gris 1200 GSM et en papier couch\u00e9 157 GSM. La structure est stable et facile \u00e0 prot\u00e9ger votre appareil d'\u00e9pilation \u00e0 perruque.<\/p>","protected":false},"featured_media":1104,"template":"","meta":{"_kad_post_transparent":"default","_kad_post_title":"","_kad_post_layout":"default","_kad_post_sidebar_id":"","_kad_post_content_style":"default","_kad_post_vertical_padding":"default","_kad_post_feature":"","_kad_post_feature_position":"","_kad_post_header":false,"_kad_post_footer":false,"_kad_post_classname":""},"product_brand":[],"product_cat":[15,28,27,17],"product_tag":[426,425,427],"class_list":{"0":"post-1103","1":"product","2":"type-product","3":"status-publish","4":"has-post-thumbnail","6":"product_cat-red-light-therapy","7":"product_cat-customize","8":"product_cat-red-light-therapy-belt","9":"product_cat-services","10":"product_tag-hair-removal-device-box","11":"product_tag-magnetic-hair-extensions-packaging-box","12":"product_tag-wig-magnetic-closure-box","14":"first","15":"instock","16":"shipping-taxable","17":"product-type-simple","18":"entry","19":"content-bg","20":"loop-entry"},"_links":{"self":[{"href":"https:\/\/red-lighttherapy.com\/fr_fr\/wp-json\/wp\/v2\/product\/1103","targetHints":{"allow":["GET"]}}],"collection":[{"href":"https:\/\/red-lighttherapy.com\/fr_fr\/wp-json\/wp\/v2\/product"}],"about":[{"href":"https:\/\/red-lighttherapy.com\/fr_fr\/wp-json\/wp\/v2\/types\/product"}],"wp:featuredmedia":[{"embeddable":true,"href":"https:\/\/red-lighttherapy.com\/fr_fr\/wp-json\/wp\/v2\/media\/1104"}],"wp:attachment":[{"href":"https:\/\/red-lighttherapy.com\/fr_fr\/wp-json\/wp\/v2\/media?parent=1103"}],"wp:term":[{"taxonomy":"product_brand","embeddable":true,"href":"https:\/\/red-lighttherapy.com\/fr_fr\/wp-json\/wp\/v2\/product_brand?post=1103"},{"taxonomy":"product_cat","embeddable":true,"href":"https:\/\/red-lighttherapy.com\/fr_fr\/wp-json\/wp\/v2\/product_cat?post=1103"},{"taxonomy":"product_tag","embeddable":true,"href":"https:\/\/red-lighttherapy.com\/fr_fr\/wp-json\/wp\/v2\/product_tag?post=1103"}],"curies":[{"name":"wp","href":"https:\/\/api.w.org\/{rel}","templated":true}]}}