{"id":1091,"date":"2025-04-16T07:58:12","date_gmt":"2025-04-16T07:58:12","guid":{"rendered":"https:\/\/red-lighttherapy.com\/?post_type=product&#038;p=1091"},"modified":"2025-04-16T08:13:25","modified_gmt":"2025-04-16T08:13:25","slug":"agency-luxury-lid-and-base-box-for-clothing-sock-packaging","status":"publish","type":"product","link":"https:\/\/red-lighttherapy.com\/fr_fr\/agency-luxury-lid-and-base-box-for-clothing-sock-packaging\/","title":{"rendered":"Bo\u00eete de luxe de l'Agence pour l'emballage de chaussettes de v\u00eatements"},"content":{"rendered":"<h2 id=\"-product-instructions-for-the-agent-of-luxury-clothing-and-socks-packaging-heaven-and-earth-box-\">Agence Bo\u00eete de luxe avec couvercle et base pour l'emballage de chaussettes de v\u00eatements Description du produit<\/h2>\n<h2 id=\"-1-visual-presentation-a-balance-between-simplicity-and-luxury-\"><strong>1. Pr\u00e9sentation visuelle : Un \u00e9quilibre entre simplicit\u00e9 et luxe<\/strong><\/h2>\n<ul>\n<li><strong>Correspondance des couleurs et logo<\/strong>: Le corps de la bo\u00eete est recouvert d'un papier sp\u00e9cial noir mat, et la surface est d\u00e9licate ; le logo est emboss\u00e9 ou estamp\u00e9 \u00e0 chaud (en option), et l'effet de micro-embossage monochrome est utilis\u00e9 pour am\u00e9liorer la reconnaissance de la marque, \u00e9viter l'interf\u00e9rence de couleurs complexes, et s'adapter au temp\u00e9rament sobre des marques haut de gamme.<\/li>\n<li><strong>Langage de mod\u00e9lisation<\/strong>: La bo\u00eete carr\u00e9e pr\u00e9sente des lignes nettes et ne comporte pas de d\u00e9corations superflues. La texture du papier et le niveau de lumi\u00e8re et d'ombre mettent en valeur la texture, soulignant la philosophie du design \"moins c'est plus\".<\/li>\n<\/ul>\n<h2 id=\"-2-structure-and-opening-and-closing-experience-\"><strong>2. Structure et exp\u00e9rience d'ouverture et de cl\u00f4ture<\/strong><\/h2>\n<ul>\n<li><strong>Conception de la couverture de la t\u00eate et de la terre<\/strong>: Les couvercles sup\u00e9rieur et inf\u00e9rieur s'ajustent avec pr\u00e9cision, l'ouverture et la fermeture se font en douceur et la fermeture est stable. Lors de l'ouverture, le couvercle glisse naturellement, r\u00e9v\u00e9lant la doublure du produit, donnant au processus de d\u00e9ballage une impression de rituel comme un paquet cadeau, et am\u00e9liorant l'exp\u00e9rience du premier contact avec le client.<\/li>\n<li><strong>Portance et durabilit\u00e9<\/strong>: Le papier sp\u00e9cial \u00e0 haut grammage de 120 g est recouvert d'un carton \u00e9pais de 1,5 mm, dont la r\u00e9sistance \u00e0 la compression est 1,2 fois sup\u00e9rieure \u00e0 la norme industrielle, ce qui garantit qu'il ne se d\u00e9formera pas pendant le transport et le stockage \u00e0 long terme.<\/li>\n<\/ul>\n<h2 id=\"-3-material-and-process-details-\"><strong>3. D\u00e9tails des mat\u00e9riaux et des proc\u00e9d\u00e9s<\/strong><\/h2>\n<ul>\n<li><strong>Mat\u00e9riau de la bo\u00eete ext\u00e9rieure<\/strong>: La surface du papier sp\u00e9cial est trait\u00e9e contre les rayures, r\u00e9siste aux traces de doigts et est facile \u00e0 nettoyer ; la couche centrale en carton utilise des mat\u00e9riaux \u00e9cologiques certifi\u00e9s FSC, ce qui est conforme au concept de durabilit\u00e9.<\/li>\n<li><strong>Doublure personnalis\u00e9e<\/strong>: Le plateau int\u00e9rieur est compos\u00e9 d'\u00e9ponge EVA, de coton perl\u00e9 ou de flocage et d'autres options. Les rainures peuvent \u00eatre personnalis\u00e9es en fonction de la taille des chaussettes afin d'assurer la double fonction de fixation du produit et de protection contre les chocs, ce qui convient aux paquets simples et doubles, aux coffrets cadeaux et \u00e0 d'autres besoins.<\/li>\n<\/ul>\n<h2 id=\"-4-customized-service-\"><strong>4. Service personnalis\u00e9<\/strong><\/h2>\n<ul>\n<li><strong>Flexibilit\u00e9 d'impression<\/strong>: Ils permettent l'impression UV, la s\u00e9rigraphie ou l'estampage \u00e0 chaud de logos, de slogans de marque et de motifs, et peuvent correspondre aux couleurs d'accompagnement Pantone pour garantir la coh\u00e9rence visuelle.<\/li>\n<li><strong>Adaptation de la taille<\/strong>: Ajuster la taille de la bo\u00eete en fonction des sp\u00e9cifications du produit du client (telles que la longueur et la hauteur de la chaussette), avec une quantit\u00e9 de commande minimale de 500 pi\u00e8ces pour r\u00e9pondre aux besoins de personnalisation des petits et moyens lots.<\/li>\n<\/ul>\n<h2 id=\"-5-quality-assurance-system-\"><strong>5. Syst\u00e8me d'assurance qualit\u00e9<\/strong><\/h2>\n<ul>\n<li><strong>Normes de production<\/strong>: S'appuyant sur 16 ans d'exp\u00e9rience professionnelle dans le domaine de l'impression et de l'emballage, nous utilisons des machines de d\u00e9coupe enti\u00e8rement automatiques et des syst\u00e8mes de contr\u00f4le de la qualit\u00e9 afin de garantir que l'erreur dans le corps de la bo\u00eete est \u22640,5 mm et que le taux de qualification des produits finis atteint 99,8%.<\/li>\n<li><strong>Engagement de service<\/strong>: Un suivi complet, de l'\u00e9preuve de conception \u00e0 la livraison des lots, des retours et des \u00e9changes sans souci de qualit\u00e9 sous 30 jours, et une r\u00e9ponse aux besoins personnalis\u00e9s dans les 72 heures.<\/li>\n<\/ul>\n<h2 id=\"-6-application-scenarios-\"><strong>6. Sc\u00e9narios d'application<\/strong><\/h2>\n<ul>\n<li><strong>Commerce de d\u00e9tail haut de gamme<\/strong>: En tant qu'emballage de pr\u00e9sentation d'une marque dans un magasin, il renforce l'attrait de l'\u00e9tag\u00e8re.<\/li>\n<li><strong>March\u00e9 des cadeaux<\/strong>: Avec des rubans ou des scell\u00e9s de taille, les bo\u00eetes-cadeaux de vacances permettent d'augmenter la valeur des cadeaux.<\/li>\n<li><strong>Logistique du commerce \u00e9lectronique<\/strong>: Optimiser la conception de la structure sismique, r\u00e9duire les pertes de transport et les co\u00fbts apr\u00e8s-vente.<\/li>\n<\/ul>","protected":false},"excerpt":{"rendered":"<p>Cette bo\u00eete \u00e0 couvercle et \u00e0 base est con\u00e7ue pour les v\u00eatements et les accessoires haut de gamme. Elle allie une esth\u00e9tique simple \u00e0 des fonctions pratiques pour cr\u00e9er une solution d'emballage avec un sens de la c\u00e9r\u00e9monie et de la qualit\u00e9. Le corps de la bo\u00eete adopte une structure classique de couvercle et de base, avec une couleur principale noire et un logo de marque. Elle utilise un langage de conception minimaliste pour transmettre un ton de marque discret et luxueux, adapt\u00e9 aux produits de luxe, aux v\u00eatements de luxe l\u00e9gers et aux sc\u00e8nes de cadeaux.<\/p>","protected":false},"featured_media":1095,"template":"","meta":{"_kad_post_transparent":"default","_kad_post_title":"","_kad_post_layout":"default","_kad_post_sidebar_id":"","_kad_post_content_style":"default","_kad_post_vertical_padding":"default","_kad_post_feature":"","_kad_post_feature_position":"","_kad_post_header":false,"_kad_post_footer":false,"_kad_post_classname":""},"product_brand":[],"product_cat":[15,30,19,17],"product_tag":[421,419,420],"class_list":{"0":"post-1091","1":"product","2":"type-product","3":"status-publish","4":"has-post-thumbnail","6":"product_cat-red-light-therapy","7":"product_cat-dropshipping","8":"product_cat-red-light-therapy-stand","9":"product_cat-services","10":"product_tag-custom-clothing-sock-packaging","11":"product_tag-lid-and-base-box-for-clothing","12":"product_tag-lid-and-base-box-for-sock","14":"first","15":"instock","16":"shipping-taxable","17":"product-type-simple","18":"entry","19":"content-bg","20":"loop-entry"},"_links":{"self":[{"href":"https:\/\/red-lighttherapy.com\/fr_fr\/wp-json\/wp\/v2\/product\/1091","targetHints":{"allow":["GET"]}}],"collection":[{"href":"https:\/\/red-lighttherapy.com\/fr_fr\/wp-json\/wp\/v2\/product"}],"about":[{"href":"https:\/\/red-lighttherapy.com\/fr_fr\/wp-json\/wp\/v2\/types\/product"}],"wp:featuredmedia":[{"embeddable":true,"href":"https:\/\/red-lighttherapy.com\/fr_fr\/wp-json\/wp\/v2\/media\/1095"}],"wp:attachment":[{"href":"https:\/\/red-lighttherapy.com\/fr_fr\/wp-json\/wp\/v2\/media?parent=1091"}],"wp:term":[{"taxonomy":"product_brand","embeddable":true,"href":"https:\/\/red-lighttherapy.com\/fr_fr\/wp-json\/wp\/v2\/product_brand?post=1091"},{"taxonomy":"product_cat","embeddable":true,"href":"https:\/\/red-lighttherapy.com\/fr_fr\/wp-json\/wp\/v2\/product_cat?post=1091"},{"taxonomy":"product_tag","embeddable":true,"href":"https:\/\/red-lighttherapy.com\/fr_fr\/wp-json\/wp\/v2\/product_tag?post=1091"}],"curies":[{"name":"wp","href":"https:\/\/api.w.org\/{rel}","templated":true}]}}