{"id":1080,"date":"2025-04-16T07:33:52","date_gmt":"2025-04-16T07:33:52","guid":{"rendered":"https:\/\/red-lighttherapy.com\/?post_type=product&#038;p=1080"},"modified":"2025-04-16T07:57:50","modified_gmt":"2025-04-16T07:57:50","slug":"top-and-bottom-packaging-boxes-vendor-for-phone-accessories","status":"publish","type":"product","link":"https:\/\/red-lighttherapy.com\/fr_fr\/top-and-bottom-packaging-boxes-vendor-for-phone-accessories\/","title":{"rendered":"Bo\u00eetes d'emballage sup\u00e9rieures et inf\u00e9rieures Vendeur pour accessoires de t\u00e9l\u00e9phone"},"content":{"rendered":"<h2 id=\"-mobile-phone-accessories-box-packaging-solution-\"><strong>Solution d'emballage pour les accessoires de t\u00e9l\u00e9phonie mobile<\/strong><\/h2>\n<h2 id=\"-i-core-material-environmentally-friendly-and-stable-\"><strong>1. Mat\u00e9riau de base : \u00e9cologique et stable<\/strong><\/h2>\n<p><strong>Papier double cuivre de plus de 300g<\/strong>\u00a0est utilis\u00e9 comme papier de surface, et\u00a0<strong>carton gris haute densit\u00e9 blanc simple face<\/strong>\u00a0est utilis\u00e9 comme base pour cr\u00e9er une structure de bo\u00eete solide et stable. La surface du papier cuivr\u00e9 est lisse et d\u00e9licate, avec une reproduction \u00e9lev\u00e9e des couleurs, garantissant des motifs imprim\u00e9s clairs et lumineux ; le carton gris offre une excellente r\u00e9sistance \u00e0 la pression et une grande durabilit\u00e9, permettant de fixer efficacement les accessoires de t\u00e9l\u00e9phonie mobile (chargeurs, c\u00e2bles de donn\u00e9es, \u00e9couteurs, etc.) afin d'\u00e9viter les secousses et les collisions pendant le transport. Tous les mat\u00e9riaux sont conformes aux normes de protection de l'environnement, favorisent le recyclage et la r\u00e9utilisation et r\u00e9pondent \u00e0 la tendance de l'emballage \u00e9cologique.<\/p>\n<h2 id=\"-ii-appearance-design-simple-and-atmospheric-the-brand-image-is-vivid-on-the-box-\"><strong>2. Design : simple et atmosph\u00e9rique, l'image de marque est bien visible sur la bo\u00eete.<\/strong><\/h2>\n<ol>\n<li>Le corps de la bo\u00eete est bas\u00e9 sur\u00a0<strong>blanc pur<\/strong>\u00a0et adopte\u00a0<strong>la technologie d'impression en quadrichromie (CMYK)<\/strong>\u00a0pour pr\u00e9senter avec pr\u00e9cision le logo et les informations graphiques du client, en veillant \u00e0 la saturation des couleurs et \u00e0 la superposition des d\u00e9tails.<\/li>\n<li>Soutien\u00a0<strong>d\u00e9grad\u00e9, couleur d'accompagnement, marquage \u00e0 chaud<\/strong>\u00a0et d'autres proc\u00e9d\u00e9s sp\u00e9ciaux, tels que l'am\u00e9lioration de la brillance locale gr\u00e2ce \u00e0 l'impression UV ou l'utilisation de la technologie de gaufrage pour mettre en valeur le sens tridimensionnel du logo de la marque.<\/li>\n<li>La surface des bo\u00eetes sup\u00e9rieures et inf\u00e9rieures adopte\u00a0<strong>technologie de pelliculage des films mats<\/strong>\u00a0pour am\u00e9liorer la r\u00e9sistance \u00e0 l'usure et la performance anti-salissure, et il n'est pas facile de laisser des empreintes digitales ou des rayures lors de l'utilisation quotidienne, tout en am\u00e9liorant la texture du corps de la bo\u00eete.<\/li>\n<\/ol>\n<h2 id=\"-three-structural-optimization-humanized-opening-and-closing-and-adaptability-\"><strong>3. optimisation structurelle : ouverture et fermeture humanis\u00e9es et adaptabilit\u00e9<\/strong><\/h2>\n<ol>\n<li><strong>Facile \u00e0 ouvrir et \u00e0 fermer<\/strong>: Le couvercle et le fond de la bo\u00eete adoptent une technologie de d\u00e9coupage de pr\u00e9cision, et la conception de ralentissement de l'air garantit que le fond de la bo\u00eete tombe en douceur lors de l'ouverture de la bo\u00eete (voir la structure brevet\u00e9e d'Apple).<\/li>\n<li><strong>Position des doigts sur le c\u00f4t\u00e9<\/strong>: Le c\u00f4t\u00e9 est r\u00e9serv\u00e9 \u00e0 une rainure en arc de cercle, qui peut \u00eatre facilement ouverte d'une seule main pour am\u00e9liorer l'exp\u00e9rience de l'utilisateur.<\/li>\n<li>Fournir\u00a0<strong>carr\u00e9e, hexagonale, \u00e0 tiroir, \u00e0 aspiration magn\u00e9tique<\/strong>\u00a0et d'autres types de bo\u00eetes pour s'adapter aux diff\u00e9rentes tailles d'accessoires et aux besoins de pr\u00e9sentation. Par exemple :<\/li>\n<li><strong>Bo\u00eete \u00e0 tiroirs<\/strong>: Adapt\u00e9 aux ensembles multi-accessoires, le syst\u00e8me de tirage lat\u00e9ral est facile \u00e0 classer et \u00e0 ranger.<\/li>\n<li><strong>Bo\u00eete \u00e0 boucles magn\u00e9tiques<\/strong>: Le meilleur choix pour les mod\u00e8les haut de gamme, avec une fermeture stable et un sens aigu du c\u00e9r\u00e9monial.<\/li>\n<\/ol>\n<h2 id=\"-fourth-customized-service-flexibly-meet-personalized-needs-\"><strong>4. Service personnalis\u00e9 : r\u00e9pondre avec souplesse aux besoins personnalis\u00e9s<\/strong><\/h2>\n<ol>\n<li>Permet la conception personnalis\u00e9e de toute la surface de la bo\u00eete, qui peut \u00eatre int\u00e9gr\u00e9e \u00e0 des histoires de marque, \u00e0 des param\u00e8tres de produits ou \u00e0 des illustrations artistiques. En voici un exemple :<\/li>\n<li><strong>Creusement partiel<\/strong>: Avec une fen\u00eatre transparente pour afficher les d\u00e9tails des accessoires.<\/li>\n<li><strong>\u00c9l\u00e9ments culturels<\/strong>: Combin\u00e9 \u00e0 la technologie de marquage \u00e0 chaud pour pr\u00e9senter des motifs traditionnels et mettre en valeur le ton du produit.<\/li>\n<li>Personnaliser la structure de la doublure en fonction de la taille des accessoires (tels que les \u00e9couteurs sans fil, les blocs d'alimentation mobiles) et de l'utilisation.\u00a0<strong>Plateaux blister EVA ou carton nid d'abeille<\/strong>\u00a0pour fixer le produit, en tenant compte \u00e0 la fois de la protection et de la l\u00e9g\u00e8ret\u00e9.<\/li>\n<\/ol>\n<h2 id=\"-v-production-capacity-and-quality-control-guarantee-\"><strong>5. Capacit\u00e9 de production et garantie de contr\u00f4le de la qualit\u00e9<\/strong><\/h2>\n<ol>\n<li>Avec\u00a0<strong>5 320 m\u00e8tres carr\u00e9s d'ateliers modernes<\/strong>\u00c9quip\u00e9 de machines de d\u00e9coupe enti\u00e8rement automatiques, de lignes d'impression UV et d'\u00e9quipements de pelliculage respectueux de l'environnement, il supporte une capacit\u00e9 de production quotidienne de plus de 100 000 pi\u00e8ces, et le cycle de livraison est r\u00e9duit \u00e0\u00a0<strong>15-20 jours ouvrables<\/strong>.<\/li>\n<li>Du stockage des mati\u00e8res premi\u00e8res \u00e0 la livraison des produits finis, nous mettons en \u0153uvre\u00a0<strong>processus d'inspection de la qualit\u00e9 \u00e0 six niveaux<\/strong>, notamment la d\u00e9tection des diff\u00e9rences de couleur (\u0394E\u22641,5), le test de chute (1,5 m\u00e8tre de haut sans dommage), le test de r\u00e9sistance \u00e0 l'humidit\u00e9 et aux intemp\u00e9ries, etc.<\/li>\n<\/ol>\n<h2 id=\"-vi-application-scenarios-and-case-studies-\"><strong>6. Sc\u00e9narios d'application et \u00e9tudes de cas<\/strong><\/h2>\n<ul>\n<li><strong>Accessoires haut de gamme<\/strong>La bo\u00eete d'\u00e9couteurs Bluetooth sans fil adopte une bo\u00eete \u00e0 ventouse magn\u00e9tique et un logo estampill\u00e9 \u00e0 chaud pour am\u00e9liorer l'exp\u00e9rience de d\u00e9ballage.<\/li>\n<li><strong>Ensemble respectueux de l'environnement<\/strong>Le projet a \u00e9t\u00e9 r\u00e9alis\u00e9 en utilisant du carton gris d\u00e9gradable et de l'encre d'imprimerie, en accord avec le concept de d\u00e9veloppement durable.<\/li>\n<\/ul>\n<h2 id=\"-choose-us-you-will-get-\"><strong>En nous choisissant, vous obtiendrez :<\/strong><\/h2>\n<p>\u2705\u00a0<strong>\u00c9quipe de conception professionnelle<\/strong>: Service 1 \u00e0 1 de la communication de la demande \u00e0 la confirmation de l'\u00e9preuve. \u2705\u00a0<strong>Livraison efficace<\/strong>: Les commandes acc\u00e9l\u00e9r\u00e9es peuvent \u00eatre exp\u00e9di\u00e9es dans un d\u00e9lai aussi rapide que 7 jours, en soutenant le suivi logistique mondial. \u2705\u00a0<strong>Optimisation des co\u00fbts<\/strong>: Approvisionnement \u00e0 grande \u00e9chelle et production all\u00e9g\u00e9e, 15%-20% inf\u00e9rieur au prix moyen du march\u00e9.<\/p>","protected":false},"excerpt":{"rendered":"<p>Le couvercle et la bo\u00eete de base sont d'un blanc pur, et le processus d'impression en quadrichromie permet d'imprimer avec pr\u00e9cision le logo du client. Cette conception cr\u00e9e un style g\u00e9n\u00e9ral simple et \u00e9l\u00e9gant. Des mat\u00e9riaux de haute qualit\u00e9 ont \u00e9t\u00e9 s\u00e9lectionn\u00e9s, avec du papier couch\u00e9 pour la face avant et un carton gris blanc simple face pour la base. Le corps de la bo\u00eete est solide et stable, et le produit peut \u00eatre fix\u00e9 de mani\u00e8re fiable.<\/p>","protected":false},"featured_media":1089,"template":"","meta":{"_kad_post_transparent":"default","_kad_post_title":"","_kad_post_layout":"default","_kad_post_sidebar_id":"","_kad_post_content_style":"default","_kad_post_vertical_padding":"default","_kad_post_feature":"","_kad_post_feature_position":"","_kad_post_header":false,"_kad_post_footer":false,"_kad_post_classname":""},"product_brand":[],"product_cat":[15,19,17],"product_tag":[417,418,416],"class_list":{"0":"post-1080","1":"product","2":"type-product","3":"status-publish","4":"has-post-thumbnail","6":"product_cat-red-light-therapy","7":"product_cat-red-light-therapy-stand","8":"product_cat-services","9":"product_tag-phone-accessories-packaging-boxes","10":"product_tag-phone-packaging-boxes-vendor","11":"product_tag-top-and-bottom-packaging-boxes","13":"first","14":"instock","15":"shipping-taxable","16":"product-type-simple","17":"entry","18":"content-bg","19":"loop-entry"},"_links":{"self":[{"href":"https:\/\/red-lighttherapy.com\/fr_fr\/wp-json\/wp\/v2\/product\/1080","targetHints":{"allow":["GET"]}}],"collection":[{"href":"https:\/\/red-lighttherapy.com\/fr_fr\/wp-json\/wp\/v2\/product"}],"about":[{"href":"https:\/\/red-lighttherapy.com\/fr_fr\/wp-json\/wp\/v2\/types\/product"}],"wp:featuredmedia":[{"embeddable":true,"href":"https:\/\/red-lighttherapy.com\/fr_fr\/wp-json\/wp\/v2\/media\/1089"}],"wp:attachment":[{"href":"https:\/\/red-lighttherapy.com\/fr_fr\/wp-json\/wp\/v2\/media?parent=1080"}],"wp:term":[{"taxonomy":"product_brand","embeddable":true,"href":"https:\/\/red-lighttherapy.com\/fr_fr\/wp-json\/wp\/v2\/product_brand?post=1080"},{"taxonomy":"product_cat","embeddable":true,"href":"https:\/\/red-lighttherapy.com\/fr_fr\/wp-json\/wp\/v2\/product_cat?post=1080"},{"taxonomy":"product_tag","embeddable":true,"href":"https:\/\/red-lighttherapy.com\/fr_fr\/wp-json\/wp\/v2\/product_tag?post=1080"}],"curies":[{"name":"wp","href":"https:\/\/api.w.org\/{rel}","templated":true}]}}