{"id":1074,"date":"2025-04-16T07:17:06","date_gmt":"2025-04-16T07:17:06","guid":{"rendered":"https:\/\/red-lighttherapy.com\/?post_type=product&#038;p=1074"},"modified":"2025-04-16T07:33:44","modified_gmt":"2025-04-16T07:33:44","slug":"custom-black-slide-drawer-t-shirt-clothes-packaging-dealers","status":"publish","type":"product","link":"https:\/\/red-lighttherapy.com\/fr_fr\/custom-black-slide-drawer-t-shirt-clothes-packaging-dealers\/","title":{"rendered":"Tiroir coulissant noir personnalis\u00e9 pour l'emballage de v\u00eatements en t-shirt Revendeurs"},"content":{"rendered":"<h2 id=\"-customized-black-drawer-style-t-shirt-clothing-packaging-solution-\"><strong>Solution d'emballage de v\u00eatements T-shirt \u00e0 tiroir noir personnalis\u00e9<\/strong><\/h2>\n<h2 id=\"1-advanced-materials-and-craftsmanship-\">1.\u00a0<strong>Des mat\u00e9riaux et un savoir-faire de pointe<\/strong><\/h2>\n<ul>\n<li><strong>Combinaison de papier sp\u00e9cial et de carton gris<\/strong>: L'emballage ext\u00e9rieur utilise un papier sp\u00e9cial textur\u00e9 de 120 g, qui pr\u00e9sente une surface d\u00e9licate et stratifi\u00e9e, et est associ\u00e9 \u00e0 une doublure en carton gris haute densit\u00e9 de 1200 g pour garantir la rigidit\u00e9 et la r\u00e9sistance \u00e0 la pression de la bo\u00eete, en tenant compte \u00e0 la fois de l'apparence, de la texture et de la performance de protection.<\/li>\n<li><strong>Technologie d'emboutissage du bronze b\u00e9nissant<\/strong>: La surface utilise la technologie de l'estampage d'or tridimensionnel, et le logo ou le motif de la marque saute sur le papier avec un \u00e9clat m\u00e9tallique, pr\u00e9sentant un visuel luxueux \"dor\u00e9\", renfor\u00e7ant la reconnaissance et la tonalit\u00e9 de la marque.<\/li>\n<\/ul>\n<h2 id=\"2-drawer-style-structure-design-\">2.\u00a0<strong>Structure \u00e0 tiroirs<\/strong><\/h2>\n<ul>\n<li><strong>C\u00e9r\u00e9monie et commodit\u00e9 coexistent<\/strong>: La forme de la bo\u00eete \u00e0 tiroirs s'inspire de la conception classique du rangement, et les tiroirs s'ouvrent et se ferment en douceur. Le processus d'ouverture et de fermeture donne aux utilisateurs l'impression d'une \"c\u00e9r\u00e9monie de d\u00e9ballage\", tout en facilitant le stockage et la r\u00e9cup\u00e9ration r\u00e9p\u00e9t\u00e9s des T-shirts. La structure de la bo\u00eete a \u00e9t\u00e9 calcul\u00e9e avec pr\u00e9cision pour garantir que le tiroir et la bo\u00eete ext\u00e9rieure sont fermement reli\u00e9s afin d'\u00e9viter tout rel\u00e2chement.<\/li>\n<li><strong>Coupe ergonomique<\/strong>: Personnaliser les proportions de la bo\u00eete en fonction de la taille de pliage du T-shirt, et recommander une structure de tiroir \u00e0 une ou plusieurs couches (comme les bo\u00eetes-cadeaux \u00e0 plusieurs pi\u00e8ces), convenant aux cadeaux d'affaires, aux ventes en \u00e9dition limit\u00e9e et \u00e0 d'autres sc\u00e9narios.<\/li>\n<\/ul>\n<h2 id=\"3-environmental-certification-and-sustainable-concept-\">3.\u00a0<strong>Certification environnementale et concept durable<\/strong><\/h2>\n<ul>\n<li><strong>Certification foresti\u00e8re FSC<\/strong>: Tous les mat\u00e9riaux d'emballage sont certifi\u00e9s FSC afin de garantir que la source de papier respecte les normes de gestion durable des for\u00eats et r\u00e9pond aux besoins des marques haut de gamme en mati\u00e8re de protection de l'environnement et de responsabilit\u00e9 sociale.<\/li>\n<li><strong>Conception recyclable<\/strong>: Adopter une colle respectueuse de l'environnement et un film de marquage \u00e0 chaud d\u00e9gradable, en tenant compte \u00e0 la fois de la beaut\u00e9 et de la protection de l'environnement, afin d'aider la marque \u00e0 v\u00e9hiculer des valeurs vertes.<\/li>\n<\/ul>\n<h2 id=\"4-service-system-and-advantages-\">4.\u00a0<strong>Syst\u00e8me de service et avantages<\/strong><\/h2>\n<ul>\n<li><strong>Solution professionnelle personnalis\u00e9e<\/strong>: Qu'il s'agisse de la taille du T-shirt, du ton de la marque ou des sc\u00e9narios d'utilisation (tels que les bo\u00eetes cadeaux pour les f\u00eates, les ventes conjointes), nous fournissons des suggestions personnalis\u00e9es en mati\u00e8re de type de bo\u00eete, de processus et de conception visuelle afin d'am\u00e9liorer l'adaptabilit\u00e9 des produits et de l'emballage.<\/li>\n<li><strong>Garantie de livraison rapide<\/strong>: S'appuyant sur des lignes de production intelligentes (telles que la d\u00e9coupe au laser et la technologie de moulage par compression), l'entreprise prend en charge les commandes de petits ou de grands lots et livre dans un d\u00e9lai de 72 heures, tout en proc\u00e9dant \u00e0 une inspection compl\u00e8te de la qualit\u00e9 pour garantir que le produit fini est irr\u00e9prochable.<\/li>\n<li><strong>Un choix tr\u00e8s rentable<\/strong>: R\u00e9duire les co\u00fbts gr\u00e2ce \u00e0 l'optimisation de la combinaison des processus (par exemple, marquage \u00e0 chaud partiel + papier sp\u00e9cial ordinaire) tout en conservant une texture haut de gamme, adapt\u00e9e aux divers besoins des jeunes marques comme des produits de luxe.<\/li>\n<\/ul>\n<h2 id=\"5-application-scenarios-and-cases-\">5.\u00a0<strong>Sc\u00e9narios et cas d'application<\/strong><\/h2>\n<ul>\n<li><strong>Mod\u00e8les de joints de luxe<\/strong>: La bo\u00eete \u00e0 tiroirs noire avec marquage \u00e0 chaud et papier textur\u00e9 mat souligne la raret\u00e9 et la valeur de collection des t-shirts en \u00e9dition limit\u00e9e (cas de r\u00e9f\u00e9rence : logique de conception de l'emballage de la bo\u00eete rigide de LV).<\/li>\n<li><strong>Coffret cadeau pour les f\u00eates de fin d'ann\u00e9e<\/strong>: La structure \u00e0 tiroirs multiples permet de ranger des T-shirts et des accessoires, et l'impression cach\u00e9e au dos peut \u00eatre personnalis\u00e9e avec des motifs sur le th\u00e8me des vacances pour renforcer la surprise du d\u00e9ballage.<\/li>\n<li><strong>\u00c9v\u00e9nement flash de la marque<\/strong>: Combiner un marquage \u00e0 chaud lumineux ou une technologie de changement de couleur sensible \u00e0 la temp\u00e9rature (comme le stade lumineux de SOULGOODS) pour cr\u00e9er un emballage interactif afin d'inciter les jeunes consommateurs \u00e0 prendre des photos et \u00e0 les diffuser.<\/li>\n<\/ul>","protected":false},"excerpt":{"rendered":"<p>Bo\u00eete \u00e0 tiroirs \u00e0 papier, facile \u00e0 retirer et plus pratique, fabriqu\u00e9e en papier sp\u00e9cial textur\u00e9 de haute qualit\u00e9, la myst\u00e9rieuse s\u00e9rie de sensation haut de gamme, le mat\u00e9riel utilis\u00e9 est du papier sp\u00e9cial textur\u00e9 120G et du carton rigide 1200G, solide et durable.<\/p>","protected":false},"featured_media":1078,"template":"","meta":{"_kad_post_transparent":"default","_kad_post_title":"","_kad_post_layout":"default","_kad_post_sidebar_id":"","_kad_post_content_style":"default","_kad_post_vertical_padding":"default","_kad_post_feature":"","_kad_post_feature_position":"","_kad_post_header":false,"_kad_post_footer":false,"_kad_post_classname":""},"product_brand":[],"product_cat":[15,30,20,17],"product_tag":[414,415,413],"class_list":{"0":"post-1074","1":"product","2":"type-product","3":"status-publish","4":"has-post-thumbnail","6":"product_cat-red-light-therapy","7":"product_cat-dropshipping","8":"product_cat-led-face-light-therapy","9":"product_cat-services","10":"product_tag-clothes-packaging-dealers","11":"product_tag-custom-black-clothes-box","12":"product_tag-drawer-t-shirt-packaging","14":"first","15":"instock","16":"shipping-taxable","17":"product-type-simple","18":"entry","19":"content-bg","20":"loop-entry"},"_links":{"self":[{"href":"https:\/\/red-lighttherapy.com\/fr_fr\/wp-json\/wp\/v2\/product\/1074","targetHints":{"allow":["GET"]}}],"collection":[{"href":"https:\/\/red-lighttherapy.com\/fr_fr\/wp-json\/wp\/v2\/product"}],"about":[{"href":"https:\/\/red-lighttherapy.com\/fr_fr\/wp-json\/wp\/v2\/types\/product"}],"wp:featuredmedia":[{"embeddable":true,"href":"https:\/\/red-lighttherapy.com\/fr_fr\/wp-json\/wp\/v2\/media\/1078"}],"wp:attachment":[{"href":"https:\/\/red-lighttherapy.com\/fr_fr\/wp-json\/wp\/v2\/media?parent=1074"}],"wp:term":[{"taxonomy":"product_brand","embeddable":true,"href":"https:\/\/red-lighttherapy.com\/fr_fr\/wp-json\/wp\/v2\/product_brand?post=1074"},{"taxonomy":"product_cat","embeddable":true,"href":"https:\/\/red-lighttherapy.com\/fr_fr\/wp-json\/wp\/v2\/product_cat?post=1074"},{"taxonomy":"product_tag","embeddable":true,"href":"https:\/\/red-lighttherapy.com\/fr_fr\/wp-json\/wp\/v2\/product_tag?post=1074"}],"curies":[{"name":"wp","href":"https:\/\/api.w.org\/{rel}","templated":true}]}}