{"id":1061,"date":"2025-04-16T06:22:13","date_gmt":"2025-04-16T06:22:13","guid":{"rendered":"https:\/\/red-lighttherapy.com\/?post_type=product&#038;p=1061"},"modified":"2025-04-16T06:54:40","modified_gmt":"2025-04-16T06:54:40","slug":"trading-logo-custom-printed-shopping-paper-bags-for-clothing","status":"publish","type":"product","link":"https:\/\/red-lighttherapy.com\/fr_fr\/trading-logo-custom-printed-shopping-paper-bags-for-clothing\/","title":{"rendered":"Trading Logo Sacs en papier imprim\u00e9s pour v\u00eatements"},"content":{"rendered":"<h2 id=\"-trading-logo-custom-printed-shopping-paper-bags-for-clothing-product-description-\"><strong>Sacs en papier imprim\u00e9s pour v\u00eatements avec logo commercial Description du produit<\/strong><\/h2>\n<h2 id=\"-1-aesthetic-design-axially-symmetrical-geometric-shapes-and-mexican-totem-elements-\"><strong>1. Conception esth\u00e9tique : Formes g\u00e9om\u00e9triques \u00e0 sym\u00e9trie axiale et \u00e9l\u00e9ments tot\u00e9miques mexicains<\/strong><\/h2>\n<ul>\n<li><strong>Esth\u00e9tique sym\u00e9trique<\/strong>: Le sac en papier adopte un design g\u00e9om\u00e9trique sym\u00e9trique qui transmet une texture haut de gamme et un sens de l'ordre gr\u00e2ce au langage visuel de l'\u00e9quilibre des miroirs gauche et droit, ce qui est conforme au concept de base \"la sym\u00e9trie apporte un confort visuel et une association de qualit\u00e9\" dans la conception d'emballages modernes.<\/li>\n<li><strong>Fusion culturelle<\/strong>: Le visuel principal de la surface incorpore des \u00e9l\u00e9ments tot\u00e9miques mexicains traditionnels, tels que des motifs g\u00e9om\u00e9triques de la civilisation maya ou des symboles de style azt\u00e8que, avec de riches couleurs ethniques (telles que le rouge poterie et l'indigo), qui non seulement soulignent l'inclusion culturelle de la marque, mais donnent \u00e9galement au sac en papier une reconnaissance artistique unique.<\/li>\n<\/ul>\n<h2 id=\"-2-structural-optimization-bottom-load-bearing-reinforcement-and-flattening-adaptation-\"><strong>2. Optimisation structurelle : renforcement de la portance du fond et adaptation de l'aplatissement<\/strong><\/h2>\n<ul>\n<li><strong>Processus de renforcement du fond<\/strong>: La structure de la bo\u00eete \u00e0 fermeture automatique est adopt\u00e9e, et le support du fond est am\u00e9lior\u00e9 gr\u00e2ce \u00e0 une d\u00e9coupe pr\u00e9cise et \u00e0 un processus de collage du carton \u00e0 double couche. Elle peut r\u00e9pondre aux besoins de transport de produits plats tels que les maillots de bain et les serviettes de plage, et \u00e9viter les d\u00e9formations dues \u00e0 l'empilage ou \u00e0 l'extrusion.<\/li>\n<li><strong>Am\u00e9lioration de la capacit\u00e9 d'adaptation<\/strong>: La proportion du corps du sac a \u00e9t\u00e9 calcul\u00e9e m\u00e9caniquement, et l'espace int\u00e9rieur peut \u00eatre adapt\u00e9 de mani\u00e8re flexible au pliage et au stockage de v\u00eatements fins et l\u00e9gers. Dans le m\u00eame temps, le tampon de bord est r\u00e9serv\u00e9 pour r\u00e9duire la perte de friction.<\/li>\n<\/ul>\n<h2 id=\"-3-material-selection-environmentally-friendly-high-weight-white-cardboard-and-thickened-ribbon-\"><strong>3. Choix des mat\u00e9riaux : carton blanc \u00e9cologique de fort grammage et ruban \u00e9pais.<\/strong><\/h2>\n<ul>\n<li><strong>Certification environnementale<\/strong>Le carton blanc \u00e0 haut grammage de 280g\/m\u00b2 est s\u00e9lectionn\u00e9 et le mat\u00e9riau est certifi\u00e9 FSC pour garantir que les mati\u00e8res premi\u00e8res proviennent de for\u00eats g\u00e9r\u00e9es durablement, en tenant compte \u00e0 la fois de la rigidit\u00e9 et des propri\u00e9t\u00e9s de protection de l'environnement.<\/li>\n<li><strong>Poign\u00e9e porteuse<\/strong>: Les doubles poign\u00e9es sont fabriqu\u00e9es en ruban \u00e9pais (largeur \u2265 20 mm), avec un noyau de fibre de traction int\u00e9gr\u00e9 \u00e0 l'int\u00e9rieur, et la charge d'un seul c\u00f4t\u00e9 peut atteindre 8 kg, ce qui garantit le confort et la durabilit\u00e9 de la main.<\/li>\n<\/ul>\n<h2 id=\"-4-customization-flexibility-and-process-combination-\"><strong>4. Flexibilit\u00e9 de la personnalisation et combinaison des processus<\/strong><\/h2>\n<ul>\n<li><strong>Processus modulaire<\/strong>: Il permet de combiner de mani\u00e8re modulaire des proc\u00e9d\u00e9s tels que le marquage \u00e0 chaud, le gaufrage et le vernis UV local. Par exemple, les lignes des totems sont marqu\u00e9es \u00e0 chaud pour renforcer l'effet tridimensionnel, et le logo de la marque peut \u00eatre superpos\u00e9 \u00e0 un motif de scellement magn\u00e9tique pour renforcer l'impression d'ouverture et de fermeture.<\/li>\n<li><strong>Faible quantit\u00e9 de commande<\/strong>: La quantit\u00e9 minimale de commande est de 500 pi\u00e8ces, ce qui permet une personnalisation pouss\u00e9e de la taille, de la couleur et du motif, sans co\u00fbts de moulage suppl\u00e9mentaires, afin de r\u00e9pondre aux besoins des petites et moyennes marques en mati\u00e8re de commandes d'essai l\u00e9g\u00e8res.<\/li>\n<\/ul>\n<h2 id=\"-5-production-guarantee-and-production-capacity-advantage-\"><strong>5. Garantie de production et avantage en termes de capacit\u00e9 de production<\/strong><\/h2>\n<ul>\n<li><strong>Certification de qualification<\/strong>: S'appuyant sur une usine certifi\u00e9e ISO 9001\/FSC avec 16 ans de qualifications, l'ensemble du processus est conforme au syst\u00e8me international de protection de l'environnement et de gestion de la qualit\u00e9 afin de garantir que le produit passe le test de s\u00e9curit\u00e9 SGS.<\/li>\n<li><strong>Livraison efficace<\/strong>: L'usine a une capacit\u00e9 de production journali\u00e8re d'un million de pi\u00e8ces, permet un \u00e9preuvage en 72 heures et une livraison par lots en 15 jours, et est \u00e9quip\u00e9e d'un syst\u00e8me d'entreposage intelligent pour garantir le taux d'ex\u00e9cution des commandes pendant la haute saison.<\/li>\n<\/ul>\n<p id=\"-application-scenarios-suitable-for-clothing-stores-e-commerce-gift-packaging-brand-flash-events-and-other-scenarios-with-both-functionality-and-brand-communication-value-through-the-dual-innovation-of-vision-and-structure-it-helps-customers-establish-a-differentiated-image-in-the-competitive-market-\"><strong>Sc\u00e9narios d'application<\/strong>: Convient aux magasins de v\u00eatements, \u00e0 l'emballage de cadeaux pour le commerce \u00e9lectronique, aux \u00e9v\u00e9nements flash de la marque et \u00e0 d'autres sc\u00e9narios, avec \u00e0 la fois une fonctionnalit\u00e9 et une valeur de communication de la marque. Gr\u00e2ce \u00e0 la double innovation de la vision et de la structure, il aide les clients \u00e0 \u00e9tablir une image diff\u00e9renci\u00e9e sur le march\u00e9 concurrentiel.<\/p>","protected":false},"excerpt":{"rendered":"<p>Ce sac cadeau en papier pr\u00e9sente une forme g\u00e9om\u00e9trique sym\u00e9trique sur l'axe central, ce qui donne une impression d'\u00e9quilibre visuel. Le fond r\u00e9sistant emp\u00eache le produit de se d\u00e9former pendant le transport. Il peut \u00eatre utilis\u00e9 pour les produits plats tels que les maillots de bain et les serviettes de plage.<\/p>","protected":false},"featured_media":1062,"template":"","meta":{"_kad_post_transparent":"default","_kad_post_title":"","_kad_post_layout":"default","_kad_post_sidebar_id":"","_kad_post_content_style":"default","_kad_post_vertical_padding":"default","_kad_post_feature":"","_kad_post_feature_position":"","_kad_post_header":false,"_kad_post_footer":false,"_kad_post_classname":""},"product_brand":[],"product_cat":[15,30,17],"product_tag":[407,409,408],"class_list":{"0":"post-1061","1":"product","2":"type-product","3":"status-publish","4":"has-post-thumbnail","6":"product_cat-red-light-therapy","7":"product_cat-dropshipping","8":"product_cat-services","9":"product_tag-custom-paper-bags-for-clothing","10":"product_tag-logo-custom-clothing-paper-bags","11":"product_tag-shopping-paper-bags","13":"first","14":"instock","15":"shipping-taxable","16":"product-type-simple","17":"entry","18":"content-bg","19":"loop-entry"},"_links":{"self":[{"href":"https:\/\/red-lighttherapy.com\/fr_fr\/wp-json\/wp\/v2\/product\/1061","targetHints":{"allow":["GET"]}}],"collection":[{"href":"https:\/\/red-lighttherapy.com\/fr_fr\/wp-json\/wp\/v2\/product"}],"about":[{"href":"https:\/\/red-lighttherapy.com\/fr_fr\/wp-json\/wp\/v2\/types\/product"}],"wp:featuredmedia":[{"embeddable":true,"href":"https:\/\/red-lighttherapy.com\/fr_fr\/wp-json\/wp\/v2\/media\/1062"}],"wp:attachment":[{"href":"https:\/\/red-lighttherapy.com\/fr_fr\/wp-json\/wp\/v2\/media?parent=1061"}],"wp:term":[{"taxonomy":"product_brand","embeddable":true,"href":"https:\/\/red-lighttherapy.com\/fr_fr\/wp-json\/wp\/v2\/product_brand?post=1061"},{"taxonomy":"product_cat","embeddable":true,"href":"https:\/\/red-lighttherapy.com\/fr_fr\/wp-json\/wp\/v2\/product_cat?post=1061"},{"taxonomy":"product_tag","embeddable":true,"href":"https:\/\/red-lighttherapy.com\/fr_fr\/wp-json\/wp\/v2\/product_tag?post=1061"}],"curies":[{"name":"wp","href":"https:\/\/api.w.org\/{rel}","templated":true}]}}