{"id":1059,"date":"2025-04-16T06:18:27","date_gmt":"2025-04-16T06:18:27","guid":{"rendered":"https:\/\/red-lighttherapy.com\/?post_type=product&#038;p=1059"},"modified":"2025-04-16T06:22:03","modified_gmt":"2025-04-16T06:22:03","slug":"elegant-lid-and-base-gift-box-smart-watch-packaging-solution","status":"publish","type":"product","link":"https:\/\/red-lighttherapy.com\/fr_fr\/elegant-lid-and-base-gift-box-smart-watch-packaging-solution\/","title":{"rendered":"Solution d'emballage pour montres intelligentes avec couvercle et base \u00e9l\u00e9gants"},"content":{"rendered":"<h2 id=\"-product-description-of-smart-watch-top-and-bottom-cover-gift-box-\"><strong>Description du produit Smart Watch Top and Bottom Cover Gift Box<\/strong><\/h2>\n<h2 id=\"1-classic-top-and-bottom-cover-structure-\">1.\u00a0<strong>Structure classique des couvertures sup\u00e9rieure et inf\u00e9rieure<\/strong><\/h2>\n<p>La structure des couvercles sup\u00e9rieur et inf\u00e9rieur est form\u00e9e par des moules de pr\u00e9cision. Les bo\u00eetes sup\u00e9rieure et inf\u00e9rieure sont fabriqu\u00e9es selon le nombre d'or. Elles s'embo\u00eetent parfaitement et le processus d'ouverture et de fermeture est fluide gr\u00e2ce \u00e0 la technologie d'amortissement magn\u00e9tique. Le \"clic\" \u00e9mis lorsque le couvercle de la bo\u00eete est ferm\u00e9 est net et agr\u00e9able, donnant une impression de rituel lors du d\u00e9ballage. Une charni\u00e8re cach\u00e9e a \u00e9t\u00e9 ajout\u00e9e \u00e0 l'int\u00e9rieur pour garantir que la bo\u00eete reste stable et ferm\u00e9e apr\u00e8s de multiples utilisations.<\/p>\n<h2 id=\"2-minimalist-square-profile-\">2.\u00a0<strong>Profil\u00e9 carr\u00e9 minimaliste<\/strong><\/h2>\n<p>Sur la base de la forme carr\u00e9e standard de 130 mm \u00d7 130 mm \u00d7 60 mm, les bords sont chanfrein\u00e9s par un proc\u00e9d\u00e9 de micro-arc, ce qui permet non seulement d'\u00e9viter la rigidit\u00e9 des bords et des coins, mais aussi de s'adapter \u00e0 l'esth\u00e9tique minimaliste moderne. Le corps de la bo\u00eete a des lignes droites et nettes, ce qui permet d'\u00e9conomiser 50% d'espace de stockage lorsqu'elle est empil\u00e9e, et convient aux besoins de transport de palettes standardis\u00e9es pour la logistique.<\/p>\n<h2 id=\"3-matte-gold-decoration-and-pure-background-\">3.\u00a0<strong>D\u00e9coration or mat et fond pur<\/strong><\/h2>\n<p>Le corps de la bo\u00eete est fabriqu\u00e9 en carton blanc \u00e9cologique certifi\u00e9 FSC, et la surface est recouverte d'un d\u00e9licat rev\u00eatement nacr\u00e9. La couleur principale est le blanc pur RAL 9016, qui symbolise le g\u00e8ne de la marque en mati\u00e8re de technologie et de puret\u00e9. Le bord du couvercle de la bo\u00eete est incrust\u00e9 d'une garniture en alliage d'or mat de 0,5 mm de large, et la technologie du nanotransfert thermique est utilis\u00e9e pour obtenir une bordure sans couture, ce qui rehausse discr\u00e8tement le niveau visuel.<\/p>\n<h2 id=\"4-geometric-artistic-expression-\">4.\u00a0<strong>Expression artistique g\u00e9om\u00e9trique<\/strong><\/h2>\n<p>La surface de la bo\u00eete est bas\u00e9e sur une texture hexagonale en nid d'abeille allant du gris clair au blanc, et la lumi\u00e8re et l'ombre tridimensionnelles sont soulign\u00e9es dans certaines parties par des lignes d'or clair marqu\u00e9es \u00e0 chaud. La pr\u00e9cision du motif atteint 300 dpi, concr\u00e9tisant la philosophie de conception \"cacher sans se cacher\". La doublure peut \u00eatre \u00e9quip\u00e9e en option d'une \u00e9ponge EVA de 3 mm d'\u00e9paisseur ou d'un mat\u00e9riau de flocage, et le contour de la montre est form\u00e9 par gravure au laser, en tenant compte \u00e0 la fois des fonctions de protection et d'affichage.<\/p>\n<h2 id=\"5-modular-customization-system-\">5.\u00a0<strong>Syst\u00e8me de personnalisation modulaire<\/strong><\/h2>\n<ul>\n<li><strong>Adaptation souple de la taille<\/strong>: La prise en charge de la personnalisation permet d'adapter les montres carr\u00e9es, cylindriques et d'autres formes sp\u00e9ciales.<\/li>\n<li><strong>Innovation structurelle<\/strong>: Elle propose des structures vari\u00e9es telles que des couvercles magn\u00e9tiques, des tiroirs et des pr\u00e9sentoirs flottants, avec une puce NFC int\u00e9gr\u00e9e pour r\u00e9aliser l'interaction num\u00e9rique de l'emballage.<\/li>\n<li><strong>Processus d'impression<\/strong>: En option, UV local, gaufrage, estampage \u00e0 froid, feuille color\u00e9e et autres proc\u00e9d\u00e9s, prise en charge de la correspondance des couleurs Pantone et de l'implantation de la couche AR.<\/li>\n<li><strong>Am\u00e9lioration de l'environnement<\/strong>: Fournit des options \u00e9cologiques telles que le cuir recycl\u00e9 \u00e0 partir de marc de caf\u00e9 et les mat\u00e9riaux recycl\u00e9s \u00e0 partir de plastique marin, avec un code QR de tra\u00e7abilit\u00e9 de l'empreinte carbone.<\/li>\n<\/ul>","protected":false},"excerpt":{"rendered":"<p>Il adopte la structure classique de la bo\u00eete sup\u00e9rieure et inf\u00e9rieure, qui se ferme herm\u00e9tiquement et s'ouvre et se ferme en douceur, illustrant le sens c\u00e9r\u00e9moniel des bo\u00eetes-cadeaux haut de gamme. Elle convient \u00e0 l'emballage de produits de grande valeur tels que les produits de luxe, les produits de beaut\u00e9 et les bijoux.<\/p>","protected":false},"featured_media":1054,"template":"","meta":{"_kad_post_transparent":"default","_kad_post_title":"","_kad_post_layout":"default","_kad_post_sidebar_id":"","_kad_post_content_style":"default","_kad_post_vertical_padding":"default","_kad_post_feature":"","_kad_post_feature_position":"","_kad_post_header":false,"_kad_post_footer":false,"_kad_post_classname":""},"product_brand":[],"product_cat":[15,19,17],"product_tag":[406,404,405],"class_list":{"0":"post-1059","1":"product","2":"type-product","3":"status-publish","4":"has-post-thumbnail","6":"product_cat-red-light-therapy","7":"product_cat-red-light-therapy-stand","8":"product_cat-services","9":"product_tag-elegant-smart-watch-packaging-box","10":"product_tag-lid-and-base-smart-watch-box","11":"product_tag-smart-watch-packaging-solution","13":"first","14":"instock","15":"shipping-taxable","16":"product-type-simple","17":"entry","18":"content-bg","19":"loop-entry"},"_links":{"self":[{"href":"https:\/\/red-lighttherapy.com\/fr_fr\/wp-json\/wp\/v2\/product\/1059","targetHints":{"allow":["GET"]}}],"collection":[{"href":"https:\/\/red-lighttherapy.com\/fr_fr\/wp-json\/wp\/v2\/product"}],"about":[{"href":"https:\/\/red-lighttherapy.com\/fr_fr\/wp-json\/wp\/v2\/types\/product"}],"wp:featuredmedia":[{"embeddable":true,"href":"https:\/\/red-lighttherapy.com\/fr_fr\/wp-json\/wp\/v2\/media\/1054"}],"wp:attachment":[{"href":"https:\/\/red-lighttherapy.com\/fr_fr\/wp-json\/wp\/v2\/media?parent=1059"}],"wp:term":[{"taxonomy":"product_brand","embeddable":true,"href":"https:\/\/red-lighttherapy.com\/fr_fr\/wp-json\/wp\/v2\/product_brand?post=1059"},{"taxonomy":"product_cat","embeddable":true,"href":"https:\/\/red-lighttherapy.com\/fr_fr\/wp-json\/wp\/v2\/product_cat?post=1059"},{"taxonomy":"product_tag","embeddable":true,"href":"https:\/\/red-lighttherapy.com\/fr_fr\/wp-json\/wp\/v2\/product_tag?post=1059"}],"curies":[{"name":"wp","href":"https:\/\/api.w.org\/{rel}","templated":true}]}}