{"id":1047,"date":"2025-04-16T05:49:00","date_gmt":"2025-04-16T05:49:00","guid":{"rendered":"https:\/\/red-lighttherapy.com\/?post_type=product&#038;p=1047"},"modified":"2025-04-16T06:20:53","modified_gmt":"2025-04-16T06:20:53","slug":"holographic-paper-lid-and-base-software-accessories-boxes","status":"publish","type":"product","link":"https:\/\/red-lighttherapy.com\/fr_fr\/holographic-paper-lid-and-base-software-accessories-boxes\/","title":{"rendered":"Solution d'emballage pour montres intelligentes avec couvercle et base \u00e9l\u00e9gants"},"content":{"rendered":"<h2 id=\"-holographic-paper-lid-and-base-software-accessories-boxes-\"><strong>Couvercle et base en papier holographique Logiciels Accessoires Bo\u00eetes<\/strong><\/h2>\n<h2 id=\"-1-standard-lid-and-lid-structure-precise-opening-and-closing-experience-\"><strong>1. Couvercle et structure du couvercle standard, exp\u00e9rience d'ouverture et de fermeture pr\u00e9cise<\/strong><\/h2>\n<ul>\n<li>Le corps et le couvercle de la bo\u00eete sont form\u00e9s par des moules de haute pr\u00e9cision afin d'obtenir des tol\u00e9rances de l'ordre du millim\u00e8tre, ce qui garantit une ouverture et une fermeture en douceur.<\/li>\n<li>La doublure peut \u00eatre personnalis\u00e9e avec une couche de rembourrage en EVA ou en flanelle. Elle convient aux accessoires de diff\u00e9rentes tailles et offre une protection compl\u00e8te.<\/li>\n<\/ul>\n<h2 id=\"-2-right-angle-folding-process-three-dimensional-load-bearing-design-\"><strong>2. Processus de pliage \u00e0 angle droit, conception tridimensionnelle du support de charge<\/strong><\/h2>\n<ul>\n<li>Le processus de pliage \u00e0 angle droit \u00e0 90\u00b0 renforce la structure de la bo\u00eete afin de garantir une forme droite et non d\u00e9form\u00e9e, avec une capacit\u00e9 de charge de plus de 3 kg, adapt\u00e9e aux produits lourds tels que les bijoux et les composants \u00e9lectroniques de pr\u00e9cision.<\/li>\n<li>Le processus de pelliculage int\u00e9rieur et ext\u00e9rieur double face am\u00e9liore la r\u00e9sistance \u00e0 l'usure et \u00e0 la pression du papier et prolonge la dur\u00e9e de vie de l'emballage.<\/li>\n<\/ul>\n<h2 id=\"-3-183g-holographic-iridescent-paper-dynamic-visual-hierarchy-\"><strong>3. Papier holographique iris\u00e9 de 183 g, hi\u00e9rarchie visuelle dynamique<\/strong><\/h2>\n<ul>\n<li>Le papier holographique sp\u00e9cial utilise la technologie des couches laser de niveau nanom\u00e9trique pour obtenir un effet de gradient iris\u00e9 \u00e0 angles multiples, pr\u00e9sentant un \u00e9clat m\u00e9tallique fluide sous l'effet de la r\u00e9fraction de la lumi\u00e8re, et pouvant transmettre un sentiment de luxe sans d\u00e9coration suppl\u00e9mentaire.<\/li>\n<li>La surface du papier a un toucher d\u00e9licat, avec une texture mate et des propri\u00e9t\u00e9s hautement r\u00e9fl\u00e9chissantes, convenant \u00e0 des processus personnalis\u00e9s tels que le marquage \u00e0 chaud du LOGO de la marque et le gaufrage UV.<\/li>\n<\/ul>\n<h2 id=\"-4-minimalist-design-focusing-on-material-aesthetics-\"><strong>4. Conception minimaliste, ax\u00e9e sur l'esth\u00e9tique des mat\u00e9riaux<\/strong><\/h2>\n<ul>\n<li>Abandonnant les d\u00e9corations superflues telles que les boucles m\u00e9talliques et les rubans, l'effet de lumi\u00e8re iris\u00e9e et la structure en forme de bo\u00eete du papier lui-m\u00eame donnent une impression de luxe, ce qui r\u00e9pond aux besoins esth\u00e9tiques des consommateurs modernes en mati\u00e8re de simplicit\u00e9 et de haut de gamme.<\/li>\n<li>Les couleurs holographiques telles que le noir mat, l'argent fantaisie et le bleu \u00e9toil\u00e9 sont disponibles en option pour r\u00e9pondre \u00e0 la tonalit\u00e9 des diff\u00e9rentes marques.<\/li>\n<\/ul>\n<h2 id=\"-5-strengthen-the-sense-of-unboxing-ceremony-and-adapt-to-high-value-scenarios-\"><strong>5. Renforcer le sens de la c\u00e9r\u00e9monie de d\u00e9ballage et s'adapter aux sc\u00e9narios \u00e0 forte valeur ajout\u00e9e<\/strong><\/h2>\n<ul>\n<li>Con\u00e7u sp\u00e9cialement pour les produits de luxe et les produits technologiques (tels que les appareils portables intelligents, les cl\u00e9s \u00e9lectroniques, les \u00e9couteurs haut de gamme, etc.), il am\u00e9liore la premi\u00e8re impression des utilisateurs sur la qualit\u00e9 du produit gr\u00e2ce \u00e0 des effets d'irisation dynamiques et \u00e0 une exp\u00e9rience d'ouverture et de fermeture pr\u00e9cise.<\/li>\n<li>Convient aux produits en \u00e9dition limit\u00e9e, aux coffrets cadeaux pour les membres et \u00e0 d'autres sc\u00e9narios qui doivent renforcer les points de m\u00e9moire de la marque.<\/li>\n<\/ul>\n<h2 id=\"-6-technical-parameters-\"><strong>6. Param\u00e8tres techniques<\/strong><\/h2>\n<ul>\n<li><strong>Mat\u00e9riau<\/strong>: 183g de papier holographique iris\u00e9 + 1.5mm de carton gris<\/li>\n<li><strong>Processus<\/strong>Pliage \u00e0 angle droit, pelliculage, marquage \u00e0 chaud\/impression UV (en option)<\/li>\n<li><strong>Structure<\/strong>: couvercle sup\u00e9rieur et inf\u00e9rieur standard (possibilit\u00e9 de personnaliser le couvercle \u00e0 rabat, la fermeture magn\u00e9tique et d'autres variantes)<\/li>\n<li><strong>Support de charge<\/strong>: support de charge statique \u22653kg, anti-chute dynamique par test ISTA 1A<\/li>\n<li><strong>Protection de l'environnement<\/strong>: Papier recyclable 100%, conforme \u00e0 la certification FSC<\/li>\n<\/ul>\n<h2 id=\"-7-applicable-scenarios-\"><strong>7. Sc\u00e9narios applicables<\/strong><\/h2>\n<ul>\n<li><strong>Domaine technologique<\/strong>Les produits de la gamme sont les suivants : dongle logiciel, cl\u00e9 USB, bracelet de montre intelligente, accessoires pour \u00e9couteurs, etc.<\/li>\n<li><strong>Produits de luxe<\/strong>: bijoux, montres, coffrets cadeaux en \u00e9dition limit\u00e9e<\/li>\n<li><strong>Electronique grand public<\/strong>Accessoires de t\u00e9l\u00e9phonie mobile, composants d'appareils de r\u00e9alit\u00e9 virtuelle, p\u00e9riph\u00e9riques de jeu<\/li>\n<li><strong>Personnalisation de la marque<\/strong>Emballages exclusifs pour les membres, bo\u00eetes-cadeaux comm\u00e9moratives pour les \u00e9v\u00e9nements<\/li>\n<\/ul>\n<h2 id=\"-8-customized-service-\"><strong>8. Service personnalis\u00e9<\/strong><\/h2>\n<ul>\n<li>Permet une personnalisation souple de la taille, de l'\u00e9paisseur, du mat\u00e9riau de rev\u00eatement et du traitement de surface (marquage \u00e0 chaud\/embossage\/UV partiel).<\/li>\n<li>Fournit des commandes de petits lots (MOQ 500 pi\u00e8ces) et un d\u00e9lai de livraison de 7 \u00e0 14 jours.<\/li>\n<\/ul>","protected":false},"excerpt":{"rendered":"<p>Ce produit est con\u00e7u pour les accessoires logiciels haut de gamme, les produits \u00e9lectroniques et les produits de luxe. Il utilise un papier holographique iris\u00e9 innovant de 183 g, associ\u00e9 \u00e0 une structure de couverture sup\u00e9rieure et inf\u00e9rieure standard et \u00e0 une technologie de pliage \u00e0 angle droit pour cr\u00e9er une solution d'emballage \u00e0 la fois fonctionnelle et esth\u00e9tique. Le corps de la bo\u00eete et le couvercle s'ajustent avec pr\u00e9cision, et l'ouverture et la fermeture se font en douceur, sans aucun blocage. Le design minimaliste transmet une texture haut de gamme, s'adapte aux besoins d'emballage des produits \u00e0 haute valeur ajout\u00e9e et cr\u00e9e une exp\u00e9rience immersive de d\u00e9ballage pour les utilisateurs.<\/p>","protected":false},"featured_media":1052,"template":"","meta":{"_kad_post_transparent":"default","_kad_post_title":"","_kad_post_layout":"default","_kad_post_sidebar_id":"","_kad_post_content_style":"default","_kad_post_vertical_padding":"default","_kad_post_feature":"","_kad_post_feature_position":"","_kad_post_header":false,"_kad_post_footer":false,"_kad_post_classname":""},"product_brand":[],"product_cat":[15,19,17],"product_tag":[406,404,405],"class_list":{"0":"post-1047","1":"product","2":"type-product","3":"status-publish","4":"has-post-thumbnail","6":"product_cat-red-light-therapy","7":"product_cat-red-light-therapy-stand","8":"product_cat-services","9":"product_tag-elegant-smart-watch-packaging-box","10":"product_tag-lid-and-base-smart-watch-box","11":"product_tag-smart-watch-packaging-solution","13":"first","14":"instock","15":"shipping-taxable","16":"product-type-simple","17":"entry","18":"content-bg","19":"loop-entry"},"_links":{"self":[{"href":"https:\/\/red-lighttherapy.com\/fr_fr\/wp-json\/wp\/v2\/product\/1047","targetHints":{"allow":["GET"]}}],"collection":[{"href":"https:\/\/red-lighttherapy.com\/fr_fr\/wp-json\/wp\/v2\/product"}],"about":[{"href":"https:\/\/red-lighttherapy.com\/fr_fr\/wp-json\/wp\/v2\/types\/product"}],"wp:featuredmedia":[{"embeddable":true,"href":"https:\/\/red-lighttherapy.com\/fr_fr\/wp-json\/wp\/v2\/media\/1052"}],"wp:attachment":[{"href":"https:\/\/red-lighttherapy.com\/fr_fr\/wp-json\/wp\/v2\/media?parent=1047"}],"wp:term":[{"taxonomy":"product_brand","embeddable":true,"href":"https:\/\/red-lighttherapy.com\/fr_fr\/wp-json\/wp\/v2\/product_brand?post=1047"},{"taxonomy":"product_cat","embeddable":true,"href":"https:\/\/red-lighttherapy.com\/fr_fr\/wp-json\/wp\/v2\/product_cat?post=1047"},{"taxonomy":"product_tag","embeddable":true,"href":"https:\/\/red-lighttherapy.com\/fr_fr\/wp-json\/wp\/v2\/product_tag?post=1047"}],"curies":[{"name":"wp","href":"https:\/\/api.w.org\/{rel}","templated":true}]}}