{"id":1041,"date":"2025-04-16T05:34:12","date_gmt":"2025-04-16T05:34:12","guid":{"rendered":"https:\/\/red-lighttherapy.com\/?post_type=product&#038;p=1041"},"modified":"2025-04-16T05:48:50","modified_gmt":"2025-04-16T05:48:50","slug":"collapsible-magnetic-gifts-box-for-christmas-promotional","status":"publish","type":"product","link":"https:\/\/red-lighttherapy.com\/fr_fr\/collapsible-magnetic-gifts-box-for-christmas-promotional\/","title":{"rendered":"Bo\u00eete magn\u00e9tique pliable pour cadeaux de No\u00ebl Promotionnel"},"content":{"rendered":"<h2 id=\"1-geometric-aesthetics-and-functional-innovation-\">1.\u00a0<strong>Esth\u00e9tique g\u00e9om\u00e9trique et innovation fonctionnelle<\/strong><\/h2>\n<ul>\n<li><strong>Structure innovante du poly\u00e8dre<\/strong>: Adoptant une conception g\u00e9om\u00e9trique solide \u00e0 12 c\u00f4t\u00e9s, brisant les limites des bo\u00eetes traditionnelles carr\u00e9es\/circulaires, la surface de pliage angulaire forme une superposition visuelle et un effet esth\u00e9tique sculptural. La structure de support d'optimisation m\u00e9canique int\u00e9gr\u00e9e garantit que la rigidit\u00e9 peut \u00eatre maintenue apr\u00e8s le pliage, et la r\u00e9sistance \u00e0 la compression est augment\u00e9e de 35%.<\/li>\n<li><strong>Syst\u00e8me de pliage dynamique<\/strong>: Le corps de la bo\u00eete permet un pliage libre \u00e0 360\u00b0, et l'angle et la profondeur de la ligne de pliage sont contr\u00f4l\u00e9s avec pr\u00e9cision gr\u00e2ce \u00e0 la technologie de d\u00e9coupage et de rainage. Apr\u00e8s le pliage, le volume est r\u00e9duit \u00e0 1\/6 de l'\u00e9tat d\u00e9pli\u00e9, et le taux d'occupation de l'espace de stockage est r\u00e9duit de 58%.<\/li>\n<\/ul>\n<h2 id=\"2-environmental-protection-and-sustainability-\">2.\u00a0<strong>Protection de l'environnement et d\u00e9veloppement durable<\/strong><\/h2>\n<ul>\n<li><strong>Mat\u00e9riaux certifi\u00e9s FSC<\/strong>: 100% Le papier gris \u00e9pais de 1,5 mm certifi\u00e9 par le FSC est s\u00e9lectionn\u00e9 et la surface est recouverte d'un rev\u00eatement mat \u00e0 base d'eau respectueux de l'environnement, fournissant un rapport de gestion foresti\u00e8re tra\u00e7able \u00e0 la source, qui r\u00e9pond aux normes d'exon\u00e9ration de la taxe sur les mati\u00e8res plastiques de l'UE.<\/li>\n<li><strong>\u00c9conomie circulaire<\/strong>: Supporte au moins 20 fois un pliage et un assemblage non destructifs, et peut \u00eatre 100% recycl\u00e9 ou compost\u00e9 industriellement apr\u00e8s avoir \u00e9t\u00e9 mis au rebut, avec une empreinte carbone 42% inf\u00e9rieure \u00e0 celle des bo\u00eetes cadeaux traditionnelles.<\/li>\n<\/ul>\n<h2 id=\"3-intelligent-interactive-experience-\">3.\u00a0<strong>Une exp\u00e9rience interactive intelligente<\/strong><\/h2>\n<ul>\n<li><strong>Syst\u00e8me de boucle magn\u00e9tique rapide<\/strong>: Des aimants NdFeB de haute pr\u00e9cision sont int\u00e9gr\u00e9s dans les articulations cl\u00e9s du corps de la bo\u00eete pour permettre une ouverture et une fermeture \"\u00e0 une touche\" en quelques secondes, et l'efficacit\u00e9 op\u00e9rationnelle est 3 fois sup\u00e9rieure \u00e0 celle de la structure \u00e0 languettes traditionnelle.<\/li>\n<li><strong>Am\u00e9lioration de la reconnaissance de la marque<\/strong>: Adoptant une conception de couleur orange unique, avec un processus minimaliste argent chaud LOGO, le contr\u00f4le de la diff\u00e9rence de couleur \u0394E\u22641,5, la reconnaissance de l'affichage au d\u00e9tail est augment\u00e9e de 70%.<\/li>\n<\/ul>\n<h2 id=\"4-application-scenarios-and-value-\">4.<strong>Sc\u00e9narios d'application et valeur<\/strong><\/h2>\n<ul>\n<li><strong>Marketing de la marque<\/strong>: La couleur orange et la structure poly\u00e9drique forment un point de mire visuel dans le pr\u00e9sentoir, et le marquage \u00e0 chaud personnalis\u00e9 renforce la profondeur de la m\u00e9moire de la marque.<\/li>\n<li><strong>Optimisation de la logistique<\/strong>: Apr\u00e8s pliage, la capacit\u00e9 de chargement d'une seule bo\u00eete atteint 120 pi\u00e8ces, et le co\u00fbt de transport est r\u00e9duit de 52% par rapport aux bo\u00eetes-cadeaux traditionnelles.<\/li>\n<li><strong>Interaction avec l'utilisateur<\/strong>: Permet de r\u00e9aliser des assemblages secondaires (tels que des ornements d'arbre de No\u00ebl, des rangements de bureau), prolonge le cycle de vie de l'emballage et am\u00e9liore l'adh\u00e9rence de l'utilisateur.<\/li>\n<\/ul>\n<h2 id=\"5-service-support-\">5.\u00a0<strong>Soutien au service<\/strong><\/h2>\n<ul>\n<li><strong>Solution sur mesure<\/strong>: Personnalisation pouss\u00e9e de la taille, de la disposition de l'aimant, du processus d'impression (impression offset\/UV\/estampage \u00e0 chaud), commande minimale de 500 pi\u00e8ces, livraison sous 7 \u00e0 15 jours.<\/li>\n<li><strong>Soutien \u00e0 la certification environnementale<\/strong>: Soutenir la facture FSC et le rapport sur l'empreinte carbone pour r\u00e9pondre aux exigences de divulgation ESG.<\/li>\n<\/ul>","protected":false},"excerpt":{"rendered":"<p>Cette bo\u00eete d'emballage rompt avec le format traditionnel des bo\u00eetes-cadeaux, am\u00e9liore la superposition visuelle et le sens tridimensionnel, et convient aux besoins d'emballage de produits haut de gamme. Le corps de la bo\u00eete peut \u00eatre pli\u00e9 de mani\u00e8re flexible, ce qui r\u00e9duit consid\u00e9rablement le volume de stockage, les co\u00fbts de stockage et de transport, et permet aux utilisateurs de l'assembler et de l'utiliser \u00e0 plusieurs reprises.<\/p>","protected":false},"featured_media":1042,"template":"","meta":{"_kad_post_transparent":"default","_kad_post_title":"","_kad_post_layout":"default","_kad_post_sidebar_id":"","_kad_post_content_style":"default","_kad_post_vertical_padding":"default","_kad_post_feature":"","_kad_post_feature_position":"","_kad_post_header":false,"_kad_post_footer":false,"_kad_post_classname":""},"product_brand":[],"product_cat":[15,22,17],"product_tag":[398,399,400],"class_list":{"0":"post-1041","1":"product","2":"type-product","3":"status-publish","4":"has-post-thumbnail","6":"product_cat-red-light-therapy","7":"product_cat-red-light-therapy-blanket","8":"product_cat-services","9":"product_tag-christmas-collapsible-gifts-box","10":"product_tag-magnetic-gifts-box","11":"product_tag-promotional-gifts-box","13":"first","14":"instock","15":"shipping-taxable","16":"product-type-simple","17":"entry","18":"content-bg","19":"loop-entry"},"_links":{"self":[{"href":"https:\/\/red-lighttherapy.com\/fr_fr\/wp-json\/wp\/v2\/product\/1041","targetHints":{"allow":["GET"]}}],"collection":[{"href":"https:\/\/red-lighttherapy.com\/fr_fr\/wp-json\/wp\/v2\/product"}],"about":[{"href":"https:\/\/red-lighttherapy.com\/fr_fr\/wp-json\/wp\/v2\/types\/product"}],"wp:featuredmedia":[{"embeddable":true,"href":"https:\/\/red-lighttherapy.com\/fr_fr\/wp-json\/wp\/v2\/media\/1042"}],"wp:attachment":[{"href":"https:\/\/red-lighttherapy.com\/fr_fr\/wp-json\/wp\/v2\/media?parent=1041"}],"wp:term":[{"taxonomy":"product_brand","embeddable":true,"href":"https:\/\/red-lighttherapy.com\/fr_fr\/wp-json\/wp\/v2\/product_brand?post=1041"},{"taxonomy":"product_cat","embeddable":true,"href":"https:\/\/red-lighttherapy.com\/fr_fr\/wp-json\/wp\/v2\/product_cat?post=1041"},{"taxonomy":"product_tag","embeddable":true,"href":"https:\/\/red-lighttherapy.com\/fr_fr\/wp-json\/wp\/v2\/product_tag?post=1041"}],"curies":[{"name":"wp","href":"https:\/\/api.w.org\/{rel}","templated":true}]}}