{"id":1035,"date":"2025-04-16T05:14:08","date_gmt":"2025-04-16T05:14:08","guid":{"rendered":"https:\/\/red-lighttherapy.com\/?post_type=product&#038;p=1035"},"modified":"2025-04-16T05:34:02","modified_gmt":"2025-04-16T05:34:02","slug":"china-fabrication-magnetic-collapsible-gift-box-with-ribbon","status":"publish","type":"product","link":"https:\/\/red-lighttherapy.com\/fr_fr\/china-fabrication-magnetic-collapsible-gift-box-with-ribbon\/","title":{"rendered":"Chine Fabrication Bo\u00eete cadeau magn\u00e9tique pliable avec ruban"},"content":{"rendered":"<h2 id=\"-product-description-of-magnetic-folding-gift-box-made-in-china-with-ribbon-\"><strong>Description du produit Bo\u00eete cadeau pliante magn\u00e9tique fabriqu\u00e9e en Chine (avec ruban)<\/strong><\/h2>\n<h2 id=\"-i-product-structure-and-functional-design-\"><strong>1. Structure du produit et conception fonctionnelle<\/strong><\/h2>\n<ol>\n<li><strong>Type de bo\u00eete magn\u00e9tique et optimisation de l'espace<\/strong>\u00a0Le coffret cadeau adopte une structure g\u00e9om\u00e9trique nette. Gr\u00e2ce \u00e0 une technologie de pliage pr\u00e9cise, l'espace int\u00e9rieur est maximis\u00e9 et divers articles tels que des bijoux, des objets d'artisanat et des produits cosm\u00e9tiques peuvent \u00eatre stock\u00e9s de mani\u00e8re stable. Le corps de la bo\u00eete combine un carton gris tr\u00e8s r\u00e9sistant et une couche interm\u00e9diaire de carton ondul\u00e9, avec une forte r\u00e9sistance \u00e0 la pression, une capacit\u00e9 de charge de plus de 2 kg, et n'est pas facile \u00e0 d\u00e9former apr\u00e8s une utilisation \u00e0 long terme, garantissant que le contenu est plac\u00e9 fermement.<\/li>\n<li><strong>Syst\u00e8me de fermeture magn\u00e9tique<\/strong>\u00a0Structure magn\u00e9tique de haute pr\u00e9cision int\u00e9gr\u00e9e, fermement absorb\u00e9e lorsqu'elle est ferm\u00e9e, processus d'ouverture et de fermeture doux et silencieux, qui non seulement am\u00e9liore la commodit\u00e9 d'utilisation, mais donne \u00e9galement une impression de rituel lors de l'ouverture de la bo\u00eete. La disposition des points magn\u00e9tiques a \u00e9t\u00e9 calcul\u00e9e m\u00e9caniquement pour garantir la stabilit\u00e9 des performances apr\u00e8s une utilisation r\u00e9p\u00e9t\u00e9e.<\/li>\n<\/ol>\n<h2 id=\"-second-materials-and-environmental-protection-characteristics-\"><strong>2. Mat\u00e9riaux et caract\u00e9ristiques de protection de l'environnement<\/strong><\/h2>\n<ol>\n<li><strong>Mat\u00e9riaux de protection de l'environnement de haute qualit\u00e9<\/strong>\u00a0La couche ext\u00e9rieure utilise du papier couch\u00e9 de 300 g et la surface est recouverte d'une technologie de pelliculage mat, qui offre un toucher d\u00e9licat et r\u00e9siste aux rayures ; la couche int\u00e9rieure utilise du carton gris de qualit\u00e9 alimentaire et du papier d'art respectueux de l'environnement, qui a obtenu les certifications ISO9001 et ROHS, est recyclable et d\u00e9gradable, et tient compte \u00e0 la fois de la capacit\u00e9 de charge et des besoins en mati\u00e8re de protection de l'environnement. La structure de la bo\u00eete a \u00e9t\u00e9 sp\u00e9cialement renforc\u00e9e et peut \u00eatre r\u00e9utilis\u00e9e plus de 50 fois pour r\u00e9duire les co\u00fbts de perte.<\/li>\n<\/ol>\n<h2 id=\"-third-visual-aesthetics-and-brand-adaptation-\"><strong>3. Esth\u00e9tique visuelle et adaptation de la marque<\/strong><\/h2>\n<ol>\n<li><strong>Assortiment de couleurs de luxe discret<\/strong>\u00a0La couleur principale est le beige or, avec un traitement de surface de texture mate, pr\u00e9sentant une sensation de luxe discret, qui convient \u00e0 la tonalit\u00e9 des marques haut de gamme. La surface de la bo\u00eete peut \u00eatre personnalis\u00e9e par gaufrage, estampage \u00e0 chaud, impression UV et autres proc\u00e9d\u00e9s, ce qui permet de personnaliser le LOGO de la marque ou le motif, de ne pas \u00e9clipser visuellement le contenu et d'en souligner la valeur.<\/li>\n<li><strong>Ruban bicolore<\/strong>\u00a0L'utilisation innovante de doubles rubans d'or rose et d'or beige peut \u00eatre crois\u00e9e pour rehausser l'\u00e9l\u00e9gance du coffret, et peut \u00e9galement servir de dragonne pour plus de praticit\u00e9.<\/li>\n<\/ol>\n<h2 id=\"-fourth-folding-design-and-transportation-advantages-\"><strong>4. Conception pliante et avantages en mati\u00e8re de transport<\/strong><\/h2>\n<ol>\n<li><strong>La structure pliable r\u00e9duit les co\u00fbts et augmente l'efficacit\u00e9<\/strong>\u00a0Apr\u00e8s pliage, l'\u00e9paisseur n'est plus que de 2,5 cm et le volume est r\u00e9duit de 87,5%, ce qui r\u00e9duit consid\u00e9rablement les co\u00fbts de stockage et de logistique. L'assemblage ne n\u00e9cessite aucun \u00e9quipement et peut \u00eatre manifest\u00e9 en 3 secondes, ce qui convient aux sc\u00e9narios de transport par lots et de vente au d\u00e9tail. L'emballage utilise du carton ondul\u00e9 r\u00e9sistant \u00e0 l'humidit\u00e9 pour garantir l'absence de dommages pendant le transport sur de longues distances.<\/li>\n<\/ol>\n<h2 id=\"-five-multi-scenario-application-\"><strong>5. Application multi-sc\u00e9narios<\/strong><\/h2>\n<ol>\n<li><strong>Emballage cadeau<\/strong>: Convient pour les mariages et les cadeaux de vacances, pour la protection d'objets d\u00e9licats avec une couche de mousse antichoc alternative sous-jacente.<\/li>\n<li><strong>Pr\u00e9sentoir de luxe<\/strong>: Convient aux produits haut de gamme tels que les bijoux et les montres avec des rubans pour augmenter les effets visuels de l'armoire de performance.<\/li>\n<li><strong>Rangement de l'artisanat<\/strong>: La division personnalisable de la bo\u00eete convient au stockage de cloisons, d'objets de taille sp\u00e9ciale tels que des ustensiles en porcelaine et en laque.<\/li>\n<\/ol>","protected":false},"excerpt":{"rendered":"<p>Cette bo\u00eete \u00e0 fermeture magn\u00e9tique a des bords et des coins clairs, maximise l'utilisation de l'espace int\u00e9rieur, est pratique pour le stockage de divers articles et est plac\u00e9e de mani\u00e8re stable. Elle peut \u00eatre utilis\u00e9e dans de nombreux cas, notamment pour les cadeaux, les produits de luxe, les objets artisanaux, etc.<\/p>","protected":false},"featured_media":1036,"template":"","meta":{"_kad_post_transparent":"default","_kad_post_title":"","_kad_post_layout":"default","_kad_post_sidebar_id":"","_kad_post_content_style":"default","_kad_post_vertical_padding":"default","_kad_post_feature":"","_kad_post_feature_position":"","_kad_post_header":false,"_kad_post_footer":false,"_kad_post_classname":""},"product_brand":[],"product_cat":[15,22,17],"product_tag":[395,397,396],"class_list":{"0":"post-1035","1":"product","2":"type-product","3":"status-publish","4":"has-post-thumbnail","6":"product_cat-red-light-therapy","7":"product_cat-red-light-therapy-blanket","8":"product_cat-services","9":"product_tag-china-gift-box","10":"product_tag-collapsible-gift-box-with-ribbon","11":"product_tag-magnetic-collapsible-gift-box","13":"first","14":"instock","15":"shipping-taxable","16":"product-type-simple","17":"entry","18":"content-bg","19":"loop-entry"},"_links":{"self":[{"href":"https:\/\/red-lighttherapy.com\/fr_fr\/wp-json\/wp\/v2\/product\/1035","targetHints":{"allow":["GET"]}}],"collection":[{"href":"https:\/\/red-lighttherapy.com\/fr_fr\/wp-json\/wp\/v2\/product"}],"about":[{"href":"https:\/\/red-lighttherapy.com\/fr_fr\/wp-json\/wp\/v2\/types\/product"}],"wp:featuredmedia":[{"embeddable":true,"href":"https:\/\/red-lighttherapy.com\/fr_fr\/wp-json\/wp\/v2\/media\/1036"}],"wp:attachment":[{"href":"https:\/\/red-lighttherapy.com\/fr_fr\/wp-json\/wp\/v2\/media?parent=1035"}],"wp:term":[{"taxonomy":"product_brand","embeddable":true,"href":"https:\/\/red-lighttherapy.com\/fr_fr\/wp-json\/wp\/v2\/product_brand?post=1035"},{"taxonomy":"product_cat","embeddable":true,"href":"https:\/\/red-lighttherapy.com\/fr_fr\/wp-json\/wp\/v2\/product_cat?post=1035"},{"taxonomy":"product_tag","embeddable":true,"href":"https:\/\/red-lighttherapy.com\/fr_fr\/wp-json\/wp\/v2\/product_tag?post=1035"}],"curies":[{"name":"wp","href":"https:\/\/api.w.org\/{rel}","templated":true}]}}