{"id":1028,"date":"2025-04-16T04:58:19","date_gmt":"2025-04-16T04:58:19","guid":{"rendered":"https:\/\/red-lighttherapy.com\/?post_type=product&#038;p=1028"},"modified":"2025-04-16T05:42:55","modified_gmt":"2025-04-16T05:42:55","slug":"holographic-laser-paper-rainbow-a5-deep-gift-box-with-ribbon","status":"publish","type":"product","link":"https:\/\/red-lighttherapy.com\/fr_fr\/holographic-laser-paper-rainbow-a5-deep-gift-box-with-ribbon\/","title":{"rendered":"Papier holographique laser Arc-en-ciel Bo\u00eete cadeau profonde A5 avec ruban"},"content":{"rendered":"<h2 id=\"-holographic-laser-paper-rainbow-a5-deep-gift-box-with-ribbon-product-description-\"><strong>Papier laser holographique Arc-en-ciel A5 Bo\u00eete cadeau profonde avec ruban Description du produit<\/strong><\/h2>\n<h2 id=\"-1-industrial-aesthetic-design-highlighting-high-end-texture-\"><strong>1. Conception esth\u00e9tique industrielle, mettant en valeur la texture haut de gamme<\/strong><\/h2>\n<ul>\n<li><strong>Lignes \u00e9pur\u00e9es et esth\u00e9tique angulaire<\/strong>: Une fois la bo\u00eete d\u00e9pli\u00e9e, elle adopte un design g\u00e9om\u00e9trique minimaliste. Les lignes du corps de la bo\u00eete sont nettes et lisses, avec des bords et des coins clairs. Il combine l'esth\u00e9tique industrielle moderne et le sens artistique. Il convient aux besoins d'emballage de produits de grande valeur tels que les produits de luxe, les bijoux et les montres.<\/li>\n<li><strong>Structure tridimensionnelle de la bo\u00eete profonde<\/strong>: La bo\u00eete profonde A5 optimise l'utilisation de l'espace gr\u00e2ce \u00e0 des rapports de pliage pr\u00e9cis, renforce la sensation visuelle de profondeur et convient aux sc\u00e8nes qui n\u00e9cessitent une pr\u00e9sentation en couches des bijoux, des produits cosm\u00e9tiques, etc.<\/li>\n<\/ul>\n<h2 id=\"-2-modular-folding-process-taking-into-account-both-function-and-efficiency-\"><strong>2. Processus de pliage modulaire, tenant compte \u00e0 la fois de la fonction et de l'efficacit\u00e9<\/strong><\/h2>\n<ul>\n<li><strong>Conception compacte pour le transport<\/strong>: Apr\u00e8s le pliage, le volume est comprim\u00e9 \u00e0 1\/4 de l'\u00e9tat d\u00e9pli\u00e9, et le collage est r\u00e9alis\u00e9 sans colle gr\u00e2ce \u00e0 la technologie du pliage pr\u00e9press\u00e9, ce qui r\u00e9duit les co\u00fbts de stockage et de logistique de 30%.<\/li>\n<li><strong>Durabilit\u00e9 et stabilit\u00e9<\/strong>: Le processus de pliage modulaire brevet\u00e9 est adopt\u00e9. Le corps de la bo\u00eete conserve un taux de d\u00e9formation de 95% apr\u00e8s 500 tests d'ouverture et de fermeture, ce qui convient aux besoins d'utilisations multiples de cadeaux haut de gamme (tels que l'exposition de collection et l'emballage de r\u00e9utilisation de festival).<\/li>\n<\/ul>\n<h2 id=\"-3-environmentally-friendly-materials-and-process-certification-\"><strong>3. Certification des mat\u00e9riaux et processus respectueux de l'environnement<\/strong><\/h2>\n<ul>\n<li><strong>Papier sp\u00e9cial \u00e0 haut grammage<\/strong>: Un carton \u00e9cologique certifi\u00e9 FSC de 400g\/m\u00b2 est s\u00e9lectionn\u00e9, et la densit\u00e9 du papier de base atteint 0,85g\/cm\u00b3, ce qui lui conf\u00e8re \u00e0 la fois rigidit\u00e9 et plasticit\u00e9, et permet des processus secondaires tels que l'estampage \u00e0 chaud et le gaufrage.<\/li>\n<li><strong>Production durable<\/strong>: L'ensemble du processus adopte une technologie d'impression \u00e0 l'encre \u00e0 base d'eau et de pelliculage sans solvant, qui est conforme aux normes de protection de l'environnement REACH de l'UE, passe la certification de l'empreinte carbone et r\u00e9pond aux exigences d'acc\u00e8s au march\u00e9 de l'Europe et des \u00c9tats-Unis.<\/li>\n<\/ul>\n<h2 id=\"-4-holographic-iridescent-dynamic-effect-\"><strong>4. Effet dynamique holographique iris\u00e9<\/strong><\/h2>\n<ul>\n<li><strong>Couche optique de niveau nanom\u00e9trique<\/strong>: La surface est compos\u00e9e d'un film holographique laser qui r\u00e9alise des changements iridescents dynamiques \u00e0 360\u00b0 gr\u00e2ce \u00e0 la technologie des r\u00e9seaux de diffraction, pr\u00e9sentant un effet de lumi\u00e8re arc-en-ciel fluide sous une lumi\u00e8re intense (longueur d'onde comprise entre 380 et 780 nm), am\u00e9liorant ainsi la reconnaissance visuelle du produit.<\/li>\n<li><strong>Lutte contre la contrefa\u00e7on et renforcement des marques<\/strong>: Les motifs holographiques prennent en charge des technologies de cryptage personnalis\u00e9es telles que le micro-texte et les colonnes lumineuses dynamiques, combinant des fonctions de lutte contre la contrefa\u00e7on et d'am\u00e9lioration de l'image de marque.<\/li>\n<\/ul>\n<h2 id=\"-5-digital-customization-service-\"><strong>5. Service de personnalisation num\u00e9rique<\/strong><\/h2>\n<ul>\n<li><strong>Contr\u00f4le intelligent de l'ensemble du processus de production<\/strong>: De la mod\u00e9lisation 3D \u00e0 l'\u00e9preuvage, des algorithmes d'intelligence artificielle sont utilis\u00e9s pour optimiser la conception structurelle (prenant en charge plus de 20 types de bo\u00eetes tels que les couvercles sup\u00e9rieurs et inf\u00e9rieurs, les bo\u00eetes en forme de livre, les bo\u00eetes \u00e0 tiroirs, etc.), et les bo\u00eetes \u00e9chantillons sont livr\u00e9es sous 48 heures.<\/li>\n<li><strong>Adaptation fonctionnelle profonde<\/strong>:<\/li>\n<li><strong>Ouverture et fermeture magn\u00e9tiques<\/strong>: Aimant n\u00e9odyme invisible int\u00e9gr\u00e9, force d'aspiration \u22650,5N, positionnement pr\u00e9cis sans d\u00e9viation.<\/li>\n<li><strong>Conception de fen\u00eatres<\/strong>: La fen\u00eatre PET partiellement transparente, avec un coefficient de transmission de la lumi\u00e8re \u2265 92%, est assortie d'un ruban (en option, ruban en polyester\/ac\u00e9tate) pour renforcer l'impression de c\u00e9r\u00e9monie d'ouverture.<\/li>\n<li><strong>Extension du processus de surface<\/strong>: Compatible avec le marquage \u00e0 chaud l\u00e9ger, le gaufrage, le vernis local UV et d'autres proc\u00e9d\u00e9s pour r\u00e9pondre aux besoins de personnalisation de la marque.<\/li>\n<\/ul>\n<h2 id=\"-application-scenarios-and-compatibility-\"><strong>Sc\u00e9narios d'application et compatibilit\u00e9<\/strong><\/h2>\n<ul>\n<li><strong>Domaines haut de gamme<\/strong>Les collections d'\u0153uvres d'art : sacs \u00e0 main de luxe, bijoux, appareils \u00e9lectroniques en \u00e9dition limit\u00e9e, collections d'\u0153uvres d'art.<\/li>\n<li><strong>Sc\u00e9narios de protection de l'environnement<\/strong>: Enti\u00e8rement recyclable et d\u00e9gradable, adapt\u00e9 \u00e0 la strat\u00e9gie de marque neutre en carbone<\/li>\n<\/ul>","protected":false},"excerpt":{"rendered":"<p>Lorsqu'elle est pli\u00e9e, la bo\u00eete pr\u00e9sente des lignes \u00e9pur\u00e9es et des ar\u00eates vives, refl\u00e9tant l'esth\u00e9tique d'un design industriel haut de gamme. Le papier holographique pr\u00e9sente un effet iris\u00e9 dynamique sous une forte lumi\u00e8re, ce qui le rend adapt\u00e9 \u00e0 de multiples sc\u00e9narios d'utilisation de produits de grande valeur tels que les cadeaux et les bijoux.<\/p>","protected":false},"featured_media":1034,"template":"","meta":{"_kad_post_transparent":"default","_kad_post_title":"","_kad_post_layout":"default","_kad_post_sidebar_id":"","_kad_post_content_style":"default","_kad_post_vertical_padding":"default","_kad_post_feature":"","_kad_post_feature_position":"","_kad_post_header":false,"_kad_post_footer":false,"_kad_post_classname":""},"product_brand":[],"product_cat":[15,22,17],"product_tag":[394,392,393],"class_list":{"0":"post-1028","1":"product","2":"type-product","3":"status-publish","4":"has-post-thumbnail","6":"product_cat-red-light-therapy","7":"product_cat-red-light-therapy-blanket","8":"product_cat-services","9":"product_tag-gift-box-with-ribbon","10":"product_tag-holographic-paper-gift-box","11":"product_tag-rainbow-a5-deep-gift-box","13":"first","14":"instock","15":"shipping-taxable","16":"product-type-simple","17":"entry","18":"content-bg","19":"loop-entry"},"_links":{"self":[{"href":"https:\/\/red-lighttherapy.com\/fr_fr\/wp-json\/wp\/v2\/product\/1028","targetHints":{"allow":["GET"]}}],"collection":[{"href":"https:\/\/red-lighttherapy.com\/fr_fr\/wp-json\/wp\/v2\/product"}],"about":[{"href":"https:\/\/red-lighttherapy.com\/fr_fr\/wp-json\/wp\/v2\/types\/product"}],"wp:featuredmedia":[{"embeddable":true,"href":"https:\/\/red-lighttherapy.com\/fr_fr\/wp-json\/wp\/v2\/media\/1034"}],"wp:attachment":[{"href":"https:\/\/red-lighttherapy.com\/fr_fr\/wp-json\/wp\/v2\/media?parent=1028"}],"wp:term":[{"taxonomy":"product_brand","embeddable":true,"href":"https:\/\/red-lighttherapy.com\/fr_fr\/wp-json\/wp\/v2\/product_brand?post=1028"},{"taxonomy":"product_cat","embeddable":true,"href":"https:\/\/red-lighttherapy.com\/fr_fr\/wp-json\/wp\/v2\/product_cat?post=1028"},{"taxonomy":"product_tag","embeddable":true,"href":"https:\/\/red-lighttherapy.com\/fr_fr\/wp-json\/wp\/v2\/product_tag?post=1028"}],"curies":[{"name":"wp","href":"https:\/\/api.w.org\/{rel}","templated":true}]}}