{"id":1022,"date":"2025-04-16T04:08:32","date_gmt":"2025-04-16T04:08:32","guid":{"rendered":"https:\/\/red-lighttherapy.com\/?post_type=product&#038;p=1022"},"modified":"2025-04-16T05:43:16","modified_gmt":"2025-04-16T05:43:16","slug":"silver-hologram-paper-folding-gift-sephora-packaging-boxes","status":"publish","type":"product","link":"https:\/\/red-lighttherapy.com\/fr_fr\/silver-hologram-paper-folding-gift-sephora-packaging-boxes\/","title":{"rendered":"Hologramme Argent Papier Pliage Cadeau Sephora Bo\u00eetes d'Emballage"},"content":{"rendered":"<h2 id=\"-silver-hologram-paper-folding-gift-sephora-packaging-boxes-\"><strong>Hologramme Argent Papier Pliage Cadeau Sephora Bo\u00eetes d'Emballage<\/strong><\/h2>\n<h2 id=\"-1-regular-folding-structure-design-both-functional-and-aesthetic-\"><strong>1. Structure pliante r\u00e9guli\u00e8re, \u00e0 la fois fonctionnelle et esth\u00e9tique<\/strong><\/h2>\n<p>Le\u00a0<strong>\"Processus de combinaison \"ligne de tra\u00e7age + ligne de couteau<\/strong>\u00a0est utilis\u00e9 pour optimiser la configuration de la ligne de pliage afin d'assurer une ouverture et une fermeture en douceur et une forme stable. Le corps de la bo\u00eete utilise le\u00a0<strong>Structure d'embo\u00eetement en forme de L<\/strong>\u00a0pour obtenir un ajustement pr\u00e9cis des couches sup\u00e9rieure et inf\u00e9rieure, am\u00e9liorer la r\u00e9sistance \u00e0 la compression et l'\u00e9tanch\u00e9it\u00e9 de la fermeture, et \u00e9viter une ouverture accidentelle pendant le transport. Configuration interne\u00a0<strong>Cloisons de s\u00e9paration amovibles<\/strong>\u00a0permet le stockage de partitions personnalis\u00e9es, s'adapte aux besoins fixes des produits cosm\u00e9tiques, des parfums et d'autres produits de diff\u00e9rentes tailles, et tient compte de la capacit\u00e9 et de la portabilit\u00e9.<\/p>\n<h2 id=\"-2-flat-folding-design-efficient-adaptation-to-multiple-scenarios-\"><strong>2. Conception \u00e0 pliage plat, adaptation efficace \u00e0 de multiples sc\u00e9narios<\/strong><\/h2>\n<p>A travers\u00a0<strong>lignes de pliage pr\u00e9r\u00e9gl\u00e9es et technologie du carton alv\u00e9olaire<\/strong>la bo\u00eete d'emballage peut \u00eatre compl\u00e8tement aplatie pour le stockage, et le taux de compression est augment\u00e9 de\u00a0<strong>plus de 50%<\/strong>Ce syst\u00e8me permet de r\u00e9duire consid\u00e9rablement les co\u00fbts de stockage et de logistique. Il convient au transport en vrac dans le cadre du commerce \u00e9lectronique, \u00e0 la pr\u00e9sentation rapide dans le commerce de d\u00e9tail et aux sc\u00e9narios de r\u00e9utilisation par les consommateurs. L'\u00e9paisseur apr\u00e8s pliage n'est que de\u00a0<strong>3mm<\/strong>et une seule bo\u00eete peut \u00eatre empil\u00e9e jusqu'\u00e0\u00a0<strong>200<\/strong>ce qui am\u00e9liore consid\u00e9rablement l'utilisation de l'espace.<\/p>\n<h2 id=\"-3-high-strength-environmentally-friendly-material-lightweight-and-load-bearing-\"><strong>3. Mat\u00e9riau \u00e9cologique \u00e0 haute r\u00e9sistance, l\u00e9ger et porteur<\/strong><\/h2>\n<p>Le corps principal est compos\u00e9 de\u00a0<strong>Papier couch\u00e9 certifi\u00e9 FSC<\/strong>\u00a0(80g\/m\u00b2), et la technologie de renforcement de la base de papier composite est utilis\u00e9e pour obtenir\u00a0<strong>\u00e9quilibre entre l\u00e9g\u00e8ret\u00e9 et rigidit\u00e9 \u00e9lev\u00e9e<\/strong>. La surface du papier est enduite de\u00a0<strong>rev\u00eatement \u00e9cologique \u00e0 base d'eau<\/strong>et la r\u00e9sistance \u00e0 la d\u00e9chirure est augment\u00e9e de\u00a0<strong>30%<\/strong>. La bo\u00eete unique peut supporter\u00a0<strong>2kg<\/strong>Il permet de charger en toute s\u00e9curit\u00e9 des objets fragiles tels que des bouteilles en verre. La conception du renforcement des bords de la bo\u00eete est assortie d'une poign\u00e9e ergonomique, facile \u00e0 tenir d'une seule main, et qui offre \u00e0 la fois portabilit\u00e9 et durabilit\u00e9.<\/p>\n<h2 id=\"-4-sustainable-forest-management-environmental-certification-guarantee-\"><strong>4. Gestion durable des for\u00eats, garantie de certification environnementale<\/strong><\/h2>\n<p>Les mati\u00e8res premi\u00e8res respectent strictement les\u00a0<strong>Normes de certification foresti\u00e8re FSC<\/strong>\u00a0(Forest Stewardship Council), qui garantit que la p\u00e2te \u00e0 papier provient de for\u00eats g\u00e9r\u00e9es de mani\u00e8re durable. L'ensemble du processus de production utilise\u00a0<strong>adh\u00e9sif sans solvant<\/strong>\u00a0et\u00a0<strong>proc\u00e9d\u00e9 \u00e0 faible couverture d'encre<\/strong>\u00a0(&lt;20%), qui est conforme aux normes de protection de l&#039;environnement REACH de l&#039;UE et qui soutient les activit\u00e9s de l&#039;Agence europ\u00e9enne pour l&#039;environnement.\u00a0<strong>100% recyclable et d\u00e9gradable<\/strong>.<\/p>\n<h2 id=\"-5-holographic-iridescence-dynamic-display-visual-impact-upgrade-\"><strong>5. Affichage dynamique de l'irisation holographique, am\u00e9lioration de l'impact visuel<\/strong><\/h2>\n<p>L'application en surface\u00a0<strong>technologie holographique de troisi\u00e8me g\u00e9n\u00e9ration \u00e0 \u00e9criture directe de la microstructure<\/strong>\u00a0pr\u00e9sente\u00a0<strong>effet de gradient d'irisation dynamique<\/strong>\u00a0par l'interm\u00e9diaire d'un r\u00e9seau de nano-niveaux. Sous la r\u00e9fraction de la lumi\u00e8re,\u00a0<strong>transition des couleurs sous plusieurs angles<\/strong>\u00a0(tels que bleu argent\u00e9\u2192 rouge pourpre\u2192 vert or) peuvent \u00eatre affich\u00e9s, avec\u00a0<strong>couche d'aluminium hautement r\u00e9fl\u00e9chissante substrat<\/strong>La texture du m\u00e9tal et l'iridescence de la lumi\u00e8re et de l'ombre sont entrelac\u00e9es, et la reconnaissance visuelle est am\u00e9lior\u00e9e gr\u00e2ce aux \u00e9l\u00e9ments suivants\u00a0<strong>200%<\/strong>. Convient \u00e0 la pr\u00e9sentation de produits de beaut\u00e9 haut de gamme pour am\u00e9liorer l'attractivit\u00e9 du rayon.<\/p>\n<h2 id=\"-6-minimalist-design-philosophy-function-oriented-aesthetics-\"><strong>6. Philosophie de conception minimaliste, esth\u00e9tique orient\u00e9e vers la fonction<\/strong><\/h2>\n<p>Adh\u00e9rer \u00e0 la politique de Sephora en mati\u00e8re de\u00a0<strong>\"Moins, c'est plus\"<\/strong>\u00a0Le concept de la marque, les \u00e9l\u00e9ments d\u00e9coratifs redondants sont \u00e9limin\u00e9s et les niveaux visuels sont construits avec des mat\u00e9riaux de qualit\u00e9.\u00a0<strong>lignes de coupe g\u00e9om\u00e9triques<\/strong>\u00a0et\u00a0<strong>surfaces \u00e0 contraste mat\/brillant<\/strong>. La surface de la bo\u00eete ne retient que les\u00a0<strong>logo de la marque grav\u00e9 au laser<\/strong>L'objectif est de mettre l'accent sur les fonctions essentielles du produit et de s'adapter au ton des produits de luxe et des produits minimalistes.<\/p>\n<h2 id=\"-applicable-scenarios-\"><strong>Sc\u00e9narios applicables<\/strong><\/h2>\n<ul>\n<li><strong>Logistique du commerce \u00e9lectronique<\/strong>: Le pliage \u00e0 plat convient au triage automatis\u00e9 pour r\u00e9duire les pertes de transport.<\/li>\n<li><strong>Pr\u00e9sentoir de vente au d\u00e9tail<\/strong>: L'irisation holographique attire le flux de clients et am\u00e9liore le taux de conversion des terminaux<\/li>\n<li><strong>Cadeau de No\u00ebl<\/strong>: Peut \u00eatre personnalis\u00e9 pour une utilisation secondaire en tant que bo\u00eete de rangement afin de prolonger le cycle de vie.<\/li>\n<\/ul>","protected":false},"excerpt":{"rendered":"<p>Cette bo\u00eete rigide adopte une structure pliante r\u00e9guli\u00e8re, avec une ouverture et une fermeture en douceur et une forme stable, tenant compte \u00e0 la fois de la capacit\u00e9 de stockage et de la portabilit\u00e9. Le papier holographique pr\u00e9sente un gradient iris\u00e9 dynamique avec un effet d'affichage de haute intensit\u00e9. Il a obtenu la certification foresti\u00e8re FSC, qui garantit la tra\u00e7abilit\u00e9 et le caract\u00e8re renouvelable des mati\u00e8res premi\u00e8res, conform\u00e9ment \u00e0 la tendance du d\u00e9veloppement durable.<\/p>","protected":false},"featured_media":1026,"template":"","meta":{"_kad_post_transparent":"default","_kad_post_title":"","_kad_post_layout":"default","_kad_post_sidebar_id":"","_kad_post_content_style":"default","_kad_post_vertical_padding":"default","_kad_post_feature":"","_kad_post_feature_position":"","_kad_post_header":false,"_kad_post_footer":false,"_kad_post_classname":""},"product_brand":[],"product_cat":[15,28,22,17],"product_tag":[390,389,391],"class_list":{"0":"post-1022","1":"product","2":"type-product","3":"status-publish","4":"has-post-thumbnail","6":"product_cat-red-light-therapy","7":"product_cat-customize","8":"product_cat-red-light-therapy-blanket","9":"product_cat-services","10":"product_tag-hologram-folding-gift-boxes","11":"product_tag-holographic-laser-paperboard-gift-boxes","12":"product_tag-large-gift-boxes-holographic","14":"first","15":"instock","16":"shipping-taxable","17":"product-type-simple","18":"entry","19":"content-bg","20":"loop-entry"},"_links":{"self":[{"href":"https:\/\/red-lighttherapy.com\/fr_fr\/wp-json\/wp\/v2\/product\/1022","targetHints":{"allow":["GET"]}}],"collection":[{"href":"https:\/\/red-lighttherapy.com\/fr_fr\/wp-json\/wp\/v2\/product"}],"about":[{"href":"https:\/\/red-lighttherapy.com\/fr_fr\/wp-json\/wp\/v2\/types\/product"}],"wp:featuredmedia":[{"embeddable":true,"href":"https:\/\/red-lighttherapy.com\/fr_fr\/wp-json\/wp\/v2\/media\/1026"}],"wp:attachment":[{"href":"https:\/\/red-lighttherapy.com\/fr_fr\/wp-json\/wp\/v2\/media?parent=1022"}],"wp:term":[{"taxonomy":"product_brand","embeddable":true,"href":"https:\/\/red-lighttherapy.com\/fr_fr\/wp-json\/wp\/v2\/product_brand?post=1022"},{"taxonomy":"product_cat","embeddable":true,"href":"https:\/\/red-lighttherapy.com\/fr_fr\/wp-json\/wp\/v2\/product_cat?post=1022"},{"taxonomy":"product_tag","embeddable":true,"href":"https:\/\/red-lighttherapy.com\/fr_fr\/wp-json\/wp\/v2\/product_tag?post=1022"}],"curies":[{"name":"wp","href":"https:\/\/api.w.org\/{rel}","templated":true}]}}