{"id":1017,"date":"2025-04-16T03:57:29","date_gmt":"2025-04-16T03:57:29","guid":{"rendered":"https:\/\/red-lighttherapy.com\/?post_type=product&#038;p=1017"},"modified":"2025-04-16T04:08:23","modified_gmt":"2025-04-16T04:08:23","slug":"exporting-custom-luxury-magnetic-closure-rigid-shoes-boxes","status":"publish","type":"product","link":"https:\/\/red-lighttherapy.com\/fr_fr\/exporting-custom-luxury-magnetic-closure-rigid-shoes-boxes\/","title":{"rendered":"Exportation de bo\u00eetes \u00e0 chaussures rigides de luxe \u00e0 fermeture magn\u00e9tique sur mesure"},"content":{"rendered":"<h2 id=\"-product-description-of-exporting-custom-luxury-magnetic-closure-rigid-shoes-boxes-\"><strong>Description du produit Exportation de bo\u00eetes \u00e0 chaussures rigides \u00e0 fermeture magn\u00e9tique de luxe sur mesure<\/strong><\/h2>\n<h2 id=\"1-magnetic-box-design-\">1.\u00a0<strong>Bo\u00eete magn\u00e9tique<\/strong><\/h2>\n<p>Le couvercle et le corps de la bo\u00eete adoptent un syst\u00e8me magn\u00e9tique puissant int\u00e9gr\u00e9, qui est pr\u00e9cis\u00e9ment absorb\u00e9 par la force magn\u00e9tique lorsqu'il est ferm\u00e9, afin de garantir une excellente \u00e9tanch\u00e9it\u00e9 et d'emp\u00eacher efficacement toute ouverture accidentelle pendant le transport ou le stockage. La double bande magn\u00e9tique renforce la stabilit\u00e9 de l'adsorption et peut rester ferm\u00e9e m\u00eame en cas d'inclinaison ou de vibration, assurant ainsi une protection compl\u00e8te des chaussures haut de gamme.<\/p>\n<h2 id=\"2-folding-portability-and-structural-stability-\">2.\u00a0<strong>Portabilit\u00e9 et stabilit\u00e9 structurelle<\/strong><\/h2>\n<p>Le processus de pliage est pr\u00e9cis et le volume apr\u00e8s pliage ne repr\u00e9sente qu'un tiers de l'\u00e9tat d\u00e9pli\u00e9, ce qui r\u00e9duit consid\u00e9rablement les co\u00fbts de logistique et d'entreposage. Aucun outil ni assemblage complexe n'est n\u00e9cessaire lors du d\u00e9pliage. Le corps de la bo\u00eete r\u00e9tablit automatiquement la forme tridimensionnelle gr\u00e2ce \u00e0 la ligne de pr\u00e9indentation, le bord est form\u00e9 de mani\u00e8re transparente et la r\u00e9sistance \u00e0 la compression atteint 20 kg\/couche, ce qui r\u00e9pond aux besoins d'empilage de plusieurs sc\u00e9narios.<\/p>\n<h2 id=\"3-one-handed-opening-and-closing-flap-structure-\">3.\u00a0<strong>Structure du rabat \u00e0 ouverture et fermeture d'une seule main<\/strong><\/h2>\n<p>La conception innovante du rabat combin\u00e9e \u00e0 l'angle ergonomique (65\u00b0 d'ouverture et de fermeture) peut \u00eatre manipul\u00e9e en douceur d'une seule main. La charni\u00e8re est renforc\u00e9e par du papier couch\u00e9 \u00e9pais et une aspiration magn\u00e9tique. Elle ne s'est pas d\u00e9form\u00e9e apr\u00e8s des milliers d'essais d'ouverture et de fermeture, ce qui est un gage de commodit\u00e9 et de durabilit\u00e9.<\/p>\n<h2 id=\"4-high-weight-coated-paper-material-\">4.\u00a0<strong>Papier couch\u00e9 \u00e0 fort grammage<\/strong><\/h2>\n<p>Le papier couch\u00e9 de 320g\/m\u00b2 est s\u00e9lectionn\u00e9 et la surface est trait\u00e9e avec un rev\u00eatement super brillant, ce qui augmente la rigidit\u00e9 de 40% et la r\u00e9sistance \u00e0 la compression est 1,5 fois sup\u00e9rieure \u00e0 la norme de l'industrie. Le mat\u00e9riau est respectueux de l'environnement et d\u00e9gradable, il est conforme \u00e0 la certification FSC, favorise le recyclage et r\u00e9duit l'empreinte carbone.<\/p>\n<h2 id=\"5-sustainable-development-design-\">5.\u00a0<strong>Conception du d\u00e9veloppement durable<\/strong><\/h2>\n<p>Le concept vert est mis en \u0153uvre tout au long du processus, des mati\u00e8res premi\u00e8res \u00e0 la production :<\/p>\n<ul>\n<li>Impression \u00e0 base d'encre \u00e0 base d'eau, sans volatiles nocifs<\/li>\n<li>Taux de recyclage des d\u00e9chets \u226595%<\/li>\n<li>Certification du syst\u00e8me de gestion de l'environnement ISO 14001<\/li>\n<\/ul>\n<h2 id=\"6-high-saturation-blue-visual-design-\">6.\u00a0<strong>Conception visuelle bleue \u00e0 haute saturation<\/strong><\/h2>\n<p>Le corps de la bo\u00eete adopte le bleu classique Pantone 286C, qui pr\u00e9sente une forte saturation des couleurs et ne s'estompe pas, v\u00e9hiculant ainsi une image de marque professionnelle et stable. Le traitement de surface mat \u00e9vite les reflets et convient aux cadeaux d'affaires, \u00e0 l'emballage de luxe, \u00e0 la vente au d\u00e9tail haut de gamme et \u00e0 d'autres sc\u00e9narios.<\/p>\n<h2 id=\"7-same-color-ribbon-handle-\">7.\u00a0<strong>Poign\u00e9e en ruban de m\u00eame couleur<\/strong><\/h2>\n<p>La poign\u00e9e en ruban tiss\u00e9 bleu est de la m\u00eame couleur que le corps de la bo\u00eete, avec une force de levage de 5 kg, tenant compte \u00e0 la fois de la praticit\u00e9 et du rituel. L'interface de la poign\u00e9e est cach\u00e9e et renforc\u00e9e pour \u00e9viter le risque de d\u00e9chirure, ce qui convient \u00e0 une utilisation fr\u00e9quente.<\/p>\n<h2 id=\"-application-scenarios-and-advantages-\"><strong>Sc\u00e9narios d'application et avantages<\/strong><\/h2>\n<ul>\n<li><strong>Cadeaux d'affaires<\/strong>: La poign\u00e9e en ruban et l'ouverture et la fermeture magn\u00e9tiques renforcent le sentiment de rituel du d\u00e9ballage, et conviennent aux souvenirs personnalis\u00e9s des entreprises.<\/li>\n<li><strong>Commerce de d\u00e9tail de luxe<\/strong>: Les mat\u00e9riaux tr\u00e8s rigides et le design color\u00e9 am\u00e9liorent la qualit\u00e9 de pr\u00e9sentation des produits et r\u00e9duisent l'espace occup\u00e9 par les vitrines.<\/li>\n<li><strong>Logistique transfrontali\u00e8re<\/strong>: La conception pliante r\u00e9duit le co\u00fbt du transport maritime et a\u00e9rien, et la r\u00e9sistance \u00e0 la pression garantit la s\u00e9curit\u00e9 du transport sur de longues distances.<\/li>\n<\/ul>","protected":false},"excerpt":{"rendered":"<p>Le couvercle en forme de c\u0153ur et les couvercles sup\u00e9rieur et inf\u00e9rieur s'adaptent parfaitement \u00e0 la bo\u00eete, avec des contours en forme de c\u0153ur \u00e0 l'int\u00e9rieur et \u00e0 l'ext\u00e9rieur, visuellement unifi\u00e9s et \u00e9motionnellement attrayants. Le couvercle et le fond sont s\u00e9par\u00e9s, ce qui facilite l'ouverture et la fermeture, avec une bonne \u00e9tanch\u00e9it\u00e9, prot\u00e9geant efficacement le contenu et renfor\u00e7ant le sentiment de c\u00e9r\u00e9monie lors de l'ouverture de la bo\u00eete.<\/p>","protected":false},"featured_media":1018,"template":"","meta":{"_kad_post_transparent":"default","_kad_post_title":"","_kad_post_layout":"default","_kad_post_sidebar_id":"","_kad_post_content_style":"default","_kad_post_vertical_padding":"default","_kad_post_feature":"","_kad_post_feature_position":"","_kad_post_header":false,"_kad_post_footer":false,"_kad_post_classname":""},"product_brand":[],"product_cat":[15,30,22,17],"product_tag":[388,387,386],"class_list":{"0":"post-1017","1":"product","2":"type-product","3":"status-publish","4":"has-post-thumbnail","6":"product_cat-red-light-therapy","7":"product_cat-dropshipping","8":"product_cat-red-light-therapy-blanket","9":"product_cat-services","10":"product_tag-custom-shoes-boxes","11":"product_tag-magnetic-closure-boxes-for-shoes","12":"product_tag-rigid-shoes-boxes","14":"first","15":"instock","16":"shipping-taxable","17":"product-type-simple","18":"entry","19":"content-bg","20":"loop-entry"},"_links":{"self":[{"href":"https:\/\/red-lighttherapy.com\/fr_fr\/wp-json\/wp\/v2\/product\/1017","targetHints":{"allow":["GET"]}}],"collection":[{"href":"https:\/\/red-lighttherapy.com\/fr_fr\/wp-json\/wp\/v2\/product"}],"about":[{"href":"https:\/\/red-lighttherapy.com\/fr_fr\/wp-json\/wp\/v2\/types\/product"}],"wp:featuredmedia":[{"embeddable":true,"href":"https:\/\/red-lighttherapy.com\/fr_fr\/wp-json\/wp\/v2\/media\/1018"}],"wp:attachment":[{"href":"https:\/\/red-lighttherapy.com\/fr_fr\/wp-json\/wp\/v2\/media?parent=1017"}],"wp:term":[{"taxonomy":"product_brand","embeddable":true,"href":"https:\/\/red-lighttherapy.com\/fr_fr\/wp-json\/wp\/v2\/product_brand?post=1017"},{"taxonomy":"product_cat","embeddable":true,"href":"https:\/\/red-lighttherapy.com\/fr_fr\/wp-json\/wp\/v2\/product_cat?post=1017"},{"taxonomy":"product_tag","embeddable":true,"href":"https:\/\/red-lighttherapy.com\/fr_fr\/wp-json\/wp\/v2\/product_tag?post=1017"}],"curies":[{"name":"wp","href":"https:\/\/api.w.org\/{rel}","templated":true}]}}