{"id":1011,"date":"2025-04-16T03:44:51","date_gmt":"2025-04-16T03:44:51","guid":{"rendered":"https:\/\/red-lighttherapy.com\/?post_type=product&#038;p=1011"},"modified":"2025-04-16T03:57:17","modified_gmt":"2025-04-16T03:57:17","slug":"valentines-day-heart-shaped-gift-box-packaging-for-jewelry","status":"publish","type":"product","link":"https:\/\/red-lighttherapy.com\/fr_fr\/valentines-day-heart-shaped-gift-box-packaging-for-jewelry\/","title":{"rendered":"Bo\u00eete cadeau en forme de coeur pour bijoux pour la Saint-Valentin"},"content":{"rendered":"<h2 id=\"valentine-s-day-heart-shaped-jewelry-gift-box-packaging-product-description\">Bo\u00eete cadeau pour bijoux en forme de coeur pour la Saint-Valentin Description du produit<\/h2>\n<h2 id=\"-1-heart-shaped-top-and-bottom-design-perfect-fusion-of-vision-and-emotion-\"><strong>1. Design en forme de c\u0153ur en haut et en bas : Fusion parfaite de la vision et de l'\u00e9motion<\/strong><\/h2>\n<p>Le coffret cadeau est dot\u00e9 d'un couvercle et d'un fond en forme de c\u0153ur. Le couvercle et le corps de la bo\u00eete sont int\u00e9gralement form\u00e9s avec un contour lisse en forme de c\u0153ur, montrant une unit\u00e9 visuelle et une tension \u00e9motionnelle entre l'ouverture et la fermeture. L'int\u00e9rieur du couvercle peut \u00eatre personnalis\u00e9 par estampage \u00e0 chaud ou gaufrage. Gr\u00e2ce \u00e0 la fen\u00eatre creuse en forme de c\u0153ur, le bijou se profile lorsqu'il n'est pas compl\u00e8tement ouvert, cr\u00e9ant ainsi un sentiment d'attente semblable \u00e0 un \"battement de c\u0153ur\".<\/p>\n<h2 id=\"-2-separate-opening-and-closing-structure-convenience-and-ritual-coexistence-\"><strong>2. Structure d'ouverture et de fermeture s\u00e9par\u00e9e : commodit\u00e9 et coexistence rituelle<\/strong><\/h2>\n<p>Le couvercle et le fond de la bo\u00eete sont s\u00e9par\u00e9s, et la fermeture sans couture est assur\u00e9e par des boucles pr\u00e9cises ou des dispositifs magn\u00e9tiques, ce qui non seulement garantit l'\u00e9tanch\u00e9it\u00e9 (\u00e0 l'abri de la poussi\u00e8re et de l'humidit\u00e9), mais conf\u00e8re \u00e9galement \u00e0 l'action d'ouverture un sens rituel \u00e9l\u00e9gant. Le bord de la doublure adopte un processus d'enveloppement des bords afin d'\u00e9viter tout frottement sur la surface des bijoux lors de l'ouverture et de la fermeture, et les d\u00e9tails refl\u00e8tent la protection des objets de valeur.<\/p>\n<h2 id=\"-3-coated-paper-material-double-guarantee-of-firmness-and-beauty-\"><strong>3. Mat\u00e9riau en papier couch\u00e9 : double garantie de fermet\u00e9 et de beaut\u00e9<\/strong><\/h2>\n<p>Le corps principal de la bo\u00eete cadeau est compos\u00e9 de 300 grammes de papier couch\u00e9 \u00e0 fort grammage, recouvert d'un film mat, d\u00e9licat au toucher et r\u00e9sistant aux rayures. La couche int\u00e9rieure est renforc\u00e9e par du papier cartonn\u00e9 gris, qui a une capacit\u00e9 de charge de plus de 5 kg et ne se d\u00e9forme pas facilement pendant le transport, ce qui garantit que le cadeau est neuf au moment du d\u00e9ballage de la bo\u00eete.<\/p>\n<h2 id=\"-4-red-main-color-visual-communication-of-romantic-atmosphere-\"><strong>4. Couleur principale rouge : communication visuelle d'une atmosph\u00e8re romantique<\/strong><\/h2>\n<p>Le corps de la bo\u00eete adopte le rouge standard de la carte de couleurs Pantone, et le processus d'impression en quadrichromie pr\u00e9sente un effet de couleur uniforme et brillant, avec un processus local de marquage UV ou \u00e0 chaud, mettant en \u00e9vidence le sens tridimensionnel du contour en forme de c\u0153ur. Des rubans ou des fleurs \u00e9ternelles de la m\u00eame couleur peuvent \u00eatre utilis\u00e9s en option pour renforcer l'atmosph\u00e8re festive.<\/p>\n<h2 id=\"-5-high-resilience-sponge-lining-professional-grade-jewelry-protection-\"><strong>5. Doublure en \u00e9ponge \u00e0 haute r\u00e9silience : protection des bijoux de qualit\u00e9 professionnelle<\/strong><\/h2>\n<p>La doublure utilise une \u00e9ponge haute densit\u00e9 de 3 cm d'\u00e9paisseur, qui est d\u00e9coup\u00e9e par CNC pour s'adapter au contour en forme de c\u0153ur, et la profondeur de la rainure peut \u00eatre personnalis\u00e9e (elle convient \u00e0 diff\u00e9rentes formes de bijoux telles que les bagues et les colliers). La surface de l'\u00e9ponge est recouverte de flanelle courte, qui est douce et respectueuse de la peau, \u00e9vitant ainsi de rayer les m\u00e9taux pr\u00e9cieux et les pierres pr\u00e9cieuses. Le test antisismique montre qu'il peut r\u00e9sister \u00e0 une chute de 1,2 m\u00e8tre et convient au transport transfrontalier.<\/p>\n<h2 id=\"-6-customized-printing-service-deep-adaptation-of-brands-and-scenarios-\"><strong>6. Service d'impression personnalis\u00e9 : adaptation approfondie des marques et des sc\u00e9narios<\/strong><\/h2>\n<p>Il est possible d'imprimer des contenus personnalis\u00e9s tels que le logo de l'entreprise, les noms des couples, les dates comm\u00e9moratives, etc. sur le couvercle de la bo\u00eete. Les mod\u00e8les personnalis\u00e9s pour le mariage peuvent \u00eatre imprim\u00e9s avec des v\u0153ux marqu\u00e9s \u00e0 chaud ou des motifs de roses en relief. Il est recommand\u00e9 d'assortir les cadeaux d'entreprise \u00e0 la vision principale et au slogan de la marque afin d'accro\u00eetre la valeur ajout\u00e9e du coffret cadeau.<\/p>\n<h2 id=\"-7-made-by-a-local-old-factory-dual-commitment-of-quality-and-production-capacity-\"><strong>7. Fabriqu\u00e9 par une ancienne usine locale : double engagement de qualit\u00e9 et de capacit\u00e9 de production<\/strong><\/h2>\n<p>Fabriqu\u00e9 par l'imprimerie de Shenzhen, avec 16 ans d'exp\u00e9rience, il utilise des machines de d\u00e9coupe enti\u00e8rement automatiques et des lignes d'inspection de la qualit\u00e9, avec une capacit\u00e9 de production mensuelle de plus de 500 000 pi\u00e8ces, et prend en charge l'\u00e9preuvage acc\u00e9l\u00e9r\u00e9 en 72 heures et la livraison de commandes en vrac. Chaque lot passe 12 tests de contr\u00f4le de qualit\u00e9 (y compris la plan\u00e9it\u00e9 des coins, la diff\u00e9rence de couleur, le support de charge, etc.) pour garantir que l'erreur d'uniformit\u00e9 de la production de masse est \u22641mm.<\/p>\n<h2 id=\"-8-environmental-certification-sustainable-romantic-promise-\"><strong>8. Certification environnementale : Promesse de romantisme durable<\/strong><\/h2>\n<p>Le mat\u00e9riau du coffret cadeau a obtenu la certification de gestion foresti\u00e8re FSC et la certification du syst\u00e8me de gestion ISO. L'encre est conforme aux normes REACH de l'UE, elle est non toxique et biod\u00e9gradable. L'\u00e9ponge de la doublure est fabriqu\u00e9e en EVA de qualit\u00e9 alimentaire, a pass\u00e9 le test SGS et est sans danger pour le contact avec la peau.<\/p>\n<h2 id=\"-product-application-scenarios-\"><strong>Sc\u00e9narios d'application des produits<\/strong><\/h2>\n<ul>\n<li><strong>Cadeau personnel<\/strong>: Associ\u00e9 \u00e0 des lettres d'amour personnalis\u00e9es et \u00e0 des fleurs \u00e9ternelles, ce coffret cadeau a pour th\u00e8me les \"aveux qui touchent le c\u0153ur\".<\/li>\n<li><strong>Bijoux de mariage<\/strong>: Une fente pour la carte d'alliance peut \u00eatre int\u00e9gr\u00e9e dans la bo\u00eete, et l'anneau peut \u00eatre vu d\u00e8s l'ouverture de la bo\u00eete, ce qui renforce l'impression de c\u00e9r\u00e9monie de demande en mariage.<\/li>\n<li><strong>Co-marquage de la marque<\/strong>: Les entreprises peuvent personnaliser les \u00e9ditions limit\u00e9es, en combinant l'image de la propri\u00e9t\u00e9 intellectuelle et les \u00e9l\u00e9ments en forme de c\u0153ur pour renforcer la fid\u00e9lit\u00e9 des clients.<\/li>\n<\/ul>","protected":false},"excerpt":{"rendered":"<p>Le couvercle en forme de c\u0153ur et les couvercles sup\u00e9rieur et inf\u00e9rieur s'adaptent parfaitement \u00e0 la bo\u00eete, avec des contours en forme de c\u0153ur \u00e0 l'int\u00e9rieur et \u00e0 l'ext\u00e9rieur, visuellement unifi\u00e9s et \u00e9motionnellement attrayants. Le couvercle et le fond sont s\u00e9par\u00e9s, ce qui facilite l'ouverture et la fermeture, avec une bonne \u00e9tanch\u00e9it\u00e9, prot\u00e9geant efficacement le contenu et renfor\u00e7ant le sentiment de c\u00e9r\u00e9monie lors de l'ouverture de la bo\u00eete.<\/p>","protected":false},"featured_media":1016,"template":"","meta":{"_kad_post_transparent":"default","_kad_post_title":"","_kad_post_layout":"default","_kad_post_sidebar_id":"","_kad_post_content_style":"default","_kad_post_vertical_padding":"default","_kad_post_feature":"","_kad_post_feature_position":"","_kad_post_header":false,"_kad_post_footer":false,"_kad_post_classname":""},"product_brand":[],"product_cat":[15,17],"product_tag":[383,384,385],"class_list":{"0":"post-1011","1":"product","2":"type-product","3":"status-publish","4":"has-post-thumbnail","6":"product_cat-red-light-therapy","7":"product_cat-services","8":"product_tag-heart-shaped-gift-box","9":"product_tag-jewelry-packaging-box","10":"product_tag-valentines-day-gift-box","12":"first","13":"instock","14":"shipping-taxable","15":"product-type-simple","16":"entry","17":"content-bg","18":"loop-entry"},"_links":{"self":[{"href":"https:\/\/red-lighttherapy.com\/fr_fr\/wp-json\/wp\/v2\/product\/1011","targetHints":{"allow":["GET"]}}],"collection":[{"href":"https:\/\/red-lighttherapy.com\/fr_fr\/wp-json\/wp\/v2\/product"}],"about":[{"href":"https:\/\/red-lighttherapy.com\/fr_fr\/wp-json\/wp\/v2\/types\/product"}],"wp:featuredmedia":[{"embeddable":true,"href":"https:\/\/red-lighttherapy.com\/fr_fr\/wp-json\/wp\/v2\/media\/1016"}],"wp:attachment":[{"href":"https:\/\/red-lighttherapy.com\/fr_fr\/wp-json\/wp\/v2\/media?parent=1011"}],"wp:term":[{"taxonomy":"product_brand","embeddable":true,"href":"https:\/\/red-lighttherapy.com\/fr_fr\/wp-json\/wp\/v2\/product_brand?post=1011"},{"taxonomy":"product_cat","embeddable":true,"href":"https:\/\/red-lighttherapy.com\/fr_fr\/wp-json\/wp\/v2\/product_cat?post=1011"},{"taxonomy":"product_tag","embeddable":true,"href":"https:\/\/red-lighttherapy.com\/fr_fr\/wp-json\/wp\/v2\/product_tag?post=1011"}],"curies":[{"name":"wp","href":"https:\/\/api.w.org\/{rel}","templated":true}]}}