{"id":1005,"date":"2025-04-16T03:24:02","date_gmt":"2025-04-16T03:24:02","guid":{"rendered":"https:\/\/red-lighttherapy.com\/?post_type=product&#038;p=1005"},"modified":"2025-04-16T03:44:42","modified_gmt":"2025-04-16T03:44:42","slug":"brand-double-door-box-for-skincare-bottle-fragrance-perfume","status":"publish","type":"product","link":"https:\/\/red-lighttherapy.com\/fr_fr\/brand-double-door-box-for-skincare-bottle-fragrance-perfume\/","title":{"rendered":"Bo\u00eete de marque \u00e0 double porte pour flacon de soins Parfumerie"},"content":{"rendered":"<h2 id=\"-double-door-skin-care-perfume-bottle-box-product-description-\"><strong>Bo\u00eete \u00e0 double porte pour flacon de parfum de soin Description du produit<\/strong><\/h2>\n<h2 id=\"-1-box-design-and-positioning-\"><strong>1. Conception et positionnement de la bo\u00eete<\/strong><\/h2>\n<p>Le\u00a0<strong>Bo\u00eete cadeau ouverte sur deux c\u00f4t\u00e9s<\/strong>\u00a0La structure sym\u00e9trique cr\u00e9e une impression de solennit\u00e9 qui correspond au positionnement des cadeaux haut de gamme. Le corps de la bo\u00eete est optimis\u00e9 par des lignes et des proportions g\u00e9om\u00e9triques, combin\u00e9es \u00e0 la couleur principale noire et \u00e0 la technologie de relief \u00e0 motifs floraux bleus, montrant un \u00e9quilibre entre le calme et le sens artistique. Lorsque les doubles portes sont ouvertes, la bo\u00eete se d\u00e9ploie lentement comme un rideau de sc\u00e8ne, donnant au processus de d\u00e9ballage une forte impression de rituel et transformant la pr\u00e9sentation du produit en une exp\u00e9rience immersive.<\/p>\n<h2 id=\"-2-innovative-interactivity-and-unboxing-experience-\"><strong>2. Une interactivit\u00e9 et une exp\u00e9rience d'unboxing innovantes<\/strong><\/h2>\n<p>L'unique\u00a0<strong>structure de charni\u00e8re \u00e0 double porte<\/strong>\u00a0rompt avec la conception traditionnelle de l'ouverture et de la fermeture d'un seul c\u00f4t\u00e9 et renforce le sentiment de participation de l'utilisateur :<\/p>\n<ul>\n<li><strong>Surprise<\/strong>: Lorsque la porte est ouverte, le flacon de parfum int\u00e9gr\u00e9 appara\u00eet progressivement en fonction de l'angle de la bo\u00eete, et la fixation de la doublure en flocage EVA cr\u00e9e un impact visuel tel que \"le d\u00e9voilement du tr\u00e9sor\".<\/li>\n<li><strong>Interactivit\u00e9<\/strong>: Des illustrations de l'histoire de la marque ou des cartes des composants aromatiques peuvent \u00eatre personnalis\u00e9es \u00e0 l'int\u00e9rieur du panneau de la porte. Les utilisateurs peuvent explorer les d\u00e9tails en les retournant, en les tirant et en effectuant d'autres actions pour renforcer le lien \u00e9motionnel.<\/li>\n<\/ul>\n<h2 id=\"-3-material-and-craft-details-\"><strong>3. D\u00e9tails des mat\u00e9riaux et de l'artisanat<\/strong><\/h2>\n<ul>\n<li><strong>Substrat de papier couch\u00e9<\/strong>: Le papier couch\u00e9 \u00e0 haut grammage de 350 g est s\u00e9lectionn\u00e9. Il est \u00e0 la fois l\u00e9ger et r\u00e9sistant \u00e0 la pression pour garantir la r\u00e9sistance \u00e0 la d\u00e9formation pendant le transport. En m\u00eame temps, la surface est recouverte d'un film mat pour am\u00e9liorer le toucher d\u00e9licat.<\/li>\n<li><strong>Traitement de pr\u00e9cision<\/strong>: La d\u00e9coupe au laser et le collage automatis\u00e9 sont utilis\u00e9s, l'erreur de bord du corps de la bo\u00eete est \u22640,1 mm, et la structure d'ouverture et de fermeture est \u00e9troitement ajust\u00e9e pour \u00e9viter les bavures et le rel\u00e2chement des bo\u00eetes traditionnelles fabriqu\u00e9es \u00e0 la main.<\/li>\n<li><strong>Technologie de d\u00e9coration<\/strong>: Le motif floral bleu pr\u00e9sente un \u00e9clat tridimensionnel gr\u00e2ce \u00e0 la technologie locale UV+argent chaud, et le fond noir utilise un rev\u00eatement micro-perlescent pour pr\u00e9senter un effet d\u00e9grad\u00e9 discret et luxueux dans l'ombre et la lumi\u00e8re.<\/li>\n<\/ul>\n<h2 id=\"-4-functional-and-protective-design-\"><strong>4. Conception fonctionnelle et protectrice<\/strong><\/h2>\n<ul>\n<li><strong>Doublure en flocage EVA<\/strong>: Rainures personnalis\u00e9es en fonction de la courbe du corps de la bouteille, l'\u00e9paisseur de la doublure peut atteindre 5 mm, et un flocage haute densit\u00e9 est utilis\u00e9 pour amortir et r\u00e9sister aux chocs afin d'\u00e9viter les rayures et les d\u00e9placements pendant le transport.<\/li>\n<li><strong>Structure des partitions<\/strong>: La bo\u00eete int\u00e9rieure peut \u00eatre con\u00e7ue en plusieurs couches (par exemple en pla\u00e7ant les flacons de parfum sur la couche sup\u00e9rieure et en ins\u00e9rant des instructions ou des fentes pour cartes-cadeaux sur la couche inf\u00e9rieure), ce qui am\u00e9liore l'utilisation de l'espace et la fonctionnalit\u00e9.<\/li>\n<\/ul>\n<h2 id=\"-5-customized-service-and-brand-adaptation-\"><strong>5. Service personnalis\u00e9 et adaptation de la marque<\/strong><\/h2>\n<ul>\n<li><strong>Personnalisation compl\u00e8te<\/strong>: Permet un r\u00e9glage flexible de la taille (adaptation de la hauteur au type de bouteille de 15 \u00e0 30 cm), de l'angle d'ouverture et de fermeture (r\u00e9glable de 90\u00b0 \u00e0 180\u00b0) et de la structure interne (couche interm\u00e9diaire\/boucle magn\u00e9tique, etc.) afin de r\u00e9pondre aux besoins de diff\u00e9renciation des marques.<\/li>\n<li><strong>Int\u00e9gration des \u00e9l\u00e9ments de la marque<\/strong>: Il est possible d'int\u00e9grer le logo de la marque par marquage \u00e0 chaud, des microcapsules de parfum (l'ouverture de la bo\u00eete lib\u00e8re le parfum associ\u00e9) ou des \u00e9tiquettes AR (le balayage du code d\u00e9clenche l'animation de l'histoire de la marque) afin de lier profond\u00e9ment l'emballage et le r\u00e9cit du produit.<\/li>\n<\/ul>","protected":false},"excerpt":{"rendered":"<p>Ce coffret cadeau \u00e0 double porte est bas\u00e9 sur le concept \"ouvrir la c\u00e9r\u00e9monie, sentir le luxe\". Gr\u00e2ce \u00e0 l'innovation structurelle, \u00e0 l'artisanat et aux liens sensoriels, l'emballage passe du statut de contenant \u00e0 celui de support essentiel de l'exp\u00e9rience de la marque. De la surprise de l'ouverture de la bo\u00eete au toucher des d\u00e9tails, chaque lien fait \u00e9cho au positionnement haut de gamme, aidant la marque \u00e0 \u00e9tablir une reconnaissance diff\u00e9renci\u00e9e dans la concurrence du march\u00e9.<\/p>","protected":false},"featured_media":1006,"template":"","meta":{"_kad_post_transparent":"default","_kad_post_title":"","_kad_post_layout":"default","_kad_post_sidebar_id":"","_kad_post_content_style":"default","_kad_post_vertical_padding":"default","_kad_post_feature":"","_kad_post_feature_position":"","_kad_post_header":false,"_kad_post_footer":false,"_kad_post_classname":""},"product_brand":[],"product_cat":[15,28,17],"product_tag":[381,382,380],"class_list":{"0":"post-1005","1":"product","2":"type-product","3":"status-publish","4":"has-post-thumbnail","6":"product_cat-red-light-therapy","7":"product_cat-customize","8":"product_cat-services","9":"product_tag-brand-perfume-box","10":"product_tag-custom-fragrance-box","11":"product_tag-double-door-box-for-skincare","13":"first","14":"instock","15":"shipping-taxable","16":"product-type-simple","17":"entry","18":"content-bg","19":"loop-entry"},"_links":{"self":[{"href":"https:\/\/red-lighttherapy.com\/fr_fr\/wp-json\/wp\/v2\/product\/1005","targetHints":{"allow":["GET"]}}],"collection":[{"href":"https:\/\/red-lighttherapy.com\/fr_fr\/wp-json\/wp\/v2\/product"}],"about":[{"href":"https:\/\/red-lighttherapy.com\/fr_fr\/wp-json\/wp\/v2\/types\/product"}],"wp:featuredmedia":[{"embeddable":true,"href":"https:\/\/red-lighttherapy.com\/fr_fr\/wp-json\/wp\/v2\/media\/1006"}],"wp:attachment":[{"href":"https:\/\/red-lighttherapy.com\/fr_fr\/wp-json\/wp\/v2\/media?parent=1005"}],"wp:term":[{"taxonomy":"product_brand","embeddable":true,"href":"https:\/\/red-lighttherapy.com\/fr_fr\/wp-json\/wp\/v2\/product_brand?post=1005"},{"taxonomy":"product_cat","embeddable":true,"href":"https:\/\/red-lighttherapy.com\/fr_fr\/wp-json\/wp\/v2\/product_cat?post=1005"},{"taxonomy":"product_tag","embeddable":true,"href":"https:\/\/red-lighttherapy.com\/fr_fr\/wp-json\/wp\/v2\/product_tag?post=1005"}],"curies":[{"name":"wp","href":"https:\/\/api.w.org\/{rel}","templated":true}]}}