{"id":1000,"date":"2025-04-16T03:15:01","date_gmt":"2025-04-16T03:15:01","guid":{"rendered":"https:\/\/red-lighttherapy.com\/?post_type=product&#038;p=1000"},"modified":"2025-04-16T03:25:59","modified_gmt":"2025-04-16T03:25:59","slug":"commercial-large-heart-shaped-gift-packaging-paper-boxes","status":"publish","type":"product","link":"https:\/\/red-lighttherapy.com\/fr_fr\/commercial-large-heart-shaped-gift-packaging-paper-boxes\/","title":{"rendered":"Grandes bo\u00eetes commerciales en papier en forme de coeur pour l'emballage de cadeaux"},"content":{"rendered":"<h2 id=\"-product-description-of-commercial-large-heart-shaped-gift-packaging-paper-box-\"><strong>Description de la bo\u00eete en papier commerciale en forme de c\u0153ur pour l'emballage des cadeaux<\/strong><\/h2>\n<h2 id=\"-1-structural-design-heart-shaped-top-and-bottom-cover-reshaping-emotional-expression-\"><strong>1. Conception structurelle : Couvercle sup\u00e9rieur et inf\u00e9rieur en forme de c\u0153ur, remodelant l'expression \u00e9motionnelle<\/strong><\/h2>\n<p>Ce produit adopte\u00a0<strong>structure du couvercle sup\u00e9rieur et inf\u00e9rieur en forme de c\u0153ur<\/strong>Le couvercle et la bo\u00eete inf\u00e9rieure s'embo\u00eetent \u00e9troitement gr\u00e2ce \u00e0 un syst\u00e8me d'encliquetage magn\u00e9tique, et le moment d'ouverture et de fermeture produit une \"r\u00e9sonance des battements de c\u0153ur\" avec un sens aigu du rituel. Le couvercle sup\u00e9rieur et la bo\u00eete inf\u00e9rieure s'embo\u00eetent \u00e9troitement gr\u00e2ce \u00e0 un syst\u00e8me d'encliquetage magn\u00e9tique, et le moment d'ouverture et de fermeture produit une \"r\u00e9sonance de battement de c\u0153ur\" avec un sens aigu du rituel, ce qui r\u00e9pond aux besoins \u00e9motionnels de la Saint-Valentin, des mariages, des anniversaires et d'autres sc\u00e8nes. L'int\u00e9rieur de la bo\u00eete adopte\u00a0<strong>conception de cloisons en couches<\/strong>Il peut s\u00e9parer de mani\u00e8re flexible des chocolats, des bijoux, des cadeaux personnalis\u00e9s et d'autres articles de diff\u00e9rentes tailles, en tenant compte \u00e0 la fois de l'esth\u00e9tique et de la praticit\u00e9.<\/p>\n<h2 id=\"-2-material-and-environmental-protection-sustainable-forest-resources-global-certification-guarantee-\"><strong>2. Protection des mat\u00e9riaux et de l'environnement : ressources foresti\u00e8res durables, garantie de certification mondiale<\/strong><\/h2>\n<p>Le produit utilise\u00a0<strong>Mat\u00e9riaux \u00e9cologiques certifi\u00e9s FSC<\/strong>Le mat\u00e9riau de base est une structure composite de carton blanc de 250 g et de papier ondul\u00e9 \u00e0 trois\/cinq couches pour garantir la r\u00e9sistance et la durabilit\u00e9. Tous les papiers proviennent de for\u00eats g\u00e9r\u00e9es durablement, r\u00e9pondent aux normes environnementales de l'UE et aux concepts de l'\u00e9conomie circulaire, favorisent le recyclage et la d\u00e9gradation tout au long du cycle de vie et aident les marques \u00e0 v\u00e9hiculer des valeurs vertes. La surface de la bo\u00eete est recouverte de\u00a0<strong>rev\u00eatement PE de qualit\u00e9 alimentaire<\/strong>Il convient aux emballages cadeaux tels que les produits alimentaires et les cosm\u00e9tiques, qui sont facilement affect\u00e9s par l'environnement.<\/p>\n<h2 id=\"-3-visual-design-pink-tones-and-geometric-aesthetics-upgraded-layering-\"><strong>3. Conception visuelle : tons roses et esth\u00e9tique g\u00e9om\u00e9trique, superposition am\u00e9lior\u00e9e.<\/strong><\/h2>\n<p>Le corps de la bo\u00eete est principalement en\u00a0<strong>soft mist pink<\/strong>, avec\u00a0<strong>motifs g\u00e9om\u00e9triques tridimensionnels en relief<\/strong>qui renforcent la stratification visuelle gr\u00e2ce \u00e0 l'entrelacement des lignes et aux changements de lumi\u00e8re et d'ombre, mettant en valeur la texture personnalis\u00e9e haut de gamme. Le design s'inspire de l'art moderne minimaliste. Les \u00e9l\u00e9ments g\u00e9om\u00e9triques peuvent \u00eatre exprim\u00e9s de mani\u00e8re abstraite comme un flux \u00e9motionnel, ou personnalis\u00e9s comme des symboles exclusifs \u00e0 la marque (tels que les motifs de d\u00e9formation du LOGO) pour renforcer la reconnaissance de la marque.<\/p>\n<h2 id=\"-4-functional-highlights-transparent-window-direct-consumer-decision-making-\"><strong>4. Points forts fonctionnels : fen\u00eatre transparente, prise de d\u00e9cision directe par le consommateur<\/strong><\/h2>\n<p>Le\u00a0<strong>fen\u00eatre PET transparente elliptique<\/strong>\u00a0Les consommateurs peuvent ainsi voir directement le contenu (chocolat, flacon de parfum, etc.) sans avoir \u00e0 d\u00e9baller, ce qui r\u00e9duit les co\u00fbts de communication et renforce la confiance dans les achats. Le bord de la fen\u00eatre adopte\u00a0<strong>Technologie de bordage par marquage \u00e0 chaud UV<\/strong>qui reprend le motif de marquage \u00e0 chaud du corps de la bo\u00eete, et qui est \u00e0 la fois fonctionnel et d\u00e9coratif.<\/p>\n<h2 id=\"-5-process-details-three-dimensional-hot-stamping-luxurious-touch-\"><strong>5. D\u00e9tails du processus : marquage \u00e0 chaud tridimensionnel, toucher luxueux.<\/strong><\/h2>\n<p>La surface du couvercle de la bo\u00eete utilise\u00a0<strong>Technologie de marquage \u00e0 chaud en 3D<\/strong>Le marquage \u00e0 chaud, qui combine la feuille d'or et la texture gaufr\u00e9e gr\u00e2ce \u00e0 la technologie de gaufrage \u00e0 haute temp\u00e9rature, permet de cr\u00e9er un logo de marque ou une b\u00e9n\u00e9diction avec une touche concave et convexe, pr\u00e9sentant visuellement un \u00e9clat m\u00e9tallique et un niveau tridimensionnel. La partie estamp\u00e9e \u00e0 chaud est r\u00e9sistante au frottement et \u00e0 l'\u00e9caillage, et a \u00e9t\u00e9 test\u00e9e pour r\u00e9sister \u00e0 plus de 1 000 ouvertures et fermetures, ce qui lui permet de conserver une texture luxueuse apr\u00e8s une utilisation prolong\u00e9e.<\/p>\n<h2 id=\"-6-scene-adaptation-a-multi-scene-marketing-tool-\"><strong>6. L'adaptation des sc\u00e8nes : un outil de marketing multi-sc\u00e8nes<\/strong><\/h2>\n<ul>\n<li><strong>Marketing des festivals<\/strong>: La forme en c\u0153ur et les \u00e9l\u00e9ments de marquage \u00e0 chaud s'adaptent parfaitement aux th\u00e8mes des f\u00eates telles que la Saint-Valentin, le festival Qixi et No\u00ebl, et sont assortis de rubans ou de fleurs \u00e9ternelles pour renforcer le sentiment de c\u00e9r\u00e9monie de remise de cadeaux.<\/li>\n<li><strong>Souvenirs de mariage<\/strong>: La doublure peut \u00eatre fabriqu\u00e9e en satin pour renforcer les caract\u00e9ristiques de personnalisation haut de gamme.<\/li>\n<li><strong>Co-marquage de la marque<\/strong>: La conception de la fen\u00eatre est combin\u00e9e \u00e0 l'image IP de la marque par estampage \u00e0 chaud, ce qui convient \u00e0 l'emballage de produits en \u00e9dition limit\u00e9e dans les secteurs de la beaut\u00e9, du luxe et d'autres industries.<\/li>\n<\/ul>","protected":false},"excerpt":{"rendered":"<p>Ce coffret-cadeau en forme de c\u0153ur s'appuie sur un design \u00e9motionnel. Gr\u00e2ce \u00e0 l'int\u00e9gration de l'innovation structurelle, de mat\u00e9riaux respectueux de l'environnement et d'un savoir-faire haut de gamme, il cr\u00e9e une solution d'emballage commercial qui est \u00e0 la fois visuellement attrayante et fonctionnelle, aidant les marques \u00e0 se d\u00e9marquer sur le march\u00e9 de l'\u00e9conomie romantique.<\/p>","protected":false},"featured_media":1001,"template":"","meta":{"_kad_post_transparent":"default","_kad_post_title":"","_kad_post_layout":"default","_kad_post_sidebar_id":"","_kad_post_content_style":"default","_kad_post_vertical_padding":"default","_kad_post_feature":"","_kad_post_feature_position":"","_kad_post_header":false,"_kad_post_footer":false,"_kad_post_classname":""},"product_brand":[],"product_cat":[15,19,17],"product_tag":[378,377,379],"class_list":{"0":"post-1000","1":"product","2":"type-product","3":"status-publish","4":"has-post-thumbnail","6":"product_cat-red-light-therapy","7":"product_cat-red-light-therapy-stand","8":"product_cat-services","9":"product_tag-jewelry-paper-gift-bag","10":"product_tag-luxury-jewelry-shopping-bag","11":"product_tag-sourcing-jewelry-gift-bag","13":"first","14":"instock","15":"shipping-taxable","16":"product-type-simple","17":"entry","18":"content-bg","19":"loop-entry"},"_links":{"self":[{"href":"https:\/\/red-lighttherapy.com\/fr_fr\/wp-json\/wp\/v2\/product\/1000","targetHints":{"allow":["GET"]}}],"collection":[{"href":"https:\/\/red-lighttherapy.com\/fr_fr\/wp-json\/wp\/v2\/product"}],"about":[{"href":"https:\/\/red-lighttherapy.com\/fr_fr\/wp-json\/wp\/v2\/types\/product"}],"wp:featuredmedia":[{"embeddable":true,"href":"https:\/\/red-lighttherapy.com\/fr_fr\/wp-json\/wp\/v2\/media\/1001"}],"wp:attachment":[{"href":"https:\/\/red-lighttherapy.com\/fr_fr\/wp-json\/wp\/v2\/media?parent=1000"}],"wp:term":[{"taxonomy":"product_brand","embeddable":true,"href":"https:\/\/red-lighttherapy.com\/fr_fr\/wp-json\/wp\/v2\/product_brand?post=1000"},{"taxonomy":"product_cat","embeddable":true,"href":"https:\/\/red-lighttherapy.com\/fr_fr\/wp-json\/wp\/v2\/product_cat?post=1000"},{"taxonomy":"product_tag","embeddable":true,"href":"https:\/\/red-lighttherapy.com\/fr_fr\/wp-json\/wp\/v2\/product_tag?post=1000"}],"curies":[{"name":"wp","href":"https:\/\/api.w.org\/{rel}","templated":true}]}}