{"id":988,"date":"2025-04-16T01:18:51","date_gmt":"2025-04-16T01:18:51","guid":{"rendered":"https:\/\/red-lighttherapy.com\/?post_type=product&#038;p=988"},"modified":"2025-04-20T06:05:30","modified_gmt":"2025-04-20T06:05:30","slug":"luxury-paper-gift-bags-for-cosmetics-perfume-distributors","status":"publish","type":"product","link":"https:\/\/red-lighttherapy.com\/es_es\/luxury-paper-gift-bags-for-cosmetics-perfume-distributors\/","title":{"rendered":"Bolsas de papel de lujo para distribuidores de cosm\u00e9ticos y perfumes"},"content":{"rendered":"<h2 id=\"-product-description-of-high-end-perfume-gift-bag-\"><strong>Descripci\u00f3n del producto de cosm\u00e9ticos de gama alta Perfume bolsa de papel de regalo<\/strong><\/h2>\n<h2 id=\"-1-double-strand-twisted-cotton-rope-handle-tensile-strength-and-ergonomic-design-\"><strong>1. Mango de cuerda de algod\u00f3n trenzado de doble hebra: resistencia a la tracci\u00f3n y dise\u00f1o ergon\u00f3mico.<\/strong><\/h2>\n<p>Adopte\u00a0<strong>proceso de torsi\u00f3n de la cuerda de algod\u00f3n de alta densidad de doble hebra<\/strong>, mediante el entrelazado de m\u00faltiples hebras de fibras para mejorar la resistencia a la tracci\u00f3n (puede soportar \u226510kg), a la vez que se optimiza la sensaci\u00f3n de agarre. La superficie de la cuerda tiene un tratamiento antideslizante, combinado con una medici\u00f3n precisa del di\u00e1metro y el arco, para garantizar que la presi\u00f3n de la palma se distribuye uniformemente, y no hay marcas en el agarre a largo plazo. Los dos extremos de la cuerda de algod\u00f3n est\u00e1n fijados con una estructura de hebilla de herradura, con un dise\u00f1o de remache reforzado para evitar el riesgo de ca\u00edda.<\/p>\n<h2 id=\"-2-artistic-visual-rhythm-geometric-relief-pattern-design-\"><strong>2. Ritmo visual art\u00edstico: dise\u00f1o geom\u00e9trico en relieve<\/strong><\/h2>\n<p>El visual principal del cuerpo de la bolsa utiliza\u00a0<strong>relieve geom\u00e9trico fluido<\/strong>y el proceso de repujado tridimensional presenta una textura ondulada con profundidades y bajuras alternas. El motivo se inspira en la trayectoria de movimiento de las mol\u00e9culas de perfume, combinada con el proceso de revestimiento mate, y se forma un ritmo visual din\u00e1mico bajo la refracci\u00f3n de la luz y la sombra, reforzando la tonalidad art\u00edstica de la marca. El lateral se complementa con un proceso de difuminado degradado para conectar el motivo principal y la zona en blanco, reflejando el equilibrio est\u00e9tico de alta gama.<\/p>\n<h2 id=\"-3-brand-logo-enhancement-dark-blue-base-and-hot-stamping-process-\"><strong>3. Realce del logotipo de la marca: base azul oscuro y proceso de estampaci\u00f3n en caliente.<\/strong><\/h2>\n<p>El principal\u00a0<strong>modelo deep sea blue<\/strong>\u00a0adopta el n\u00famero de color cl\u00e1sico de Pantone 19-4052, con un logotipo central de la marca estampado en caliente. A trav\u00e9s de\u00a0<strong>Tecnolog\u00eda de estampaci\u00f3n en fr\u00edo importada de Alemania<\/strong>Se consigue una restauraci\u00f3n de l\u00edneas de precisi\u00f3n de 0,1 mm, y el grosor de la capa de l\u00e1mina met\u00e1lica alcanza los 12\u03bcm, formando un fuerte contraste visual en la superficie mate de la bolsa. Seg\u00fan las pruebas de laboratorio, la capa de estampaci\u00f3n en caliente no se ha ca\u00eddo tras 5.000 fricciones, cumpliendo los est\u00e1ndares de durabilidad de grado de lujo.<\/p>\n<h2 id=\"-4-hidden-triangular-support-structure-no-load-shape-management-\"><strong>4. Estructura de soporte triangular oculta: gesti\u00f3n de la forma sin carga<\/strong><\/h2>\n<p>Innovaci\u00f3n integrada\u00a0<strong>sistema de forro triangular plegable<\/strong>, mediante corte por l\u00e1ser de tablero gris de 1,2 mm de grosor. Cuando est\u00e1 vac\u00eda, se despliega autom\u00e1ticamente para formar un marco de soporte de prisma triangular que mantiene la forma recta de la bolsa; despu\u00e9s de cargarla, se encoge de forma adaptable al contenido. El borde del forro est\u00e1 preperforado con ranuras de inserci\u00f3n sin cola. Despu\u00e9s de que los consumidores la retiren, se pueden volver a montar en una caja de almacenamiento de sobremesa mediante hebillas para conseguir un embalaje secundario.<\/p>\n<h2 id=\"-5-fsc-certified-environmentally-friendly-material-system-\"><strong>5. Sistema de materiales respetuosos con el medio ambiente con certificaci\u00f3n FSC<\/strong><\/h2>\n<p>El cuerpo principal est\u00e1 hecho de\u00a0<strong>Cart\u00f3n blanco certificado FSC Mix<\/strong>\u00a0(cantidad 300 g\/\u33a1, grosor 0,4 mm), y la superficie est\u00e1 recubierta con un revestimiento vegetal a base de agua, que ha superado las pruebas de la SGS y alcanzado los est\u00e1ndares de seguridad en contacto con alimentos. El forro est\u00e1 hecho de pel\u00edcula sint\u00e9tica de almid\u00f3n de ma\u00edz degradable, y el ciclo de degradaci\u00f3n de toda la bolsa es \u2264180 d\u00edas, y la huella de carbono se reduce en 42% en comparaci\u00f3n con los envases tradicionales.<\/p>\n<h2 id=\"-6-magnetic-safety-closure-system-\"><strong>6. Sistema de cierre magn\u00e9tico de seguridad<\/strong><\/h2>\n<p>La parte superior est\u00e1 equipada con\u00a0<strong>Grupo de botones magn\u00e9ticos de NdFeB<\/strong>y la fuerza de cierre se optimiza a 0,8 N-m mediante simulaci\u00f3n mec\u00e1nica ANSYS. El dise\u00f1o de disposici\u00f3n escalonada de doble polo magn\u00e9tico logra una alineaci\u00f3n precisa, y la prueba de vibraci\u00f3n de transporte muestra que el decaimiento de la fuerza magn\u00e9tica es inferior a 3% despu\u00e9s de 10.000 aperturas y cierres. La parte de apertura y cierre lleva un forro de terciopelo antiara\u00f1azos para proteger el frasco de cosm\u00e9ticos pintado.<\/p>\n<h2 id=\"-7-die-cutting-and-indentation-rapid-prototyping-technology-\"><strong>7. Tecnolog\u00eda de prototipado r\u00e1pido por troquelado e indentaci\u00f3n<\/strong><\/h2>\n<p>En\u00a0<strong>sistema de troquelado digital<\/strong>\u00a0se utiliza para completar la hendidura precisa en V de 85\u00b0, complementada por la marca gu\u00eda de la l\u00ednea de preplegado. El personal del distribuidor puede completar la conformaci\u00f3n tridimensional de la bolsa en 30 segundos, reduciendo los costes de mano de obra en 60%. Se proporciona una gu\u00eda de transformaci\u00f3n DIY. Despu\u00e9s de guardar la bolsa, los consumidores pueden convertirla en un joyero de seis rejillas doblando las l\u00edneas precortadas, lo que ampl\u00eda el ciclo de vida del envase.<\/p>","protected":false},"excerpt":{"rendered":"<p>Esta bolsa de regalo de papel azul oscuro tiene un logotipo dorado estampado en caliente en el centro de la parte delantera para realzar el recuerdo de la marca. La cuerda de algod\u00f3n de doble torsi\u00f3n mejora la resistencia a la tracci\u00f3n y garantiza que la presi\u00f3n de la palma de la mano se distribuya uniformemente al transportarla. Es una bolsa de papel de regalo especial de gama alta para cosm\u00e9ticos y perfumes.<\/p>","protected":false},"featured_media":989,"template":"","meta":{"_kad_post_transparent":"default","_kad_post_title":"","_kad_post_layout":"default","_kad_post_sidebar_id":"","_kad_post_content_style":"default","_kad_post_vertical_padding":"default","_kad_post_feature":"","_kad_post_feature_position":"","_kad_post_header":false,"_kad_post_footer":false,"_kad_post_classname":""},"product_brand":[],"product_cat":[15,28,17],"product_tag":[376,374,375],"class_list":{"0":"post-988","1":"product","2":"type-product","3":"status-publish","4":"has-post-thumbnail","6":"product_cat-red-light-therapy","7":"product_cat-customize","8":"product_cat-services","9":"product_tag-luxury-cosmetics-perfume-gift-bags","10":"product_tag-paper-gift-bags-for-cosmetics","11":"product_tag-perfume-shopping-bags","13":"first","14":"instock","15":"shipping-taxable","16":"product-type-simple","17":"entry","18":"content-bg","19":"loop-entry"},"_links":{"self":[{"href":"https:\/\/red-lighttherapy.com\/es_es\/wp-json\/wp\/v2\/product\/988","targetHints":{"allow":["GET"]}}],"collection":[{"href":"https:\/\/red-lighttherapy.com\/es_es\/wp-json\/wp\/v2\/product"}],"about":[{"href":"https:\/\/red-lighttherapy.com\/es_es\/wp-json\/wp\/v2\/types\/product"}],"wp:featuredmedia":[{"embeddable":true,"href":"https:\/\/red-lighttherapy.com\/es_es\/wp-json\/wp\/v2\/media\/989"}],"wp:attachment":[{"href":"https:\/\/red-lighttherapy.com\/es_es\/wp-json\/wp\/v2\/media?parent=988"}],"wp:term":[{"taxonomy":"product_brand","embeddable":true,"href":"https:\/\/red-lighttherapy.com\/es_es\/wp-json\/wp\/v2\/product_brand?post=988"},{"taxonomy":"product_cat","embeddable":true,"href":"https:\/\/red-lighttherapy.com\/es_es\/wp-json\/wp\/v2\/product_cat?post=988"},{"taxonomy":"product_tag","embeddable":true,"href":"https:\/\/red-lighttherapy.com\/es_es\/wp-json\/wp\/v2\/product_tag?post=988"}],"curies":[{"name":"wp","href":"https:\/\/api.w.org\/{rel}","templated":true}]}}