{"id":975,"date":"2025-04-15T15:41:40","date_gmt":"2025-04-15T15:41:40","guid":{"rendered":"https:\/\/red-lighttherapy.com\/?post_type=product&#038;p=975"},"modified":"2025-04-15T15:55:15","modified_gmt":"2025-04-15T15:55:15","slug":"customized-slider-child-resistant-box-rigid-boxes-wholesale","status":"publish","type":"product","link":"https:\/\/red-lighttherapy.com\/es_es\/customized-slider-child-resistant-box-rigid-boxes-wholesale\/","title":{"rendered":"Cajas R\u00edgidas Deslizables Personalizadas Cajas R\u00edgidas al por Mayor"},"content":{"rendered":"<h3 id=\"-1-box-design-flexible-push-pull-pull-out-structure-suitable-for-multiple-scenarios-\"><strong>1. Dise\u00f1o de caja: estructura flexible push-pull\/pull-out, adecuada para m\u00faltiples escenarios.<\/strong><\/h3>\n<p>Este producto adopta\u00a0<strong>push-pull o pull-out tipo caja de doble modo<\/strong>El tama\u00f1o de la caja se puede personalizar seg\u00fan las necesidades del cliente. El tama\u00f1o de la caja se puede personalizar seg\u00fan las necesidades del cliente, y el papel de la superficie se imprime con\u00a0<strong>papel liso de alto brillo<\/strong>y emparejado con\u00a0<strong>proceso de encolado de cart\u00f3n grueso<\/strong>\u00a0para garantizar la resistencia a la compresi\u00f3n, la resistencia al desgaste y la textura visual. El dise\u00f1o de la estructura push-pull cumple las normas de protecci\u00f3n infantil (consulte los requisitos de la FDA y las normas nacionales para CRP), y al mismo tiempo mejora la favorabilidad del usuario a trav\u00e9s de una experiencia de apertura y cierre suave.<\/p>\n<h3 id=\"-2-brand-logo-technology-uv-hot-stamping-enhances-visual-impact-\"><strong>2. Tecnolog\u00eda de logotipo de marca: El estampado en caliente\/UV mejora el impacto visual<\/strong><\/h3>\n<p>El texto y los patrones pueden utilizar\u00a0<strong>Estampaci\u00f3n tridimensional UV, estampaci\u00f3n en caliente, estampaci\u00f3n en caliente en relieve<\/strong>\u00a0y otros procesos para resaltar el tono de la marca mediante efectos de textura met\u00e1lica y alto brillo. Por ejemplo, el proceso UV puede crear un contraste entre la luz mate y la luz brillante, y el proceso de estampaci\u00f3n en caliente confiere al LOGO una sensaci\u00f3n de lujo, adecuada para las necesidades de las marcas de cigarrillos electr\u00f3nicos de gama alta.<\/p>\n<h3 id=\"-3-touch-optimization-soft-touch-coated-paper-improves-user-experience-\"><strong>3. Optimizaci\u00f3n t\u00e1ctil: el papel estucado suave al tacto mejora la experiencia del usuario.<\/strong><\/h3>\n<p>Las capas de papel interior y exterior son de\u00a0<strong>tecnolog\u00eda de revestimiento suave al tacto<\/strong>que es tan delicado como la seda y se adapta a la memoria t\u00e1ctil de las yemas de los dedos de los consumidores. Este dise\u00f1o no solo mejora la sensaci\u00f3n de ceremonia al abrir la caja, sino que tambi\u00e9n refuerza el reconocimiento de la marca mediante una respuesta t\u00e1ctil diferenciada, especialmente adecuada para productos de cigarrillos electr\u00f3nicos centrados en la experiencia del usuario.<\/p>\n<h3 id=\"-4-fusion-of-natural-elements-sea-water-droplet-theme-design-\"><strong>4. Fusi\u00f3n de elementos naturales: dise\u00f1o tem\u00e1tico de gotas de agua de mar<\/strong><\/h3>\n<p>La superficie de la caja incorpora\u00a0<strong>gotas de agua din\u00e1micas y entrelazamiento de luces y sombras<\/strong>\u00a0lenguaje visual, y simula el flujo de gotas de agua mediante impresi\u00f3n en degradado, UV parcial o tecnolog\u00eda de pel\u00edcula l\u00e1ser, transmitiendo el concepto de marca de protecci\u00f3n medioambiental y pureza. Este dise\u00f1o puede adaptarse a temas como la protecci\u00f3n marina y la vida sana, lo que concuerda con la tendencia de transformaci\u00f3n de la industria de los cigarrillos electr\u00f3nicos hacia una direcci\u00f3n respetuosa con la naturaleza.<\/p>\n<h3 id=\"-5-holiday-theme-customization-seasonal-elements-enhance-marketing-value-\"><strong>5. Personalizaci\u00f3n del tema navide\u00f1o: los elementos estacionales aumentan el valor comercial<\/strong><\/h3>\n<p>Ayuda\u00a0<strong>Copos de nieve de Navidad, farolillos de las Fiestas de Primavera, corazones de San Valent\u00edn...<\/strong>\u00a0y otras personalizaciones de temas navide\u00f1os, y lograr una r\u00e1pida sustituci\u00f3n mediante inserciones reemplazables, estampaci\u00f3n en caliente por l\u00e1ser o impresi\u00f3n parcial en color. Por ejemplo, el modelo de Navidad puede combinarse con un relieve tridimensional de copos de nieve y un fondo rojo degradado, mientras que el modelo de Fiestas de Primavera incorpora farolillos estampados en caliente y motivos de nubes auspiciosas para realzar los atributos de los regalos navide\u00f1os.<\/p>\n<h3 id=\"-6-r-d-strength-innovative-ability-to-keep-up-with-industry-trends-\"><strong>6. Fuerza de I+D: capacidad innovadora para seguir las tendencias del sector<\/strong><\/h3>\n<p>El equipo est\u00e1 compuesto por\u00a0<strong>expertos en dise\u00f1o de envases con m\u00e1s de 16 a\u00f1os de experiencia<\/strong>, que estudian en profundidad las tendencias de la industria de los cigarrillos electr\u00f3nicos, como la estructura de apertura a prueba de ni\u00f1os y la aplicaci\u00f3n de materiales respetuosos con el medio ambiente. La r\u00e1pida iteraci\u00f3n se consigue mediante un dise\u00f1o modular, como la actualizaci\u00f3n de la tradicional tapa superior e inferior por una hebilla magn\u00e9tica oculta, teniendo en cuenta tanto la seguridad como el sentido tecnol\u00f3gico.<\/p>\n<h3 id=\"-7-industry-cooperation-mature-supply-chain-and-reputation-guarantee-\"><strong>7. Cooperaci\u00f3n industrial: cadena de suministro madura y garant\u00eda de reputaci\u00f3n<\/strong><\/h3>\n<p>Los clientes de la cooperativa cubren\u00a0<strong>RELX, MOTI, VAZO<\/strong>\u00a0y otras marcas l\u00edderes, ofreciendo un servicio integral que va desde las pruebas hasta la producci\u00f3n en serie.\u00a0<strong>Papel ecol\u00f3gico con certificaci\u00f3n FSC<\/strong>\u00a0y el proceso de producci\u00f3n est\u00e1ndar RoHS se utilizan para garantizar el cumplimiento de los requisitos de inspecci\u00f3n de calidad nacionales y extranjeros. Se admite la personalizaci\u00f3n de lotes peque\u00f1os (m\u00ednimo 500 piezas), y el ciclo de entrega se acorta a 12-15 d\u00edas.<\/p>","protected":false},"excerpt":{"rendered":"<p>Podemos proporcionarle<br \/>\n- Caja de regalo para el lanzamiento del nuevo producto E-cigarrillo<br \/>\n- Paquete de edici\u00f3n limitada de promoci\u00f3n navide\u00f1a<br \/>\n- Soluciones de embalaje personalizadas para comercio electr\u00f3nico transfronterizo, etc.<\/p>","protected":false},"featured_media":981,"template":"","meta":{"_kad_post_transparent":"default","_kad_post_title":"","_kad_post_layout":"default","_kad_post_sidebar_id":"","_kad_post_content_style":"default","_kad_post_vertical_padding":"default","_kad_post_feature":"","_kad_post_feature_position":"","_kad_post_header":false,"_kad_post_footer":false,"_kad_post_classname":""},"product_brand":[],"product_cat":[15,40,17],"product_tag":[295,366,367],"class_list":{"0":"post-975","1":"product","2":"type-product","3":"status-publish","4":"has-post-thumbnail","6":"product_cat-red-light-therapy","7":"product_cat-red-light-therapy-panel","8":"product_cat-services","9":"product_tag-child-resistant-box","10":"product_tag-customized-slider-box","11":"product_tag-rigid-boxes-wholesale","13":"first","14":"instock","15":"shipping-taxable","16":"product-type-simple","17":"entry","18":"content-bg","19":"loop-entry"},"_links":{"self":[{"href":"https:\/\/red-lighttherapy.com\/es_es\/wp-json\/wp\/v2\/product\/975","targetHints":{"allow":["GET"]}}],"collection":[{"href":"https:\/\/red-lighttherapy.com\/es_es\/wp-json\/wp\/v2\/product"}],"about":[{"href":"https:\/\/red-lighttherapy.com\/es_es\/wp-json\/wp\/v2\/types\/product"}],"wp:featuredmedia":[{"embeddable":true,"href":"https:\/\/red-lighttherapy.com\/es_es\/wp-json\/wp\/v2\/media\/981"}],"wp:attachment":[{"href":"https:\/\/red-lighttherapy.com\/es_es\/wp-json\/wp\/v2\/media?parent=975"}],"wp:term":[{"taxonomy":"product_brand","embeddable":true,"href":"https:\/\/red-lighttherapy.com\/es_es\/wp-json\/wp\/v2\/product_brand?post=975"},{"taxonomy":"product_cat","embeddable":true,"href":"https:\/\/red-lighttherapy.com\/es_es\/wp-json\/wp\/v2\/product_cat?post=975"},{"taxonomy":"product_tag","embeddable":true,"href":"https:\/\/red-lighttherapy.com\/es_es\/wp-json\/wp\/v2\/product_tag?post=975"}],"curies":[{"name":"wp","href":"https:\/\/api.w.org\/{rel}","templated":true}]}}