{"id":964,"date":"2025-04-15T13:02:38","date_gmt":"2025-04-15T13:02:38","guid":{"rendered":"https:\/\/red-lighttherapy.com\/?post_type=product&#038;p=964"},"modified":"2025-04-15T16:32:49","modified_gmt":"2025-04-15T16:32:49","slug":"exporter-unique-marble-paper-shopping-gift-bag-for-hair-wigs","status":"publish","type":"product","link":"https:\/\/red-lighttherapy.com\/es_es\/exporter-unique-marble-paper-shopping-gift-bag-for-hair-wigs\/","title":{"rendered":"Exportador \u00danico M\u00e1rmol Papel Compras regalo Bolsa para pelucas de pelo"},"content":{"rendered":"<h2 id=\"-product-description-of-exporter-s-unique-marble-wig-special-eco-friendly-gift-bag-\"><strong>Descripci\u00f3n de producto del bolso de regalo respetuoso del medio ambiente especial de la peluca de m\u00e1rmol del exportador<\/strong><\/h2>\n<h2 id=\"-i-core-environmental-protection-concept-fsc-certification-and-degradable-characteristics-\"><strong>1. Concepto b\u00e1sico de protecci\u00f3n medioambiental: Certificaci\u00f3n FSC y caracter\u00edsticas degradables<\/strong><\/h2>\n<p>Este producto est\u00e1 fabricado con pulpa respetuosa con el medio ambiente certificada por el FSC, y las materias primas se obtienen de bosques gestionados de forma continua para garantizar que la huella ecol\u00f3gica sea menor que en origen. La pasta se fabrica mediante un proceso de producci\u00f3n limpio y se combina con aditivos biodegradables. Puede descomponerse completamente en sustancias inocuas en un plazo de 6 a 12 meses en el medio natural, lo que evita el problema de contaminaci\u00f3n de los pl\u00e1sticos tradicionales. El cuerpo de la bolsa est\u00e1 impreso con\u00a0<strong>tinta vegetal al agua<\/strong>que no es t\u00f3xico ni nocivo, cumple las normas de protecci\u00f3n medioambiental REACH de la UE y es adecuado para las necesidades de envasado ecol\u00f3gico de los productos de peluca de gama alta.<\/p>\n<h2 id=\"-ii-innovative-process-die-cutting-creasing-and-flattening-design-\"><strong>2. Proceso innovador: dise\u00f1o de troquelado, hendido y aplanado<\/strong><\/h2>\n<ul>\n<li><strong>Proceso de hendido y troquelado<\/strong>: El borde de la bolsa se corta a la perfecci\u00f3n mediante un molde de cuchilla de acero de alta precisi\u00f3n, combinado con un dise\u00f1o de l\u00ednea de precurvado para garantizar que la bolsa de papel se abra y se cierre sin problemas y que la estructura sea estable. El dise\u00f1o especial de fondo cuadrado de la bolsa mejora la capacidad de carga (puede transportar productos de peluca de 5 kg), y el grosor despu\u00e9s del plegado es de s\u00f3lo 2 cm, lo que reduce significativamente el volumen de transporte y ahorra costes.\u00a0<strong>m\u00e1s de 40% de los gastos de env\u00edo<\/strong>.<\/li>\n<li><strong>L\u00ednea de producci\u00f3n automatizada<\/strong>: Adopta una m\u00e1quina de troquelado y hendido totalmente autom\u00e1tica, con un sistema de correcci\u00f3n inteligente, y tiene una capacidad de producci\u00f3n por hora de\u00a0<strong>1,000,000<\/strong>El cambio r\u00e1pido de m\u00faltiples especificaciones permite satisfacer las necesidades de los pedidos de exportaci\u00f3n a gran escala.<\/li>\n<\/ul>\n<h2 id=\"-third-vision-and-touch-luxurious-marble-pattern-and-ergonomic-handle-\"><strong>3. Visi\u00f3n y tacto: lujoso patr\u00f3n de m\u00e1rmol y mango ergon\u00f3mico<\/strong><\/h2>\n<ul>\n<li><strong>Motivo de m\u00e1rmol blanco con base gris<\/strong>: Con el gris mate como base, se combina con texturas blancas fluidas. A trav\u00e9s de\u00a0<strong>tecnolog\u00eda de impresi\u00f3n de planchas<\/strong>La superficie de la bolsa de papel est\u00e1 recubierta con una pel\u00edcula de estera respetuosa con el medio ambiente, resistente al tacto, al desgaste y delicada. La superficie est\u00e1 cubierta con una pel\u00edcula de estera respetuosa con el medio ambiente, que es resistente al tacto, al desgaste y delicada, y adecuada para productos de peluca de alta gama. Cuerda de mango ergon\u00f3mica: El mango est\u00e1 hecho de tejido de fibra, con un di\u00e1metro de 8 mm y 200 kg de resistencia a la tracci\u00f3n, que es a la vez suave y duradero. El lado interno de la manija adopta una textura ondulada antideslizante, que se ajustan a la curva de la palma, y no hay cicatriz cuando se sostiene durante mucho tiempo, que est\u00e1 dise\u00f1ado.<\/li>\n<\/ul>\n<h2 id=\"-fourth-efficient-production-and-quality-assurance-\"><strong>4. Producci\u00f3n eficiente y garant\u00eda de calidad<\/strong><\/h2>\n<ul>\n<li><strong>Tecnolog\u00eda de impresi\u00f3n por imposici\u00f3n<\/strong>: Optimice la utilizaci\u00f3n del dise\u00f1o mediante un software de composici\u00f3n tipogr\u00e1fica inteligente, reduzca el desperdicio de papel y aumente el rendimiento de impresi\u00f3n de una sola hoja a 99,5%. Admite la impresi\u00f3n combinada de varios lotes de pedidos, lo que acorta el ciclo de entrega a menos de 72 horas.<\/li>\n<li><strong>Sistema de control de calidad<\/strong>: Inspecci\u00f3n de calidad automatizada de todo el proceso, incluido el control de la tensi\u00f3n, la calibraci\u00f3n de la diferencia de color, las pruebas de carga, etc., para garantizar que cada lote de productos cumple las normas del sistema de gesti\u00f3n de calidad ISO 9001.<\/li>\n<\/ul>\n<h2 id=\"-application-scenarios-and-market-advantages-\"><strong>Escenarios de aplicaci\u00f3n y ventajas de mercado<\/strong><\/h2>\n<ul>\n<li><strong>Adaptabilidad al sector de las pelucas<\/strong>: El tama\u00f1o de la bolsa se puede personalizar, y el forro se puede equipar con una capa de algod\u00f3n a prueba de humedad para proteger la forma y el brillo de la peluca.<\/li>\n<li><strong>Marca superior<\/strong>: La doble bendici\u00f3n de los atributos de protecci\u00f3n medioambiental y apariencia lujosa ayuda a la marca a transmitir el concepto de sostenibilidad a trav\u00e9s del envase y a aumentar la fidelidad de los consumidores finales.<\/li>\n<\/ul>","protected":false},"excerpt":{"rendered":"<p>El cuerpo de la bolsa adopta la tecnolog\u00eda de troquelado y hendido, que facilita su apertura y cierre, y puede enviarse plano para ahorrar gastos de env\u00edo. Est\u00e1 fabricada con pasta ecol\u00f3gica certificada por el FSC, que es biodegradable y respetuosa con el medio ambiente. El estampado de m\u00e1rmol con fondo gris y l\u00edneas blancas a\u00f1ade una sensaci\u00f3n de lujo a la bolsa de papel.<\/p>","protected":false},"featured_media":970,"template":"","meta":{"_kad_post_transparent":"default","_kad_post_title":"","_kad_post_layout":"default","_kad_post_sidebar_id":"","_kad_post_content_style":"default","_kad_post_vertical_padding":"default","_kad_post_feature":"","_kad_post_feature_position":"","_kad_post_header":false,"_kad_post_footer":false,"_kad_post_classname":""},"product_brand":[],"product_cat":[15,17],"product_tag":[373,371,372],"class_list":{"0":"post-964","1":"product","2":"type-product","3":"status-publish","4":"has-post-thumbnail","6":"product_cat-red-light-therapy","7":"product_cat-services","8":"product_tag-exporter-hair-wigs-bag","9":"product_tag-paper-shopping-bag-for-hair","10":"product_tag-unique-marble-paper-wigs-gift-bag","12":"first","13":"instock","14":"shipping-taxable","15":"product-type-simple","16":"entry","17":"content-bg","18":"loop-entry"},"_links":{"self":[{"href":"https:\/\/red-lighttherapy.com\/es_es\/wp-json\/wp\/v2\/product\/964","targetHints":{"allow":["GET"]}}],"collection":[{"href":"https:\/\/red-lighttherapy.com\/es_es\/wp-json\/wp\/v2\/product"}],"about":[{"href":"https:\/\/red-lighttherapy.com\/es_es\/wp-json\/wp\/v2\/types\/product"}],"wp:featuredmedia":[{"embeddable":true,"href":"https:\/\/red-lighttherapy.com\/es_es\/wp-json\/wp\/v2\/media\/970"}],"wp:attachment":[{"href":"https:\/\/red-lighttherapy.com\/es_es\/wp-json\/wp\/v2\/media?parent=964"}],"wp:term":[{"taxonomy":"product_brand","embeddable":true,"href":"https:\/\/red-lighttherapy.com\/es_es\/wp-json\/wp\/v2\/product_brand?post=964"},{"taxonomy":"product_cat","embeddable":true,"href":"https:\/\/red-lighttherapy.com\/es_es\/wp-json\/wp\/v2\/product_cat?post=964"},{"taxonomy":"product_tag","embeddable":true,"href":"https:\/\/red-lighttherapy.com\/es_es\/wp-json\/wp\/v2\/product_tag?post=964"}],"curies":[{"name":"wp","href":"https:\/\/api.w.org\/{rel}","templated":true}]}}