{"id":952,"date":"2025-04-15T11:34:00","date_gmt":"2025-04-15T11:34:00","guid":{"rendered":"https:\/\/red-lighttherapy.com\/?post_type=product&#038;p=952"},"modified":"2025-04-15T12:24:59","modified_gmt":"2025-04-15T12:24:59","slug":"dealers-custom-luxury-paper-shopping-gift-bags-for-clothing","status":"publish","type":"product","link":"https:\/\/red-lighttherapy.com\/es_es\/dealers-custom-luxury-paper-shopping-gift-bags-for-clothing\/","title":{"rendered":"Distribuidores Bolsas de papel de lujo personalizadas para regalos de ropa"},"content":{"rendered":"<h2>Distribuidores Bolsas de papel de lujo personalizadas para regalos de ropa<\/h2>\n<h2 id=\"1-color-and-visual-presentation-\">1.\u00a0<strong>Color y presentaci\u00f3n visual<\/strong><\/h2>\n<ul>\n<li>El color principal es\u00a0<strong>Carta de colores Pantone personalizada rosa suave<\/strong>\u00a0(admite la calibraci\u00f3n de colores planos CMYK\/Pantone), y la funci\u00f3n\u00a0<strong>cuatricrom\u00eda offset<\/strong>\u00a0consigue una transici\u00f3n de color uniforme, presentando un efecto visual fresco y elegante.<\/li>\n<li>La superficie puede ser\u00a0<strong>mate\/brillante<\/strong>\u00a0para mejorar la resistencia al desgaste del papel conservando un tacto delicado.<\/li>\n<\/ul>\n<h2 id=\"2-light-luxury-craft-details-\">2.\u00a0<strong>Ligeros detalles artesanales de lujo<\/strong><\/h2>\n<ul>\n<li><strong>Preciso estampado en caliente de l\u00edneas doradas en el borde<\/strong>: Utilizando l\u00e1mina de estampaci\u00f3n en caliente importada de Alemania, el error de l\u00ednea se controla dentro de 0,5 mm para realzar la textura de microlujo.<\/li>\n<li><strong>Lazo de cinta tridimensional<\/strong>: El contorno tridimensional del arco se moldea mediante el\u00a0<strong>Proceso de estampado en 3D<\/strong>Para realzar el contraste de brillo, se puede seleccionar el lacado mate o el proceso UV local, y resulta m\u00e1s avanzado cuando se combina con cordones hechos a mano.<\/li>\n<\/ul>\n<h2 id=\"3-humanized-functional-design-\">3.\u00a0<strong>Dise\u00f1o funcional humanizado<\/strong><\/h2>\n<ul>\n<li><strong>Agarre ondulado antideslizante<\/strong>: La cuerda est\u00e1 hecha de\u00a0<strong>n\u00facleo grueso de nailon + capa trenzada de hilo de algod\u00f3n antideslizante<\/strong>La zona de agarre est\u00e1 provista de una ranura ondulada para dispersar la presi\u00f3n de elevaci\u00f3n, y la capacidad de carga puede alcanzar los 8 kg.<\/li>\n<li><strong>Estructura de refuerzo del fondo<\/strong>: Cinco capas de cart\u00f3n compuesto (grosor 0,4-0,6 mm) con\u00a0<strong>l\u00ednea adhesiva de doble capa<\/strong>\u00a0para garantizar la estabilidad de los objetos pesados.<\/li>\n<\/ul>\n<h2 id=\"4-multiple-printing-processes-\">4.\u00a0<strong>M\u00faltiples procesos de impresi\u00f3n<\/strong><\/h2>\n<ul>\n<li><strong>Gofrado UV<\/strong>: Las im\u00e1genes y textos en relieve locales son t\u00e1ctiles y adecuados para el refuerzo del LOGOTIPO de la marca.<\/li>\n<li><strong>Proceso de microperforaci\u00f3n<\/strong>: Crea un efecto hueco transpirable, adecuado para las necesidades de embalaje de ropa ligera de lujo de verano.<\/li>\n<li><strong>Tecnolog\u00eda de estampaci\u00f3n en fr\u00edo<\/strong>: Los patrones de textura met\u00e1lica se pueden lograr sin alta temperatura, respetuoso del medio ambiente y compatible con papel especial.<\/li>\n<\/ul>\n<h2 id=\"5-suitable-for-multi-scene-design-\">5.\u00a0<strong>Adecuado para el dise\u00f1o de m\u00faltiples escenas<\/strong><\/h2>\n<ul>\n<li><strong>Recuerdos de empresa<\/strong>: Puede imprimir esl\u00f3ganes corporativos y n\u00fameros estampados en caliente, forrados con seda o franela para realzar el sentido de la ceremonia.<\/li>\n<li><strong>Serie de bodas<\/strong>: Integra relieve de encaje, revestimiento de brillo perlado y otros elementos, admite la estampaci\u00f3n en caliente de los nombres de los reci\u00e9n casados.<\/li>\n<\/ul>\n<h2 id=\"6-material-and-production-standards-\">6.\u00a0<strong>Material y normas de producci\u00f3n<\/strong><\/h2>\n<ul>\n<li><strong>Selecci\u00f3n del material base<\/strong>Se recomienda cartulina blanca de 250-300 g (grosor 0,31-0,4 mm), con alta reproducci\u00f3n del color; o papel kraft blanco respetuoso con el medio ambiente (120-200 g), adecuado para marcas de estilo natural.<\/li>\n<li><strong>Normas de control de calidad<\/strong>error \u22641mm, diferencia de color de impresi\u00f3n \u0394E\u22643,0, certificaci\u00f3n del sistema de gesti\u00f3n del color ISO 12647-2 aprobada.<\/li>\n<li><strong>Ciclo de producci\u00f3n<\/strong>7-14 d\u00edas (incluidas 3 confirmaciones de borrador de dise\u00f1o), admite personalizaci\u00f3n acelerada.<\/li>\n<\/ul>","protected":false},"excerpt":{"rendered":"<p>Esta bolsa de regalo de papel para ropa de gama alta est\u00e1 dise\u00f1ada para marcas de lujo ligero, venta al por menor de gama alta y souvenirs de empresa. Utiliza\u00a0<strong>rosa flor de cerezo suave<\/strong>\u00a0como color principal, combinado con\u00a0<strong>l\u00edneas de estampaci\u00f3n de oro<\/strong>\u00a0y\u00a0<strong>lazo de cinta tridimensional<\/strong>\u00a0para crear una soluci\u00f3n de envasado que sea a la vez art\u00edstica y pr\u00e1ctica. Admite servicios personalizados de proceso completo y es adecuado para bodas, tiendas pop-up de marcas, mostradores de lujo y otros escenarios.<\/p>","protected":false},"featured_media":957,"template":"","meta":{"_kad_post_transparent":"default","_kad_post_title":"","_kad_post_layout":"default","_kad_post_sidebar_id":"","_kad_post_content_style":"default","_kad_post_vertical_padding":"default","_kad_post_feature":"","_kad_post_feature_position":"","_kad_post_header":false,"_kad_post_footer":false,"_kad_post_classname":""},"product_brand":[],"product_cat":[15,30,17],"product_tag":[361,362,360],"class_list":{"0":"post-952","1":"product","2":"type-product","3":"status-publish","4":"has-post-thumbnail","6":"product_cat-red-light-therapy","7":"product_cat-dropshipping","8":"product_cat-services","9":"product_tag-custom-clothing-gift-bags","10":"product_tag-dealers-shopping-gift-bags","11":"product_tag-paper-shopping-bags-for-clothing","13":"first","14":"instock","15":"shipping-taxable","16":"product-type-simple","17":"entry","18":"content-bg","19":"loop-entry"},"_links":{"self":[{"href":"https:\/\/red-lighttherapy.com\/es_es\/wp-json\/wp\/v2\/product\/952","targetHints":{"allow":["GET"]}}],"collection":[{"href":"https:\/\/red-lighttherapy.com\/es_es\/wp-json\/wp\/v2\/product"}],"about":[{"href":"https:\/\/red-lighttherapy.com\/es_es\/wp-json\/wp\/v2\/types\/product"}],"wp:featuredmedia":[{"embeddable":true,"href":"https:\/\/red-lighttherapy.com\/es_es\/wp-json\/wp\/v2\/media\/957"}],"wp:attachment":[{"href":"https:\/\/red-lighttherapy.com\/es_es\/wp-json\/wp\/v2\/media?parent=952"}],"wp:term":[{"taxonomy":"product_brand","embeddable":true,"href":"https:\/\/red-lighttherapy.com\/es_es\/wp-json\/wp\/v2\/product_brand?post=952"},{"taxonomy":"product_cat","embeddable":true,"href":"https:\/\/red-lighttherapy.com\/es_es\/wp-json\/wp\/v2\/product_cat?post=952"},{"taxonomy":"product_tag","embeddable":true,"href":"https:\/\/red-lighttherapy.com\/es_es\/wp-json\/wp\/v2\/product_tag?post=952"}],"curies":[{"name":"wp","href":"https:\/\/api.w.org\/{rel}","templated":true}]}}