{"id":946,"date":"2025-04-15T11:22:29","date_gmt":"2025-04-15T11:22:29","guid":{"rendered":"https:\/\/red-lighttherapy.com\/?post_type=product&#038;p=946"},"modified":"2025-04-15T11:33:47","modified_gmt":"2025-04-15T11:33:47","slug":"maker-lotion-eyebrow-pencil-lipstick-perfume-folding-carton","status":"publish","type":"product","link":"https:\/\/red-lighttherapy.com\/es_es\/maker-lotion-eyebrow-pencil-lipstick-perfume-folding-carton\/","title":{"rendered":"Fabricante Loci\u00f3n Ceja L\u00e1piz Labial Perfume Cart\u00f3n Plegable"},"content":{"rendered":"<h2 id=\"folding-carton-product-description-customized-packaging-solution-for-lotion-eyebrow-pencil-lipstick-and-perfume\">Descripci\u00f3n del producto Soluci\u00f3n de envasado personalizada para loci\u00f3n, l\u00e1piz de cejas, barra de labios y perfume.<\/h2>\n<h2 id=\"-1-card-box-design-specially-optimized-for-tubular-hand-cream-to-prevent-shaking-during-transportation-\"><strong>1. Dise\u00f1o de la caja de cart\u00f3n: especialmente optimizado para la crema de manos tubular para evitar sacudidas durante el transporte.<\/strong><\/h2>\n<p>Adopte\u00a0<strong>estructura de caja de cart\u00f3n de una sola pieza<\/strong>, con particiones divisorias precisas dise\u00f1adas en el interior, se adaptan perfectamente a diferentes formas de productos como crema de manos tubular, l\u00e1piz de cejas, barra de labios, etc., para garantizar que no se sacudan durante el transporte y evitar da\u00f1os por colisi\u00f3n.\u00a0<strong>Ranura para tarjetas magn\u00e9ticas<\/strong>\u00a0se utiliza en el borde del cuerpo de la caja para fijar art\u00edculos cil\u00edndricos, como frascos de perfume, para mejorar la estabilidad.<\/p>\n<h2 id=\"-2-high-strength-material-350g-white-cardboard-compression-resistant-structure-\"><strong>2. Material de alta resistencia: Cart\u00f3n blanco de 350 g + estructura resistente a la compresi\u00f3n<\/strong><\/h2>\n<p>El cuerpo de la caja es de\u00a0<strong>350 g de cart\u00f3n blanco<\/strong>y se refuerza con\u00a0<strong>fondo sellado en cruz + paneles laterales de doble capa<\/strong>, con una capacidad de carga de m\u00e1s de 50 kg, cumpliendo los requisitos de presi\u00f3n de apilamiento de almacenamiento.\u00a0<strong>Prueba de resistencia a la compresi\u00f3n<\/strong>\u00a0prueba, puede soportar un entorno de almacenamiento de apilamiento de 10 capas para garantizar que el cuerpo de la caja no se deforme.<\/p>\n<h2 id=\"-3-surface-lamination-process-moisture-proof-and-anti-fouling-in-line-with-hygiene-standards-\"><strong>3. Proceso de laminaci\u00f3n de la superficie: a prueba de humedad y antiincrustante, conforme a las normas de higiene.<\/strong><\/h2>\n<p>La superficie adopta\u00a0<strong>proceso de laminaci\u00f3n mate respetuoso con el medio ambiente<\/strong>\u00a0para reducir el riesgo de absorci\u00f3n de humedad del cart\u00f3n, y al mismo tiempo supera la prueba de biocompatibilidad ISO 10993, cumpliendo las normas de higiene para envases de cosm\u00e9ticos.\u00a0<strong>Almohadilla de silicona alimentaria<\/strong>\u00a0se a\u00f1ade a la capa interior para evitar que los cosm\u00e9ticos entren en contacto directo con el cart\u00f3n, lo que garantiza doblemente la seguridad del producto.<\/p>\n<h2 id=\"-4-brand-logo-process-hot-stamping-logo-precision-printing-\"><strong>4. Proceso del logotipo de la marca: LOGO estampado en caliente + impresi\u00f3n de precisi\u00f3n<\/strong><\/h2>\n<p>El LOGO adopta\u00a0<strong>proceso de estampaci\u00f3n en caliente tridimensional<\/strong>, y consigue una textura met\u00e1lica de alto brillo mediante una placa de silicona grabada con precisi\u00f3n (error \u22640,1 mm), que admite la personalizaci\u00f3n multicolor, como oro, plata y oro rosa. La capa de impresi\u00f3n se trata con\u00a0<strong>nanorrevestimiento UV<\/strong>, que es resistente al desgaste y a los ara\u00f1azos, y no se decolora tras un almacenamiento prolongado, resaltando la imagen de gama alta de la marca.<\/p>\n<h2 id=\"-5-high-degree-of-customization-flexible-adaptation-to-multiple-categories-of-needs-\"><strong>5. Alto grado de personalizaci\u00f3n: adaptaci\u00f3n flexible a m\u00faltiples categor\u00edas de necesidades.<\/strong><\/h2>\n<ul>\n<li><strong>Personalizaci\u00f3n del tama\u00f1o<\/strong>Admite un ajuste de longitud de 5-30 cm y puede alojar productos de distintas especificaciones, como frascos de perfume de 30 ml y l\u00e1pices de cejas de 15 cm.<\/li>\n<li><strong>Ampliaci\u00f3n de funciones<\/strong>: La superposici\u00f3n opcional de tipo caj\u00f3n, la ventana transparente, el sellado con cinta y otros dise\u00f1os pueden satisfacer las necesidades de cosm\u00e9ticos, cajas de regalo para perfumes y otros escenarios.<\/li>\n<li><strong>Dise\u00f1o de patrones<\/strong>: Proporcionamos servicios completos de dise\u00f1o de estuches, desde la estructura de la caja hasta el patr\u00f3n de estampaci\u00f3n en caliente, para que coincida con el lenguaje visual de la marca.<\/li>\n<\/ul>\n<h2 id=\"-6-source-factory-support-16-years-of-experience-small-batch-flexible-production-\"><strong>6. Soporte de f\u00e1brica en origen: 16 a\u00f1os de experiencia, producci\u00f3n flexible de lotes peque\u00f1os.<\/strong><\/h2>\n<p>Confiar en la\u00a0<strong>16 a\u00f1os fabricando envases<\/strong>\u00a0en Guangdong, China, adopta una m\u00e1quina de troquelado totalmente autom\u00e1tica + una l\u00ednea de producci\u00f3n de estampaci\u00f3n en caliente, soporta\u00a0<strong>Pedido m\u00ednimo de 500 unidades<\/strong>y entrega en un plazo de 7-15 d\u00edas. Proporcionar\u00a0<strong>servicio gratuito de pruebas<\/strong>\u00a0para garantizar la coincidencia exacta de los detalles antes de la producci\u00f3n en serie.<\/p>","protected":false},"excerpt":{"rendered":"<p>Esta caja de cart\u00f3n est\u00e1 fabricada con cart\u00f3n blanco de 350 g. El revestimiento de la superficie puede reducir el riesgo de absorci\u00f3n de humedad por el cart\u00f3n. Cumple las normas de higiene de los envases de cosm\u00e9ticos y puede adaptarse perfectamente a la forma del tubo de crema de manos para evitar sacudidas durante el transporte.<\/p>","protected":false},"featured_media":947,"template":"","meta":{"_kad_post_transparent":"default","_kad_post_title":"","_kad_post_layout":"default","_kad_post_sidebar_id":"","_kad_post_content_style":"default","_kad_post_vertical_padding":"default","_kad_post_feature":"","_kad_post_feature_position":"","_kad_post_header":false,"_kad_post_footer":false,"_kad_post_classname":""},"product_brand":[],"product_cat":[15,28,24,17],"product_tag":[357,358,359],"class_list":{"0":"post-946","1":"product","2":"type-product","3":"status-publish","4":"has-post-thumbnail","6":"product_cat-red-light-therapy","7":"product_cat-customize","8":"product_cat-red-light-therapy-bed","9":"product_cat-services","10":"product_tag-eyebrow-pencil-folding-carton","11":"product_tag-lipstick-folding-carton","12":"product_tag-perfume-packaging-boxes","14":"first","15":"instock","16":"shipping-taxable","17":"product-type-simple","18":"entry","19":"content-bg","20":"loop-entry"},"_links":{"self":[{"href":"https:\/\/red-lighttherapy.com\/es_es\/wp-json\/wp\/v2\/product\/946","targetHints":{"allow":["GET"]}}],"collection":[{"href":"https:\/\/red-lighttherapy.com\/es_es\/wp-json\/wp\/v2\/product"}],"about":[{"href":"https:\/\/red-lighttherapy.com\/es_es\/wp-json\/wp\/v2\/types\/product"}],"wp:featuredmedia":[{"embeddable":true,"href":"https:\/\/red-lighttherapy.com\/es_es\/wp-json\/wp\/v2\/media\/947"}],"wp:attachment":[{"href":"https:\/\/red-lighttherapy.com\/es_es\/wp-json\/wp\/v2\/media?parent=946"}],"wp:term":[{"taxonomy":"product_brand","embeddable":true,"href":"https:\/\/red-lighttherapy.com\/es_es\/wp-json\/wp\/v2\/product_brand?post=946"},{"taxonomy":"product_cat","embeddable":true,"href":"https:\/\/red-lighttherapy.com\/es_es\/wp-json\/wp\/v2\/product_cat?post=946"},{"taxonomy":"product_tag","embeddable":true,"href":"https:\/\/red-lighttherapy.com\/es_es\/wp-json\/wp\/v2\/product_tag?post=946"}],"curies":[{"name":"wp","href":"https:\/\/api.w.org\/{rel}","templated":true}]}}