{"id":940,"date":"2025-04-15T11:10:13","date_gmt":"2025-04-15T11:10:13","guid":{"rendered":"https:\/\/red-lighttherapy.com\/?post_type=product&#038;p=940"},"modified":"2025-04-15T11:24:12","modified_gmt":"2025-04-15T11:24:12","slug":"dealers-custom-cosmetic-perfume-folding-carton-packaging-box","status":"publish","type":"product","link":"https:\/\/red-lighttherapy.com\/es_es\/dealers-custom-cosmetic-perfume-folding-carton-packaging-box\/","title":{"rendered":"Distribuidores Personalizado Cosm\u00e9ticos Perfume Plegable Caja de cart\u00f3n de embalaje"},"content":{"rendered":"<h2 id=\"-customized-cosmetics-and-perfume-folding-paper-box-packaging-box-product-description-\"><strong>Cosm\u00e9ticos personalizados y perfume plegable caja de cart\u00f3n de embalaje descripci\u00f3n del producto<\/strong><\/h2>\n<h2 id=\"-1-innovative-card-box-design-folding-structure-combines-beauty-and-practicality-\"><strong>1. Dise\u00f1o innovador de la caja de tarjetas: la estructura plegable combina belleza y practicidad.<\/strong><\/h2>\n<p>Esta caja de papel plegable adopta una estructura de modelado sin cola, que puede lograr un plegado r\u00e1pido y convertirse a trav\u00e9s de t\u00e9cnicas precisas de corte de tinte, lo que puede mejorar en gran medida el uso del espacio. Se env\u00eda de forma plana, lo que ahorra 30% costes de almacenamiento y log\u00edstica. El dise\u00f1o de la caja contiene elementos de tama\u00f1o especial, como paneles laterales curvos y superficies c\u00f3ncavas, y se combina con una estructura de sellado magn\u00e9tico o sellado cruzado, que no s\u00f3lo refleja el descubrimiento final de los detalles de la marca, sino que tambi\u00e9n garantiza la compresi\u00f3n y la resistencia a los golpes durante el transporte.<\/p>\n<h2 id=\"-2-white-cardboard-material-lightweight-and-protective-performance-\"><strong>2. Material de cart\u00f3n blanco: ligereza y prestaciones protectoras<\/strong><\/h2>\n<p>Utilizando cart\u00f3n blanco de alto gramaje de 350 g como material principal, su dureza alcanza los 8,5N-m\u00b2\/g, y su resistencia al desgarro supera en 20% la norma del sector, resistiendo eficazmente el riesgo de colisi\u00f3n de los frascos de perfume. Mediante el dise\u00f1o de moldeado integrado para reducir las costuras, el grosor de la caja se optimiza hasta 1,2 mm, y el peso se reduce en 25% en comparaci\u00f3n con las cajas tradicionales de cart\u00f3n gris, consiguiendo un ahorro de 15% en costes de transporte por cada mil piezas, equilibrando a la perfecci\u00f3n funcionalidad y econom\u00eda.<\/p>\n<h2 id=\"-3-high-precision-printing-process-visual-texture-is-upgraded-\"><strong>3. Proceso de impresi\u00f3n de alta precisi\u00f3n: la textura visual se mejora<\/strong><\/h2>\n<p>Aplicando la tecnolog\u00eda de impresi\u00f3n en huecograbado de seis colores, la precisi\u00f3n m\u00ednima del punto alcanza las 175 l\u00edneas\/pulgada, y el error del borde del texto se controla dentro de \u00b10,1 mm. Con el proceso de glaseado local UV, la saturaci\u00f3n de rojo del motivo de fresa alcanza el est\u00e1ndar Pantone 185C, y la diferencia de color \u0394E\u22641,5. El proceso de estampaci\u00f3n en caliente utiliza papel de aluminio electroqu\u00edmico de 0,08 mm, y el error de posicionamiento preciso es \u22640,3 mm, lo que garantiza que el LOGO y la textura no tengan rebabas ni desbordamiento de tinta.<\/p>\n<h2 id=\"-4-youthful-visual-design-red-main-tone-and-strawberry-element-fusion-\"><strong>4. Dise\u00f1o visual juvenil: tono principal rojo y fusi\u00f3n de elementos en fresa.<\/strong><\/h2>\n<p>La caja del envase es de color rojo cinabrio brillante (RGB 230, 0, 50), con un dibujo tridimensional de fresas en relieve, y se forma una estratificaci\u00f3n t\u00e1ctil mediante la diferencia de grosor de la capa de barniz. Las part\u00edculas de fruta de fresa se imprimen con puntos degradados para simular efectos de luz y sombra naturales, atrayendo la atenci\u00f3n de las clientas de entre 18 y 35 a\u00f1os. El forro de la caja utiliza flocado de EVA o ventanas transparentes de PET para realzar la sensaci\u00f3n de apertura de la caja, a la vez que forma un v\u00ednculo visual con el dise\u00f1o del frasco de perfume.<\/p>\n<h2 id=\"-5-environmental-certification-system-green-supply-chain-endorsement-\"><strong>5. Sistema de certificaci\u00f3n medioambiental: Aprobaci\u00f3n de la cadena de suministro ecol\u00f3gica<\/strong><\/h2>\n<p>Las materias primas cuentan con la certificaci\u00f3n FSC-COC (n\u00famero de certificado FSC-C123456) para garantizar que el papel procede de bosques gestionados de forma constante. El proceso de producci\u00f3n cumple el sistema de gesti\u00f3n medioambiental ISO 14001 y el sistema de calidad ISO 9001, la emisi\u00f3n de COV de la tinta al agua es \u226450MG\/M es IS, y la tasa de reciclaje de los productos acabados es 98%. El logotipo de la doble certificaci\u00f3n est\u00e1 impreso en un lugar destacado de la caja exterior para aumentar la confianza del cliente final en la responsabilidad social de la marca.<\/p>\n<h2 id=\"-6-full-process-quality-control-16-years-of-local-manufacturing-experience-guarantee-\"><strong>6. Control de calidad en todo el proceso: 16 a\u00f1os de experiencia en fabricaci\u00f3n local garantizan<\/strong><\/h2>\n<ul>\n<li><strong>Cribado de materias primas<\/strong>: El contenido de humedad del cart\u00f3n blanco se controla a 4,5%\u00b10,5%, el contenido de cenizas \u226412%<\/li>\n<li><strong>Supervisi\u00f3n de la impresi\u00f3n<\/strong>: El color\u00edmetro en l\u00ednea se calibra autom\u00e1ticamente cada 15 minutos para garantizar la uniformidad de los lotes<\/li>\n<li><strong>Prueba estructural<\/strong>: Prueba de vibraci\u00f3n de transporte simulada \u22652000 veces, resistencia de sellado \u226515N\/15mm.<\/li>\n<li><strong>Muestreo de productos acabados<\/strong>: Norma AQL 1.0, tasa de interceptaci\u00f3n de productos defectuosos 100%<\/li>\n<li><strong>Sistema de trazabilidad<\/strong>: Cada lote tiene un c\u00f3digo QR independiente, que puede rastrearse hasta la l\u00ednea de producci\u00f3n y el operario concretos.<\/li>\n<\/ul>\n<h2 id=\"-manufacturer-advantages-\"><strong>Ventajas del fabricante<\/strong><\/h2>\n<ul>\n<li><strong>Plazo de entrega<\/strong>: Pedido m\u00ednimo de 500 piezas, entrega en proceso completo en 7-12 d\u00edas (incluida la confirmaci\u00f3n de las pruebas)<\/li>\n<li><strong>Servicio personalizado<\/strong>: Admite el acoplamiento de archivos en formato AI\/CDR, sugerencias gratuitas de optimizaci\u00f3n estructural.<\/li>\n<li><strong>Garant\u00eda posventa<\/strong>: Proporcionar la reelaboraci\u00f3n incondicional de productos defectuosos y el canal de reposici\u00f3n de pedidos de emergencia<\/li>\n<\/ul>","protected":false},"excerpt":{"rendered":"<p>Esta caja de cart\u00f3n adopta una tecnolog\u00eda de impresi\u00f3n de alta precisi\u00f3n. El dibujo y el texto son claros y delicados, sin rebabas, y la saturaci\u00f3n del color es alta. El color rojo brillante y el dibujo de fresa fresca atraen a los clientes j\u00f3venes. Tiene tanto impacto visual como tono de marca. Se puede plegar para el env\u00edo. Tiene tanto est\u00e9tica como aprovechamiento del espacio, lo que demuestra el m\u00e1ximo cuidado de la marca por los detalles.<\/p>","protected":false},"featured_media":942,"template":"","meta":{"_kad_post_transparent":"default","_kad_post_title":"","_kad_post_layout":"default","_kad_post_sidebar_id":"","_kad_post_content_style":"default","_kad_post_vertical_padding":"default","_kad_post_feature":"","_kad_post_feature_position":"","_kad_post_header":false,"_kad_post_footer":false,"_kad_post_classname":""},"product_brand":[],"product_cat":[15,28,24,17],"product_tag":[354,356,355],"class_list":{"0":"post-940","1":"product","2":"type-product","3":"status-publish","4":"has-post-thumbnail","6":"product_cat-red-light-therapy","7":"product_cat-customize","8":"product_cat-red-light-therapy-bed","9":"product_cat-services","10":"product_tag-custom-cosmetic-box","11":"product_tag-dealers-cosmetic-perfume-packaging","12":"product_tag-perfume-folding-carton","14":"first","15":"instock","16":"shipping-taxable","17":"product-type-simple","18":"entry","19":"content-bg","20":"loop-entry"},"_links":{"self":[{"href":"https:\/\/red-lighttherapy.com\/es_es\/wp-json\/wp\/v2\/product\/940","targetHints":{"allow":["GET"]}}],"collection":[{"href":"https:\/\/red-lighttherapy.com\/es_es\/wp-json\/wp\/v2\/product"}],"about":[{"href":"https:\/\/red-lighttherapy.com\/es_es\/wp-json\/wp\/v2\/types\/product"}],"wp:featuredmedia":[{"embeddable":true,"href":"https:\/\/red-lighttherapy.com\/es_es\/wp-json\/wp\/v2\/media\/942"}],"wp:attachment":[{"href":"https:\/\/red-lighttherapy.com\/es_es\/wp-json\/wp\/v2\/media?parent=940"}],"wp:term":[{"taxonomy":"product_brand","embeddable":true,"href":"https:\/\/red-lighttherapy.com\/es_es\/wp-json\/wp\/v2\/product_brand?post=940"},{"taxonomy":"product_cat","embeddable":true,"href":"https:\/\/red-lighttherapy.com\/es_es\/wp-json\/wp\/v2\/product_cat?post=940"},{"taxonomy":"product_tag","embeddable":true,"href":"https:\/\/red-lighttherapy.com\/es_es\/wp-json\/wp\/v2\/product_tag?post=940"}],"curies":[{"name":"wp","href":"https:\/\/api.w.org\/{rel}","templated":true}]}}