{"id":935,"date":"2025-04-15T10:55:33","date_gmt":"2025-04-15T10:55:33","guid":{"rendered":"https:\/\/red-lighttherapy.com\/?post_type=product&#038;p=935"},"modified":"2025-04-15T11:10:02","modified_gmt":"2025-04-15T11:10:02","slug":"custom-cosmetics-packaging-boxes-folding-carton-packaging","status":"publish","type":"product","link":"https:\/\/red-lighttherapy.com\/es_es\/custom-cosmetics-packaging-boxes-folding-carton-packaging\/","title":{"rendered":"Envasado de cosm\u00e9ticos a medida Cajas de cart\u00f3n plegable"},"content":{"rendered":"<h2 id=\"-product-description-of-foldable-cosmetic-packaging-box-\"><strong>Descripci\u00f3n del producto de caja de cart\u00f3n plegable para cosm\u00e9ticos<\/strong><\/h2>\n<h2 id=\"-1-innovative-structural-design-perfect-fusion-of-folding-aesthetics-and-practicality-\"><strong>1. Dise\u00f1o estructural innovador: fusi\u00f3n perfecta de est\u00e9tica plegable y practicidad.<\/strong><\/h2>\n<p>Esta caja de papel plegable para cosm\u00e9ticos adopta una estructura de ensamblaje de plegado patentada, combinada con tecnolog\u00eda de bloqueo lateral, para lograr un plegado de un solo toque sin cola. Cuando se despliega, presenta una forma tridimensional en relieve de fresa, y el grosor se comprime a 1\/3 del volumen original tras el cierre, lo que mejora enormemente el \u00edndice de utilizaci\u00f3n del espacio de almacenamiento y transporte. El dise\u00f1o de la hebilla magn\u00e9tica incorporada garantiza que se pueda volver a cerrar con precisi\u00f3n despu\u00e9s de abrirla y cerrarla varias veces, y los detalles demuestran la b\u00fasqueda de la experiencia del usuario por parte de la marca.<\/p>\n<h2 id=\"-2-environmentally-friendly-material-selection-white-cardboard-lightweight-technology-\"><strong>2. Selecci\u00f3n de material respetuoso con el medio ambiente: cart\u00f3n blanco de tecnolog\u00eda ligera<\/strong><\/h2>\n<p>Se ha seleccionado cart\u00f3n blanco certificado FSC de 300 g como material base, teniendo en cuenta la protecci\u00f3n del contenido y la optimizaci\u00f3n de los costes de transporte. El forro adopta ranuras de posicionamiento troqueladas de EVA de calidad alimentaria, adecuadas para productos con formas especiales, como barras de labios y pasteles en polvo, y su rendimiento a prueba de golpes est\u00e1 certificado.<\/p>\n<h2 id=\"-iii-visual-communication-system-fusion-of-high-saturation-colors-and-youthful-ip-\"><strong>3. Sistema de comunicaci\u00f3n visual: fusi\u00f3n de colores de alta saturaci\u00f3n y IP juvenil.<\/strong><\/h2>\n<ol>\n<li><strong>Proceso de impresi\u00f3n<\/strong>: Adoptando la impresi\u00f3n offset UV de 8 colores + el proceso de estampaci\u00f3n en caliente parcial, la precisi\u00f3n m\u00ednima del punto alcanza las 175 l\u00edneas\/pulgada, y la nitidez del texto tiene un error de \u22640,1 mm. El patr\u00f3n de fresa se separa mediante modelado 3D para lograr una restauraci\u00f3n precisa de Pantone 185C rojo a los n\u00fameros de color de degradado, y la diferencia de color \u0394E&lt;1,5.<\/li>\n<li><strong>Dise\u00f1o de patrones<\/strong>: La imagen principal toma como elemento central la fruta de fresa realista, con revestimiento UV de efecto luminoso de roc\u00edo, que presenta un sentido tridimensional din\u00e1mico bajo la fuente de luz. La ilustraci\u00f3n de la mascota de la marca se implanta en el lateral de la caja, y la conexi\u00f3n emocional de los clientes de la generaci\u00f3n Z se refuerza a trav\u00e9s del estilo bidimensional. La prueba de seguimiento ocular muestra que el tiempo de permanencia visual aumenta en 27%.<\/li>\n<\/ol>\n<h2 id=\"-iv-sustainable-development-commitment-dual-certified-green-supply-chain-\"><strong>4. Compromiso con el desarrollo sostenible: cadena de suministro ecol\u00f3gica con doble certificaci\u00f3n<\/strong><\/h2>\n<ol>\n<li><strong>Certificaci\u00f3n forestal FSC<\/strong>: 100% de las materias primas del papel proceden de bosques gestionados de forma sostenible, la huella de carbono del proceso de producci\u00f3n se reduce en 35% y la tasa de reciclaje de las cajas de embalaje alcanza las 95%.<\/li>\n<li><strong>Sistema ISO 14001<\/strong>: Al utilizar tinta con base de agua certificada Sun Chemical EC 10\/2011, las emisiones de COV son 60% inferiores al l\u00edmite de la norma nacional. Los residuos de producci\u00f3n se reciclan en papel de oficina tras el despulpado, alcanzando una tasa de reciclaje de recursos de 92%.<\/li>\n<li><strong>Envases ligeros<\/strong>: 30% m\u00e1s ligeras que las cajas de color tradicionales, la capacidad de carga de un solo contenedor aumenta hasta 5.800 piezas y el consumo de energ\u00eda del transporte se reduce en 18%.<\/li>\n<\/ol>","protected":false},"excerpt":{"rendered":"<p>El dise\u00f1o de la caja plegable es plegable para el env\u00edo, combinando la est\u00e9tica con el aprovechamiento del espacio, lo que demuestra la b\u00fasqueda de los detalles por parte de la marca. Se utiliza cart\u00f3n blanco como material principal, que puede proteger eficazmente el contenido. Al mismo tiempo, el dise\u00f1o ligero reduce los costes de transporte, reflejando el equilibrio entre funcionalidad y econom\u00eda.<\/p>","protected":false},"featured_media":938,"template":"","meta":{"_kad_post_transparent":"default","_kad_post_title":"","_kad_post_layout":"default","_kad_post_sidebar_id":"","_kad_post_content_style":"default","_kad_post_vertical_padding":"default","_kad_post_feature":"","_kad_post_feature_position":"","_kad_post_header":false,"_kad_post_footer":false,"_kad_post_classname":""},"product_brand":[],"product_cat":[15,28,24,17],"product_tag":[352,89,353],"class_list":{"0":"post-935","1":"product","2":"type-product","3":"status-publish","4":"has-post-thumbnail","6":"product_cat-red-light-therapy","7":"product_cat-customize","8":"product_cat-red-light-therapy-bed","9":"product_cat-services","10":"product_tag-cosmetics-packaging-boxes","11":"product_tag-custom-cosmetics-packaging","12":"product_tag-folding-carton-for-cosmetics","14":"first","15":"instock","16":"shipping-taxable","17":"product-type-simple","18":"entry","19":"content-bg","20":"loop-entry"},"_links":{"self":[{"href":"https:\/\/red-lighttherapy.com\/es_es\/wp-json\/wp\/v2\/product\/935","targetHints":{"allow":["GET"]}}],"collection":[{"href":"https:\/\/red-lighttherapy.com\/es_es\/wp-json\/wp\/v2\/product"}],"about":[{"href":"https:\/\/red-lighttherapy.com\/es_es\/wp-json\/wp\/v2\/types\/product"}],"wp:featuredmedia":[{"embeddable":true,"href":"https:\/\/red-lighttherapy.com\/es_es\/wp-json\/wp\/v2\/media\/938"}],"wp:attachment":[{"href":"https:\/\/red-lighttherapy.com\/es_es\/wp-json\/wp\/v2\/media?parent=935"}],"wp:term":[{"taxonomy":"product_brand","embeddable":true,"href":"https:\/\/red-lighttherapy.com\/es_es\/wp-json\/wp\/v2\/product_brand?post=935"},{"taxonomy":"product_cat","embeddable":true,"href":"https:\/\/red-lighttherapy.com\/es_es\/wp-json\/wp\/v2\/product_cat?post=935"},{"taxonomy":"product_tag","embeddable":true,"href":"https:\/\/red-lighttherapy.com\/es_es\/wp-json\/wp\/v2\/product_tag?post=935"}],"curies":[{"name":"wp","href":"https:\/\/api.w.org\/{rel}","templated":true}]}}