{"id":929,"date":"2025-04-15T10:39:22","date_gmt":"2025-04-15T10:39:22","guid":{"rendered":"https:\/\/red-lighttherapy.com\/?post_type=product&#038;p=929"},"modified":"2025-04-15T10:55:24","modified_gmt":"2025-04-15T10:55:24","slug":"vendor-child-proof-empty-510-disposable-vape-pen-packaging","status":"publish","type":"product","link":"https:\/\/red-lighttherapy.com\/es_es\/vendor-child-proof-empty-510-disposable-vape-pen-packaging\/","title":{"rendered":"Envase para Vape Pen Desechable 510 Vac\u00edo a Prueba de Ni\u00f1os para Vendedores"},"content":{"rendered":"<h2 id=\"child-proof-510-disposable-electronic-cigarette-pen-packaging-product-description\">Embalaje para bol\u00edgrafo 510 desechable a prueba de ni\u00f1os descripci\u00f3n del producto<\/h2>\n<h2 id=\"1-intelligent-drawer-style-child-proof-opening-and-closing-design-\">1.\u00a0<strong>Dise\u00f1o inteligente de apertura y cierre a prueba de ni\u00f1os tipo caj\u00f3n<\/strong><\/h2>\n<p>Adopta una estructura de empujar-tirar, que puede manejarse f\u00e1cilmente con una sola mano, y la funci\u00f3n de protecci\u00f3n infantil se realiza mediante un dise\u00f1o de amortiguaci\u00f3n mec\u00e1nica. El riel del caj\u00f3n est\u00e1 equipado con un mecanismo de doble hebilla, y hay que aplicar un \u00e1ngulo y una fuerza espec\u00edficos durante el proceso de empujar-tirar para abrirlo, lo que no solo satisface las necesidades de los adultos de acceder c\u00f3modamente, sino que tambi\u00e9n evita eficazmente el riesgo de apertura accidental o deslizamiento de los ni\u00f1os.<\/p>\n<h2 id=\"2-environmentally-friendly-and-durable-coated-paper-material-\">2.\u00a0<strong>Papel estucado duradero y respetuoso con el medio ambiente<\/strong><\/h2>\n<p>El cuerpo de la caja utiliza sustrato de papel estucado con certificaci\u00f3n FSC, y la superficie est\u00e1 recubierta con un revestimiento resistente al desgaste y antienvejecimiento. Puede soportar la apertura y cierre de alta frecuencia y el desgaste del transporte, y soporta el uso repetido durante m\u00e1s de 100 veces. El tratamiento mate reduce los residuos de huellas dactilares, combinado con un dise\u00f1o de aspecto negro puro, adecuado para escenarios de gama alta, como el empresarial y el m\u00e9dico.<\/p>\n<h2 id=\"3-precision-mold-and-integrated-molding-process-\">3.\u00a0<strong>Molde de precisi\u00f3n y proceso de moldeo integrado<\/strong><\/h2>\n<p>Gracias a la tecnolog\u00eda de corte de moldes de alta precisi\u00f3n de \u00b10,01 mm, se garantiza que los bordes sean planos y sin rebabas, y que la estructura de apertura y cierre sea perfecta. El proceso de moldeo por plegado integrado sin cola elimina las juntas y los puntos d\u00e9biles de uni\u00f3n de los envases tradicionales, aumenta la resistencia global a la compresi\u00f3n en 40% y prolonga la vida \u00fatil al doble del est\u00e1ndar del sector.<\/p>\n<h2 id=\"4-customized-eva-lining-and-shock-protection-\">4.\u00a0<strong>Forro de EVA personalizado y protecci\u00f3n contra impactos<\/strong><\/h2>\n<p>El forro blanco de EVA est\u00e1 tallado mediante CNC para formar una ranura que se adapte al producto tipo bol\u00edgrafo 510, con una precisi\u00f3n de fijaci\u00f3n de \u00b10,5 mm para evitar el desplazamiento durante el transporte. La partici\u00f3n del revestimiento admite un ajuste personalizado y es compatible con diferentes especificaciones de cartuchos de tinta o accesorios adicionales (como cables de carga, manuales), y el rendimiento de amortiguaci\u00f3n ha superado la certificaci\u00f3n de prueba de ca\u00edda de 1,5 metros.<\/p>\n<h2 id=\"5-modular-customization-and-global-compliance-\">5.\u00a0<strong>Personalizaci\u00f3n modular y conformidad global<\/strong><\/h2>\n<p>El envase admite un ajuste flexible del tama\u00f1o, la posici\u00f3n de apertura y la partici\u00f3n del revestimiento para satisfacer los requisitos de compatibilidad de los clientes para productos de m\u00faltiples especificaciones. El material ha superado la certificaci\u00f3n de sostenibilidad forestal FSC y cumple normativas medioambientales internacionales como REACH de la UE y FDA de EE. UU., lo que ayuda a las empresas a alcanzar objetivos ecol\u00f3gicos en la cadena de suministro.<\/p>","protected":false},"excerpt":{"rendered":"<p>El dise\u00f1o de apertura y cierre del caj\u00f3n de papel a prueba de ni\u00f1os permite empujar y tirar f\u00e1cilmente de los art\u00edculos con una sola mano, al tiempo que evita el deslizamiento accidental. El material de papel revestido es resistente al desgaste y al envejecimiento, reutilizable y acorde con los conceptos de protecci\u00f3n medioambiental y econom\u00eda. Admite el ajuste personalizado del tama\u00f1o, la posici\u00f3n de apertura y la partici\u00f3n del forro para satisfacer las necesidades de diferentes especificaciones de cartuchos de tinta o envases de productos especiales.<\/p>","protected":false},"featured_media":930,"template":"","meta":{"_kad_post_transparent":"default","_kad_post_title":"","_kad_post_layout":"default","_kad_post_sidebar_id":"","_kad_post_content_style":"default","_kad_post_vertical_padding":"default","_kad_post_feature":"","_kad_post_feature_position":"","_kad_post_header":false,"_kad_post_footer":false,"_kad_post_classname":""},"product_brand":[],"product_cat":[15,20,40,17],"product_tag":[351,169,350],"class_list":{"0":"post-929","1":"product","2":"type-product","3":"status-publish","4":"has-post-thumbnail","6":"product_cat-red-light-therapy","7":"product_cat-led-face-light-therapy","8":"product_cat-red-light-therapy-panel","9":"product_cat-services","10":"product_tag-empty-vape-cartridge-packaging","11":"product_tag-vape-cartridge-packaging","12":"product_tag-vape-cartridge-packaging-usa","14":"first","15":"instock","16":"shipping-taxable","17":"product-type-simple","18":"entry","19":"content-bg","20":"loop-entry"},"_links":{"self":[{"href":"https:\/\/red-lighttherapy.com\/es_es\/wp-json\/wp\/v2\/product\/929","targetHints":{"allow":["GET"]}}],"collection":[{"href":"https:\/\/red-lighttherapy.com\/es_es\/wp-json\/wp\/v2\/product"}],"about":[{"href":"https:\/\/red-lighttherapy.com\/es_es\/wp-json\/wp\/v2\/types\/product"}],"wp:featuredmedia":[{"embeddable":true,"href":"https:\/\/red-lighttherapy.com\/es_es\/wp-json\/wp\/v2\/media\/930"}],"wp:attachment":[{"href":"https:\/\/red-lighttherapy.com\/es_es\/wp-json\/wp\/v2\/media?parent=929"}],"wp:term":[{"taxonomy":"product_brand","embeddable":true,"href":"https:\/\/red-lighttherapy.com\/es_es\/wp-json\/wp\/v2\/product_brand?post=929"},{"taxonomy":"product_cat","embeddable":true,"href":"https:\/\/red-lighttherapy.com\/es_es\/wp-json\/wp\/v2\/product_cat?post=929"},{"taxonomy":"product_tag","embeddable":true,"href":"https:\/\/red-lighttherapy.com\/es_es\/wp-json\/wp\/v2\/product_tag?post=929"}],"curies":[{"name":"wp","href":"https:\/\/api.w.org\/{rel}","templated":true}]}}