{"id":923,"date":"2025-04-15T10:22:56","date_gmt":"2025-04-15T10:22:56","guid":{"rendered":"https:\/\/red-lighttherapy.com\/?post_type=product&#038;p=923"},"modified":"2025-04-16T16:38:08","modified_gmt":"2025-04-16T16:38:08","slug":"custom-clamshell-perfume-gift-boxes-packaging-supplies","status":"publish","type":"product","link":"https:\/\/red-lighttherapy.com\/es_es\/custom-clamshell-perfume-gift-boxes-packaging-supplies\/","title":{"rendered":"Cajas de regalo personalizadas para perfumes Suministros de embalaje"},"content":{"rendered":"<h3 id=\"1-full-dimensional-brand-customization-service-\">1.\u00a0<strong>Servicio completo de personalizaci\u00f3n de la marca<\/strong><\/h3>\n<p>Ofrecemos servicios de personalizaci\u00f3n de todo el proceso, desde el dise\u00f1o hasta la producci\u00f3n, y podemos ajustar con flexibilidad el tama\u00f1o, la artesan\u00eda, la combinaci\u00f3n de colores y la estructura de la caja de embalaje seg\u00fan el posicionamiento de la marca, las caracter\u00edsticas del producto y la demanda del mercado. Ya se trate de un estilo moderno sencillo, de elementos est\u00e9ticos orientales o de un estilo de ilustraci\u00f3n art\u00edstica de alta gama, puede ajustarse con precisi\u00f3n al tono de la marca. Por ejemplo, mediante estampaci\u00f3n en caliente, gofrado, repujado y otros procesos para realzar la estratificaci\u00f3n visual, o integrar el LOGO exclusivo de la marca y s\u00edmbolos culturales para crear una soluci\u00f3n de envasado \u00fanica.<\/p>\n<h3 id=\"2-16-year-source-factory-quality-and-cost-double-guarantee-\">2.\u00a0<strong>F\u00e1brica de origen de 16 a\u00f1os, doble garant\u00eda de calidad y coste<\/strong><\/h3>\n<p>Como f\u00e1brica de origen con 16 a\u00f1os de profundo cultivo en la industria del embalaje, disponemos de un completo sistema de cadena de suministro, totalmente controlable desde la adquisici\u00f3n de materias primas hasta la producci\u00f3n y el procesamiento. Utilizamos un modelo de producci\u00f3n a gran escala para reducir costes, y controlamos estrictamente detalles como el gramaje del papel y la protecci\u00f3n medioambiental del pegamento para garantizar que el producto tenga tanto un alto rendimiento de costes como durabilidad. Entre nuestros clientes colaboradores figuran marcas de belleza internacionales y empresas de fragancias de vanguardia, y la calidad ha sido verificada por el mercado durante mucho tiempo.<\/p>\n<h3 id=\"3-design-empowers-brand-value-enhancement-\">3.\u00a0<strong>El dise\u00f1o potencia el valor de la marca<\/strong><\/h3>\n<p>El equipo de dise\u00f1o de envases conoce bien la l\u00f3gica de los envases de lujo y potencia el valor a\u00f1adido del producto mediante el contraste de materiales, la psicolog\u00eda del color y la innovaci\u00f3n estructural. Por ejemplo, la combinaci\u00f3n de cart\u00f3n gris y cartulina negra no solo resalta la textura calmada, sino que tambi\u00e9n consigue un ajuste perfecto entre el forro y el producto gracias a la tecnolog\u00eda de troquelado, transmitiendo la imagen profesional de una marca de gama alta. Los casos demuestran que el dise\u00f1o personalizado puede aumentar la favorabilidad de los consumidores hacia la marca en m\u00e1s de 40%.<\/p>\n<h3 id=\"4-scientific-lining-protection-system-\">4.\u00a0<strong>Sistema cient\u00edfico de protecci\u00f3n del revestimiento<\/strong><\/h3>\n<p>El forro utiliza materiales de alta amortiguaci\u00f3n, como espuma EVA, flocado o esponja personalizada, y se ajusta con precisi\u00f3n al contorno del frasco de perfume mediante tecnolog\u00eda de troquelado de precisi\u00f3n para evitar sacudidas y colisiones durante el transporte. La capa interior de cart\u00f3n gris (1200 GSM) proporciona un soporte b\u00e1sico, y la capa exterior de cart\u00f3n negro (120 GSM) mejora la resistencia a la presi\u00f3n. La doble protecci\u00f3n garantiza la integridad del producto.<\/p>\n<h3 id=\"5-environmentally-friendly-materials-stable-structure-\">5.\u00a0<strong>Materiales respetuosos con el medio ambiente, estructura estable<\/strong><\/h3>\n<p>Los materiales principales son cart\u00f3n gris de 1200 GSM y cart\u00f3n negro de 120 GSM, que cumplen la directiva RoHS y presentan ventajas tanto de alta resistencia como de ligereza. El cart\u00f3n gris lleva un tratamiento antihumedad para adaptarse a distintos entornos de temperatura y humedad; el cart\u00f3n negro tiene una superficie lisa y una fuerte adherencia de impresi\u00f3n, que puede presentar efectos complejos como delicados degradados y estampaci\u00f3n en caliente, cumpliendo los estrictos requisitos del mercado de gama alta en cuanto a estabilidad del envase.<\/p>\n<h3 id=\"6-flip-top-design-practical-and-aesthetic-balance-\">6.\u00a0<strong>Dise\u00f1o abatible, equilibrio pr\u00e1ctico y est\u00e9tico<\/strong><\/h3>\n<p>La caja abatible adopta una estructura de cierre magn\u00e9tico o de hebilla, que puede abrirse f\u00e1cilmente con una sola mano, y el dise\u00f1o del escaparate permite ver el producto de un vistazo. Los \u00e1ngulos de apertura y cierre est\u00e1n optimizados ergon\u00f3micamente, y la experiencia de acceso es fluida. Al mismo tiempo, el flip puede utilizarse como expositor independiente cuando est\u00e1 montado, lo que resulta adecuado para la exposici\u00f3n en mostradores o escenas de regalo, combinando funcionalidad y ritual.<\/p>\n<h3 id=\"7-natural-color-matching-exquisite-style-\">7.\u00a0<strong>Color natural a juego, estilo exquisito<\/strong><\/h3>\n<p>El esquema general de color verde de baja saturaci\u00f3n se hace eco del concepto de protecci\u00f3n medioambiental, al tiempo que transmite una imagen de marca fresca y de gama alta. Las l\u00edneas sencillas en forma de caja con tratamiento superficial mate\/perlado evitan la decoraci\u00f3n excesiva y transmiten el estilo de la marca a trav\u00e9s de la textura del propio material. Los datos de pruebas reales demuestran que este tipo de dise\u00f1o puede prolongar el tiempo de permanencia visual del producto en el lineal en 30%.<\/p>","protected":false},"excerpt":{"rendered":"<p>Desde el dise\u00f1o creativo hasta la producci\u00f3n en serie y la entrega, contamos con el respaldo de 16 a\u00f1os de experiencia en el sector y ayudamos a las marcas a destacar en la feroz competencia mediante soluciones personalizadas. Ya se trate de regalos navide\u00f1os, exclusivas de comercio electr\u00f3nico o expositores para tiendas de experiencias offline, podemos ofrecer soluciones de adaptaci\u00f3n que ayuden a mejorar la capacidad premium de los productos.<\/p>","protected":false},"featured_media":924,"template":"","meta":{"_kad_post_transparent":"default","_kad_post_title":"","_kad_post_layout":"default","_kad_post_sidebar_id":"","_kad_post_content_style":"default","_kad_post_vertical_padding":"default","_kad_post_feature":"","_kad_post_feature_position":"","_kad_post_header":false,"_kad_post_footer":false,"_kad_post_classname":""},"product_brand":[],"product_cat":[15,27,17],"product_tag":[348,347,349],"class_list":{"0":"post-923","1":"product","2":"type-product","3":"status-publish","4":"has-post-thumbnail","6":"product_cat-red-light-therapy","7":"product_cat-red-light-therapy-belt","8":"product_cat-services","9":"product_tag-custom-clamshell","10":"product_tag-custom-clamshell-boxes","11":"product_tag-gift-boxes-packaging-supplies","13":"first","14":"instock","15":"shipping-taxable","16":"product-type-simple","17":"entry","18":"content-bg","19":"loop-entry"},"_links":{"self":[{"href":"https:\/\/red-lighttherapy.com\/es_es\/wp-json\/wp\/v2\/product\/923","targetHints":{"allow":["GET"]}}],"collection":[{"href":"https:\/\/red-lighttherapy.com\/es_es\/wp-json\/wp\/v2\/product"}],"about":[{"href":"https:\/\/red-lighttherapy.com\/es_es\/wp-json\/wp\/v2\/types\/product"}],"wp:featuredmedia":[{"embeddable":true,"href":"https:\/\/red-lighttherapy.com\/es_es\/wp-json\/wp\/v2\/media\/924"}],"wp:attachment":[{"href":"https:\/\/red-lighttherapy.com\/es_es\/wp-json\/wp\/v2\/media?parent=923"}],"wp:term":[{"taxonomy":"product_brand","embeddable":true,"href":"https:\/\/red-lighttherapy.com\/es_es\/wp-json\/wp\/v2\/product_brand?post=923"},{"taxonomy":"product_cat","embeddable":true,"href":"https:\/\/red-lighttherapy.com\/es_es\/wp-json\/wp\/v2\/product_cat?post=923"},{"taxonomy":"product_tag","embeddable":true,"href":"https:\/\/red-lighttherapy.com\/es_es\/wp-json\/wp\/v2\/product_tag?post=923"}],"curies":[{"name":"wp","href":"https:\/\/api.w.org\/{rel}","templated":true}]}}