{"id":900,"date":"2025-04-15T09:58:54","date_gmt":"2025-04-15T09:58:54","guid":{"rendered":"https:\/\/red-lighttherapy.com\/?post_type=product&#038;p=900"},"modified":"2025-04-15T10:16:33","modified_gmt":"2025-04-15T10:16:33","slug":"private-label-child-resistant-drawer-box-for-vape-cartridge","status":"publish","type":"product","link":"https:\/\/red-lighttherapy.com\/es_es\/private-label-child-resistant-drawer-box-for-vape-cartridge\/","title":{"rendered":"Etiqueta Privada Caja Caj\u00f3n Resistente a Ni\u00f1os para Cartucho Vape"},"content":{"rendered":"<h2 id=\"-child-safe-drawer-type-electronic-cigarette-cartridge-box-product-description-\"><strong>Private Label Caja Caj\u00f3n Resistente a los Ni\u00f1os para Vape Cartucho Descripci\u00f3n del producto<\/strong><\/h2>\n<h2 id=\"1-child-lock-patent-technology-\">1.\u00a0<strong>Tecnolog\u00eda patentada de bloqueo para ni\u00f1os<\/strong><\/h2>\n<p>Se adopta el dise\u00f1o de bloqueo infantil mec\u00e1nico enchufable aceptado internacionalmente. El cartucho debe enchufarse y desenchufarse tres veces en 2 segundos antes de que pueda desbloquearse (la acci\u00f3n de desbloqueo se refiere a los requisitos de certificaci\u00f3n de la norma internacional ISO 8317), lo que impide eficazmente que los ni\u00f1os se mantengan alejados. El certificado de patente cubre las principales normativas del mercado, como la EN 14375 de la UE y la ASTM D3475-18 de EE.UU., lo que garantiza que el producto cumple la \"Norma nacional obligatoria sobre cigarrillos electr\u00f3nicos\" y las normativas de seguridad mundiales.<\/p>\n<h2 id=\"2-sealing-and-protection-integration-\">2.\u00a0<strong>Integraci\u00f3n de estanqueidad y protecci\u00f3n<\/strong><\/h2>\n<p>La caja tipo caj\u00f3n adopta una estructura de doble hebilla. Cuando est\u00e1 cerrada, forma una barrera herm\u00e9tica mediante un anillo de sellado de silicona. El rendimiento a prueba de humedad y antioxidaci\u00f3n alcanza el nivel IP54, al tiempo que evita la apertura accidental causada por impactos externos.<\/p>\n<h2 id=\"1-fsc-certified-environmentally-friendly-paper-\">3. <strong>Papel ecol\u00f3gico con certificaci\u00f3n FSC<\/strong><\/h2>\n<p>El cuerpo de la caja utiliza papel certificado FSC-C137354, las materias primas proceden de bosques gestionados de forma sostenible, cumplen el Reglamento de la madera de la UE (EUTR) y las normas medioambientales norteamericanas, y la impresi\u00f3n del envase utiliza tinta al agua, no t\u00f3xica y degradable.<\/p>\n<h2 id=\"2-visual-identification-system-enhancement-\">4. <strong>Mejora del sistema de identificaci\u00f3n visual<\/strong><\/h2>\n<ul>\n<li><strong>Color principal<\/strong>: Base blanca pura, s\u00edmbolo de seguridad y tecnolog\u00eda.<\/li>\n<li><strong>Dise\u00f1o de patrones<\/strong>: El estampado de nubes en relieve de la superficie de la caja est\u00e1 inspirado en el tradicional estampado oriental de nubes auspiciosas, y se combina con el proceso de estampado en caliente del logotipo de la marca para realzar el reconocimiento y la textura de alta gama.<\/li>\n<\/ul>\n<h2 id=\"1-eva-customized-lining-protection-\">5. <strong>Protecci\u00f3n personalizada del forro de EVA<\/strong><\/h2>\n<p>El revestimiento utiliza espuma EVA de alta densidad (densidad 45P, grosor 7mm), que ha sido probada para soportar 50kg de presi\u00f3n est\u00e1tica y 1,2 metros de impacto de ca\u00edda. La cavidad interior se corta con l\u00e1ser de acuerdo con la forma del cartucho, adecuado para una variedad de especificaciones, y el rendimiento a prueba de golpes y amortiguaci\u00f3n es 30% mejor que el est\u00e1ndar de la industria.<\/p>\n<h2 id=\"2-fast-modular-design-system-\">6. <strong>Sistema r\u00e1pido de dise\u00f1o modular<\/strong><\/h2>\n<ul>\n<li><strong>Entrega en 72 horas<\/strong>: Admite la importaci\u00f3n de dibujos CAD, genera de forma inteligente la estructura de la caja, la soluci\u00f3n de molde dividido de revestimiento y es compatible con la personalizaci\u00f3n de cartuchos redondos\/ovalados (di\u00e1metro de 20 mm o superior).<\/li>\n<li><strong>Ampliaci\u00f3n flexible<\/strong>: El riel del caj\u00f3n puede ampliarse a una estructura de una o dos capas, adecuada para cigarrillos electr\u00f3nicos desechables o juegos de varios sabores que cambian de cartucho.<\/li>\n<\/ul>\n<h2 id=\"-fourth-compliance-certification-and-after-sales-service-\"><strong>7. Certificaci\u00f3n de conformidad y servicio posventa<\/strong><\/h2>\n<ul>\n<li><strong>Certificaci\u00f3n internacional<\/strong>: Ha superado las pruebas CE, RoHS, REACH, y escanee el c\u00f3digo para verificar el lote de producci\u00f3n y el certificado de conformidad.<\/li>\n<li><strong>Compromiso de garant\u00eda de calidad<\/strong>: Proporciona 12 meses de garant\u00eda estructural y apoya el reciclaje y la actualizaci\u00f3n de cajas antiguas.<\/li>\n<\/ul>","protected":false},"excerpt":{"rendered":"<p>Este producto se basa en los principios de \"seguridad, protecci\u00f3n del medio ambiente y alta eficiencia\", integra a la perfecci\u00f3n el mecanismo de protecci\u00f3n infantil con la est\u00e9tica de la marca y satisface las diversas necesidades de las marcas de vaporizadores de todo el mundo en cuanto a conformidad, experiencia del usuario y eficiencia de la cadena de suministro.<\/p>","protected":false},"featured_media":913,"template":"","meta":{"_kad_post_transparent":"default","_kad_post_title":"","_kad_post_layout":"default","_kad_post_sidebar_id":"","_kad_post_content_style":"default","_kad_post_vertical_padding":"default","_kad_post_feature":"","_kad_post_feature_position":"","_kad_post_header":false,"_kad_post_footer":false,"_kad_post_classname":""},"product_brand":[],"product_cat":[15,20,40,17],"product_tag":[344,345,346],"class_list":{"0":"post-900","1":"product","2":"type-product","3":"status-publish","4":"has-post-thumbnail","6":"product_cat-red-light-therapy","7":"product_cat-led-face-light-therapy","8":"product_cat-red-light-therapy-panel","9":"product_cat-services","10":"product_tag-child-resistant-vape-packaging","11":"product_tag-drawer-box-for-vape-cartridge","12":"product_tag-private-label-vape-cartridge-box","14":"first","15":"instock","16":"shipping-taxable","17":"product-type-simple","18":"entry","19":"content-bg","20":"loop-entry"},"_links":{"self":[{"href":"https:\/\/red-lighttherapy.com\/es_es\/wp-json\/wp\/v2\/product\/900","targetHints":{"allow":["GET"]}}],"collection":[{"href":"https:\/\/red-lighttherapy.com\/es_es\/wp-json\/wp\/v2\/product"}],"about":[{"href":"https:\/\/red-lighttherapy.com\/es_es\/wp-json\/wp\/v2\/types\/product"}],"wp:featuredmedia":[{"embeddable":true,"href":"https:\/\/red-lighttherapy.com\/es_es\/wp-json\/wp\/v2\/media\/913"}],"wp:attachment":[{"href":"https:\/\/red-lighttherapy.com\/es_es\/wp-json\/wp\/v2\/media?parent=900"}],"wp:term":[{"taxonomy":"product_brand","embeddable":true,"href":"https:\/\/red-lighttherapy.com\/es_es\/wp-json\/wp\/v2\/product_brand?post=900"},{"taxonomy":"product_cat","embeddable":true,"href":"https:\/\/red-lighttherapy.com\/es_es\/wp-json\/wp\/v2\/product_cat?post=900"},{"taxonomy":"product_tag","embeddable":true,"href":"https:\/\/red-lighttherapy.com\/es_es\/wp-json\/wp\/v2\/product_tag?post=900"}],"curies":[{"name":"wp","href":"https:\/\/api.w.org\/{rel}","templated":true}]}}