{"id":894,"date":"2025-04-15T09:42:47","date_gmt":"2025-04-15T09:42:47","guid":{"rendered":"https:\/\/red-lighttherapy.com\/?post_type=product&#038;p=894"},"modified":"2025-04-16T16:37:17","modified_gmt":"2025-04-16T16:37:17","slug":"bespoke-clamshell-gift-box-for-1-gram-concentrate-live-resin","status":"publish","type":"product","link":"https:\/\/red-lighttherapy.com\/es_es\/bespoke-clamshell-gift-box-for-1-gram-concentrate-live-resin\/","title":{"rendered":"Caja de regalo de concha a medida para 1 gramo de resina viva concentrada"},"content":{"rendered":"<h2 id=\"-customized-flip-top-gift-box-1g-concentrated-active-resin-exclusive-protection-solution-\"><strong>Caja de regalo personalizada con tapa abatible Soluci\u00f3n de protecci\u00f3n exclusiva de resina activa concentrada de 1 g<\/strong><\/h2>\n<h2 id=\"-1-ergonomic-flip-top-design-one-handed-operation-without-burden-\"><strong>1. Dise\u00f1o ergon\u00f3mico abatible, manejo con una sola mano sin molestias<\/strong><\/h2>\n<ul>\n<li>Adopta una estructura de bisagra de precisi\u00f3n y hebilla magn\u00e9tica de doble asistencia, se puede abrir y cerrar suavemente con una sola mano, evitando el problema de que las cajas plegables tradicionales se atasquen o se suelten con facilidad.<\/li>\n<li>La vida \u00fatil del flip-top ha sido probada para 10.000 veces de apertura y cierre, y la durabilidad se ha incrementado en 300%, satisfaciendo las necesidades de uso de alta frecuencia.<\/li>\n<\/ul>\n<h2 id=\"-2-environmentally-friendly-coated-paper-material-taking-into-account-strength-and-sustainability-\"><strong>2. Material de papel estucado respetuoso con el medio ambiente, teniendo en cuenta la resistencia y la sostenibilidad.<\/strong><\/h2>\n<ul>\n<li>Papel estucado engrosado seleccionado con certificaci\u00f3n FSC (pel\u00edcula mate\/brillante opcional), dureza de 400 g\/m\u00b2, capacidad de carga de m\u00e1s de 500 g, protecci\u00f3n firme de 1 g de productos de resina.<\/li>\n<li>Respaldan la impresi\u00f3n con tintas respetuosas con el medio ambiente y el proceso de revestimiento degradable, en l\u00ednea con las normas de acceso a la protecci\u00f3n medioambiental de los mercados europeo y estadounidense.<\/li>\n<\/ul>\n<h2 id=\"-3-precision-die-cutting-process-millimeter-level-precision-adaptation-\"><strong>3. Proceso de troquelado de precisi\u00f3n, adaptaci\u00f3n de precisi\u00f3n milim\u00e9trica<\/strong><\/h2>\n<ul>\n<li>La tecnolog\u00eda de corte por l\u00e1ser garantiza que no haya rebabas en el borde de la caja, la tolerancia de la costura es \u22640,3 mm, el tacto es delicado y evita el riesgo de ara\u00f1azos.<\/li>\n<li>La profundidad de la ranura circular incorporada se adapta al tama\u00f1o de concentrado de 1 gramo habitual en la industria (di\u00e1metro de 20 mm\/ajustable), y se utiliza la capa amortiguadora de EVA de calidad alimentaria, que es resistente a los golpes y a la presi\u00f3n, y tiene un desplazamiento nulo durante el transporte.<\/li>\n<\/ul>\n<h2 id=\"-4-minimalist-blank-design-interpreting-high-end-tonality-\"><strong>4. Dise\u00f1o minimalista en blanco, que interpreta la tonalidad de gama alta<\/strong><\/h2>\n<ul>\n<li>La base mate de color puro se combina con un dise\u00f1o en blanco sin LOGO, resaltando el valor del contenido, y admite estampaci\u00f3n en caliente, gofrado, superficie brillante parcial UV y otros procesos de personalizaci\u00f3n.<\/li>\n<li>Forro magn\u00e9tico de terciopelo opcional, placa met\u00e1lica para el nombre o tarjetero personalizado para realzar la sensaci\u00f3n de ceremonia al abrir la caja.<\/li>\n<\/ul>\n<h2 id=\"-customized-service-\"><strong>5. 5. Servicio personalizado<\/strong><\/h2>\n<ul>\n<li><strong>Tama\u00f1o flexible<\/strong>: Admite el ajuste de ranuras con un di\u00e1metro de 15-30 mm, adapt\u00e1ndose a latas de cera con formas especiales o a necesidades de envasado con rejillas m\u00faltiples.<\/li>\n<li><strong>Mejora estructural<\/strong>: Se pueden a\u00f1adir precintos antifalsificaci\u00f3n, bandejas interiores extra\u00edbles o dise\u00f1os apilables de doble capa.<\/li>\n<li><strong>Soluci\u00f3n de impresi\u00f3n<\/strong>: Se proporcionan colores planos Pantone, colores fluorescentes, impresi\u00f3n en relieve y otros procesos de nicho, y se admite la personalizaci\u00f3n visual de la marca de toda la superficie de la caja.<\/li>\n<li><strong>Valor a\u00f1adido accesorio<\/strong>: Con herramientas personalizadas (como microesp\u00e1tulas), insertos de instrucciones o chips electr\u00f3nicos (trazabilidad NFC).<\/li>\n<\/ul>\n<h3 id=\"-application-scenarios-\"><strong>6. Escenarios de aplicaci\u00f3n<\/strong><\/h3>\n<ul>\n<li>Sets de regalo de resina concentrada de alta gama<\/li>\n<li>Embalaje de productos de marca compartida de edici\u00f3n limitada<\/li>\n<li>Almacenamiento sellado de principios activos de grado m\u00e9dico<\/li>\n<li>Cajas de regalo personalizadas exclusivas para los miembros de la marca<\/li>\n<\/ul>","protected":false},"excerpt":{"rendered":"<p>La caja de regalo tipo almeja especialmente dise\u00f1ada para resina viva concentrada de alto valor (Live Resin) combina una est\u00e9tica minimalista con un dise\u00f1o funcional, y utiliza la artesan\u00eda de precisi\u00f3n para lograr una triple mejora en la protecci\u00f3n del producto, la experiencia port\u00e1til y la textura de la marca. Es adecuada para regalos de gama alta, ediciones limitadas o necesidades de personalizaci\u00f3n de nicho.<\/p>","protected":false},"featured_media":896,"template":"","meta":{"_kad_post_transparent":"default","_kad_post_title":"","_kad_post_layout":"default","_kad_post_sidebar_id":"","_kad_post_content_style":"default","_kad_post_vertical_padding":"default","_kad_post_feature":"","_kad_post_feature_position":"","_kad_post_header":false,"_kad_post_footer":false,"_kad_post_classname":""},"product_brand":[],"product_cat":[15,27,17],"product_tag":[339,340,338],"class_list":{"0":"post-894","1":"product","2":"type-product","3":"status-publish","4":"has-post-thumbnail","6":"product_cat-red-light-therapy","7":"product_cat-red-light-therapy-belt","8":"product_cat-services","9":"product_tag-bespoke-live-resin-gift-box","10":"product_tag-clamshell-gift-box-for-concentrate","11":"product_tag-gift-box-for-1-gram-concentrate","13":"first","14":"instock","15":"shipping-taxable","16":"product-type-simple","17":"entry","18":"content-bg","19":"loop-entry"},"_links":{"self":[{"href":"https:\/\/red-lighttherapy.com\/es_es\/wp-json\/wp\/v2\/product\/894","targetHints":{"allow":["GET"]}}],"collection":[{"href":"https:\/\/red-lighttherapy.com\/es_es\/wp-json\/wp\/v2\/product"}],"about":[{"href":"https:\/\/red-lighttherapy.com\/es_es\/wp-json\/wp\/v2\/types\/product"}],"wp:featuredmedia":[{"embeddable":true,"href":"https:\/\/red-lighttherapy.com\/es_es\/wp-json\/wp\/v2\/media\/896"}],"wp:attachment":[{"href":"https:\/\/red-lighttherapy.com\/es_es\/wp-json\/wp\/v2\/media?parent=894"}],"wp:term":[{"taxonomy":"product_brand","embeddable":true,"href":"https:\/\/red-lighttherapy.com\/es_es\/wp-json\/wp\/v2\/product_brand?post=894"},{"taxonomy":"product_cat","embeddable":true,"href":"https:\/\/red-lighttherapy.com\/es_es\/wp-json\/wp\/v2\/product_cat?post=894"},{"taxonomy":"product_tag","embeddable":true,"href":"https:\/\/red-lighttherapy.com\/es_es\/wp-json\/wp\/v2\/product_tag?post=894"}],"curies":[{"name":"wp","href":"https:\/\/api.w.org\/{rel}","templated":true}]}}