{"id":893,"date":"2025-04-15T09:26:53","date_gmt":"2025-04-15T09:26:53","guid":{"rendered":"https:\/\/red-lighttherapy.com\/?post_type=product&#038;p=893"},"modified":"2025-04-16T16:38:38","modified_gmt":"2025-04-16T16:38:38","slug":"customized-clamshell-magnetic-perfume-box-gift-box-sourcing","status":"publish","type":"product","link":"https:\/\/red-lighttherapy.com\/es_es\/customized-clamshell-magnetic-perfume-box-gift-box-sourcing\/","title":{"rendered":"Customized Clamshell Magn\u00e9tico Caja de Perfume Caja de Regalo Sourcing"},"content":{"rendered":"<h3 id=\"1-material-selection-the-golden-combination-of-coated-paper-and-cardboard-\">1.\u00a0<strong>Selecci\u00f3n del material: la combinaci\u00f3n dorada de papel estucado y cart\u00f3n<\/strong><\/h3>\n<p>La caja de regalo utiliza\u00a0<strong>papel estucado<\/strong>\u00a0como papel de superficie. Su superficie es lisa y absorbente. Puede restaurar con exactitud patrones de gran precisi\u00f3n y delicados efectos de degradado. Es especialmente adecuado para dise\u00f1os que presentan texturas met\u00e1licas o niveles de luces y sombras.\u00a0<strong>Cart\u00f3n de una cara de 1200 g<\/strong>\u00a0para el fondo. El grosor y la capacidad de carga se miden estrictamente para garantizar que el cuerpo de la caja sea estable y no se deforme con facilidad. Al mismo tiempo, el dise\u00f1o de la estructura interna (como el acolchado de cart\u00f3n en forma de panal) se utiliza para mejorar la fijaci\u00f3n del perfume y evitar los da\u00f1os causados por las sacudidas durante el transporte.<\/p>\n<h3 id=\"2-appearance-design-deep-purple-tone-and-four-color-spot-color-technology-fusion-\">2.\u00a0<strong>Dise\u00f1o de aspecto: tono morado intenso y fusi\u00f3n de cuatricrom\u00eda + tecnolog\u00eda de colores planos<\/strong><\/h3>\n<p>El color base utiliza\u00a0<strong>morado oscuro<\/strong>, que simboliza la elegancia y el misterio, y encaja con el posicionamiento de gama alta de los productos de perfumer\u00eda.\u00a0<strong>Impresi\u00f3n en cuatricrom\u00eda (CMYK)<\/strong>\u00a0se utiliza para conseguir una cobertura de color b\u00e1sica, y\u00a0<strong>impresi\u00f3n de colores directos<\/strong>\u00a0(como el color personalizado de la carta de colores Pantone) se superpone para resaltar el LOGO de la marca o una textura especial que garantice la saturaci\u00f3n y consistencia del color. Por ejemplo, la parte del LOGO adopta el proceso de color especial de estampaci\u00f3n en caliente para formar un foco visual sobre el fondo mate, y el estilo general es sencillo pero lujoso.<\/p>\n<h3 id=\"3-surface-treatment-matt-film-process-improves-practicality-and-protection-\">3.\u00a0<strong>Tratamiento de la superficie: El proceso de pel\u00edcula mate mejora la practicidad y la protecci\u00f3n<\/strong><\/h3>\n<p>La superficie de la caja est\u00e1 cubierta con\u00a0<strong>pel\u00edcula mate<\/strong>La superficie est\u00e1 recubierta de una pel\u00edcula mate para formar una superficie mate de alta calidad. La superficie est\u00e1 cubierta con una pel\u00edcula mate para formar una superficie mate de alto grado, que puede evitar la interferencia de la reflexi\u00f3n, y al mismo tiempo evitar la humedad, el aceite y la erosi\u00f3n del alcohol, y extender la vida \u00fatil de la caja de regalo.<\/p>\n<h3 id=\"4-structural-design-the-convenience-and-aesthetic-balance-of-the-top-and-bottom-box-flap-\">4.\u00a0<strong>Dise\u00f1o estructural: la comodidad y el equilibrio est\u00e9tico de la tapa superior e inferior de la caja<\/strong><\/h3>\n<p>Adopci\u00f3n de la\u00a0<strong>estructura de las solapas superior e inferior de la caja<\/strong>, la caja superior y la caja inferior se cierran mediante la estructura de succi\u00f3n magn\u00e9tica, y el \u00e1ngulo de apertura y cierre es de hasta 180\u00b0, lo que facilita coger y poner el perfume. La relaci\u00f3n de la tapa de la caja y el cuerpo de la caja se ha optimizado ergon\u00f3micamente, que se puede abrir y cerrar con una sola mano, que es simple y r\u00e1pido, ahorrando tiempo.<\/p>\n<h3 id=\"5-personalized-customization-flexibly-adapt-to-brand-creative-needs-\">5.\u00a0<strong>Personalizaci\u00f3n a medida: se adapta con flexibilidad a las necesidades creativas de la marca<\/strong><\/h3>\n<p>La superficie de la caja soporta\u00a0<strong>impresi\u00f3n a todo lo ancho<\/strong>y pueden personalizar motivos, textos e historias de marca. Por ejemplo, se puede utilizar la tecnolog\u00eda de impresi\u00f3n digital para conseguir peque\u00f1os lotes de salida de alta precisi\u00f3n, o combinar los procesos de gofrado y estampaci\u00f3n en caliente para mejorar el nivel t\u00e1ctil. Los clientes pueden proporcionar bocetos de dise\u00f1o o confiar a equipos profesionales la realizaci\u00f3n de dise\u00f1os creativos para garantizar que la caja de regalo transmita el valor de la marca desde el aspecto hasta el contenido.<\/p>\n<h3 id=\"6-box-type-adaptation-flexibility-of-multi-scenario-applications-\">6.\u00a0<strong>Adaptaci\u00f3n del tipo de caja: flexibilidad de las aplicaciones multiescenario<\/strong><\/h3>\n<p>Adem\u00e1s de las cajas superior e inferior est\u00e1ndar,\u00a0<strong>tipo caj\u00f3n, tipo plegable, tipo hebilla magn\u00e9tica<\/strong>\u00a0y otros tipos de cajas diversificadas. Por ejemplo, la l\u00ednea de gama alta puede utilizar una estructura anidada de doble capa para aumentar la sensaci\u00f3n de misterio, mientras que la edici\u00f3n limitada puede integrar un forro desmontable o un dispositivo de prueba de fragancias para mejorar la experiencia interactiva. Todos los tipos de caja han superado las pruebas de ca\u00edda y resistencia a la presi\u00f3n para garantizar la seguridad del transporte.<\/p>\n<h3 id=\"7-capacity-guarantee-full-process-quality-control-of-5320-workshop-\">7.\u00a0<strong>Garant\u00eda de capacidad: control de calidad del proceso completo del taller 5320\u33a1.<\/strong><\/h3>\n<p>Tenemos nuestro propio\u00a0<strong>5320 metros cuadrados de base de producci\u00f3n inteligente<\/strong>, dotada de equipos avanzados, como m\u00e1quinas de impresi\u00f3n Heidelberg de seis colores y troqueladoras totalmente autom\u00e1ticas, que permiten controlar todo el proceso, desde el dise\u00f1o hasta la entrega. Sigue estrictamente el sistema de gesti\u00f3n de calidad ISO, con una capacidad de producci\u00f3n diaria de m\u00e1s de 30.000 piezas, y los pedidos urgentes pueden entregarse en 7 d\u00edas. El sistema de gesti\u00f3n digital controla la temperatura, la humedad, la concentraci\u00f3n de tinta y otros par\u00e1metros en tiempo real para garantizar la consistencia del producto.<\/p>","protected":false},"excerpt":{"rendered":"<p>Esta caja de regalo es una innovaci\u00f3n colaborativa de materiales, artesan\u00eda y dise\u00f1o, que tiene en cuenta la funcionalidad, la est\u00e9tica y el tono de la marca. Es adecuada para perfumes de gama alta, cajas de regalo navide\u00f1as o productos conjuntos limitados. Mediante una cadena de suministro flexible y un estricto control de calidad, ofrece a los clientes soluciones personalizadas eficaces y fiables.<\/p>","protected":false},"featured_media":920,"template":"","meta":{"_kad_post_transparent":"default","_kad_post_title":"","_kad_post_layout":"default","_kad_post_sidebar_id":"","_kad_post_content_style":"default","_kad_post_vertical_padding":"default","_kad_post_feature":"","_kad_post_feature_position":"","_kad_post_header":false,"_kad_post_footer":false,"_kad_post_classname":""},"product_brand":[],"product_cat":[15,27,17],"product_tag":[341,342,343],"class_list":{"0":"post-893","1":"product","2":"type-product","3":"status-publish","4":"has-post-thumbnail","6":"product_cat-red-light-therapy","7":"product_cat-red-light-therapy-belt","8":"product_cat-services","9":"product_tag-customized-clamshell-box","10":"product_tag-magnetic-perfume-box","11":"product_tag-perfume-gift-box-sourcing","13":"first","14":"instock","15":"shipping-taxable","16":"product-type-simple","17":"entry","18":"content-bg","19":"loop-entry"},"_links":{"self":[{"href":"https:\/\/red-lighttherapy.com\/es_es\/wp-json\/wp\/v2\/product\/893","targetHints":{"allow":["GET"]}}],"collection":[{"href":"https:\/\/red-lighttherapy.com\/es_es\/wp-json\/wp\/v2\/product"}],"about":[{"href":"https:\/\/red-lighttherapy.com\/es_es\/wp-json\/wp\/v2\/types\/product"}],"wp:featuredmedia":[{"embeddable":true,"href":"https:\/\/red-lighttherapy.com\/es_es\/wp-json\/wp\/v2\/media\/920"}],"wp:attachment":[{"href":"https:\/\/red-lighttherapy.com\/es_es\/wp-json\/wp\/v2\/media?parent=893"}],"wp:term":[{"taxonomy":"product_brand","embeddable":true,"href":"https:\/\/red-lighttherapy.com\/es_es\/wp-json\/wp\/v2\/product_brand?post=893"},{"taxonomy":"product_cat","embeddable":true,"href":"https:\/\/red-lighttherapy.com\/es_es\/wp-json\/wp\/v2\/product_cat?post=893"},{"taxonomy":"product_tag","embeddable":true,"href":"https:\/\/red-lighttherapy.com\/es_es\/wp-json\/wp\/v2\/product_tag?post=893"}],"curies":[{"name":"wp","href":"https:\/\/api.w.org\/{rel}","templated":true}]}}