{"id":877,"date":"2025-04-15T07:02:12","date_gmt":"2025-04-15T07:02:12","guid":{"rendered":"https:\/\/red-lighttherapy.com\/?post_type=product&#038;p=877"},"modified":"2025-04-20T06:04:31","modified_gmt":"2025-04-20T06:04:31","slug":"distributing-magnetic-lid-rigid-box-for-vip-membership-card","status":"publish","type":"product","link":"https:\/\/red-lighttherapy.com\/es_es\/distributing-magnetic-lid-rigid-box-for-vip-membership-card\/","title":{"rendered":"Distribuidor Tapa magn\u00e9tica Caja r\u00edgida para tarjeta de socio VIP"},"content":{"rendered":"<h2 id=\"product-description-of-vip-member-card-magnetic-cover-hard-box-for-distribution\">Descripci\u00f3n del producto VIP Member Card Magnetic Lid Rigid Box for Distribution<\/h2>\n<h2>1.\u00a0<strong>Magn\u00e9tico <\/strong>Tapa <strong>Tipo de Caja: Doble mejora de manejo con una mano y percepci\u00f3n de calidad<\/strong><\/h2>\n<ul>\n<li><strong>Adsorci\u00f3n magn\u00e9tica de precisi\u00f3n<\/strong>: Al adoptar una estructura de succi\u00f3n magn\u00e9tica de alta precisi\u00f3n, la tapa de la caja puede abrirse y cerrarse con una sola pulsaci\u00f3n, y al cerrarse se oye un n\u00edtido \"clic\", lo que mejora la percepci\u00f3n intuitiva de la calidad por parte del usuario.<\/li>\n<li><strong>Garant\u00eda de durabilidad<\/strong>: El componente magn\u00e9tico de succi\u00f3n ha sido sometido a pruebas de apertura y cierre durante miles de veces sin atenuaci\u00f3n, lo que garantiza su estabilidad a largo plazo.<\/li>\n<\/ul>\n<h2 id=\"2-display-stand-design-enjoy-the-sense-of-ceremony-as-soon-as-you-open-the-box-\">2.\u00a0<strong>Dise\u00f1o de expositor: Disfrute de la sensaci\u00f3n de ceremonia nada m\u00e1s abrir la caja<\/strong><\/h2>\n<ul>\n<li><strong>Funci\u00f3n de visualizaci\u00f3n multi\u00e1ngulo<\/strong>: Una vez desplegado el cuerpo de la caja, se forma un expositor inclinado 30\u00b0, que puede presentar intuitivamente el LOGO estampado en caliente o el proceso de gofrado de la tarjeta VIP, realzando la sensaci\u00f3n de dignidad y ceremonia al abrir la caja.<\/li>\n<li><strong>Estructura de gu\u00edas de deslizamiento (opcional)<\/strong>: El dise\u00f1o de gu\u00edas de deslizamiento tipo caj\u00f3n mejora a\u00fan m\u00e1s la suavidad de funcionamiento, lo que satisface las necesidades eficientes de los escenarios empresariales.<\/li>\n<\/ul>\n<h2 id=\"3-visual-presentation-luxury-aesthetic-language-\">3.\u00a0<strong>Presentaci\u00f3n visual: lenguaje est\u00e9tico de lujo<\/strong><\/h2>\n<ul>\n<li><strong>Color principal y artesan\u00eda<\/strong>: El cuerpo de la caja adopta una base mate de color blanco puro, con estampaci\u00f3n parcial en caliente\/artesan\u00eda en plata, como el logotipo de la marca, el patr\u00f3n del marco, etc., presentando un impacto visual discreto y lujoso.<\/li>\n<li><strong>Selecci\u00f3n de materiales<\/strong>: PVC esmerilado opcional, cart\u00f3n nacarado o material acr\u00edlico respetuoso con el medio ambiente, de tacto delicado y resistente a los ara\u00f1azos y al desgaste.<\/li>\n<\/ul>\n<h2 id=\"4-inner-lining-design-precise-storage-and-protection-\">4.\u00a0<strong>Dise\u00f1o del forro interior: almacenamiento y protecci\u00f3n precisos<\/strong><\/h2>\n<ul>\n<li><strong>Ranura para tarjetas personalizada<\/strong>: El forro interior adopta esponja EVA de alta densidad o material de franela, que se ajusta con precisi\u00f3n al tama\u00f1o de las tarjetas individuales\/m\u00faltiples, a prueba de golpes y resistente al desgaste.<\/li>\n<li><strong>Mampara multifunci\u00f3n<\/strong>: Se pueden a\u00f1adir compartimentos independientes, compatibles con tarjetas de visita, manuales o peque\u00f1os regalos, para satisfacer las necesidades de las escenas de regalos de empresa.<\/li>\n<\/ul>\n<h2 id=\"5-quality-control-standards-strict-scene-adaptability-\">5.\u00a0<strong>Normas de control de calidad: estricta adaptabilidad a la escena<\/strong><\/h2>\n<ul>\n<li><strong>Tolerancia medioambiental<\/strong>: Ha superado las pruebas de resistencia al fuego, a la humedad y al envejecimiento anti-UV, y cumple las normas de almacenamiento y transporte de nivel bancario.<\/li>\n<li><strong>Detalles tecnol\u00f3gicos<\/strong>: El borde del cuerpo de la caja adopta una tecnolog\u00eda de biselado redondeado para evitar ara\u00f1azos.<\/li>\n<\/ul>\n<h2 id=\"-unlimited-customization-service-\"><strong>6. Servicio de personalizaci\u00f3n ilimitado<\/strong><\/h2>\n<ul>\n<li><strong>Adaptaci\u00f3n flexible de los procesos<\/strong>: Admite estampado en caliente\/plateado, gofrado UV, impresi\u00f3n l\u00e1ser en color, grabado l\u00e1ser y otros procesos, y puede personalizar simult\u00e1neamente LOGO, n\u00famero, nombre del cliente y otra informaci\u00f3n personalizada.<\/li>\n<li><strong>Ampliaci\u00f3n de tama\u00f1o y estructura<\/strong>: Compatible con tarjetas est\u00e1ndar de 0,76 mm a tarjetas de 1,2 mm de grosor, puede ampliarse a cajas magn\u00e9ticas de succi\u00f3n de doble capa, cajas de regalo plegables y otras formas, y adaptarse a tarjetas de formas especiales y necesidades de combinaci\u00f3n de varias tarjetas.<\/li>\n<li><strong>Garant\u00eda de entrega por lotes<\/strong>: Soporta 500 piezas de pedido m\u00ednimo, 7-14 d\u00edas de entrega extremadamente r\u00e1pida, y proporciona servicios de confirmaci\u00f3n de muestras de color, pruebas y revisi\u00f3n durante todo el proceso.<\/li>\n<\/ul>\n<h2 id=\"-applicable-scenario-examples-\"><strong>7. Ejemplos de escenarios aplicables<\/strong><\/h2>\n<ul>\n<li><strong>Clientes de banca privada de los bancos<\/strong>: Con las tarjetas oro negro y diamante se refuerza la \"identidad exclusiva de los usuarios de alto poder adquisitivo\".<\/li>\n<li><strong>Sistema de afiliaci\u00f3n de gama alta<\/strong>: Como componente de una caja regalo anual, incluye un manual de derechos de afiliaci\u00f3n y tarjetas personalizadas para aumentar la fidelidad a la marca.<\/li>\n<li><strong>Tarjetas de visita<\/strong>: Integre tarjetas de visita met\u00e1licas y cajas magn\u00e9ticas para crear un punto de memoria dual de \"tacto + visi\u00f3n\".<\/li>\n<\/ul>","protected":false},"excerpt":{"rendered":"<p>Esta caja r\u00edgida con tapa magn\u00e9tica est\u00e1 especialmente dise\u00f1ada para tarjetas VIP de gama alta, tarjetas de cr\u00e9dito, tarjetas bancarias y tarjetas de visita. Combina la artesan\u00eda de lujo con funciones humanizadas. Con apertura y cierre magn\u00e9ticos, dise\u00f1o de expositor y estampaci\u00f3n en caliente como elementos principales, se adapta totalmente a las necesidades de bancos, bancos privados, sistemas de afiliaci\u00f3n de gama alta y otros escenarios, remodelando la experiencia noble y el valor de la marca.<\/p>","protected":false},"featured_media":887,"template":"","meta":{"_kad_post_transparent":"default","_kad_post_title":"","_kad_post_layout":"default","_kad_post_sidebar_id":"","_kad_post_content_style":"default","_kad_post_vertical_padding":"default","_kad_post_feature":"","_kad_post_feature_position":"","_kad_post_header":false,"_kad_post_footer":false,"_kad_post_classname":""},"product_brand":[],"product_cat":[15,27,17],"product_tag":[334,333,332],"class_list":{"0":"post-877","1":"product","2":"type-product","3":"status-publish","4":"has-post-thumbnail","6":"product_cat-red-light-therapy","7":"product_cat-red-light-therapy-belt","8":"product_cat-services","9":"product_tag-custom-vip-membership-card-box","10":"product_tag-magnetic-lid-vip-membership-box","11":"product_tag-rigid-box-for-vip-card","13":"first","14":"instock","15":"shipping-taxable","16":"product-type-simple","17":"entry","18":"content-bg","19":"loop-entry"},"_links":{"self":[{"href":"https:\/\/red-lighttherapy.com\/es_es\/wp-json\/wp\/v2\/product\/877","targetHints":{"allow":["GET"]}}],"collection":[{"href":"https:\/\/red-lighttherapy.com\/es_es\/wp-json\/wp\/v2\/product"}],"about":[{"href":"https:\/\/red-lighttherapy.com\/es_es\/wp-json\/wp\/v2\/types\/product"}],"wp:featuredmedia":[{"embeddable":true,"href":"https:\/\/red-lighttherapy.com\/es_es\/wp-json\/wp\/v2\/media\/887"}],"wp:attachment":[{"href":"https:\/\/red-lighttherapy.com\/es_es\/wp-json\/wp\/v2\/media?parent=877"}],"wp:term":[{"taxonomy":"product_brand","embeddable":true,"href":"https:\/\/red-lighttherapy.com\/es_es\/wp-json\/wp\/v2\/product_brand?post=877"},{"taxonomy":"product_cat","embeddable":true,"href":"https:\/\/red-lighttherapy.com\/es_es\/wp-json\/wp\/v2\/product_cat?post=877"},{"taxonomy":"product_tag","embeddable":true,"href":"https:\/\/red-lighttherapy.com\/es_es\/wp-json\/wp\/v2\/product_tag?post=877"}],"curies":[{"name":"wp","href":"https:\/\/api.w.org\/{rel}","templated":true}]}}