{"id":871,"date":"2025-04-15T06:50:34","date_gmt":"2025-04-15T06:50:34","guid":{"rendered":"https:\/\/red-lighttherapy.com\/?post_type=product&#038;p=871"},"modified":"2025-04-15T07:42:52","modified_gmt":"2025-04-15T07:42:52","slug":"satin-lined-magnetic-closure-box-wigs-hair-extension-online","status":"publish","type":"product","link":"https:\/\/red-lighttherapy.com\/es_es\/satin-lined-magnetic-closure-box-wigs-hair-extension-online\/","title":{"rendered":"Sat\u00e9n Forrado Cierre Magn\u00e9tico Caja Pelucas Extensi\u00f3n de cabello en l\u00ednea"},"content":{"rendered":"<h2 id=\"-satin-magnetic-buckle-wig-hair-extension-magnetic-box-product-description-\"><strong>Sat\u00e9n Cierre magn\u00e9tico Peluca Extensi\u00f3n de cabello Caja magn\u00e9tica Descripci\u00f3n del producto<\/strong><\/h2>\n<h2 id=\"1-magnetic-box-design-quiet-and-convenient-\">1.\u00a0<strong>Dise\u00f1o de caja con cierre magn\u00e9tico, silencioso y c\u00f3modo<\/strong><\/h2>\n<p>La innovadora tecnolog\u00eda de hebilla magn\u00e9tica silenciosa permite abrirla y cerrarla f\u00e1cilmente con una sola mano, solucionando por completo los inconvenientes de las hebillas tradicionales, que son f\u00e1ciles de llevar y engorrosas de manejar. La estructura magn\u00e9tica ha sido probada con precisi\u00f3n para garantizar que mantiene una fuerza de adsorci\u00f3n estable bajo un uso de alta frecuencia, y es adecuada para escenarios de uso diario de pelucas y productos de extensi\u00f3n del cabello, mejorando en gran medida la experiencia del usuario y la eficiencia del servicio de la marca.<\/p>\n<h2 id=\"2-hot-stamping-process-and-three-dimensional-pattern-\">2.\u00a0<strong>Proceso de estampaci\u00f3n en caliente y patr\u00f3n tridimensional<\/strong><\/h2>\n<p>La superficie de la caja utiliza tecnolog\u00eda de estampaci\u00f3n en caliente de alta precisi\u00f3n para presentar el LOGO de la marca o un motivo tridimensional personalizado (como flores, motivos geom\u00e9tricos, etc.), formando un delicado contraste brillante sobre el material satinado, realzando la estratificaci\u00f3n visual y la textura de alta gama.<\/p>\n<h2 id=\"3-pink-main-color-stimulates-purchasing-desire-\">3.\u00a0<strong>El color principal rosa estimula el deseo de compra<\/strong><\/h2>\n<p>El cuerpo de la caja es principalmente de color rosa suave, combinado con un toque de sat\u00e9n mate, que transmite elegancia y feminidad, se ajusta con precisi\u00f3n a las preferencias est\u00e9ticas de las consumidoras y estimula las compras impulsivas.<\/p>\n<h2 id=\"4-replaceable-ribbon-accessory-design-\">4.\u00a0<strong>Dise\u00f1o de accesorio de cinta reemplazable<\/strong><\/h2>\n<p>Las cintas de raso est\u00e1ndar del mismo color admiten la sustituci\u00f3n de accesorios tem\u00e1ticos estacionales (como cintas bordadas limitadas a las vacaciones, colgantes desmontables), sin necesidad de sustituir toda la caja de embalaje, lo que reduce significativamente los costes de iteraci\u00f3n. Los clientes pueden personalizar con flexibilidad el texto de la cinta y la combinaci\u00f3n de colores para satisfacer las necesidades de las actividades de marketing.<\/p>\n<h2 id=\"5-eva-impact-resistant-lining-protection-\">5.\u00a0<strong>Forro de protecci\u00f3n EVA resistente a los impactos<\/strong><\/h2>\n<p>Incrustada la capa amortiguadora de EVA de alta densidad, la estructura de nido de abeja absorbe el impacto durante el transporte o la ca\u00edda para evitar la deformaci\u00f3n de la peluca o da\u00f1os en los accesorios. El forro puede extraerse y limpiarse para prolongar la vida \u00fatil del embalaje.<\/p>\n<h2 id=\"6-customized-service-and-supply-chain-advantages-\">6.\u00a0<strong>Servicio personalizado y ventajas de la cadena de suministro<\/strong><\/h2>\n<ul>\n<li><strong>Ajuste flexible de par\u00e1metros<\/strong>: Soporta la personalizaci\u00f3n en l\u00ednea del tama\u00f1o (adaptable a piezas de pelo corto a conjuntos de pelo largo), estructura de la caja (rejilla \/ una sola capa), material (cuero reciclado respetuoso con el medio ambiente \/ base de papel duro) combinaci\u00f3n para satisfacer diversas necesidades.<\/li>\n<li><strong>Pedido m\u00ednimo reducido<\/strong>: MOQ tan bajo como 500pcs, pedidos de lotes peque\u00f1os tambi\u00e9n se pueden producir para reducir la presi\u00f3n de inventario del cliente.<\/li>\n<li><strong>Entrega r\u00e1pida<\/strong>: Bas\u00e1ndose en l\u00edneas de producci\u00f3n inteligentes, tarda entre 7 y 15 d\u00edas desde la producci\u00f3n de muestras hasta la producci\u00f3n en masa, y coopera con la red log\u00edstica mundial para lograr una entrega eficiente.<\/li>\n<\/ul>\n<h2 id=\"7-applicable-scenarios-and-brand-value-\">7.\u00a0<strong>Escenarios aplicables y valor de marca<\/strong><\/h2>\n<ul>\n<li><strong>Consumidores<\/strong>: Aplicable al almacenamiento personal de pelucas y a la entrega de regalos, realzando el sentido de la ceremonia de desembalaje del producto;<\/li>\n<li><strong>Fin comercial<\/strong>: Los salones de belleza y las cadenas de pelucas pueden reforzar su imagen de gama alta mediante un envase unificado;<\/li>\n<li><strong>Concepto de protecci\u00f3n del medio ambiente<\/strong>: El material cuenta con la certificaci\u00f3n FSC, y la cinta y el forro pueden reutilizarse, respondiendo as\u00ed a la tendencia del consumo sostenible.<\/li>\n<\/ul>","protected":false},"excerpt":{"rendered":"<p>Cierre magn\u00e9tico tipo caja La hebilla magn\u00e9tica silenciosa ofrece la comodidad de apertura y cierre con una sola mano, evitando el inconveniente del desgaste f\u00e1cil de las hebillas tradicionales. Es adecuado para la apertura y cierre de alta frecuencia de las pelucas y el pelo, la mejora de la experiencia del usuario y la eficiencia del servicio de la marca.<\/p>","protected":false},"featured_media":872,"template":"","meta":{"_kad_post_transparent":"default","_kad_post_title":"","_kad_post_layout":"default","_kad_post_sidebar_id":"","_kad_post_content_style":"default","_kad_post_vertical_padding":"default","_kad_post_feature":"","_kad_post_feature_position":"","_kad_post_header":false,"_kad_post_footer":false,"_kad_post_classname":""},"product_brand":[],"product_cat":[15,27,17],"product_tag":[330,322,331],"class_list":{"0":"post-871","1":"product","2":"type-product","3":"status-publish","4":"has-post-thumbnail","6":"product_cat-red-light-therapy","7":"product_cat-red-light-therapy-belt","8":"product_cat-services","9":"product_tag-hair-extension-box","10":"product_tag-magnetic-closure-box-for-wigs","11":"product_tag-wigs-hair-extension-rigid-box-online","13":"first","14":"instock","15":"shipping-taxable","16":"product-type-simple","17":"entry","18":"content-bg","19":"loop-entry"},"_links":{"self":[{"href":"https:\/\/red-lighttherapy.com\/es_es\/wp-json\/wp\/v2\/product\/871","targetHints":{"allow":["GET"]}}],"collection":[{"href":"https:\/\/red-lighttherapy.com\/es_es\/wp-json\/wp\/v2\/product"}],"about":[{"href":"https:\/\/red-lighttherapy.com\/es_es\/wp-json\/wp\/v2\/types\/product"}],"wp:featuredmedia":[{"embeddable":true,"href":"https:\/\/red-lighttherapy.com\/es_es\/wp-json\/wp\/v2\/media\/872"}],"wp:attachment":[{"href":"https:\/\/red-lighttherapy.com\/es_es\/wp-json\/wp\/v2\/media?parent=871"}],"wp:term":[{"taxonomy":"product_brand","embeddable":true,"href":"https:\/\/red-lighttherapy.com\/es_es\/wp-json\/wp\/v2\/product_brand?post=871"},{"taxonomy":"product_cat","embeddable":true,"href":"https:\/\/red-lighttherapy.com\/es_es\/wp-json\/wp\/v2\/product_cat?post=871"},{"taxonomy":"product_tag","embeddable":true,"href":"https:\/\/red-lighttherapy.com\/es_es\/wp-json\/wp\/v2\/product_tag?post=871"}],"curies":[{"name":"wp","href":"https:\/\/api.w.org\/{rel}","templated":true}]}}