{"id":859,"date":"2025-04-15T06:21:33","date_gmt":"2025-04-15T06:21:33","guid":{"rendered":"https:\/\/red-lighttherapy.com\/?post_type=product&#038;p=859"},"modified":"2025-04-15T07:43:45","modified_gmt":"2025-04-15T07:43:45","slug":"distribute-magnetic-lid-rigid-box-for-lipstick-mini-perfume","status":"publish","type":"product","link":"https:\/\/red-lighttherapy.com\/es_es\/distribute-magnetic-lid-rigid-box-for-lipstick-mini-perfume\/","title":{"rendered":"Distribuir Tapa Magn\u00e9tica Caja R\u00edgida para Barra de Labios Mini Perfume"},"content":{"rendered":"<h2 id=\"-product-description-of-magnetic-lid-lipstick-mini-perfume-hard-box-\"><strong>Descripci\u00f3n del producto Tapa magn\u00e9tica Lipstick Mini Perfume Caja R\u00edgida<\/strong><\/h2>\n<h2 id=\"-1-magnetic-lid-design-easy-and-stable-opening-and-closing-\"><strong>1. Dise\u00f1o de tapa magn\u00e9tica, apertura y cierre f\u00e1cil y estable.<\/strong><\/h2>\n<p>Adoptando una estructura magn\u00e9tica de alta resistencia, la tapa y el cuerpo de la caja est\u00e1n conectados a la perfecci\u00f3n por componentes magn\u00e9ticos de precisi\u00f3n, abri\u00e9ndose y cerr\u00e1ndose suavemente y adsorbi\u00e9ndose firmemente despu\u00e9s de cerrarse, y permanece bien ajustada incluso despu\u00e9s de un uso repetido sin riesgo de aflojarse. La fuerza magn\u00e9tica puede personalizarse seg\u00fan los requisitos de la marca para adaptarse a contenidos de distintos tama\u00f1os y pesos, a fin de garantizar la seguridad durante el transporte y el uso diario.<\/p>\n<h2 id=\"-2-modern-and-simple-box-shape-with-neat-lines-\"><strong>2. Forma de caja moderna y sencilla con l\u00edneas n\u00edtidas<\/strong><\/h2>\n<p>El cuerpo de la caja se basa en una forma geom\u00e9trica tridimensional y muestra una est\u00e9tica industrial moderna gracias a sus l\u00edneas minimalistas y al dise\u00f1o de la superficie de plegado en \u00e1ngulo recto. El material de papel revestido confiere al cuerpo de la caja una caracter\u00edstica de ligereza, a la vez que una excelente capacidad de carga, teniendo en cuenta la protecci\u00f3n del medio ambiente y la practicidad.<\/p>\n<h2 id=\"-3-high-precision-craftsmanship-details-highlight-quality-\"><strong>3. Artesan\u00eda de alta precisi\u00f3n, los detalles resaltan la calidad<\/strong><\/h2>\n<p>El cuerpo de la caja adopta la tecnolog\u00eda de troquelado y hendidura por l\u00e1ser, las costuras son planas y sin rebabas, las esquinas son afiladas y no deformadas, lo que garantiza que la forma de la caja sea recta y estable. El forro es una esponja negra de alta densidad respetuosa con el medio ambiente, que est\u00e1 estriada con precisi\u00f3n seg\u00fan la forma de la muestra de barra de labios o perfume, fija firmemente el contenido, amortigua y resiste los golpes, y evita los da\u00f1os causados por las sacudidas durante el transporte.<\/p>\n<h2 id=\"-4-two-color-collision-design-to-enhance-brand-recognition-\"><strong>4. Dise\u00f1o de colisi\u00f3n a dos colores para mejorar el reconocimiento de la marca<\/strong><\/h2>\n<ul>\n<li><strong>Dise\u00f1o exterior<\/strong>: La cubierta de la caja adopta un revestimiento UV negro mate puro, delicado al tacto y antihuellas, que presenta una textura de lujo discreto.<\/li>\n<li><strong>Aspectos destacados del interior y de la caja<\/strong>: Los laterales y el interior del cuerpo de la caja tienen un revestimiento verde brillante de alto brillo, con una saturaci\u00f3n de m\u00e1s de 95%, que forma un fuerte contraste visual con el negro mate, resaltando el color principal de la marca y realzando los puntos de recuerdo del consumidor.<\/li>\n<\/ul>\n<h2 id=\"-5-flexible-customization-to-meet-brand-needs-\"><strong>5. Personalizaci\u00f3n flexible para satisfacer las necesidades de la marca<\/strong><\/h2>\n<ul>\n<li><strong>Tama\u00f1o y estructura<\/strong>: Admite la personalizaci\u00f3n de diversas especificaciones, como mini barras de labios (di\u00e1metro de 1,5-2 cm) o muestras de perfume (altura de 5-8 cm), y el cuerpo de la caja puede dise\u00f1arse como una estructura de partici\u00f3n de una o varias capas.<\/li>\n<li><strong>Actualizaci\u00f3n tecnol\u00f3gica<\/strong>: Opcional Logotipo en relieve, estampaci\u00f3n en caliente oro\/plata o patr\u00f3n UV local para mejorar la exclusividad de la marca.<\/li>\n<li><strong>Certificaci\u00f3n medioambiental<\/strong>: El material del papel estucado cumple la certificaci\u00f3n de gesti\u00f3n forestal FSC, y el estucado mate ha superado la prueba de protecci\u00f3n medioambiental REACH, por lo que no es t\u00f3xico ni nocivo.<\/li>\n<\/ul>\n<h2 id=\"-applicable-scenarios-\"><strong>Escenarios aplicables<\/strong><\/h2>\n<p>Dise\u00f1ado para productos de lujo ligeros, como cosm\u00e9ticos de gama alta, muestras de perfumes, accesorios de joyer\u00eda, etc., adecuado para mostradores offline de marcas, estuches de regalo de comercio electr\u00f3nico y envases de productos de edici\u00f3n limitada, combinando belleza de exposici\u00f3n y protecci\u00f3n pr\u00e1ctica.<\/p>","protected":false},"excerpt":{"rendered":"<p>Con la comodidad del cierre magn\u00e9tico, los materiales respetuosos con el medio ambiente y el impacto visual como n\u00facleo, la diferenciaci\u00f3n de la marca se crea mediante detalles artesanales y el contraste de colores, al tiempo que se tienen en cuenta conceptos de protecci\u00f3n y sostenibilidad, lo que ayuda a que los productos destaquen en el mercado de terminales.<\/p>","protected":false},"featured_media":860,"template":"","meta":{"_kad_post_transparent":"default","_kad_post_title":"","_kad_post_layout":"default","_kad_post_sidebar_id":"","_kad_post_content_style":"default","_kad_post_vertical_padding":"default","_kad_post_feature":"","_kad_post_feature_position":"","_kad_post_header":false,"_kad_post_footer":false,"_kad_post_classname":""},"product_brand":[],"product_cat":[15,28,27,17],"product_tag":[326,324,325],"class_list":{"0":"post-859","1":"product","2":"type-product","3":"status-publish","4":"has-post-thumbnail","6":"product_cat-red-light-therapy","7":"product_cat-customize","8":"product_cat-red-light-therapy-belt","9":"product_cat-services","10":"product_tag-distribute-custom-lipstick-mini-perfume-boxes","11":"product_tag-magnetic-lid-lipstick-box","12":"product_tag-rigid-box-for-perfume","14":"first","15":"instock","16":"shipping-taxable","17":"product-type-simple","18":"entry","19":"content-bg","20":"loop-entry"},"_links":{"self":[{"href":"https:\/\/red-lighttherapy.com\/es_es\/wp-json\/wp\/v2\/product\/859","targetHints":{"allow":["GET"]}}],"collection":[{"href":"https:\/\/red-lighttherapy.com\/es_es\/wp-json\/wp\/v2\/product"}],"about":[{"href":"https:\/\/red-lighttherapy.com\/es_es\/wp-json\/wp\/v2\/types\/product"}],"wp:featuredmedia":[{"embeddable":true,"href":"https:\/\/red-lighttherapy.com\/es_es\/wp-json\/wp\/v2\/media\/860"}],"wp:attachment":[{"href":"https:\/\/red-lighttherapy.com\/es_es\/wp-json\/wp\/v2\/media?parent=859"}],"wp:term":[{"taxonomy":"product_brand","embeddable":true,"href":"https:\/\/red-lighttherapy.com\/es_es\/wp-json\/wp\/v2\/product_brand?post=859"},{"taxonomy":"product_cat","embeddable":true,"href":"https:\/\/red-lighttherapy.com\/es_es\/wp-json\/wp\/v2\/product_cat?post=859"},{"taxonomy":"product_tag","embeddable":true,"href":"https:\/\/red-lighttherapy.com\/es_es\/wp-json\/wp\/v2\/product_tag?post=859"}],"curies":[{"name":"wp","href":"https:\/\/api.w.org\/{rel}","templated":true}]}}