{"id":853,"date":"2025-04-15T06:10:00","date_gmt":"2025-04-15T06:10:00","guid":{"rendered":"https:\/\/red-lighttherapy.com\/?post_type=product&#038;p=853"},"modified":"2025-04-15T07:44:04","modified_gmt":"2025-04-15T07:44:04","slug":"luxury-brand-manufacturer-magnetic-closure-box-for-hair-wigs","status":"publish","type":"product","link":"https:\/\/red-lighttherapy.com\/es_es\/luxury-brand-manufacturer-magnetic-closure-box-for-hair-wigs\/","title":{"rendered":"Fabricante de marca de lujo Caja de cierre magn\u00e9tico para pelucas de pelo"},"content":{"rendered":"<h2 id=\"-magnetic-luxury-wig-storage-box-product-description-\"><strong>Caja para pelucas de lujo con cierre magn\u00e9tico Descripci\u00f3n del producto<\/strong><\/h2>\n<h2 id=\"-i-innovative-magnetic-opening-and-closing-system-guarding-exquisite-art-\"><strong>1. Innovador sistema magn\u00e9tico de apertura y cierre, que protege el exquisito arte<\/strong><\/h2>\n<p>Adoptar\u00a0<strong>dise\u00f1o de caja magn\u00e9tica<\/strong>Se utilizan componentes magn\u00e9ticos de alta resistencia para lograr la apertura y el cierre con una sola mano, lo que resulta f\u00e1cil de manejar y tiene una excelente estanqueidad. La superficie de contacto entre la tapa de la caja y el cuerpo de la caja se ajusta con precisi\u00f3n, aislando eficazmente el polvo, la humedad y la presi\u00f3n externa, proporcionando un entorno de almacenamiento de temperatura y humedad constantes para las pelucas, y prolongando la vida \u00fatil. La capa de franela antipolvo incrustada y la pel\u00edcula de blindaje electrost\u00e1tico evitan a\u00fan m\u00e1s los da\u00f1os por fricci\u00f3n de las fibras y garantizan que la forma de la peluca sea tan buena como antes.<\/p>\n<h2 id=\"-ii-visual-language-that-emphasizes-both-aesthetics-and-function-\"><strong>2. Lenguaje visual que enfatiza tanto la est\u00e9tica como la funci\u00f3n<\/strong><\/h2>\n<ul>\n<li>Con\u00a0<strong>composici\u00f3n sim\u00e9trica centrada<\/strong>\u00a0como n\u00facleo, el cuerpo de la caja se despliega a una velocidad uniforme a lo largo del eje central al abrirla, lo que confiere a la caja una sensaci\u00f3n de ritual y puntos de recuerdo exclusivos de la marca. El \u00e1ngulo de apertura de la tapa de la caja se controla con precisi\u00f3n a 90\u00b0, lo que resulta adecuado para la exposici\u00f3n en estanter\u00edas y las escenas de entrega de regalos, y mejora la tensi\u00f3n visual de la exposici\u00f3n del producto.<\/li>\n<li>El cuerpo de la caja adopta\u00a0<strong>pulcra tecnolog\u00eda de corte geom\u00e9trico<\/strong>, sin decoraci\u00f3n redundante en la superficie, y transici\u00f3n suave entre bordes y planos en \u00e1ngulo recto, que se ajusta al lenguaje de dise\u00f1o de lujo moderno. La estructura de apilamiento modular puede ahorrar 40% de espacio de almacenamiento y reducir la tasa de p\u00e9rdida de transporte.<\/li>\n<\/ul>\n<h2 id=\"-three-sustainable-materials-and-process-innovation-\"><strong>3. Materiales sostenibles e innovaci\u00f3n de procesos<\/strong><\/h2>\n<ul>\n<li>El material principal es\u00a0<strong>Papel estucado con certificaci\u00f3n FSC<\/strong>La tecnolog\u00eda de gofrado compuesto de cinco capas aumenta la resistencia a la compresi\u00f3n en 300%, y la capacidad de carga es de hasta 5 kg sin deformaci\u00f3n. El dise\u00f1o ligero de s\u00e1ndwich de nido de abeja tiene en cuenta la portabilidad, y el peso de una sola caja es de s\u00f3lo 280g.<\/li>\n<li>El logotipo de la marca adopta\u00a0<strong>tecnolog\u00eda de estampaci\u00f3n en caliente tridimensional de nivel nanom\u00e9trico<\/strong>La precisi\u00f3n de los bordes es de \u22640,1 mm, y la refracci\u00f3n de la luz presenta un delicado brillo met\u00e1lico. El color negro puro mate es tranquilo y sobrio, y combina con la\u00a0<strong>cinta de raso amarillo brillante<\/strong>\u00a0que recorre el cuerpo de la caja, formando un fuerte contraste visual, y mejorando el reconocimiento del estante por 70%.<\/li>\n<\/ul>\n<h2 id=\"-four-humanized-lining-system-\"><strong>4. Sistema de revestimiento humanizado<\/strong><\/h2>\n<ul>\n<li><strong>Soporte interior de ranura troquelada<\/strong>\u00a0se personaliza de acuerdo con el arco de la peluca, y el pelo se fija mediante espuma con memoria EVA y marco de soporte del arco para evitar la extrusi\u00f3n y la deformaci\u00f3n. La superficie de la ranura est\u00e1 cubierta con forro de seda transpirable para mantener el estado esponjoso natural de la peluca, y se puede usar fuera de la caja.<\/li>\n<\/ul>\n<h2 id=\"-v-environmental-commitment-and-brand-value-\"><strong>5. Compromiso medioambiental y valor de marca<\/strong><\/h2>\n<ul>\n<li>Todo el proceso, desde las materias primas hasta la producci\u00f3n, aplica la\u00a0<strong>Norma Verde para la Cadena de Suministro<\/strong>. La tinta del envase adopta una f\u00f3rmula vegetal a base de agua con un \u00edndice de biodegradabilidad de 98%. Por cada producto vendido, 1% de los beneficios se donar\u00e1n al proyecto de protecci\u00f3n de la selva tropical, lo que pone de relieve la responsabilidad social de la marca.<\/li>\n<\/ul>\n<h2 id=\"-product-parameters-\"><strong>Par\u00e1metros del producto<\/strong><\/h2>\n<table>\n<thead>\n<tr>\n<th>Proyecto<\/th>\n<th>Especificaciones<\/th>\n<\/tr>\n<\/thead>\n<tbody>\n<tr>\n<td>Material<\/td>\n<td>Papel estucado con certificaci\u00f3n FSC<\/td>\n<\/tr>\n<tr>\n<td>Forro<\/td>\n<td>EVA curvada a medida + forro de seda<\/td>\n<\/tr>\n<tr>\n<td>Componente magn\u00e9tico de succi\u00f3n<\/td>\n<td>Im\u00e1n fuerte<\/td>\n<\/tr>\n<tr>\n<td>Talla<\/td>\n<td>Personalizable<\/td>\n<\/tr>\n<\/tbody>\n<\/table>","protected":false},"excerpt":{"rendered":"<p>El dise\u00f1o de la caja de cierre magn\u00e9tico permite abrirla y cerrarla f\u00e1cilmente con una sola mano. Es f\u00e1cil de manejar y tiene fuertes propiedades de sellado, protegiendo la peluca del polvo y la humedad. La composici\u00f3n sim\u00e9trica centrada resalta el cuerpo del producto y aumenta la sensaci\u00f3n de ceremonia al abrir la caja. Es adecuada para exponer en estanter\u00edas o como regalo.<\/p>","protected":false},"featured_media":854,"template":"","meta":{"_kad_post_transparent":"default","_kad_post_title":"","_kad_post_layout":"default","_kad_post_sidebar_id":"","_kad_post_content_style":"default","_kad_post_vertical_padding":"default","_kad_post_feature":"","_kad_post_feature_position":"","_kad_post_header":false,"_kad_post_footer":false,"_kad_post_classname":""},"product_brand":[],"product_cat":[15,27,17],"product_tag":[323,321,322],"class_list":{"0":"post-853","1":"product","2":"type-product","3":"status-publish","4":"has-post-thumbnail","6":"product_cat-red-light-therapy","7":"product_cat-red-light-therapy-belt","8":"product_cat-services","9":"product_tag-brand-manufacturer-hair-wigs-box","10":"product_tag-luxury-box-for-hair","11":"product_tag-magnetic-closure-box-for-wigs","13":"first","14":"instock","15":"shipping-taxable","16":"product-type-simple","17":"entry","18":"content-bg","19":"loop-entry"},"_links":{"self":[{"href":"https:\/\/red-lighttherapy.com\/es_es\/wp-json\/wp\/v2\/product\/853","targetHints":{"allow":["GET"]}}],"collection":[{"href":"https:\/\/red-lighttherapy.com\/es_es\/wp-json\/wp\/v2\/product"}],"about":[{"href":"https:\/\/red-lighttherapy.com\/es_es\/wp-json\/wp\/v2\/types\/product"}],"wp:featuredmedia":[{"embeddable":true,"href":"https:\/\/red-lighttherapy.com\/es_es\/wp-json\/wp\/v2\/media\/854"}],"wp:attachment":[{"href":"https:\/\/red-lighttherapy.com\/es_es\/wp-json\/wp\/v2\/media?parent=853"}],"wp:term":[{"taxonomy":"product_brand","embeddable":true,"href":"https:\/\/red-lighttherapy.com\/es_es\/wp-json\/wp\/v2\/product_brand?post=853"},{"taxonomy":"product_cat","embeddable":true,"href":"https:\/\/red-lighttherapy.com\/es_es\/wp-json\/wp\/v2\/product_cat?post=853"},{"taxonomy":"product_tag","embeddable":true,"href":"https:\/\/red-lighttherapy.com\/es_es\/wp-json\/wp\/v2\/product_tag?post=853"}],"curies":[{"name":"wp","href":"https:\/\/api.w.org\/{rel}","templated":true}]}}