{"id":847,"date":"2025-04-15T05:57:09","date_gmt":"2025-04-15T05:57:09","guid":{"rendered":"https:\/\/red-lighttherapy.com\/?post_type=product&#038;p=847"},"modified":"2025-04-15T07:44:32","modified_gmt":"2025-04-15T07:44:32","slug":"fabrication-hair-wigs-extension-magnetic-lid-boxes-packaging","status":"publish","type":"product","link":"https:\/\/red-lighttherapy.com\/es_es\/fabrication-hair-wigs-extension-magnetic-lid-boxes-packaging\/","title":{"rendered":"Fabricaci\u00f3n Pelucas Extensiones Tapa Magn\u00e9tica Cajas Embalaje"},"content":{"rendered":"<h2 id=\"-wig-and-hair-extension-magnetic-cover-box-packaging-product-description-\"><strong>Peluca y extensi\u00f3n de cabello tapa magn\u00e9tica caja de embalaje descripci\u00f3n del producto<\/strong><\/h2>\n<h2 id=\"1-three-dimensional-structure-design-stability-and-space-efficiency-coexist\">1. Dise\u00f1o de estructura tridimensional: estabilidad y eficiencia espacial coexisten<\/h2>\n<p>Esta caja de cubierta magn\u00e9tica adopta un\u00a0<strong>estructura plegable tridimensional<\/strong>, basado en la optimizaci\u00f3n ergon\u00f3mica de la distribuci\u00f3n del espacio interno, que puede alojar 1-2 pelucas o productos de extensi\u00f3n del cabello, y al mismo tiempo mejora la estabilidad general mediante el dise\u00f1o de precisi\u00f3n de la cerradura y la costilla de soporte. El\u00a0<strong>proceso de refuerzo del cart\u00f3n de doble capa<\/strong>\u00a0se utiliza en las esquinas del cuerpo de la caja, combinado con el tratamiento de bordes redondeados, para eliminar por completo el riesgo de ara\u00f1azos por rebabas, garantizando la seguridad y la durabilidad durante el transporte y el uso.<\/p>\n<h2 id=\"2-magnetic-opening-and-closing-system-convenience-and-sealing-double-guarantee\">2. Sistema magn\u00e9tico de apertura y cierre: comodidad y doble garant\u00eda de estanqueidad<\/h2>\n<p>Equipado con un\u00a0<strong>m\u00f3dulo magn\u00e9tico de alta precisi\u00f3n<\/strong>, puede realizar la operaci\u00f3n de apertura y cierre con una sola mano, y a\u00fan puede absorber y cerrar autom\u00e1ticamente cuando el \u00e1ngulo de apertura y cierre alcanza los 120\u00b0. El dise\u00f1o de riel de deslizamiento silencioso hace que el proceso de apertura y cierre sin ruido mec\u00e1nico, y forma un.\u00a0<strong>estructura sellada totalmente envuelta<\/strong>\u00a0despu\u00e9s de cerrarse, lo que evita eficazmente la entrada de polvo y la apertura accidental durante el transporte. Se ha probado que soporta 3 kg de presi\u00f3n vertical sin deformarse.<\/p>\n<h2 id=\"3-environmentally-friendly-materials-and-crafts-fsc-certification-leads-the-green-trend\">3. Materiales y artesan\u00eda respetuosos con el medio ambiente: La certificaci\u00f3n FSC lidera la tendencia ecol\u00f3gica<\/h2>\n<p>El cuerpo de la caja es de\u00a0<strong>Papel estucado con certificaci\u00f3n FSC<\/strong>, la superficie est\u00e1 cubierta con tinta mate respetuosa con el medio ambiente, y el material es 100% reciclable y degradable. El forro utiliza algod\u00f3n acolchado EVA y separadores desmontables, que no s\u00f3lo protegen el producto, sino que tambi\u00e9n favorecen la reorganizaci\u00f3n personalizada del espacio y reducen los residuos de embalaje. Todo el proceso de producci\u00f3n ha superado la certificaci\u00f3n del sistema de gesti\u00f3n medioambiental ISO14001, y la huella de carbono es 40% menor que la de los envases tradicionales.<\/p>\n<h2 id=\"4-visual-aesthetics-and-brand-extension\">4. Est\u00e9tica visual y extensi\u00f3n de la marca<\/h2>\n<ol>\n<li><strong>Color principal de la serie lavanda<\/strong>: Inspirado en el sistema de colores, el lavanda de baja saturaci\u00f3n presenta una textura de alta gama, y se combina con el proceso de recubrimiento nacarado. Presenta un efecto de brillo degradado bajo la luz natural y la luz, que realza el atractivo de la exposici\u00f3n en los estantes.<\/li>\n<li><strong>Elementos visuales de la marca del mismo color<\/strong>:<\/li>\n<li>La cinta de mano est\u00e1 hecha de poli\u00e9ster reciclado, con una anchura de 2,5 cm y una capacidad de carga de 8 kg, que conecta a la perfecci\u00f3n con el color del cuerpo de la caja.<\/li>\n<li>En el centro de la tapa de la caja hay incrustada una\u00a0<strong>banda decorativa magn\u00e9tica satinada<\/strong>y el LOGOTIPO de la marca se imprime y prensa, formando una continuidad visual desde el envase hasta el logotipo de la marca.<\/li>\n<\/ol>\n<h2 id=\"5-professional-manufacturing-and-fast-delivery\">5. Fabricaci\u00f3n profesional y entrega r\u00e1pida<\/h2>\n<p>Confiar en\u00a0<strong>16 a\u00f1os de experiencia en fabricaci\u00f3n de envases<\/strong>, la f\u00e1brica est\u00e1 equipada con un sistema de gesti\u00f3n inteligente ERP para lograr el control digital de todo el proceso, desde el dise\u00f1o y las pruebas hasta la producci\u00f3n en serie. Admite un pedido m\u00ednimo de 500 piezas, completa la producci\u00f3n y la entrega en 7 d\u00edas, con una capacidad de producci\u00f3n media diaria de 1 mill\u00f3n de piezas, y una tasa de rendimiento estable de m\u00e1s del 99,8%.<\/p>\n<h2 id=\"-technical-parameters-\"><strong>Par\u00e1metros t\u00e9cnicos<\/strong><\/h2>\n<table>\n<thead>\n<tr>\n<th>Proyecto<\/th>\n<th>Especificaciones<\/th>\n<\/tr>\n<\/thead>\n<tbody>\n<tr>\n<td>Tama\u00f1o de la caja exterior<\/td>\n<td>Personalizable<\/td>\n<\/tr>\n<tr>\n<td>Fuerza magn\u00e9tica<\/td>\n<td>\u2265800GS<\/td>\n<\/tr>\n<tr>\n<td>Certificaci\u00f3n medioambiental<\/td>\n<td>FSC, RoHS, REACH<\/td>\n<\/tr>\n<tr>\n<td>Ciclo de entrega<\/td>\n<td>7 d\u00edas (incluida la confirmaci\u00f3n de las pruebas)<\/td>\n<\/tr>\n<\/tbody>\n<\/table>","protected":false},"excerpt":{"rendered":"<p>La caja de cierre magn\u00e9tico permite un c\u00f3modo manejo con una sola mano, y el proceso de apertura y cierre es silencioso y suave. Es adecuada para marcas de pelucas de gama alta, sets de regalo para peluquer\u00edas, productos de extensiones de cabello de comercio electr\u00f3nico transfronterizo y otros escenarios, y admite servicios personalizados como estampaci\u00f3n en caliente de LOGO\/impresi\u00f3n UV y antifalsificaci\u00f3n por l\u00e1ser.<\/p>","protected":false},"featured_media":848,"template":"","meta":{"_kad_post_transparent":"default","_kad_post_title":"","_kad_post_layout":"default","_kad_post_sidebar_id":"","_kad_post_content_style":"default","_kad_post_vertical_padding":"default","_kad_post_feature":"","_kad_post_feature_position":"","_kad_post_header":false,"_kad_post_footer":false,"_kad_post_classname":""},"product_brand":[],"product_cat":[15,27,17],"product_tag":[319,320,318],"class_list":{"0":"post-847","1":"product","2":"type-product","3":"status-publish","4":"has-post-thumbnail","6":"product_cat-red-light-therapy","7":"product_cat-red-light-therapy-belt","8":"product_cat-services","9":"product_tag-custom-wig-packaging-boxes-wholesale","10":"product_tag-notable-wig-packaging","11":"product_tag-wig-boxes","13":"first","14":"instock","15":"shipping-taxable","16":"product-type-simple","17":"entry","18":"content-bg","19":"loop-entry"},"_links":{"self":[{"href":"https:\/\/red-lighttherapy.com\/es_es\/wp-json\/wp\/v2\/product\/847","targetHints":{"allow":["GET"]}}],"collection":[{"href":"https:\/\/red-lighttherapy.com\/es_es\/wp-json\/wp\/v2\/product"}],"about":[{"href":"https:\/\/red-lighttherapy.com\/es_es\/wp-json\/wp\/v2\/types\/product"}],"wp:featuredmedia":[{"embeddable":true,"href":"https:\/\/red-lighttherapy.com\/es_es\/wp-json\/wp\/v2\/media\/848"}],"wp:attachment":[{"href":"https:\/\/red-lighttherapy.com\/es_es\/wp-json\/wp\/v2\/media?parent=847"}],"wp:term":[{"taxonomy":"product_brand","embeddable":true,"href":"https:\/\/red-lighttherapy.com\/es_es\/wp-json\/wp\/v2\/product_brand?post=847"},{"taxonomy":"product_cat","embeddable":true,"href":"https:\/\/red-lighttherapy.com\/es_es\/wp-json\/wp\/v2\/product_cat?post=847"},{"taxonomy":"product_tag","embeddable":true,"href":"https:\/\/red-lighttherapy.com\/es_es\/wp-json\/wp\/v2\/product_tag?post=847"}],"curies":[{"name":"wp","href":"https:\/\/api.w.org\/{rel}","templated":true}]}}