{"id":836,"date":"2025-04-15T03:39:51","date_gmt":"2025-04-15T03:39:51","guid":{"rendered":"https:\/\/red-lighttherapy.com\/?post_type=product&#038;p=836"},"modified":"2025-04-15T04:18:39","modified_gmt":"2025-04-15T04:18:39","slug":"magnetic-closure-scissors-boxes-packaging-solution-with-eva","status":"publish","type":"product","link":"https:\/\/red-lighttherapy.com\/es_es\/magnetic-closure-scissors-boxes-packaging-solution-with-eva\/","title":{"rendered":"Cierre magn\u00e9tico Cajas de tijeras Soluci\u00f3n de embalaje con Eva"},"content":{"rendered":"<h2 id=\"-eva-magnetic-sealing-scissors-box-packaging-solution-\">Cierre magn\u00e9tico Cajas de tijeras Soluci\u00f3n de embalaje con Eva<\/h2>\n<h2 id=\"1-magnetic-flip-cover-structure-one-hand-operation-ultimate-sealing-\">1.\u00a0<strong>Estructura de la tapa de cierre magn\u00e9tico: funcionamiento con una sola mano, sellado definitivo<\/strong><\/h2>\n<p>Se adopta el dise\u00f1o de tapa de cierre magn\u00e9tico. Cuando est\u00e1 cerrada, el conjunto del im\u00e1n N52 y la chapa met\u00e1lica se ajustan con precisi\u00f3n para lograr un cierre sin juntas, que puede abrirse y cerrarse f\u00e1cilmente con una sola mano. La fuerza de succi\u00f3n magn\u00e9tica se ha verificado mediante 5000 pruebas de apertura y cierre, y sigue manteniendo una succi\u00f3n estable (la fuerza magn\u00e9tica es superior a 14 kg\/cm\u00b2), superando con creces la norma del sector. El borde de la tapa de la caja adopta un proceso de transici\u00f3n de arco para mejorar la suavidad de apertura y cierre y evitar el riesgo de pellizcarse las manos.<\/p>\n<h2 id=\"2-stepped-eva-sponge-lining-precise-shockproof-suitable-for-high-end-scissors-\">2.\u00a0<strong>Forro de esponja EVA escalonada: a prueba de golpes precisos, adecuada para tijeras de alta gama<\/strong><\/h2>\n<p>El revestimiento est\u00e1 hecho de material EVA de alta densidad (respetuoso con el medio ambiente y excelente resistencia a los impactos), que se corta con precisi\u00f3n mediante el proceso de apertura escalonada del molde para adaptarse perfectamente al contorno de las tijeras. El interior est\u00e1 dividido en tres capas: el mango superior fijo, la hoja intermedia amortiguadora y el soporte inferior reforzado, para lograr una protecci\u00f3n antis\u00edsmica de 360\u00b0, y la resistencia a la compresi\u00f3n durante el transporte es superior a 50 kg.<\/p>\n<h2 id=\"3-golden-section-box-design-balanced-aesthetics-of-visual-and-function-\">3.\u00a0<strong>Dise\u00f1o de cajas de secci\u00f3n dorada: Equilibrio est\u00e9tico visual y funcional<\/strong><\/h2>\n<p>La relaci\u00f3n de longitud, anchura y altura de la caja de embalaje sigue estrictamente la secci\u00f3n dorada 1:0,618, combinada con el color negro principal y la textura mate, lo que resalta el lujo de gama alta. El borde del cuerpo de la caja se procesa con esquinas redondeadas de 5 mm para mejorar la comodidad de sujeci\u00f3n, al tiempo que se hace eco de la l\u00f3gica de la est\u00e9tica geom\u00e9trica. El \u00e1ngulo de apertura de la tapa de la caja es de 110\u00b0, lo que resulta ergon\u00f3mico y presenta una elegante postura de apertura y cierre cuando se exhibe.<\/p>\n<h2 id=\"4-customized-surface-technology-in-depth-transmission-of-brand-value-\">4.\u00a0<strong>Tecnolog\u00eda de superficie personalizada: Transmisi\u00f3n en profundidad del valor de marca<\/strong><\/h2>\n<ul>\n<li><strong>Grabado por l\u00e1ser<\/strong>: La tecnolog\u00eda de grabado l\u00e1ser UV se utiliza en la zona central de la tapa de la caja, que puede presentar un LOGO de marca o textura con una precisi\u00f3n de 0,1 mm, y soporta el efecto de contraste de textura met\u00e1lica y mate.<\/li>\n<li><strong>Proceso de estampaci\u00f3n en caliente<\/strong>: La estampaci\u00f3n en caliente local en oro\/plata realza el nivel visual, como la decoraci\u00f3n de l\u00edneas o el texto del eslogan en el borde de la tapa de la caja.<\/li>\n<li><strong>Revestimiento UV<\/strong>: La superficie est\u00e1 cubierta con tinta UV mate, que es delicada y resistente al desgaste para evitar residuos de huellas dactilares.<\/li>\n<\/ul>\n<h2 id=\"5-efficient-production-and-verification-system-48-hour-ultra-fast-proofing-\">5.\u00a0<strong>Eficaz sistema de producci\u00f3n y verificaci\u00f3n Pruebas ultrarr\u00e1pidas en 48 horas<\/strong><\/h2>\n<p>Apoy\u00e1ndose en la biblioteca inteligente de cajas y en la l\u00ednea de producci\u00f3n automatizada, da respuesta r\u00e1pida a todo el proceso, desde el dise\u00f1o hasta la muestra:<\/p>\n<ul>\n<li><strong>Verificaci\u00f3n estructural<\/strong>: El modelado 3D genera animaciones de plegado y simula los efectos de apertura y cierre en tiempo real.<\/li>\n<li><strong>Correspondencia de materiales<\/strong>: Hay disponibles 10 densidades de EVA (20-60 kg\/m\u00b3) y 5 especificaciones de im\u00e1n (di\u00e1metro 5-20 mm).<\/li>\n<li><strong>Pruebas de impresi\u00f3n<\/strong>: Adoptando la impresi\u00f3n digital + el modo de producci\u00f3n de prueba de lotes peque\u00f1os, las muestras f\u00edsicas con verificaci\u00f3n del proceso se entregan en 48 horas.<\/li>\n<\/ul>\n<h2 id=\"-technical-parameters-and-applicable-scenarios-\"><strong>Par\u00e1metros t\u00e9cnicos y escenarios aplicables<\/strong><\/h2>\n<table>\n<thead>\n<tr>\n<th><strong>Proyecto<\/strong><\/th>\n<th><strong>Especificaciones<\/strong><\/th>\n<\/tr>\n<\/thead>\n<tbody>\n<tr>\n<td>Material<\/td>\n<td>Caja exterior: Cart\u00f3n negro de 450 g + forro de EVA (grosor 10 mm)<\/td>\n<\/tr>\n<tr>\n<td>Configuraci\u00f3n del im\u00e1n<\/td>\n<td>Im\u00e1n N52 NdFeB \u00d7 2 (di\u00e1metro 12 mm, grosor 3 mm)<\/td>\n<\/tr>\n<tr>\n<td>Proceso de superficie<\/td>\n<td>UV mate + estampaci\u00f3n en caliente\/grabado por l\u00e1ser (combinaci\u00f3n opcional)<\/td>\n<\/tr>\n<tr>\n<td>Tama\u00f1o de tijera aplicable<\/td>\n<td>Longitud 150-250 mm (admite revestimiento de rejilla personalizado)<\/td>\n<\/tr>\n<tr>\n<td>Nivel de protecci\u00f3n<\/td>\n<td>Altura antica\u00edda 1,5 m, soporta 50 kg de carga sin deformarse<\/td>\n<\/tr>\n<\/tbody>\n<\/table>\n<p><strong>Campos aplicables<\/strong>Tijeras dom\u00e9sticas de gama alta, herramientas profesionales de peluquer\u00eda, instrumentos m\u00e9dico-quir\u00fargicos y otros embalajes de herramientas de precisi\u00f3n.<\/p>\n<h2 id=\"-value-proposition-\"><strong>Propuesta de valor<\/strong><\/h2>\n<ul>\n<li><strong>Marca superior<\/strong>: El dise\u00f1o minimalista negro se combina con la interacci\u00f3n magn\u00e9tica para crear una experiencia de alta gama de \"abrir la caja es una sensaci\u00f3n de ceremonia\".<\/li>\n<li><strong>Optimizaci\u00f3n de costes<\/strong>: El proceso integrado de moldeado del forro de EVA reduce los pasos de montaje, y el coste de producci\u00f3n en serie es 15% inferior al de la soluci\u00f3n tradicional de espuma.<\/li>\n<li><strong>Compromiso de protecci\u00f3n del medio ambiente<\/strong>: Los materiales EVA son reciclables y degradables, y cumplen las normas RoHS de la UE.<\/li>\n<\/ul>","protected":false},"excerpt":{"rendered":"<p>Se utiliza la estructura de cierre magn\u00e9tico, que se cierra herm\u00e9ticamente sin dejar huecos y puede manejarse f\u00e1cilmente con una sola mano. El revestimiento interno de esponja escalonada est\u00e1 moldeado con precisi\u00f3n para cumplir los requisitos de resistencia a los golpes de los productos de envasado de tijera.<\/p>","protected":false},"featured_media":837,"template":"","meta":{"_kad_post_transparent":"default","_kad_post_title":"","_kad_post_layout":"default","_kad_post_sidebar_id":"","_kad_post_content_style":"default","_kad_post_vertical_padding":"default","_kad_post_feature":"","_kad_post_feature_position":"","_kad_post_header":false,"_kad_post_footer":false,"_kad_post_classname":""},"product_brand":[],"product_cat":[15,17],"product_tag":[315,316,317],"class_list":{"0":"post-836","1":"product","2":"type-product","3":"status-publish","4":"has-post-thumbnail","6":"product_cat-red-light-therapy","7":"product_cat-services","8":"product_tag-magnetic-closure-boxes-for-scissors","9":"product_tag-scissors-boxes-packaging-solution","10":"product_tag-scissors-packaging-with-eva","12":"first","13":"instock","14":"shipping-taxable","15":"product-type-simple","16":"entry","17":"content-bg","18":"loop-entry"},"_links":{"self":[{"href":"https:\/\/red-lighttherapy.com\/es_es\/wp-json\/wp\/v2\/product\/836","targetHints":{"allow":["GET"]}}],"collection":[{"href":"https:\/\/red-lighttherapy.com\/es_es\/wp-json\/wp\/v2\/product"}],"about":[{"href":"https:\/\/red-lighttherapy.com\/es_es\/wp-json\/wp\/v2\/types\/product"}],"wp:featuredmedia":[{"embeddable":true,"href":"https:\/\/red-lighttherapy.com\/es_es\/wp-json\/wp\/v2\/media\/837"}],"wp:attachment":[{"href":"https:\/\/red-lighttherapy.com\/es_es\/wp-json\/wp\/v2\/media?parent=836"}],"wp:term":[{"taxonomy":"product_brand","embeddable":true,"href":"https:\/\/red-lighttherapy.com\/es_es\/wp-json\/wp\/v2\/product_brand?post=836"},{"taxonomy":"product_cat","embeddable":true,"href":"https:\/\/red-lighttherapy.com\/es_es\/wp-json\/wp\/v2\/product_cat?post=836"},{"taxonomy":"product_tag","embeddable":true,"href":"https:\/\/red-lighttherapy.com\/es_es\/wp-json\/wp\/v2\/product_tag?post=836"}],"curies":[{"name":"wp","href":"https:\/\/api.w.org\/{rel}","templated":true}]}}