{"id":830,"date":"2025-04-15T03:26:39","date_gmt":"2025-04-15T03:26:39","guid":{"rendered":"https:\/\/red-lighttherapy.com\/?post_type=product&#038;p=830"},"modified":"2025-04-15T03:39:42","modified_gmt":"2025-04-15T03:39:42","slug":"maker-holographic-paper-lid-lift-off-box-for-candle-perfume","status":"publish","type":"product","link":"https:\/\/red-lighttherapy.com\/es_es\/maker-holographic-paper-lid-lift-off-box-for-candle-perfume\/","title":{"rendered":"Maker Tapa de Papel Hologr\u00e1fica Caja Desplegable para Vela Perfume"},"content":{"rendered":"<h2 id=\"-maker-candle-perfume-holographic-paper-lid-box-product-description-\"><strong>Maker Candle Perfume Holographic Paper Lid and Base Box Descripci\u00f3n del producto<\/strong><\/h2>\n<h2 id=\"-1-classic-top-and-bottom-lid-box-design-both-stable-and-aesthetic-\"><strong>1. Dise\u00f1o cl\u00e1sico de caja con tapa superior e inferior, a la vez estable y est\u00e9tico.<\/strong><\/h2>\n<p>Adoptando la cl\u00e1sica estructura de tapa superior e inferior, la tapa y el fondo de la caja est\u00e1n formados por moldes de precisi\u00f3n para lograr un ajuste de precisi\u00f3n milim\u00e9trica. El cuerpo de la caja combina el concepto de protecci\u00f3n de doble capa, y la ranura personalizada del interior envuelve firmemente la vela. El rendimiento antis\u00edsmico y anticompresi\u00f3n es mejor que el de los materiales de esponja ordinarios, lo que garantiza la ausencia de da\u00f1os durante el transporte a larga distancia. La boca de la caja adopta un dise\u00f1o de hebilla magn\u00e9tica o hebilla a presi\u00f3n, de apertura y cierre suaves y fuerte sellado, que evita eficazmente la apertura accidental durante el transporte y da una sensaci\u00f3n de ceremonia de desembalaje.<\/p>\n<h2 id=\"-2-humanized-interactive-experience-efficient-adaptation-to-retail-scenarios-\"><strong>2. Experiencia interactiva humanizada, adaptaci\u00f3n eficiente a los escenarios minoristas<\/strong><\/h2>\n<p>Su c\u00f3modo dise\u00f1o, que puede abrirse con un solo toque de una mano, no requiere pasos complicados para satisfacer las necesidades de los consumidores en escenarios de venta al por menor para ver r\u00e1pidamente los productos. El cuerpo de la caja tiene l\u00edneas r\u00edgidas y adopta un proceso compuesto de cart\u00f3n ecol\u00f3gico de alta resistencia y una capa de fibra de bamb\u00fa. No es f\u00e1cil que se deforme al exponerla, y es adecuada para m\u00faltiples escenarios, como estanter\u00edas, cajas de regalo y exposiciones de arte. El forro admite el dise\u00f1o de compartimentos, que pueden alojar con flexibilidad perfumes, accesorios o instrucciones para mejorar la funcionalidad y practicidad.<\/p>\n<h2 id=\"-3-environmentally-friendly-materials-and-holographic-vision-create-advanced-sensory-memory-\"><strong>3. Los materiales respetuosos con el medio ambiente y la visi\u00f3n hologr\u00e1fica crean una memoria sensorial avanzada<\/strong><\/h2>\n<p>El cuerpo de la caja utiliza papel hologr\u00e1fico de 183 g respetuoso con el medio ambiente, combinado con un proceso de laminaci\u00f3n degradable, y el tacto sedoso y el efecto de color fantas\u00eda l\u00e1ser forman un doble punto de memoria visual y t\u00e1ctil. La base plateada sienta las bases del sentido de la tecnolog\u00eda y el futuro, y el color de salto l\u00e1ser inyecta vitalidad mediante cambios din\u00e1micos de luces y sombras, alcanzando con precisi\u00f3n la resonancia emocional de las mujeres y los clientes j\u00f3venes. El proceso de laminaci\u00f3n tiene caracter\u00edsticas antiincrustantes y resistentes al desgaste para garantizar que el brillo sea duradero y nuevo al exponerlo.<\/p>\n<h2 id=\"-4-customized-accessories-empower-brand-premium-\"><strong>4. Los accesorios personalizados potencian la marca<\/strong><\/h2>\n<p>Admite la instalaci\u00f3n de accesorios como hebillas magn\u00e9ticas, cintas y logotipos estampados en caliente, adecuados para productos de alto valor a\u00f1adido como cajas de regalo para vacaciones, ediciones limitadas y modelos de marca compartida. El forro puede mejorarse con flocado o material EVA reciclable, y el dise\u00f1o del compartimento puede acomodar una variedad de fragancias para satisfacer escenarios de marketing como \"sets de fragancias\" y \"limitados estacionales\". El lateral de la caja de envasado puede incorporar un dise\u00f1o de ventana de fragancia, para que los consumidores puedan oler el nivel de fragancia antes de desembalarla, lo que mejora la experiencia de inmersi\u00f3n.<\/p>\n<h2 id=\"-5-strengthening-sustainable-concept-and-brand-recognition-\"><strong>5. Reforzar el concepto sostenible y el reconocimiento de la marca<\/strong><\/h2>\n<p>Todo el proceso adopta tecnolog\u00eda respetuosa con el medio ambiente, y la capa de fibra de bamb\u00fa y los materiales de revestimiento degradables cumplen las normas de certificaci\u00f3n FSC, teniendo en cuenta tanto la est\u00e9tica como los conceptos sostenibles. El efecto l\u00e1ser combinado con el sistema de color exclusivo de la marca forma un fuerte reconocimiento visual, y tiene el atributo t\u00f3pico de \"punto l\u00e1ser\" en la comunicaci\u00f3n de los medios sociales, ayudando a la marca a romper el c\u00edrculo. La caja de embalaje puede transformarse en almacenamiento dom\u00e9stico o adornos art\u00edsticos para ampliar el ciclo de vida y profundizar en la imagen de protecci\u00f3n medioambiental.<\/p>\n<h2 id=\"-application-scenario-example-\"><strong>6. Ejemplo de escenario de aplicaci\u00f3n<\/strong><\/h2>\n<ul>\n<li><strong>Expositor comercial<\/strong>: El tipo de caja r\u00edgida es adecuado para estanter\u00edas de supermercados y tiendas de colecciones de belleza, y el brillo del l\u00e1ser llama la atenci\u00f3n.<\/li>\n<li><strong>Set de regalo<\/strong>: A\u00f1ade lazos y tarjetas de felicitaci\u00f3n doradas para crear un ambiente de ceremonia navide\u00f1a.<\/li>\n<li><strong>Marca compartida<\/strong>: Mediante el dise\u00f1o del forro del compartimento y la hebilla magn\u00e9tica, integra productos multimarca para aumentar el espacio premium.<\/li>\n<\/ul>\n<h2 id=\"-technical-parameters-\"><strong>7. 7. Par\u00e1metros t\u00e9cnicos<\/strong><\/h2>\n<ul>\n<li>Material: Papel hologr\u00e1fico de 183 g + capa compuesta de fibra de bamb\u00fa<\/li>\n<li>Proceso: laminado de cera de soja a baja temperatura, troquelado de precisi\u00f3n por l\u00e1ser<\/li>\n<li>Tama\u00f1o: admite personalizaci\u00f3n (la versi\u00f3n est\u00e1ndar es adecuada para velas de 8 cm de di\u00e1metro)<\/li>\n<li>Certificaci\u00f3n medioambiental: FSC, etiqueta degradable<\/li>\n<\/ul>","protected":false},"excerpt":{"rendered":"<p>La caja con tapa y base hologr\u00e1ficas Maker toma como n\u00facleo el \"ritual futurista\". Mediante la colisi\u00f3n de la plata tecnol\u00f3gica y el color l\u00e1ser, equilibra la est\u00e9tica racional y la experiencia emocional, convirti\u00e9ndose en un medio silencioso para que la marca transmita sus valores.<\/p>","protected":false},"featured_media":832,"template":"","meta":{"_kad_post_transparent":"default","_kad_post_title":"","_kad_post_layout":"default","_kad_post_sidebar_id":"","_kad_post_content_style":"default","_kad_post_vertical_padding":"default","_kad_post_feature":"","_kad_post_feature_position":"","_kad_post_header":false,"_kad_post_footer":false,"_kad_post_classname":""},"product_brand":[],"product_cat":[15,19,17],"product_tag":[312,313,314],"class_list":{"0":"post-830","1":"product","2":"type-product","3":"status-publish","4":"has-post-thumbnail","6":"product_cat-red-light-therapy","7":"product_cat-red-light-therapy-stand","8":"product_cat-services","9":"product_tag-holographic-paper-candle-box","10":"product_tag-lid-lift-off-box-for-perfume","11":"product_tag-maker-box-for-candle-perfume","13":"first","14":"instock","15":"shipping-taxable","16":"product-type-simple","17":"entry","18":"content-bg","19":"loop-entry"},"_links":{"self":[{"href":"https:\/\/red-lighttherapy.com\/es_es\/wp-json\/wp\/v2\/product\/830","targetHints":{"allow":["GET"]}}],"collection":[{"href":"https:\/\/red-lighttherapy.com\/es_es\/wp-json\/wp\/v2\/product"}],"about":[{"href":"https:\/\/red-lighttherapy.com\/es_es\/wp-json\/wp\/v2\/types\/product"}],"wp:featuredmedia":[{"embeddable":true,"href":"https:\/\/red-lighttherapy.com\/es_es\/wp-json\/wp\/v2\/media\/832"}],"wp:attachment":[{"href":"https:\/\/red-lighttherapy.com\/es_es\/wp-json\/wp\/v2\/media?parent=830"}],"wp:term":[{"taxonomy":"product_brand","embeddable":true,"href":"https:\/\/red-lighttherapy.com\/es_es\/wp-json\/wp\/v2\/product_brand?post=830"},{"taxonomy":"product_cat","embeddable":true,"href":"https:\/\/red-lighttherapy.com\/es_es\/wp-json\/wp\/v2\/product_cat?post=830"},{"taxonomy":"product_tag","embeddable":true,"href":"https:\/\/red-lighttherapy.com\/es_es\/wp-json\/wp\/v2\/product_tag?post=830"}],"curies":[{"name":"wp","href":"https:\/\/api.w.org\/{rel}","templated":true}]}}